{"id":25841,"date":"2024-05-02T02:42:25","date_gmt":"2024-05-02T00:42:25","guid":{"rendered":"https:\/\/pb.edu.pl\/sjo\/learning-polish\/poland-and-poles\/konstytucja-trzeciego-maja\/"},"modified":"2024-05-16T08:37:31","modified_gmt":"2024-05-16T06:37:31","slug":"polish-constitution-day-2","status":"publish","type":"page","link":"https:\/\/pb.edu.pl\/sjo\/en\/learning-polish\/poland-and-poles\/polish-constitution-day-2\/","title":{"rendered":"Polish Constitution Day"},"content":{"rendered":"<p><span style=\"font-family: verdana, geneva, sans-serif;font-size: 12pt\"><br \/>\n<\/span><span style=\"font-family: verdana, geneva, sans-serif;font-size: 12pt\"><strong><img loading=\"lazy\" decoding=\"async\" class=\"wp-image-25747 alignright\" src=\"https:\/\/pb.edu.pl\/sjo\/wp-content\/uploads\/sites\/9\/2024\/05\/Konstytucji_3_maja_Sala_Senatorska_Zamku_Krolewskiego_w_Warszawie-1-scaled-e1714614944698.jpeg\" alt=\"\" width=\"320\" height=\"217\" srcset=\"https:\/\/pb.edu.pl\/sjo\/wp-content\/uploads\/sites\/9\/2024\/05\/Konstytucji_3_maja_Sala_Senatorska_Zamku_Krolewskiego_w_Warszawie-1-scaled-e1714614944698.jpeg 2560w, https:\/\/pb.edu.pl\/sjo\/wp-content\/uploads\/sites\/9\/2024\/05\/Konstytucji_3_maja_Sala_Senatorska_Zamku_Krolewskiego_w_Warszawie-1-scaled-e1714614944698-300x203.jpeg 300w, https:\/\/pb.edu.pl\/sjo\/wp-content\/uploads\/sites\/9\/2024\/05\/Konstytucji_3_maja_Sala_Senatorska_Zamku_Krolewskiego_w_Warszawie-1-scaled-e1714614944698-1024x691.jpeg 1024w, https:\/\/pb.edu.pl\/sjo\/wp-content\/uploads\/sites\/9\/2024\/05\/Konstytucji_3_maja_Sala_Senatorska_Zamku_Krolewskiego_w_Warszawie-1-scaled-e1714614944698-768x518.jpeg 768w, https:\/\/pb.edu.pl\/sjo\/wp-content\/uploads\/sites\/9\/2024\/05\/Konstytucji_3_maja_Sala_Senatorska_Zamku_Krolewskiego_w_Warszawie-1-scaled-e1714614944698-1536x1037.jpeg 1536w, https:\/\/pb.edu.pl\/sjo\/wp-content\/uploads\/sites\/9\/2024\/05\/Konstytucji_3_maja_Sala_Senatorska_Zamku_Krolewskiego_w_Warszawie-1-scaled-e1714614944698-2048x1382.jpeg 2048w\" sizes=\"auto, (max-width: 320px) 100vw, 320px\" \/><\/strong><\/span><\/p>\n<p><span style=\"font-family: verdana, geneva, sans-serif;font-size: 12pt\">May 3rd is an exceptionally important day in the calendar of Polish national holidays. It was on May 3, 1791 that the Constitution was adopted &#8211; a <\/span><br \/>\n<span style=\"font-family: verdana, geneva, sans-serif;font-size: 12pt\">a breakthrough act regulating the legal system of the Polish-Lithuanian Commonwealth. It was the first constitution in modern Europe and the second in the world. Its enactment is today considered one of the most important events in Polish history.<\/span><\/p>\n<p><span style=\"font-family: verdana, geneva, sans-serif;font-size: 12pt\">Adopted at the Great (Four-Year) Sejm, Polish Parliament, the law was extremely progressive; it provided the foundation for modern political construction contained in the words: &#8220;all power in human society takes its origin from the will of the people.&#8221;<\/span><\/p>\n<p><span style=\"font-family: verdana, geneva, sans-serif;font-size: 12pt\">The May 3 Constitution, enacted &#8220;for the common good, for the consolidation of freedom, for the salvation of our Homeland and its borders,&#8221; introduced a number of remarkably innovative &#8211; for the time &#8211; solutions. In 11 articles, it described the principles of the functioning of society and the state: the system of constitutional monarchy with strong representative power, the tripartite separation of powers into legislative, executive and judicial, groundbreaking changes in the field of parliamentarism, including the adoption of all resolutions by a simple majority rather than unanimously.<\/span><\/p>\n<p><span style=\"font-family: verdana, geneva, sans-serif;font-size: 12pt\">Although the Constitution was in effect for only 14 months, it was a great achievement for the Polish people seeking to preserve their state independence and ensure the economic and political development of their country. A country that was very weakened politically and economically, having experienced the first partition by Prussia, Austria and Russia in 1772.<\/span><\/p>\n<p><span style=\"font-family: verdana, geneva, sans-serif;font-size: 12pt\">The manuscript original of the May 3 Constitution was initially kept in Wilan\u00f3w in the collection amassed by Stanis\u0142aw Kostka Potocki, a participant in the proceedings of the Four-Year Sejm, then for many years in Krzeszowice near Krak\u00f3w. After 1945, it returned to Warsaw to the Central Archives of Historical Records. From time to time it is displayed for viewing at the Presidential Palace or the Royal Castle.<\/span><\/p>\n<p>&nbsp;<\/p>\n<div id='gallery-1' class='gallery galleryid-25841 gallery-columns-4 gallery-size-medium'><figure class='gallery-item'>\n\t\t\t<div class='gallery-icon portrait'>\n\t\t\t\t<a href='https:\/\/pb.edu.pl\/sjo\/en\/learning-polish\/poland-and-poles\/polish-constitution-day-2\/constitution_of_the_3rd_may_1791-2-2\/'><img loading=\"lazy\" decoding=\"async\" width=\"193\" height=\"300\" src=\"https:\/\/pb.edu.pl\/sjo\/wp-content\/uploads\/sites\/9\/2024\/05\/Constitution_of_the_3rd_May_1791-1-193x300.jpeg\" class=\"attachment-medium size-medium\" alt=\"\" aria-describedby=\"gallery-1-25750\" srcset=\"https:\/\/pb.edu.pl\/sjo\/wp-content\/uploads\/sites\/9\/2024\/05\/Constitution_of_the_3rd_May_1791-1-193x300.jpeg 193w, https:\/\/pb.edu.pl\/sjo\/wp-content\/uploads\/sites\/9\/2024\/05\/Constitution_of_the_3rd_May_1791-1-660x1024.jpeg 660w, https:\/\/pb.edu.pl\/sjo\/wp-content\/uploads\/sites\/9\/2024\/05\/Constitution_of_the_3rd_May_1791-1-768x1192.jpeg 768w, https:\/\/pb.edu.pl\/sjo\/wp-content\/uploads\/sites\/9\/2024\/05\/Constitution_of_the_3rd_May_1791-1-990x1536.jpeg 990w, https:\/\/pb.edu.pl\/sjo\/wp-content\/uploads\/sites\/9\/2024\/05\/Constitution_of_the_3rd_May_1791-1-1320x2048.jpeg 1320w, https:\/\/pb.edu.pl\/sjo\/wp-content\/uploads\/sites\/9\/2024\/05\/Constitution_of_the_3rd_May_1791-1-scaled.jpeg 1650w\" sizes=\"auto, (max-width: 193px) 100vw, 193px\" \/><\/a>\n\t\t\t<\/div>\n\t\t\t\t<figcaption class='wp-caption-text gallery-caption' id='gallery-1-25750'>\n\t\t\t\tFront page of the May 3 Constitution\n\t\t\t\t<\/figcaption><\/figure><figure class='gallery-item'>\n\t\t\t<div class='gallery-icon portrait'>\n\t\t\t\t<a href='https:\/\/pb.edu.pl\/sjo\/en\/learning-polish\/poland-and-poles\/polish-constitution-day-2\/konstytucja_3_maja_rekopis_1111-2\/'><img loading=\"lazy\" decoding=\"async\" width=\"200\" height=\"300\" src=\"https:\/\/pb.edu.pl\/sjo\/wp-content\/uploads\/sites\/9\/2024\/05\/Konstytucja_3_maja_rekopis_1111-200x300.jpeg\" class=\"attachment-medium size-medium\" alt=\"\" aria-describedby=\"gallery-1-25746\" srcset=\"https:\/\/pb.edu.pl\/sjo\/wp-content\/uploads\/sites\/9\/2024\/05\/Konstytucja_3_maja_rekopis_1111-200x300.jpeg 200w, https:\/\/pb.edu.pl\/sjo\/wp-content\/uploads\/sites\/9\/2024\/05\/Konstytucja_3_maja_rekopis_1111-683x1024.jpeg 683w, https:\/\/pb.edu.pl\/sjo\/wp-content\/uploads\/sites\/9\/2024\/05\/Konstytucja_3_maja_rekopis_1111-768x1152.jpeg 768w, https:\/\/pb.edu.pl\/sjo\/wp-content\/uploads\/sites\/9\/2024\/05\/Konstytucja_3_maja_rekopis_1111.jpeg 892w\" sizes=\"auto, (max-width: 200px) 100vw, 200px\" \/><\/a>\n\t\t\t<\/div>\n\t\t\t\t<figcaption class='wp-caption-text gallery-caption' id='gallery-1-25746'>\n\t\t\t\tFirst page of the document\n\t\t\t\t<\/figcaption><\/figure><figure class='gallery-item'>\n\t\t\t<div class='gallery-icon landscape'>\n\t\t\t\t<a href='https:\/\/pb.edu.pl\/sjo\/en\/learning-polish\/poland-and-poles\/polish-constitution-day-2\/konsty-medal_commemorating_constitution_of_may_3_1791-2\/'><img loading=\"lazy\" decoding=\"async\" width=\"220\" height=\"213\" src=\"https:\/\/pb.edu.pl\/sjo\/wp-content\/uploads\/sites\/9\/2024\/05\/Konsty-Medal_commemorating_Constitution_of_May_3_1791.png\" class=\"attachment-medium size-medium\" alt=\"\" aria-describedby=\"gallery-1-25744\" \/><\/a>\n\t\t\t<\/div>\n\t\t\t\t<figcaption class='wp-caption-text gallery-caption' id='gallery-1-25744'>\n\t\t\t\tMedal_commemorating_Constitution_of_May_3,_1791\n\t\t\t\t<\/figcaption><\/figure>\n\t\t<\/div>\n\n<div id='gallery-2' class='gallery galleryid-25841 gallery-columns-1 gallery-size-large'><figure class='gallery-item'>\n\t\t\t<div class='gallery-icon landscape'>\n\t\t\t\t<a href='https:\/\/pb.edu.pl\/sjo\/en\/learning-polish\/poland-and-poles\/polish-constitution-day-2\/constitution_of_may_3_1791_by_jan_matejko-2-2\/'><img loading=\"lazy\" decoding=\"async\" width=\"1024\" height=\"568\" src=\"https:\/\/pb.edu.pl\/sjo\/wp-content\/uploads\/sites\/9\/2024\/05\/Constitution_of_May_3_1791_by_Jan_Matejko-1-1024x568.png\" class=\"attachment-large size-large\" alt=\"\" aria-describedby=\"gallery-2-25740\" srcset=\"https:\/\/pb.edu.pl\/sjo\/wp-content\/uploads\/sites\/9\/2024\/05\/Constitution_of_May_3_1791_by_Jan_Matejko-1-1024x568.png 1024w, https:\/\/pb.edu.pl\/sjo\/wp-content\/uploads\/sites\/9\/2024\/05\/Constitution_of_May_3_1791_by_Jan_Matejko-1-300x166.png 300w, https:\/\/pb.edu.pl\/sjo\/wp-content\/uploads\/sites\/9\/2024\/05\/Constitution_of_May_3_1791_by_Jan_Matejko-1-768x426.png 768w, https:\/\/pb.edu.pl\/sjo\/wp-content\/uploads\/sites\/9\/2024\/05\/Constitution_of_May_3_1791_by_Jan_Matejko-1-1536x852.png 1536w, https:\/\/pb.edu.pl\/sjo\/wp-content\/uploads\/sites\/9\/2024\/05\/Constitution_of_May_3_1791_by_Jan_Matejko-1-2048x1136.png 2048w\" sizes=\"auto, (max-width: 1024px) 100vw, 1024px\" \/><\/a>\n\t\t\t<\/div>\n\t\t\t\t<figcaption class='wp-caption-text gallery-caption' id='gallery-2-25740'>\n\t\t\t\tA painting by Jan Matejko depicting the joy right after adopting the May 3 Constitution \n\t\t\t\t<\/figcaption><\/figure>\n\t\t<\/div>\n\n<p>&nbsp;<\/p>\n<p>Link to an interesting video about the Constitution:<\/p>\n<p><a href=\"https:\/\/youtu.be\/wCsmTBkxy5I?si=SFVdYqvvZmxoUEd2\">https:\/\/youtu.be\/wCsmTBkxy5I?si=SFVdYqvvZmxoUEd2<\/a><\/p>\n<p>&nbsp;<\/p>\n","protected":false},"excerpt":{"rendered":"<p>May 3rd is an exceptionally important day in the calendar of Polish national holidays. It<\/p>\n","protected":false},"author":77,"featured_media":0,"parent":18090,"menu_order":0,"comment_status":"closed","ping_status":"closed","template":"","meta":{"_acf_changed":false,"ngg_post_thumbnail":0,"footnotes":""},"class_list":["post-25841","page","type-page","status-publish","hentry"],"acf":[],"yoast_head":"<!-- This site is optimized with the Yoast SEO plugin v27.0 - https:\/\/yoast.com\/product\/yoast-seo-wordpress\/ -->\n<title>Polish Constitution Day - Foreign Language Centre<\/title>\n<meta name=\"description\" content=\"May 3rd is an exceptionally important day in the calendar of Polish national holidays. It was on May 3, 1791 that the Constitution was adopted - a a\" \/>\n<meta name=\"robots\" content=\"index, follow, max-snippet:-1, max-image-preview:large, max-video-preview:-1\" \/>\n<link rel=\"canonical\" href=\"https:\/\/pb.edu.pl\/sjo\/en\/learning-polish\/poland-and-poles\/polish-constitution-day-2\/\" \/>\n<meta property=\"og:locale\" content=\"en_US\" \/>\n<meta property=\"og:type\" content=\"article\" \/>\n<meta property=\"og:title\" content=\"Polish Constitution Day - Foreign Language Centre\" \/>\n<meta property=\"og:description\" content=\"May 3rd is an exceptionally important day in the calendar of Polish national holidays. It was on May 3, 1791 that the Constitution was adopted - a a\" \/>\n<meta property=\"og:url\" content=\"https:\/\/pb.edu.pl\/sjo\/en\/learning-polish\/poland-and-poles\/polish-constitution-day-2\/\" \/>\n<meta property=\"og:site_name\" content=\"Foreign Language Centre\" \/>\n<meta property=\"article:modified_time\" content=\"2024-05-16T06:37:31+00:00\" \/>\n<meta property=\"og:image\" content=\"https:\/\/pb.edu.pl\/sjo\/wp-content\/uploads\/sites\/9\/2024\/05\/Constitution_of_the_3rd_May_1791-1-193x300.jpeg\" \/>\n<meta name=\"twitter:label1\" content=\"Est. reading time\" \/>\n\t<meta name=\"twitter:data1\" content=\"3 minutes\" \/>\n<script type=\"application\/ld+json\" class=\"yoast-schema-graph\">{\"@context\":\"https:\/\/schema.org\",\"@graph\":[{\"@type\":\"WebPage\",\"@id\":\"https:\/\/pb.edu.pl\/sjo\/en\/learning-polish\/poland-and-poles\/polish-constitution-day-2\/\",\"url\":\"https:\/\/pb.edu.pl\/sjo\/en\/learning-polish\/poland-and-poles\/polish-constitution-day-2\/\",\"name\":\"Polish Constitution Day - Foreign Language Centre\",\"isPartOf\":{\"@id\":\"https:\/\/pb.edu.pl\/sjo\/#website\"},\"primaryImageOfPage\":{\"@id\":\"https:\/\/pb.edu.pl\/sjo\/en\/learning-polish\/poland-and-poles\/polish-constitution-day-2\/#primaryimage\"},\"image\":{\"@id\":\"https:\/\/pb.edu.pl\/sjo\/en\/learning-polish\/poland-and-poles\/polish-constitution-day-2\/#primaryimage\"},\"thumbnailUrl\":\"https:\/\/pb.edu.pl\/sjo\/wp-content\/uploads\/sites\/9\/2024\/05\/Konstytucji_3_maja_Sala_Senatorska_Zamku_Krolewskiego_w_Warszawie-1-scaled-e1714614944698.jpeg\",\"datePublished\":\"2024-05-02T00:42:25+00:00\",\"dateModified\":\"2024-05-16T06:37:31+00:00\",\"description\":\"May 3rd is an exceptionally important day in the calendar of Polish national holidays. It was on May 3, 1791 that the Constitution was adopted - a a\",\"breadcrumb\":{\"@id\":\"https:\/\/pb.edu.pl\/sjo\/en\/learning-polish\/poland-and-poles\/polish-constitution-day-2\/#breadcrumb\"},\"inLanguage\":\"en-US\",\"potentialAction\":[{\"@type\":\"ReadAction\",\"target\":[\"https:\/\/pb.edu.pl\/sjo\/en\/learning-polish\/poland-and-poles\/polish-constitution-day-2\/\"]}]},{\"@type\":\"ImageObject\",\"inLanguage\":\"en-US\",\"@id\":\"https:\/\/pb.edu.pl\/sjo\/en\/learning-polish\/poland-and-poles\/polish-constitution-day-2\/#primaryimage\",\"url\":\"https:\/\/pb.edu.pl\/sjo\/wp-content\/uploads\/sites\/9\/2024\/05\/Konstytucji_3_maja_Sala_Senatorska_Zamku_Krolewskiego_w_Warszawie-1-scaled-e1714614944698.jpeg\",\"contentUrl\":\"https:\/\/pb.edu.pl\/sjo\/wp-content\/uploads\/sites\/9\/2024\/05\/Konstytucji_3_maja_Sala_Senatorska_Zamku_Krolewskiego_w_Warszawie-1-scaled-e1714614944698.jpeg\"},{\"@type\":\"BreadcrumbList\",\"@id\":\"https:\/\/pb.edu.pl\/sjo\/en\/learning-polish\/poland-and-poles\/polish-constitution-day-2\/#breadcrumb\",\"itemListElement\":[{\"@type\":\"ListItem\",\"position\":1,\"name\":\"Home\",\"item\":\"https:\/\/pb.edu.pl\/sjo\/en\/\"},{\"@type\":\"ListItem\",\"position\":2,\"name\":\"Learning Polish\",\"item\":\"https:\/\/pb.edu.pl\/sjo\/en\/learning-polish\/\"},{\"@type\":\"ListItem\",\"position\":3,\"name\":\"Poland and Poles\",\"item\":\"https:\/\/pb.edu.pl\/sjo\/en\/learning-polish\/poland-and-poles\/\"},{\"@type\":\"ListItem\",\"position\":4,\"name\":\"Polish Constitution Day\"}]},{\"@type\":\"WebSite\",\"@id\":\"https:\/\/pb.edu.pl\/sjo\/#website\",\"url\":\"https:\/\/pb.edu.pl\/sjo\/\",\"name\":\"Foreign Language Centre\",\"description\":\"\",\"potentialAction\":[{\"@type\":\"SearchAction\",\"target\":{\"@type\":\"EntryPoint\",\"urlTemplate\":\"https:\/\/pb.edu.pl\/sjo\/?s={search_term_string}\"},\"query-input\":{\"@type\":\"PropertyValueSpecification\",\"valueRequired\":true,\"valueName\":\"search_term_string\"}}],\"inLanguage\":\"en-US\"}]}<\/script>\n<!-- \/ Yoast SEO plugin. -->","yoast_head_json":{"title":"Polish Constitution Day - Foreign Language Centre","description":"May 3rd is an exceptionally important day in the calendar of Polish national holidays. It was on May 3, 1791 that the Constitution was adopted - a a","robots":{"index":"index","follow":"follow","max-snippet":"max-snippet:-1","max-image-preview":"max-image-preview:large","max-video-preview":"max-video-preview:-1"},"canonical":"https:\/\/pb.edu.pl\/sjo\/en\/learning-polish\/poland-and-poles\/polish-constitution-day-2\/","og_locale":"en_US","og_type":"article","og_title":"Polish Constitution Day - Foreign Language Centre","og_description":"May 3rd is an exceptionally important day in the calendar of Polish national holidays. It was on May 3, 1791 that the Constitution was adopted - a a","og_url":"https:\/\/pb.edu.pl\/sjo\/en\/learning-polish\/poland-and-poles\/polish-constitution-day-2\/","og_site_name":"Foreign Language Centre","article_modified_time":"2024-05-16T06:37:31+00:00","og_image":[{"url":"https:\/\/pb.edu.pl\/sjo\/wp-content\/uploads\/sites\/9\/2024\/05\/Constitution_of_the_3rd_May_1791-1-193x300.jpeg","type":"","width":"","height":""}],"twitter_misc":{"Est. reading time":"3 minutes"},"schema":{"@context":"https:\/\/schema.org","@graph":[{"@type":"WebPage","@id":"https:\/\/pb.edu.pl\/sjo\/en\/learning-polish\/poland-and-poles\/polish-constitution-day-2\/","url":"https:\/\/pb.edu.pl\/sjo\/en\/learning-polish\/poland-and-poles\/polish-constitution-day-2\/","name":"Polish Constitution Day - Foreign Language Centre","isPartOf":{"@id":"https:\/\/pb.edu.pl\/sjo\/#website"},"primaryImageOfPage":{"@id":"https:\/\/pb.edu.pl\/sjo\/en\/learning-polish\/poland-and-poles\/polish-constitution-day-2\/#primaryimage"},"image":{"@id":"https:\/\/pb.edu.pl\/sjo\/en\/learning-polish\/poland-and-poles\/polish-constitution-day-2\/#primaryimage"},"thumbnailUrl":"https:\/\/pb.edu.pl\/sjo\/wp-content\/uploads\/sites\/9\/2024\/05\/Konstytucji_3_maja_Sala_Senatorska_Zamku_Krolewskiego_w_Warszawie-1-scaled-e1714614944698.jpeg","datePublished":"2024-05-02T00:42:25+00:00","dateModified":"2024-05-16T06:37:31+00:00","description":"May 3rd is an exceptionally important day in the calendar of Polish national holidays. It was on May 3, 1791 that the Constitution was adopted - a a","breadcrumb":{"@id":"https:\/\/pb.edu.pl\/sjo\/en\/learning-polish\/poland-and-poles\/polish-constitution-day-2\/#breadcrumb"},"inLanguage":"en-US","potentialAction":[{"@type":"ReadAction","target":["https:\/\/pb.edu.pl\/sjo\/en\/learning-polish\/poland-and-poles\/polish-constitution-day-2\/"]}]},{"@type":"ImageObject","inLanguage":"en-US","@id":"https:\/\/pb.edu.pl\/sjo\/en\/learning-polish\/poland-and-poles\/polish-constitution-day-2\/#primaryimage","url":"https:\/\/pb.edu.pl\/sjo\/wp-content\/uploads\/sites\/9\/2024\/05\/Konstytucji_3_maja_Sala_Senatorska_Zamku_Krolewskiego_w_Warszawie-1-scaled-e1714614944698.jpeg","contentUrl":"https:\/\/pb.edu.pl\/sjo\/wp-content\/uploads\/sites\/9\/2024\/05\/Konstytucji_3_maja_Sala_Senatorska_Zamku_Krolewskiego_w_Warszawie-1-scaled-e1714614944698.jpeg"},{"@type":"BreadcrumbList","@id":"https:\/\/pb.edu.pl\/sjo\/en\/learning-polish\/poland-and-poles\/polish-constitution-day-2\/#breadcrumb","itemListElement":[{"@type":"ListItem","position":1,"name":"Home","item":"https:\/\/pb.edu.pl\/sjo\/en\/"},{"@type":"ListItem","position":2,"name":"Learning Polish","item":"https:\/\/pb.edu.pl\/sjo\/en\/learning-polish\/"},{"@type":"ListItem","position":3,"name":"Poland and Poles","item":"https:\/\/pb.edu.pl\/sjo\/en\/learning-polish\/poland-and-poles\/"},{"@type":"ListItem","position":4,"name":"Polish Constitution Day"}]},{"@type":"WebSite","@id":"https:\/\/pb.edu.pl\/sjo\/#website","url":"https:\/\/pb.edu.pl\/sjo\/","name":"Foreign Language Centre","description":"","potentialAction":[{"@type":"SearchAction","target":{"@type":"EntryPoint","urlTemplate":"https:\/\/pb.edu.pl\/sjo\/?s={search_term_string}"},"query-input":{"@type":"PropertyValueSpecification","valueRequired":true,"valueName":"search_term_string"}}],"inLanguage":"en-US"}]}},"_links":{"self":[{"href":"https:\/\/pb.edu.pl\/sjo\/en\/wp-json\/wp\/v2\/pages\/25841","targetHints":{"allow":["GET"]}}],"collection":[{"href":"https:\/\/pb.edu.pl\/sjo\/en\/wp-json\/wp\/v2\/pages"}],"about":[{"href":"https:\/\/pb.edu.pl\/sjo\/en\/wp-json\/wp\/v2\/types\/page"}],"author":[{"embeddable":true,"href":"https:\/\/pb.edu.pl\/sjo\/en\/wp-json\/wp\/v2\/users\/77"}],"replies":[{"embeddable":true,"href":"https:\/\/pb.edu.pl\/sjo\/en\/wp-json\/wp\/v2\/comments?post=25841"}],"version-history":[{"count":0,"href":"https:\/\/pb.edu.pl\/sjo\/en\/wp-json\/wp\/v2\/pages\/25841\/revisions"}],"up":[{"embeddable":true,"href":"https:\/\/pb.edu.pl\/sjo\/en\/wp-json\/wp\/v2\/pages\/18090"}],"wp:attachment":[{"href":"https:\/\/pb.edu.pl\/sjo\/en\/wp-json\/wp\/v2\/media?parent=25841"}],"curies":[{"name":"wp","href":"https:\/\/api.w.org\/{rel}","templated":true}]}}