{"id":23583,"date":"2023-12-28T04:21:22","date_gmt":"2023-12-28T03:21:22","guid":{"rendered":"https:\/\/pb.edu.pl\/sjo\/learning-polish\/poland-and-poles\/jakub-jozef-orlinski\/"},"modified":"2023-12-28T09:33:10","modified_gmt":"2023-12-28T08:33:10","slug":"jakub-jozef-orlinski","status":"publish","type":"page","link":"https:\/\/pb.edu.pl\/sjo\/en\/learning-polish\/poland-and-poles\/jakub-jozef-orlinski\/","title":{"rendered":"Jakub J\u00f3zef Orli\u0144ski"},"content":{"rendered":"<p><span style=\"font-family: verdana, geneva, sans-serif;font-size: 12pt\">Justin Timbelake of opera &#8211; that&#8217;s how the New Yorker weekly described him, and the UK&#8217;s Daily Telegraph ranked him among the world&#8217;s 10 most charming opera artists.<\/span><\/p>\n<p><span style=\"font-family: verdana, geneva, sans-serif;font-size: 12pt\"><strong>Jakub J\u00f3zef Orli\u0144ski<\/strong>, countertenor, but also b-boy, dancer, acrobat and model, born in 1990 in Warsaw. Winner of many competitions, whose calendar is filled many months in advance and whose concerts sell like hot cakes. Famous opera houses and philharmonics outdo each other in invitations, and he eagerly accepts new collaborations and new challenges.<\/span><\/p>\n<p><span style=\"font-family: verdana, geneva, sans-serif;font-size: 12pt\">A countertenor is the highest male voice, otherwise known as a falsetto, whose high notes are produced using the edges of the vocal cords. A difficult singing technique, requiring years of training, but also fascinating. &#8220;I felt that by singing countertenor, I was better able to convey my emotions and perception of the piece. The natural voice did not give me that feeling of fulfillment,&#8221; he said in an interview. Orlinski has managed to perfect this technique, with which he has enchanted millions of music lovers who fill concert halls to the last seat &#8211; in every latitude.<\/span><\/p>\n<p><span style=\"font-family: verdana, geneva, sans-serif;font-size: 12pt\">During his concerts, Orlinski sings works by Vivaldi, Monteverdi, Marini, Caccini, Frescobaldi, Strozzi, Cavalli, Jarz\u0119bski, among others. He is fascinated with Baroque music, as can be heard on his recent sixth solo album entitled Beyond, recorded with the accompaniment of the ensemble Il Pomo d&#8217;Oro, released in autumn 2023.<\/span><\/p>\nngg_shortcode_0_placeholder\n<div class=\"h2 h4\">\n<p style=\"text-align: left\"><span style=\"font-family: verdana, geneva, sans-serif;font-size: 12pt\">He has been showered with awards all over the world. He has been awarded the Opus Klassik statuette in the singer of the year category several times, and has twice been nominated for a Fryderyk in the &#8216;Best Polish Album Abroad&#8217; category. In 2019, the singer received the honourable title of Young Artist of the Year according to the British magazine Gramophone, and in 2020 he was awarded the &#8216;Polityka&#8217; Passport in the classical music category for his &#8216;unparalleled ability to move emotions in interpretations of early music, beautiful voice, stage charisma, diligence, ambitious shaping of the repertoire and humility towards music&#8217;. In 2021, he received the International Opera Award, known as the opera Oscar, for his album Facce d&#8217;Amore with Baroque secular works. He has also been nominated twice for a Grammy, one of the world&#8217;s most prestigious musical awards.<\/span><\/p>\n<\/div>\n<p><span style=\"font-family: verdana, geneva, sans-serif;font-size: 12pt\">Jakub J\u00f3zef Orlinski also has considerable achievements in the field of breakdancing. He competes in dance competitions and has won solo and team awards, including second place in the Style Impact &#8211; Top Rock Contest and second place in The Style Control competition. &#8220;I have an awareness of my own body,&#8221; he stresses in interviews. Directors like to use his movement skills in opera productions.<\/span><\/p>\n<p><span style=\"font-family: verdana, geneva, sans-serif;font-size: 12pt\">Orlinski is also known for advertising campaigns for Levi&#8217;s, Nike, Turbokolor, Samsung, Mercedes-Benz or Algida, among others, and Dannon, where he has appeared as a model, dancer and acrobat.<\/span><\/p>\n<p><span style=\"font-family: verdana, geneva, sans-serif;font-size: 12pt\">In the coming months, he can be seen and heard in Barcelona, Madrid, Las Palmas de Gran Canaria, Santa Cruz de Tenerife, Prague, Vienna, Sofia, San Diego, Stanford, Vancouver, among others.<\/span><\/p>\n<p><span style=\"font-family: verdana, geneva, sans-serif;font-size: 12pt\">Official website of the artist: https:\/\/jakubjozeforlinski.com\/<\/span><\/p>\n<div class=\"embed-responsive embed-responsive-16by9\"><iframe loading=\"lazy\" title=\"Vivaldi - Vedr\u00f2 con mio diletto (Jakub J\u00f3zef Orli\u0144ski)\" width=\"500\" height=\"281\" src=\"https:\/\/www.youtube.com\/embed\/CzF11RsxcWg?feature=oembed\" frameborder=\"0\" allow=\"accelerometer; autoplay; clipboard-write; encrypted-media; gyroscope; picture-in-picture; web-share\" referrerpolicy=\"strict-origin-when-cross-origin\" allowfullscreen><\/iframe><\/div>\n<div class=\"embed-responsive embed-responsive-16by9\"><iframe loading=\"lazy\" title=\"Inner Voice - Jakub J\u00f3zef Orli\u0144ski (direction: Andiamo)\" width=\"500\" height=\"281\" src=\"https:\/\/www.youtube.com\/embed\/3FvOth7sOeA?feature=oembed\" frameborder=\"0\" allow=\"accelerometer; autoplay; clipboard-write; encrypted-media; gyroscope; picture-in-picture; web-share\" referrerpolicy=\"strict-origin-when-cross-origin\" allowfullscreen><\/iframe><\/div>\n","protected":false},"excerpt":{"rendered":"<p>Justin Timbelake of opera &#8211; that&#8217;s how the New Yorker weekly described him, and the<\/p>\n","protected":false},"author":77,"featured_media":0,"parent":18090,"menu_order":0,"comment_status":"closed","ping_status":"closed","template":"","meta":{"_acf_changed":false,"ngg_post_thumbnail":0,"footnotes":""},"class_list":["post-23583","page","type-page","status-publish","hentry"],"acf":[],"yoast_head":"<!-- This site is optimized with the Yoast SEO plugin v27.0 - https:\/\/yoast.com\/product\/yoast-seo-wordpress\/ -->\n<title>Jakub J\u00f3zef Orli\u0144ski - Foreign Language Centre<\/title>\n<meta name=\"description\" content=\"Justin Timbelake of opera - that&#039;s how the New Yorker weekly described him, and the UK&#039;s Daily Telegraph ranked him among the world&#039;s 10 most charming\" \/>\n<meta name=\"robots\" content=\"index, follow, max-snippet:-1, max-image-preview:large, max-video-preview:-1\" \/>\n<link rel=\"canonical\" href=\"https:\/\/pb.edu.pl\/sjo\/en\/learning-polish\/poland-and-poles\/jakub-jozef-orlinski\/\" \/>\n<meta property=\"og:locale\" content=\"en_US\" \/>\n<meta property=\"og:type\" content=\"article\" \/>\n<meta property=\"og:title\" content=\"Jakub J\u00f3zef Orli\u0144ski - Foreign Language Centre\" \/>\n<meta property=\"og:description\" content=\"Justin Timbelake of opera - that&#039;s how the New Yorker weekly described him, and the UK&#039;s Daily Telegraph ranked him among the world&#039;s 10 most charming\" \/>\n<meta property=\"og:url\" content=\"https:\/\/pb.edu.pl\/sjo\/en\/learning-polish\/poland-and-poles\/jakub-jozef-orlinski\/\" \/>\n<meta property=\"og:site_name\" content=\"Foreign Language Centre\" \/>\n<meta property=\"article:modified_time\" content=\"2023-12-28T08:33:10+00:00\" \/>\n<meta name=\"twitter:label1\" content=\"Est. reading time\" \/>\n\t<meta name=\"twitter:data1\" content=\"4 minutes\" \/>\n<script type=\"application\/ld+json\" class=\"yoast-schema-graph\">{\"@context\":\"https:\/\/schema.org\",\"@graph\":[{\"@type\":\"WebPage\",\"@id\":\"https:\/\/pb.edu.pl\/sjo\/en\/learning-polish\/poland-and-poles\/jakub-jozef-orlinski\/\",\"url\":\"https:\/\/pb.edu.pl\/sjo\/en\/learning-polish\/poland-and-poles\/jakub-jozef-orlinski\/\",\"name\":\"Jakub J\u00f3zef Orli\u0144ski - Foreign Language Centre\",\"isPartOf\":{\"@id\":\"https:\/\/pb.edu.pl\/sjo\/#website\"},\"datePublished\":\"2023-12-28T03:21:22+00:00\",\"dateModified\":\"2023-12-28T08:33:10+00:00\",\"description\":\"Justin Timbelake of opera - that's how the New Yorker weekly described him, and the UK's Daily Telegraph ranked him among the world's 10 most charming\",\"breadcrumb\":{\"@id\":\"https:\/\/pb.edu.pl\/sjo\/en\/learning-polish\/poland-and-poles\/jakub-jozef-orlinski\/#breadcrumb\"},\"inLanguage\":\"en-US\",\"potentialAction\":[{\"@type\":\"ReadAction\",\"target\":[\"https:\/\/pb.edu.pl\/sjo\/en\/learning-polish\/poland-and-poles\/jakub-jozef-orlinski\/\"]}]},{\"@type\":\"BreadcrumbList\",\"@id\":\"https:\/\/pb.edu.pl\/sjo\/en\/learning-polish\/poland-and-poles\/jakub-jozef-orlinski\/#breadcrumb\",\"itemListElement\":[{\"@type\":\"ListItem\",\"position\":1,\"name\":\"Home\",\"item\":\"https:\/\/pb.edu.pl\/sjo\/en\/\"},{\"@type\":\"ListItem\",\"position\":2,\"name\":\"Learning Polish\",\"item\":\"https:\/\/pb.edu.pl\/sjo\/en\/learning-polish\/\"},{\"@type\":\"ListItem\",\"position\":3,\"name\":\"Poland and Poles\",\"item\":\"https:\/\/pb.edu.pl\/sjo\/en\/learning-polish\/poland-and-poles\/\"},{\"@type\":\"ListItem\",\"position\":4,\"name\":\"Jakub J\u00f3zef Orli\u0144ski\"}]},{\"@type\":\"WebSite\",\"@id\":\"https:\/\/pb.edu.pl\/sjo\/#website\",\"url\":\"https:\/\/pb.edu.pl\/sjo\/\",\"name\":\"Foreign Language Centre\",\"description\":\"\",\"potentialAction\":[{\"@type\":\"SearchAction\",\"target\":{\"@type\":\"EntryPoint\",\"urlTemplate\":\"https:\/\/pb.edu.pl\/sjo\/?s={search_term_string}\"},\"query-input\":{\"@type\":\"PropertyValueSpecification\",\"valueRequired\":true,\"valueName\":\"search_term_string\"}}],\"inLanguage\":\"en-US\"}]}<\/script>\n<!-- \/ Yoast SEO plugin. -->","yoast_head_json":{"title":"Jakub J\u00f3zef Orli\u0144ski - Foreign Language Centre","description":"Justin Timbelake of opera - that's how the New Yorker weekly described him, and the UK's Daily Telegraph ranked him among the world's 10 most charming","robots":{"index":"index","follow":"follow","max-snippet":"max-snippet:-1","max-image-preview":"max-image-preview:large","max-video-preview":"max-video-preview:-1"},"canonical":"https:\/\/pb.edu.pl\/sjo\/en\/learning-polish\/poland-and-poles\/jakub-jozef-orlinski\/","og_locale":"en_US","og_type":"article","og_title":"Jakub J\u00f3zef Orli\u0144ski - Foreign Language Centre","og_description":"Justin Timbelake of opera - that's how the New Yorker weekly described him, and the UK's Daily Telegraph ranked him among the world's 10 most charming","og_url":"https:\/\/pb.edu.pl\/sjo\/en\/learning-polish\/poland-and-poles\/jakub-jozef-orlinski\/","og_site_name":"Foreign Language Centre","article_modified_time":"2023-12-28T08:33:10+00:00","twitter_misc":{"Est. reading time":"4 minutes"},"schema":{"@context":"https:\/\/schema.org","@graph":[{"@type":"WebPage","@id":"https:\/\/pb.edu.pl\/sjo\/en\/learning-polish\/poland-and-poles\/jakub-jozef-orlinski\/","url":"https:\/\/pb.edu.pl\/sjo\/en\/learning-polish\/poland-and-poles\/jakub-jozef-orlinski\/","name":"Jakub J\u00f3zef Orli\u0144ski - Foreign Language Centre","isPartOf":{"@id":"https:\/\/pb.edu.pl\/sjo\/#website"},"datePublished":"2023-12-28T03:21:22+00:00","dateModified":"2023-12-28T08:33:10+00:00","description":"Justin Timbelake of opera - that's how the New Yorker weekly described him, and the UK's Daily Telegraph ranked him among the world's 10 most charming","breadcrumb":{"@id":"https:\/\/pb.edu.pl\/sjo\/en\/learning-polish\/poland-and-poles\/jakub-jozef-orlinski\/#breadcrumb"},"inLanguage":"en-US","potentialAction":[{"@type":"ReadAction","target":["https:\/\/pb.edu.pl\/sjo\/en\/learning-polish\/poland-and-poles\/jakub-jozef-orlinski\/"]}]},{"@type":"BreadcrumbList","@id":"https:\/\/pb.edu.pl\/sjo\/en\/learning-polish\/poland-and-poles\/jakub-jozef-orlinski\/#breadcrumb","itemListElement":[{"@type":"ListItem","position":1,"name":"Home","item":"https:\/\/pb.edu.pl\/sjo\/en\/"},{"@type":"ListItem","position":2,"name":"Learning Polish","item":"https:\/\/pb.edu.pl\/sjo\/en\/learning-polish\/"},{"@type":"ListItem","position":3,"name":"Poland and Poles","item":"https:\/\/pb.edu.pl\/sjo\/en\/learning-polish\/poland-and-poles\/"},{"@type":"ListItem","position":4,"name":"Jakub J\u00f3zef Orli\u0144ski"}]},{"@type":"WebSite","@id":"https:\/\/pb.edu.pl\/sjo\/#website","url":"https:\/\/pb.edu.pl\/sjo\/","name":"Foreign Language Centre","description":"","potentialAction":[{"@type":"SearchAction","target":{"@type":"EntryPoint","urlTemplate":"https:\/\/pb.edu.pl\/sjo\/?s={search_term_string}"},"query-input":{"@type":"PropertyValueSpecification","valueRequired":true,"valueName":"search_term_string"}}],"inLanguage":"en-US"}]}},"_links":{"self":[{"href":"https:\/\/pb.edu.pl\/sjo\/en\/wp-json\/wp\/v2\/pages\/23583","targetHints":{"allow":["GET"]}}],"collection":[{"href":"https:\/\/pb.edu.pl\/sjo\/en\/wp-json\/wp\/v2\/pages"}],"about":[{"href":"https:\/\/pb.edu.pl\/sjo\/en\/wp-json\/wp\/v2\/types\/page"}],"author":[{"embeddable":true,"href":"https:\/\/pb.edu.pl\/sjo\/en\/wp-json\/wp\/v2\/users\/77"}],"replies":[{"embeddable":true,"href":"https:\/\/pb.edu.pl\/sjo\/en\/wp-json\/wp\/v2\/comments?post=23583"}],"version-history":[{"count":0,"href":"https:\/\/pb.edu.pl\/sjo\/en\/wp-json\/wp\/v2\/pages\/23583\/revisions"}],"up":[{"embeddable":true,"href":"https:\/\/pb.edu.pl\/sjo\/en\/wp-json\/wp\/v2\/pages\/18090"}],"wp:attachment":[{"href":"https:\/\/pb.edu.pl\/sjo\/en\/wp-json\/wp\/v2\/media?parent=23583"}],"curies":[{"name":"wp","href":"https:\/\/api.w.org\/{rel}","templated":true}]}}