{"id":21718,"date":"2023-09-08T13:03:46","date_gmt":"2023-09-08T11:03:46","guid":{"rendered":"https:\/\/pb.edu.pl\/sjo\/learning-polish\/poland-and-poles\/grzyby\/"},"modified":"2023-10-11T00:27:57","modified_gmt":"2023-10-10T22:27:57","slug":"mushroom","status":"publish","type":"page","link":"https:\/\/pb.edu.pl\/sjo\/en\/learning-polish\/poland-and-poles\/mushroom\/","title":{"rendered":"Mushrooms"},"content":{"rendered":"<p><span style=\"font-size: 12pt;font-family: verdana, geneva, sans-serif\">Poles love mushrooms, both those growing in forests and meadows and those that are cultivated. Picking forest mushrooms is a passion for hundreds of thousands of our countrymen, and the most sought-after are <strong>boletes, kite mushrooms, red pine mushrooms, buttermilks, bay boletes and chanterelles<\/strong>. Mushroom pickers are well versed in the subject, they can faultlessly distinguish between edible and poisonous mushrooms. They know dozens of recipes for dishes with mushrooms: baked, fried, boiled, marinated, dried, stewed &#8211; mushrooms as main courses, soups, as side dishes and as appetisers.<\/span><\/p>\n<div id='gallery-1' class='gallery galleryid-21718 gallery-columns-5 gallery-size-medium'><figure class='gallery-item'>\n\t\t\t<div class='gallery-icon landscape'>\n\t\t\t\t<a href='https:\/\/pb.edu.pl\/sjo\/en\/learning-polish\/poland-and-poles\/mushroom\/beautiful-boletus-mushroom-2\/'><img loading=\"lazy\" decoding=\"async\" width=\"300\" height=\"200\" src=\"https:\/\/pb.edu.pl\/sjo\/wp-content\/uploads\/sites\/9\/2023\/10\/grzyby-AdobeStock_71391053-300x200.jpeg\" class=\"attachment-medium size-medium\" alt=\"dwa borowiki\" aria-describedby=\"gallery-1-22274\" srcset=\"https:\/\/pb.edu.pl\/sjo\/wp-content\/uploads\/sites\/9\/2023\/10\/grzyby-AdobeStock_71391053-300x200.jpeg 300w, https:\/\/pb.edu.pl\/sjo\/wp-content\/uploads\/sites\/9\/2023\/10\/grzyby-AdobeStock_71391053-1024x683.jpeg 1024w, https:\/\/pb.edu.pl\/sjo\/wp-content\/uploads\/sites\/9\/2023\/10\/grzyby-AdobeStock_71391053-768x512.jpeg 768w, https:\/\/pb.edu.pl\/sjo\/wp-content\/uploads\/sites\/9\/2023\/10\/grzyby-AdobeStock_71391053-1536x1024.jpeg 1536w, https:\/\/pb.edu.pl\/sjo\/wp-content\/uploads\/sites\/9\/2023\/10\/grzyby-AdobeStock_71391053-2048x1365.jpeg 2048w, https:\/\/pb.edu.pl\/sjo\/wp-content\/uploads\/sites\/9\/2023\/10\/grzyby-AdobeStock_71391053-480x320.jpeg 480w\" sizes=\"auto, (max-width: 300px) 100vw, 300px\" \/><\/a>\n\t\t\t<\/div>\n\t\t\t\t<figcaption class='wp-caption-text gallery-caption' id='gallery-1-22274'>\n\t\t\t\tBeautiful boletus mushroom\n\t\t\t\t<\/figcaption><\/figure><figure class='gallery-item'>\n\t\t\t<div class='gallery-icon landscape'>\n\t\t\t\t<a href='https:\/\/pb.edu.pl\/sjo\/en\/learning-polish\/poland-and-poles\/mushroom\/to-picking-mushrooms-2\/'><img loading=\"lazy\" decoding=\"async\" width=\"300\" height=\"200\" src=\"https:\/\/pb.edu.pl\/sjo\/wp-content\/uploads\/sites\/9\/2023\/10\/grzyby-AdobeStock_120515510-300x200.jpeg\" class=\"attachment-medium size-medium\" alt=\"dziewczyna zbieraj\u0105ca grzyby w lesie\" srcset=\"https:\/\/pb.edu.pl\/sjo\/wp-content\/uploads\/sites\/9\/2023\/10\/grzyby-AdobeStock_120515510-300x200.jpeg 300w, https:\/\/pb.edu.pl\/sjo\/wp-content\/uploads\/sites\/9\/2023\/10\/grzyby-AdobeStock_120515510-1024x683.jpeg 1024w, https:\/\/pb.edu.pl\/sjo\/wp-content\/uploads\/sites\/9\/2023\/10\/grzyby-AdobeStock_120515510-768x512.jpeg 768w, https:\/\/pb.edu.pl\/sjo\/wp-content\/uploads\/sites\/9\/2023\/10\/grzyby-AdobeStock_120515510-1536x1024.jpeg 1536w, https:\/\/pb.edu.pl\/sjo\/wp-content\/uploads\/sites\/9\/2023\/10\/grzyby-AdobeStock_120515510-2048x1365.jpeg 2048w, https:\/\/pb.edu.pl\/sjo\/wp-content\/uploads\/sites\/9\/2023\/10\/grzyby-AdobeStock_120515510-480x320.jpeg 480w\" sizes=\"auto, (max-width: 300px) 100vw, 300px\" \/><\/a>\n\t\t\t<\/div><\/figure><figure class='gallery-item'>\n\t\t\t<div class='gallery-icon landscape'>\n\t\t\t\t<a href='https:\/\/pb.edu.pl\/sjo\/en\/learning-polish\/poland-and-poles\/mushroom\/grzyby-2\/'><img loading=\"lazy\" decoding=\"async\" width=\"300\" height=\"200\" src=\"https:\/\/pb.edu.pl\/sjo\/wp-content\/uploads\/sites\/9\/2023\/10\/grzy-AdobeStock_43883959-300x200.jpeg\" class=\"attachment-medium size-medium\" alt=\"grzyby kurki w koszyku\" srcset=\"https:\/\/pb.edu.pl\/sjo\/wp-content\/uploads\/sites\/9\/2023\/10\/grzy-AdobeStock_43883959-300x200.jpeg 300w, https:\/\/pb.edu.pl\/sjo\/wp-content\/uploads\/sites\/9\/2023\/10\/grzy-AdobeStock_43883959-1024x681.jpeg 1024w, https:\/\/pb.edu.pl\/sjo\/wp-content\/uploads\/sites\/9\/2023\/10\/grzy-AdobeStock_43883959-768x511.jpeg 768w, https:\/\/pb.edu.pl\/sjo\/wp-content\/uploads\/sites\/9\/2023\/10\/grzy-AdobeStock_43883959-1536x1022.jpeg 1536w, https:\/\/pb.edu.pl\/sjo\/wp-content\/uploads\/sites\/9\/2023\/10\/grzy-AdobeStock_43883959-2048x1363.jpeg 2048w, https:\/\/pb.edu.pl\/sjo\/wp-content\/uploads\/sites\/9\/2023\/10\/grzy-AdobeStock_43883959-480x320.jpeg 480w\" sizes=\"auto, (max-width: 300px) 100vw, 300px\" \/><\/a>\n\t\t\t<\/div><\/figure><figure class='gallery-item'>\n\t\t\t<div class='gallery-icon landscape'>\n\t\t\t\t<a href='https:\/\/pb.edu.pl\/sjo\/en\/learning-polish\/poland-and-poles\/mushroom\/kosz-pelen-swiezo-zebranych-grzybow-borowiki-i-czerwone-kozlarze-na-drewnianym-tle-2\/'><img loading=\"lazy\" decoding=\"async\" width=\"300\" height=\"200\" src=\"https:\/\/pb.edu.pl\/sjo\/wp-content\/uploads\/sites\/9\/2023\/10\/grzyby-AdobeStock_2267259352-300x200.jpeg\" class=\"attachment-medium size-medium\" alt=\"Kosz pe\u0142en \u015bwie\u017co zebranych grzyb\u00f3w, borowiki i czerwone ko\u017alarze na drewnianym tle\" srcset=\"https:\/\/pb.edu.pl\/sjo\/wp-content\/uploads\/sites\/9\/2023\/10\/grzyby-AdobeStock_2267259352-300x200.jpeg 300w, https:\/\/pb.edu.pl\/sjo\/wp-content\/uploads\/sites\/9\/2023\/10\/grzyby-AdobeStock_2267259352-1024x683.jpeg 1024w, https:\/\/pb.edu.pl\/sjo\/wp-content\/uploads\/sites\/9\/2023\/10\/grzyby-AdobeStock_2267259352-768x512.jpeg 768w, https:\/\/pb.edu.pl\/sjo\/wp-content\/uploads\/sites\/9\/2023\/10\/grzyby-AdobeStock_2267259352-1536x1024.jpeg 1536w, https:\/\/pb.edu.pl\/sjo\/wp-content\/uploads\/sites\/9\/2023\/10\/grzyby-AdobeStock_2267259352-2048x1365.jpeg 2048w, https:\/\/pb.edu.pl\/sjo\/wp-content\/uploads\/sites\/9\/2023\/10\/grzyby-AdobeStock_2267259352-480x320.jpeg 480w\" sizes=\"auto, (max-width: 300px) 100vw, 300px\" \/><\/a>\n\t\t\t<\/div><\/figure><figure class='gallery-item'>\n\t\t\t<div class='gallery-icon landscape'>\n\t\t\t\t<a href='https:\/\/pb.edu.pl\/sjo\/en\/learning-polish\/poland-and-poles\/mushroom\/wild-mushrooms-straight-from-forest-noble-and-yellow-mushrooms-2\/'><img loading=\"lazy\" decoding=\"async\" width=\"300\" height=\"206\" src=\"https:\/\/pb.edu.pl\/sjo\/wp-content\/uploads\/sites\/9\/2023\/10\/grzyby-AdobeStock_453460278-300x206.jpeg\" class=\"attachment-medium size-medium\" alt=\"Grzyby le\u015bneu\u0142o\u017cone w naczyniach\" srcset=\"https:\/\/pb.edu.pl\/sjo\/wp-content\/uploads\/sites\/9\/2023\/10\/grzyby-AdobeStock_453460278-300x206.jpeg 300w, https:\/\/pb.edu.pl\/sjo\/wp-content\/uploads\/sites\/9\/2023\/10\/grzyby-AdobeStock_453460278-1024x704.jpeg 1024w, https:\/\/pb.edu.pl\/sjo\/wp-content\/uploads\/sites\/9\/2023\/10\/grzyby-AdobeStock_453460278-768x528.jpeg 768w, https:\/\/pb.edu.pl\/sjo\/wp-content\/uploads\/sites\/9\/2023\/10\/grzyby-AdobeStock_453460278-1536x1057.jpeg 1536w, https:\/\/pb.edu.pl\/sjo\/wp-content\/uploads\/sites\/9\/2023\/10\/grzyby-AdobeStock_453460278-2048x1409.jpeg 2048w\" sizes=\"auto, (max-width: 300px) 100vw, 300px\" \/><\/a>\n\t\t\t<\/div><\/figure>\n\t\t<\/div>\n\n<p><span style=\"font-family: verdana, geneva, sans-serif;font-size: 12pt\">In addition to forest mushrooms, we passionately eat cultivated mushrooms, i.e. primarily <strong>champignons<\/strong>. The history of eating mushrooms in Poland dates back as far as the 18th century, when the Polish nobility travelling through Western Europe, enchanted by the dishes served there with these mushrooms, decided to bring them to Polish tables. For a long time, mushrooms were considered an equally exclusive and exquisite dish, on a par with truffles.<\/span><\/p>\n<p><span style=\"font-family: verdana, geneva, sans-serif;font-size: 12pt\">Today, Poland is the leader in the production of mushrooms not only in Europe, but also <strong>the largest exporter in the world<\/strong>. Our share in world exports is as high as 32% (2021). More than half of domestic mushroom production goes to foreign customers, including Germany, the Netherlands, France, Great Britain and the Balkan countries. Among gourmets, the Polish mushroom has the reputation of being the best in Europe thanks to, among other things, its high dry matter content. Another important reason is its relatively low price. Interestingly, in Poland the harvesting is done by hand.<\/span><\/p>\n<p><span style=\"font-family: verdana, geneva, sans-serif;font-size: 12pt\">And did you know that&#8230; for several years now, the <strong>Podlasie region has been producing the most mushrooms in the country<\/strong>? Yes, it is our voivodeship that is currently the largest mushroom-growing centre in Europe. Podlaskie&#8217;s mushroom-growing facilities are fully mechanised, have quality certificates, appropriately trained workers and efficient, extensive logistical facilities, so that fresh mushrooms reach shops, supermarkets and fairs in the most remote regions of the world in the shortest possible time.<\/span><\/p>\n<p>&nbsp;<\/p>\n<div id='gallery-2' class='gallery galleryid-21718 gallery-columns-5 gallery-size-medium'><figure class='gallery-item'>\n\t\t\t<div class='gallery-icon landscape'>\n\t\t\t\t<a href='https:\/\/pb.edu.pl\/sjo\/en\/learning-polish\/poland-and-poles\/mushroom\/3-26-2\/'><img loading=\"lazy\" decoding=\"async\" width=\"300\" height=\"251\" src=\"https:\/\/pb.edu.pl\/sjo\/wp-content\/uploads\/sites\/9\/2023\/10\/3-300x251.png\" class=\"attachment-medium size-medium\" alt=\"\" srcset=\"https:\/\/pb.edu.pl\/sjo\/wp-content\/uploads\/sites\/9\/2023\/10\/3-300x251.png 300w, https:\/\/pb.edu.pl\/sjo\/wp-content\/uploads\/sites\/9\/2023\/10\/3-768x644.png 768w, https:\/\/pb.edu.pl\/sjo\/wp-content\/uploads\/sites\/9\/2023\/10\/3.png 940w\" sizes=\"auto, (max-width: 300px) 100vw, 300px\" \/><\/a>\n\t\t\t<\/div><\/figure><figure class='gallery-item'>\n\t\t\t<div class='gallery-icon landscape'>\n\t\t\t\t<a href='https:\/\/pb.edu.pl\/sjo\/en\/learning-polish\/poland-and-poles\/mushroom\/aa-2\/'><img loading=\"lazy\" decoding=\"async\" width=\"300\" height=\"196\" src=\"https:\/\/pb.edu.pl\/sjo\/wp-content\/uploads\/sites\/9\/2023\/10\/aa-300x196.png\" class=\"attachment-medium size-medium\" alt=\"Cztery faszerowane pieczarki\" srcset=\"https:\/\/pb.edu.pl\/sjo\/wp-content\/uploads\/sites\/9\/2023\/10\/aa-300x196.png 300w, https:\/\/pb.edu.pl\/sjo\/wp-content\/uploads\/sites\/9\/2023\/10\/aa-768x501.png 768w, https:\/\/pb.edu.pl\/sjo\/wp-content\/uploads\/sites\/9\/2023\/10\/aa.png 784w\" sizes=\"auto, (max-width: 300px) 100vw, 300px\" \/><\/a>\n\t\t\t<\/div><\/figure><figure class='gallery-item'>\n\t\t\t<div class='gallery-icon landscape'>\n\t\t\t\t<a href='https:\/\/pb.edu.pl\/sjo\/en\/learning-polish\/poland-and-poles\/mushroom\/grzyby-adobestock_542029482-2\/'><img loading=\"lazy\" decoding=\"async\" width=\"300\" height=\"226\" src=\"https:\/\/pb.edu.pl\/sjo\/wp-content\/uploads\/sites\/9\/2023\/10\/grzyby-AdobeStock_542029482-300x226.jpeg\" class=\"attachment-medium size-medium\" alt=\"zupa pieczarkowa w talerzu\" srcset=\"https:\/\/pb.edu.pl\/sjo\/wp-content\/uploads\/sites\/9\/2023\/10\/grzyby-AdobeStock_542029482-300x226.jpeg 300w, https:\/\/pb.edu.pl\/sjo\/wp-content\/uploads\/sites\/9\/2023\/10\/grzyby-AdobeStock_542029482-1024x770.jpeg 1024w, https:\/\/pb.edu.pl\/sjo\/wp-content\/uploads\/sites\/9\/2023\/10\/grzyby-AdobeStock_542029482-768x577.jpeg 768w, https:\/\/pb.edu.pl\/sjo\/wp-content\/uploads\/sites\/9\/2023\/10\/grzyby-AdobeStock_542029482-1536x1155.jpeg 1536w, https:\/\/pb.edu.pl\/sjo\/wp-content\/uploads\/sites\/9\/2023\/10\/grzyby-AdobeStock_542029482-2048x1540.jpeg 2048w\" sizes=\"auto, (max-width: 300px) 100vw, 300px\" \/><\/a>\n\t\t\t<\/div><\/figure><figure class='gallery-item'>\n\t\t\t<div class='gallery-icon landscape'>\n\t\t\t\t<a href='https:\/\/pb.edu.pl\/sjo\/en\/learning-polish\/poland-and-poles\/mushroom\/pieczarki-2\/'><img loading=\"lazy\" decoding=\"async\" width=\"300\" height=\"200\" src=\"https:\/\/pb.edu.pl\/sjo\/wp-content\/uploads\/sites\/9\/2023\/10\/grzyby-AdobeStock_146420989-300x200.jpeg\" class=\"attachment-medium size-medium\" alt=\"Pokrojone pieczarki na desce do krojenia\" srcset=\"https:\/\/pb.edu.pl\/sjo\/wp-content\/uploads\/sites\/9\/2023\/10\/grzyby-AdobeStock_146420989-300x200.jpeg 300w, https:\/\/pb.edu.pl\/sjo\/wp-content\/uploads\/sites\/9\/2023\/10\/grzyby-AdobeStock_146420989-1024x683.jpeg 1024w, https:\/\/pb.edu.pl\/sjo\/wp-content\/uploads\/sites\/9\/2023\/10\/grzyby-AdobeStock_146420989-768x512.jpeg 768w, https:\/\/pb.edu.pl\/sjo\/wp-content\/uploads\/sites\/9\/2023\/10\/grzyby-AdobeStock_146420989-1536x1024.jpeg 1536w, https:\/\/pb.edu.pl\/sjo\/wp-content\/uploads\/sites\/9\/2023\/10\/grzyby-AdobeStock_146420989-2048x1365.jpeg 2048w, https:\/\/pb.edu.pl\/sjo\/wp-content\/uploads\/sites\/9\/2023\/10\/grzyby-AdobeStock_146420989-480x320.jpeg 480w\" sizes=\"auto, (max-width: 300px) 100vw, 300px\" \/><\/a>\n\t\t\t<\/div><\/figure><figure class='gallery-item'>\n\t\t\t<div class='gallery-icon landscape'>\n\t\t\t\t<a href='https:\/\/pb.edu.pl\/sjo\/en\/learning-polish\/poland-and-poles\/mushroom\/wyposazymy-pieczarkarnie-na-egzotycznej-wyspie-2\/'><img loading=\"lazy\" decoding=\"async\" width=\"300\" height=\"169\" src=\"https:\/\/pb.edu.pl\/sjo\/wp-content\/uploads\/sites\/9\/2023\/10\/wyposazymy-pieczarkarnie-na-egzotycznej-wyspie-300x169.jpg\" class=\"attachment-medium size-medium\" alt=\"zak\u0142ad produkuj\u0105cy pieczarki\" aria-describedby=\"gallery-2-22288\" srcset=\"https:\/\/pb.edu.pl\/sjo\/wp-content\/uploads\/sites\/9\/2023\/10\/wyposazymy-pieczarkarnie-na-egzotycznej-wyspie-300x169.jpg 300w, https:\/\/pb.edu.pl\/sjo\/wp-content\/uploads\/sites\/9\/2023\/10\/wyposazymy-pieczarkarnie-na-egzotycznej-wyspie-1024x576.jpg 1024w, https:\/\/pb.edu.pl\/sjo\/wp-content\/uploads\/sites\/9\/2023\/10\/wyposazymy-pieczarkarnie-na-egzotycznej-wyspie-768x432.jpg 768w, https:\/\/pb.edu.pl\/sjo\/wp-content\/uploads\/sites\/9\/2023\/10\/wyposazymy-pieczarkarnie-na-egzotycznej-wyspie-1536x864.jpg 1536w, https:\/\/pb.edu.pl\/sjo\/wp-content\/uploads\/sites\/9\/2023\/10\/wyposazymy-pieczarkarnie-na-egzotycznej-wyspie.jpg 1920w\" sizes=\"auto, (max-width: 300px) 100vw, 300px\" \/><\/a>\n\t\t\t<\/div>\n\t\t\t\t<figcaption class='wp-caption-text gallery-caption' id='gallery-2-22288'>\n\t\t\t\thttps:\/\/www.agro-projects.eu\/firma\/\n\t\t\t\t<\/figcaption><\/figure>\n\t\t<\/div>\n\n<p>Photos: Adobe Stock, Canva<\/p>\n","protected":false},"excerpt":{"rendered":"<p>Poles love mushrooms, both those growing in forests and meadows and those that are cultivated.<\/p>\n","protected":false},"author":6,"featured_media":0,"parent":18090,"menu_order":0,"comment_status":"closed","ping_status":"closed","template":"","meta":{"_acf_changed":false,"ngg_post_thumbnail":0,"footnotes":""},"class_list":["post-21718","page","type-page","status-publish","hentry"],"acf":[],"yoast_head":"<!-- This site is optimized with the Yoast SEO plugin v27.0 - https:\/\/yoast.com\/product\/yoast-seo-wordpress\/ -->\n<title>Mushrooms - Foreign Language Centre<\/title>\n<meta name=\"description\" content=\"Poles love mushrooms, both those growing in forests and meadows and those that are cultivated. Picking forest mushrooms is a passion for hundreds of\" \/>\n<meta name=\"robots\" content=\"index, follow, max-snippet:-1, max-image-preview:large, max-video-preview:-1\" \/>\n<link rel=\"canonical\" href=\"https:\/\/pb.edu.pl\/sjo\/en\/learning-polish\/poland-and-poles\/mushroom\/\" \/>\n<meta property=\"og:locale\" content=\"en_US\" \/>\n<meta property=\"og:type\" content=\"article\" \/>\n<meta property=\"og:title\" content=\"Mushrooms - Foreign Language Centre\" \/>\n<meta property=\"og:description\" content=\"Poles love mushrooms, both those growing in forests and meadows and those that are cultivated. Picking forest mushrooms is a passion for hundreds of\" \/>\n<meta property=\"og:url\" content=\"https:\/\/pb.edu.pl\/sjo\/en\/learning-polish\/poland-and-poles\/mushroom\/\" \/>\n<meta property=\"og:site_name\" content=\"Foreign Language Centre\" \/>\n<meta property=\"article:modified_time\" content=\"2023-10-10T22:27:57+00:00\" \/>\n<meta property=\"og:image\" content=\"https:\/\/pb.edu.pl\/sjo\/wp-content\/uploads\/sites\/9\/2023\/10\/grzyby-AdobeStock_71391053-300x200.jpeg\" \/>\n<meta name=\"twitter:label1\" content=\"Est. reading time\" \/>\n\t<meta name=\"twitter:data1\" content=\"3 minutes\" \/>\n<script type=\"application\/ld+json\" class=\"yoast-schema-graph\">{\"@context\":\"https:\/\/schema.org\",\"@graph\":[{\"@type\":\"WebPage\",\"@id\":\"https:\/\/pb.edu.pl\/sjo\/en\/learning-polish\/poland-and-poles\/mushroom\/\",\"url\":\"https:\/\/pb.edu.pl\/sjo\/en\/learning-polish\/poland-and-poles\/mushroom\/\",\"name\":\"Mushrooms - Foreign Language Centre\",\"isPartOf\":{\"@id\":\"https:\/\/pb.edu.pl\/sjo\/#website\"},\"datePublished\":\"2023-09-08T11:03:46+00:00\",\"dateModified\":\"2023-10-10T22:27:57+00:00\",\"description\":\"Poles love mushrooms, both those growing in forests and meadows and those that are cultivated. Picking forest mushrooms is a passion for hundreds of\",\"breadcrumb\":{\"@id\":\"https:\/\/pb.edu.pl\/sjo\/en\/learning-polish\/poland-and-poles\/mushroom\/#breadcrumb\"},\"inLanguage\":\"en-US\",\"potentialAction\":[{\"@type\":\"ReadAction\",\"target\":[\"https:\/\/pb.edu.pl\/sjo\/en\/learning-polish\/poland-and-poles\/mushroom\/\"]}]},{\"@type\":\"BreadcrumbList\",\"@id\":\"https:\/\/pb.edu.pl\/sjo\/en\/learning-polish\/poland-and-poles\/mushroom\/#breadcrumb\",\"itemListElement\":[{\"@type\":\"ListItem\",\"position\":1,\"name\":\"Home\",\"item\":\"https:\/\/pb.edu.pl\/sjo\/en\/\"},{\"@type\":\"ListItem\",\"position\":2,\"name\":\"Learning Polish\",\"item\":\"https:\/\/pb.edu.pl\/sjo\/en\/learning-polish\/\"},{\"@type\":\"ListItem\",\"position\":3,\"name\":\"Poland and Poles\",\"item\":\"https:\/\/pb.edu.pl\/sjo\/en\/learning-polish\/poland-and-poles\/\"},{\"@type\":\"ListItem\",\"position\":4,\"name\":\"Mushrooms\"}]},{\"@type\":\"WebSite\",\"@id\":\"https:\/\/pb.edu.pl\/sjo\/#website\",\"url\":\"https:\/\/pb.edu.pl\/sjo\/\",\"name\":\"Foreign Language Centre\",\"description\":\"\",\"potentialAction\":[{\"@type\":\"SearchAction\",\"target\":{\"@type\":\"EntryPoint\",\"urlTemplate\":\"https:\/\/pb.edu.pl\/sjo\/?s={search_term_string}\"},\"query-input\":{\"@type\":\"PropertyValueSpecification\",\"valueRequired\":true,\"valueName\":\"search_term_string\"}}],\"inLanguage\":\"en-US\"}]}<\/script>\n<!-- \/ Yoast SEO plugin. -->","yoast_head_json":{"title":"Mushrooms - Foreign Language Centre","description":"Poles love mushrooms, both those growing in forests and meadows and those that are cultivated. Picking forest mushrooms is a passion for hundreds of","robots":{"index":"index","follow":"follow","max-snippet":"max-snippet:-1","max-image-preview":"max-image-preview:large","max-video-preview":"max-video-preview:-1"},"canonical":"https:\/\/pb.edu.pl\/sjo\/en\/learning-polish\/poland-and-poles\/mushroom\/","og_locale":"en_US","og_type":"article","og_title":"Mushrooms - Foreign Language Centre","og_description":"Poles love mushrooms, both those growing in forests and meadows and those that are cultivated. Picking forest mushrooms is a passion for hundreds of","og_url":"https:\/\/pb.edu.pl\/sjo\/en\/learning-polish\/poland-and-poles\/mushroom\/","og_site_name":"Foreign Language Centre","article_modified_time":"2023-10-10T22:27:57+00:00","og_image":[{"url":"https:\/\/pb.edu.pl\/sjo\/wp-content\/uploads\/sites\/9\/2023\/10\/grzyby-AdobeStock_71391053-300x200.jpeg","type":"","width":"","height":""}],"twitter_misc":{"Est. reading time":"3 minutes"},"schema":{"@context":"https:\/\/schema.org","@graph":[{"@type":"WebPage","@id":"https:\/\/pb.edu.pl\/sjo\/en\/learning-polish\/poland-and-poles\/mushroom\/","url":"https:\/\/pb.edu.pl\/sjo\/en\/learning-polish\/poland-and-poles\/mushroom\/","name":"Mushrooms - Foreign Language Centre","isPartOf":{"@id":"https:\/\/pb.edu.pl\/sjo\/#website"},"datePublished":"2023-09-08T11:03:46+00:00","dateModified":"2023-10-10T22:27:57+00:00","description":"Poles love mushrooms, both those growing in forests and meadows and those that are cultivated. Picking forest mushrooms is a passion for hundreds of","breadcrumb":{"@id":"https:\/\/pb.edu.pl\/sjo\/en\/learning-polish\/poland-and-poles\/mushroom\/#breadcrumb"},"inLanguage":"en-US","potentialAction":[{"@type":"ReadAction","target":["https:\/\/pb.edu.pl\/sjo\/en\/learning-polish\/poland-and-poles\/mushroom\/"]}]},{"@type":"BreadcrumbList","@id":"https:\/\/pb.edu.pl\/sjo\/en\/learning-polish\/poland-and-poles\/mushroom\/#breadcrumb","itemListElement":[{"@type":"ListItem","position":1,"name":"Home","item":"https:\/\/pb.edu.pl\/sjo\/en\/"},{"@type":"ListItem","position":2,"name":"Learning Polish","item":"https:\/\/pb.edu.pl\/sjo\/en\/learning-polish\/"},{"@type":"ListItem","position":3,"name":"Poland and Poles","item":"https:\/\/pb.edu.pl\/sjo\/en\/learning-polish\/poland-and-poles\/"},{"@type":"ListItem","position":4,"name":"Mushrooms"}]},{"@type":"WebSite","@id":"https:\/\/pb.edu.pl\/sjo\/#website","url":"https:\/\/pb.edu.pl\/sjo\/","name":"Foreign Language Centre","description":"","potentialAction":[{"@type":"SearchAction","target":{"@type":"EntryPoint","urlTemplate":"https:\/\/pb.edu.pl\/sjo\/?s={search_term_string}"},"query-input":{"@type":"PropertyValueSpecification","valueRequired":true,"valueName":"search_term_string"}}],"inLanguage":"en-US"}]}},"_links":{"self":[{"href":"https:\/\/pb.edu.pl\/sjo\/en\/wp-json\/wp\/v2\/pages\/21718","targetHints":{"allow":["GET"]}}],"collection":[{"href":"https:\/\/pb.edu.pl\/sjo\/en\/wp-json\/wp\/v2\/pages"}],"about":[{"href":"https:\/\/pb.edu.pl\/sjo\/en\/wp-json\/wp\/v2\/types\/page"}],"author":[{"embeddable":true,"href":"https:\/\/pb.edu.pl\/sjo\/en\/wp-json\/wp\/v2\/users\/6"}],"replies":[{"embeddable":true,"href":"https:\/\/pb.edu.pl\/sjo\/en\/wp-json\/wp\/v2\/comments?post=21718"}],"version-history":[{"count":0,"href":"https:\/\/pb.edu.pl\/sjo\/en\/wp-json\/wp\/v2\/pages\/21718\/revisions"}],"up":[{"embeddable":true,"href":"https:\/\/pb.edu.pl\/sjo\/en\/wp-json\/wp\/v2\/pages\/18090"}],"wp:attachment":[{"href":"https:\/\/pb.edu.pl\/sjo\/en\/wp-json\/wp\/v2\/media?parent=21718"}],"curies":[{"name":"wp","href":"https:\/\/api.w.org\/{rel}","templated":true}]}}