{"id":20691,"date":"2022-02-10T20:22:08","date_gmt":"2022-02-10T19:22:08","guid":{"rendered":"https:\/\/pb.edu.pl\/sjo\/learning-polish\/language-courses\/kultura-polska\/"},"modified":"2023-05-22T11:31:42","modified_gmt":"2023-05-22T09:31:42","slug":"introduction-to-polish-culture","status":"publish","type":"page","link":"https:\/\/pb.edu.pl\/sjo\/en\/learning-polish\/language-courses\/introduction-to-polish-culture\/","title":{"rendered":"Introduction to Polish culture"},"content":{"rendered":"<p><img loading=\"lazy\" decoding=\"async\" class=\"wp-image-587 alignleft\" src=\"https:\/\/pb.edu.pl\/foreign-language-centre\/wp-content\/uploads\/sites\/15\/2022\/03\/2.png\" alt=\"\" width=\"350\" height=\"233\"><br \/>\n<span style=\"font-family: verdana, geneva, sans-serif;font-size: 12pt\"><strong>Introduction to Polish Culture<\/strong><\/span><\/p>\n<p><span style=\"font-family: verdana, geneva, sans-serif;font-size: 12pt\">The culture of our country abounds in rich history, amazing artists, famous writers, world-famous composers. Let us enchant you!<\/span><\/p>\n<p><span style=\"font-family: verdana, geneva, sans-serif;font-size: 12pt\">Join us for five two-hour cultural workshops on Polish culture, including traditions, customs, art, history, social issues and geographical highlights. <\/span><br \/>\n<span style=\"font-family: verdana, geneva, sans-serif;font-size: 12pt\">Language of instruction: English.<\/span><span style=\"font-family: verdana, geneva, sans-serif;font-size: 12pt\">&nbsp;<\/span><\/p>\n<p><span style=\"font-family: verdana, geneva, sans-serif;font-size: 12pt\">Classes are held once a week, on Thursdays.<\/span><\/p>\n<p><span style=\"font-family: verdana, geneva, sans-serif;font-size: 12pt\"><a href=\"https:\/\/pb.edu.pl\/sjo\/en\/learning-polish\/contact-us\/\"><span>Contact us.<\/span><\/a><\/span><\/p>\n<p>&nbsp;<\/p>\n<p><img loading=\"lazy\" decoding=\"async\" class=\"alignnone size-medium wp-image-9968\" src=\"https:\/\/pb.edu.pl\/sjo\/wp-content\/uploads\/sites\/9\/2021\/07\/Kurs-Gosi-3-300x169.jpg\" alt=\"uczestnicy kursu wraz z lektork\u0105 MA\u0142gorzat\u0105 Komarewsk\u0105, w sali na tle zdj\u0119\u0107 i mapy Polski\" width=\"300\" height=\"169\" srcset=\"https:\/\/pb.edu.pl\/sjo\/wp-content\/uploads\/sites\/9\/2021\/07\/Kurs-Gosi-3-300x169.jpg 300w, https:\/\/pb.edu.pl\/sjo\/wp-content\/uploads\/sites\/9\/2021\/07\/Kurs-Gosi-3-1024x576.jpg 1024w, https:\/\/pb.edu.pl\/sjo\/wp-content\/uploads\/sites\/9\/2021\/07\/Kurs-Gosi-3-768x432.jpg 768w, https:\/\/pb.edu.pl\/sjo\/wp-content\/uploads\/sites\/9\/2021\/07\/Kurs-Gosi-3-1536x864.jpg 1536w, https:\/\/pb.edu.pl\/sjo\/wp-content\/uploads\/sites\/9\/2021\/07\/Kurs-Gosi-3-2048x1152.jpg 2048w\" sizes=\"auto, (max-width: 300px) 100vw, 300px\" \/>&nbsp; <img loading=\"lazy\" decoding=\"async\" class=\"alignnone size-medium wp-image-9966\" src=\"https:\/\/pb.edu.pl\/sjo\/wp-content\/uploads\/sites\/9\/2021\/07\/kurs-Gosi-1-300x169.jpg\" alt=\"uczestnicy kursu wraz z lektork\u0105 MA\u0142gorzat\u0105 Komarewsk\u0105, w sali na tle zdj\u0119\u0107 i mapy Polski\" width=\"300\" height=\"169\" srcset=\"https:\/\/pb.edu.pl\/sjo\/wp-content\/uploads\/sites\/9\/2021\/07\/kurs-Gosi-1-300x169.jpg 300w, https:\/\/pb.edu.pl\/sjo\/wp-content\/uploads\/sites\/9\/2021\/07\/kurs-Gosi-1-1024x576.jpg 1024w, https:\/\/pb.edu.pl\/sjo\/wp-content\/uploads\/sites\/9\/2021\/07\/kurs-Gosi-1-768x432.jpg 768w, https:\/\/pb.edu.pl\/sjo\/wp-content\/uploads\/sites\/9\/2021\/07\/kurs-Gosi-1-1536x864.jpg 1536w, https:\/\/pb.edu.pl\/sjo\/wp-content\/uploads\/sites\/9\/2021\/07\/kurs-Gosi-1-2048x1152.jpg 2048w\" sizes=\"auto, (max-width: 300px) 100vw, 300px\" \/><\/p>\n","protected":false},"excerpt":{"rendered":"<p>Introduction to Polish Culture The culture of our country abounds in rich history, amazing artists,<\/p>\n","protected":false},"author":6,"featured_media":0,"parent":18093,"menu_order":0,"comment_status":"closed","ping_status":"closed","template":"","meta":{"_acf_changed":false,"ngg_post_thumbnail":0,"footnotes":""},"class_list":["post-20691","page","type-page","status-publish","hentry"],"acf":[],"yoast_head":"<!-- This site is optimized with the Yoast SEO plugin v27.0 - https:\/\/yoast.com\/product\/yoast-seo-wordpress\/ -->\n<title>Introduction to Polish culture - Foreign Language Centre<\/title>\n<meta name=\"description\" content=\"Introduction to Polish Culture The culture of our country abounds in rich history, amazing artists, famous writers, world-famous composers. Let us enchant\" \/>\n<meta name=\"robots\" content=\"index, follow, max-snippet:-1, max-image-preview:large, max-video-preview:-1\" \/>\n<link rel=\"canonical\" href=\"https:\/\/pb.edu.pl\/sjo\/en\/learning-polish\/language-courses\/introduction-to-polish-culture\/\" \/>\n<meta property=\"og:locale\" content=\"en_US\" \/>\n<meta property=\"og:type\" content=\"article\" \/>\n<meta property=\"og:title\" content=\"Introduction to Polish culture - Foreign Language Centre\" \/>\n<meta property=\"og:description\" content=\"Introduction to Polish Culture The culture of our country abounds in rich history, amazing artists, famous writers, world-famous composers. Let us enchant\" \/>\n<meta property=\"og:url\" content=\"https:\/\/pb.edu.pl\/sjo\/en\/learning-polish\/language-courses\/introduction-to-polish-culture\/\" \/>\n<meta property=\"og:site_name\" content=\"Foreign Language Centre\" \/>\n<meta property=\"article:modified_time\" content=\"2023-05-22T09:31:42+00:00\" \/>\n<meta property=\"og:image\" content=\"https:\/\/pb.edu.pl\/foreign-language-centre\/wp-content\/uploads\/sites\/15\/2022\/03\/2.png\" \/>\n<meta name=\"twitter:label1\" content=\"Est. reading time\" \/>\n\t<meta name=\"twitter:data1\" content=\"1 minute\" \/>\n<script type=\"application\/ld+json\" class=\"yoast-schema-graph\">{\"@context\":\"https:\/\/schema.org\",\"@graph\":[{\"@type\":\"WebPage\",\"@id\":\"https:\/\/pb.edu.pl\/sjo\/en\/learning-polish\/language-courses\/introduction-to-polish-culture\/\",\"url\":\"https:\/\/pb.edu.pl\/sjo\/en\/learning-polish\/language-courses\/introduction-to-polish-culture\/\",\"name\":\"Introduction to Polish culture - Foreign Language Centre\",\"isPartOf\":{\"@id\":\"https:\/\/pb.edu.pl\/sjo\/#website\"},\"primaryImageOfPage\":{\"@id\":\"https:\/\/pb.edu.pl\/sjo\/en\/learning-polish\/language-courses\/introduction-to-polish-culture\/#primaryimage\"},\"image\":{\"@id\":\"https:\/\/pb.edu.pl\/sjo\/en\/learning-polish\/language-courses\/introduction-to-polish-culture\/#primaryimage\"},\"thumbnailUrl\":\"https:\/\/pb.edu.pl\/foreign-language-centre\/wp-content\/uploads\/sites\/15\/2022\/03\/2.png\",\"datePublished\":\"2022-02-10T19:22:08+00:00\",\"dateModified\":\"2023-05-22T09:31:42+00:00\",\"description\":\"Introduction to Polish Culture The culture of our country abounds in rich history, amazing artists, famous writers, world-famous composers. Let us enchant\",\"breadcrumb\":{\"@id\":\"https:\/\/pb.edu.pl\/sjo\/en\/learning-polish\/language-courses\/introduction-to-polish-culture\/#breadcrumb\"},\"inLanguage\":\"en-US\",\"potentialAction\":[{\"@type\":\"ReadAction\",\"target\":[\"https:\/\/pb.edu.pl\/sjo\/en\/learning-polish\/language-courses\/introduction-to-polish-culture\/\"]}]},{\"@type\":\"ImageObject\",\"inLanguage\":\"en-US\",\"@id\":\"https:\/\/pb.edu.pl\/sjo\/en\/learning-polish\/language-courses\/introduction-to-polish-culture\/#primaryimage\",\"url\":\"https:\/\/pb.edu.pl\/foreign-language-centre\/wp-content\/uploads\/sites\/15\/2022\/03\/2.png\",\"contentUrl\":\"https:\/\/pb.edu.pl\/foreign-language-centre\/wp-content\/uploads\/sites\/15\/2022\/03\/2.png\"},{\"@type\":\"BreadcrumbList\",\"@id\":\"https:\/\/pb.edu.pl\/sjo\/en\/learning-polish\/language-courses\/introduction-to-polish-culture\/#breadcrumb\",\"itemListElement\":[{\"@type\":\"ListItem\",\"position\":1,\"name\":\"Home\",\"item\":\"https:\/\/pb.edu.pl\/sjo\/en\/\"},{\"@type\":\"ListItem\",\"position\":2,\"name\":\"Learning Polish\",\"item\":\"https:\/\/pb.edu.pl\/sjo\/en\/learning-polish\/\"},{\"@type\":\"ListItem\",\"position\":3,\"name\":\"Language courses\",\"item\":\"https:\/\/pb.edu.pl\/sjo\/en\/learning-polish\/language-courses\/\"},{\"@type\":\"ListItem\",\"position\":4,\"name\":\"Introduction to Polish culture\"}]},{\"@type\":\"WebSite\",\"@id\":\"https:\/\/pb.edu.pl\/sjo\/#website\",\"url\":\"https:\/\/pb.edu.pl\/sjo\/\",\"name\":\"Foreign Language Centre\",\"description\":\"\",\"potentialAction\":[{\"@type\":\"SearchAction\",\"target\":{\"@type\":\"EntryPoint\",\"urlTemplate\":\"https:\/\/pb.edu.pl\/sjo\/?s={search_term_string}\"},\"query-input\":{\"@type\":\"PropertyValueSpecification\",\"valueRequired\":true,\"valueName\":\"search_term_string\"}}],\"inLanguage\":\"en-US\"}]}<\/script>\n<!-- \/ Yoast SEO plugin. -->","yoast_head_json":{"title":"Introduction to Polish culture - Foreign Language Centre","description":"Introduction to Polish Culture The culture of our country abounds in rich history, amazing artists, famous writers, world-famous composers. Let us enchant","robots":{"index":"index","follow":"follow","max-snippet":"max-snippet:-1","max-image-preview":"max-image-preview:large","max-video-preview":"max-video-preview:-1"},"canonical":"https:\/\/pb.edu.pl\/sjo\/en\/learning-polish\/language-courses\/introduction-to-polish-culture\/","og_locale":"en_US","og_type":"article","og_title":"Introduction to Polish culture - Foreign Language Centre","og_description":"Introduction to Polish Culture The culture of our country abounds in rich history, amazing artists, famous writers, world-famous composers. Let us enchant","og_url":"https:\/\/pb.edu.pl\/sjo\/en\/learning-polish\/language-courses\/introduction-to-polish-culture\/","og_site_name":"Foreign Language Centre","article_modified_time":"2023-05-22T09:31:42+00:00","og_image":[{"url":"https:\/\/pb.edu.pl\/foreign-language-centre\/wp-content\/uploads\/sites\/15\/2022\/03\/2.png","type":"","width":"","height":""}],"twitter_misc":{"Est. reading time":"1 minute"},"schema":{"@context":"https:\/\/schema.org","@graph":[{"@type":"WebPage","@id":"https:\/\/pb.edu.pl\/sjo\/en\/learning-polish\/language-courses\/introduction-to-polish-culture\/","url":"https:\/\/pb.edu.pl\/sjo\/en\/learning-polish\/language-courses\/introduction-to-polish-culture\/","name":"Introduction to Polish culture - Foreign Language Centre","isPartOf":{"@id":"https:\/\/pb.edu.pl\/sjo\/#website"},"primaryImageOfPage":{"@id":"https:\/\/pb.edu.pl\/sjo\/en\/learning-polish\/language-courses\/introduction-to-polish-culture\/#primaryimage"},"image":{"@id":"https:\/\/pb.edu.pl\/sjo\/en\/learning-polish\/language-courses\/introduction-to-polish-culture\/#primaryimage"},"thumbnailUrl":"https:\/\/pb.edu.pl\/foreign-language-centre\/wp-content\/uploads\/sites\/15\/2022\/03\/2.png","datePublished":"2022-02-10T19:22:08+00:00","dateModified":"2023-05-22T09:31:42+00:00","description":"Introduction to Polish Culture The culture of our country abounds in rich history, amazing artists, famous writers, world-famous composers. Let us enchant","breadcrumb":{"@id":"https:\/\/pb.edu.pl\/sjo\/en\/learning-polish\/language-courses\/introduction-to-polish-culture\/#breadcrumb"},"inLanguage":"en-US","potentialAction":[{"@type":"ReadAction","target":["https:\/\/pb.edu.pl\/sjo\/en\/learning-polish\/language-courses\/introduction-to-polish-culture\/"]}]},{"@type":"ImageObject","inLanguage":"en-US","@id":"https:\/\/pb.edu.pl\/sjo\/en\/learning-polish\/language-courses\/introduction-to-polish-culture\/#primaryimage","url":"https:\/\/pb.edu.pl\/foreign-language-centre\/wp-content\/uploads\/sites\/15\/2022\/03\/2.png","contentUrl":"https:\/\/pb.edu.pl\/foreign-language-centre\/wp-content\/uploads\/sites\/15\/2022\/03\/2.png"},{"@type":"BreadcrumbList","@id":"https:\/\/pb.edu.pl\/sjo\/en\/learning-polish\/language-courses\/introduction-to-polish-culture\/#breadcrumb","itemListElement":[{"@type":"ListItem","position":1,"name":"Home","item":"https:\/\/pb.edu.pl\/sjo\/en\/"},{"@type":"ListItem","position":2,"name":"Learning Polish","item":"https:\/\/pb.edu.pl\/sjo\/en\/learning-polish\/"},{"@type":"ListItem","position":3,"name":"Language courses","item":"https:\/\/pb.edu.pl\/sjo\/en\/learning-polish\/language-courses\/"},{"@type":"ListItem","position":4,"name":"Introduction to Polish culture"}]},{"@type":"WebSite","@id":"https:\/\/pb.edu.pl\/sjo\/#website","url":"https:\/\/pb.edu.pl\/sjo\/","name":"Foreign Language Centre","description":"","potentialAction":[{"@type":"SearchAction","target":{"@type":"EntryPoint","urlTemplate":"https:\/\/pb.edu.pl\/sjo\/?s={search_term_string}"},"query-input":{"@type":"PropertyValueSpecification","valueRequired":true,"valueName":"search_term_string"}}],"inLanguage":"en-US"}]}},"_links":{"self":[{"href":"https:\/\/pb.edu.pl\/sjo\/en\/wp-json\/wp\/v2\/pages\/20691","targetHints":{"allow":["GET"]}}],"collection":[{"href":"https:\/\/pb.edu.pl\/sjo\/en\/wp-json\/wp\/v2\/pages"}],"about":[{"href":"https:\/\/pb.edu.pl\/sjo\/en\/wp-json\/wp\/v2\/types\/page"}],"author":[{"embeddable":true,"href":"https:\/\/pb.edu.pl\/sjo\/en\/wp-json\/wp\/v2\/users\/6"}],"replies":[{"embeddable":true,"href":"https:\/\/pb.edu.pl\/sjo\/en\/wp-json\/wp\/v2\/comments?post=20691"}],"version-history":[{"count":0,"href":"https:\/\/pb.edu.pl\/sjo\/en\/wp-json\/wp\/v2\/pages\/20691\/revisions"}],"up":[{"embeddable":true,"href":"https:\/\/pb.edu.pl\/sjo\/en\/wp-json\/wp\/v2\/pages\/18093"}],"wp:attachment":[{"href":"https:\/\/pb.edu.pl\/sjo\/en\/wp-json\/wp\/v2\/media?parent=20691"}],"curies":[{"name":"wp","href":"https:\/\/api.w.org\/{rel}","templated":true}]}}