{"id":20236,"date":"2023-04-12T11:39:49","date_gmt":"2023-04-12T09:39:49","guid":{"rendered":"https:\/\/pb.edu.pl\/sjo\/events\/mock-job-interview-2023\/program\/"},"modified":"2023-05-17T11:38:18","modified_gmt":"2023-05-17T09:38:18","slug":"program","status":"publish","type":"page","link":"https:\/\/pb.edu.pl\/sjo\/en\/events\/mock-job-interview-2023\/program\/","title":{"rendered":"Programme"},"content":{"rendered":"<div class=\"table-responsive h4\">\n<table class=\"table table-no-bordered\" style=\"width: 100%;height: 396px\">\n<thead>\n<tr style=\"border: 0\">\n<th style=\"text-align: center;vertical-align: middle;width: 17%;height: 39px\">&nbsp;<\/th>\n<td style=\"background-color: #7ed957;text-align: center;vertical-align: middle;height: 39px;width: 28.9937%\"><strong>WORKSHOPS<br \/>\n<\/strong><\/td>\n<td style=\"height: 39px;background-color: #b3b3b3;text-align: center;vertical-align: middle;width: 28.9308%\"><strong>WORKSHOPS<br \/>\n<\/strong><\/td>\n<td style=\"background-color: #7ed957;text-align: center;vertical-align: middle;height: 39px;width: 25.0314%\"><strong>MEET OUR EXPERTS<\/strong><\/td>\n<\/tr>\n<\/thead>\n<tbody>\n<tr style=\"height: 5px\">\n<td style=\"width: 99.9559%;height: 5px;text-align: center;vertical-align: middle\" colspan=\"4\">&nbsp;<span style=\"font-size: 1pt\">1<\/span><\/td>\n<\/tr>\n<tr style=\"height: 37px\">\n<td style=\"width: 17%;height: 37px;background-color: #b3b3b3;text-align: center;vertical-align: middle\">9:00 &#8211; 09:30<\/td>\n<td style=\"width: 28.9937%;height: 37px;background-color: #7ed957;text-align: center;vertical-align: middle\"><a title=\"\" href=\"#to\">To ask or not to ask?<\/a><\/td>\n<td style=\"width: 28.9308%;height: 37px;background-color: #b3b3b3;text-align: center;vertical-align: middle\"><a title=\"\" href=\"#tell\">Tell me about the time when you&#8230;<\/a><\/td>\n<td style=\"height: 228px;background-color: #7ed957;text-align: center;vertical-align: middle;width: 25.0314%\" rowspan=\"9\"><a title=\"\" href=\"#small\">Small talk<\/a><\/p>\n<p><a title=\"\" href=\"#mock\">Mock job interview with the native<\/a><\/p>\n<p><a title=\"\" href=\"#probevorstellungsgespr\u00e4ch\">Probevorstellungsgespr\u00e4ch (9:00 &#8211; 11:00)<\/a><\/p>\n<p><a title=\"\" href=\"#rozmowa\">Mock job interview in Russian<\/a><\/p>\n<p><a title=\"\" href=\"#konsultacje\">Ask our employment counsellor<\/a><\/td>\n<\/tr>\n<tr style=\"height: 5px\">\n<td style=\"height: 10px;width: 17%;text-align: center;vertical-align: middle\">&nbsp;<\/td>\n<td style=\"width: 28.9937%;text-align: center;vertical-align: middle;height: 10px\">&nbsp;<\/td>\n<td style=\"width: 28.9308%;text-align: center;vertical-align: middle;height: 10px\">&nbsp;<\/td>\n<\/tr>\n<tr style=\"height: 37px\">\n<td style=\"width: 17%;height: 37px;background-color: #b3b3b3;text-align: center;vertical-align: middle\">9:40 &#8211; 10:10<\/td>\n<td style=\"width: 28.9937%;height: 37px;background-color: #7ed957;text-align: center;vertical-align: middle\"><a title=\"\" href=\"#zbuduj\">Create valuable CV (workshop in Polish<\/a>)<\/td>\n<td style=\"width: 28.9308%;height: 37px;background-color: #b3b3b3;text-align: center;vertical-align: middle\"><a title=\"\" href=\"#tell\">Tell me about the time when you&#8230;<\/a><\/td>\n<\/tr>\n<tr style=\"height: 5px\">\n<td style=\"height: 10px;width: 17%;text-align: center;vertical-align: middle\">&nbsp;<\/td>\n<td style=\"width: 28.9937%;text-align: center;vertical-align: middle;height: 10px\">&nbsp;<\/td>\n<td style=\"width: 28.9308%;text-align: center;vertical-align: middle;height: 10px\">&nbsp;<\/td>\n<\/tr>\n<tr style=\"height: 37px\">\n<td style=\"width: 17%;height: 37px;background-color: #b3b3b3;text-align: center;vertical-align: middle\">10:20 &#8211; 10:50<\/td>\n<td style=\"width: 28.9937%;height: 37px;background-color: #7ed957;text-align: center;vertical-align: middle\"><a title=\"\" href=\"#skills\">Skills of the future<\/a><\/td>\n<td style=\"height: 37px;background-color: #b3b3b3;text-align: center;vertical-align: middle;width: 28.9308%\"><a title=\"\" href=\"#speed\">Speed Interview<\/a><\/td>\n<\/tr>\n<tr style=\"height: 5px\">\n<td style=\"height: 10px;width: 17%;text-align: center;vertical-align: middle\" colspan=\"3\">&nbsp;<\/td>\n<\/tr>\n<tr style=\"height: 37px\">\n<td style=\"width: 17%;height: 37px;background-color: #b3b3b3;text-align: center;vertical-align: middle\">11:00 &#8211; 11:30<\/td>\n<td style=\"width: 28.9937%;height: 37px;background-color: #7ed957;text-align: center;vertical-align: middle\"><a title=\"\" href=\"#panel\">Student panel &#8211; sharing experiences (in Polish)<\/a><\/td>\n<td style=\"background-color: #b3b3b3;text-align: center;vertical-align: middle;width: 28.9308%;height: 37px\"><a title=\"\" href=\"#speed\">Speed Interview<\/a><\/td>\n<\/tr>\n<tr style=\"height: 5px\">\n<td style=\"height: 13px;width: 17%;text-align: center;vertical-align: middle\">&nbsp;<\/td>\n<td style=\"width: 28.9937%;text-align: center;vertical-align: middle;height: 13px\">&nbsp;<\/td>\n<td style=\"width: 28.9308%;text-align: center;vertical-align: middle;height: 13px\">&nbsp;<\/td>\n<\/tr>\n<tr style=\"height: 37px\">\n<td style=\"width: 17%;height: 37px;background-color: #b3b3b3;text-align: center;vertical-align: middle\">11:40 &#8211; 12:10<\/td>\n<td style=\"width: 28.9937%;height: 37px;background-color: #7ed957;text-align: center;vertical-align: middle\"><a title=\"\" href=\"#play\">&#8216;Play and learn&#8217;- job interview in language games and puzzles.<\/a><\/td>\n<td style=\"width: 28.9308%;height: 37px;background-color: #b3b3b3;text-align: center;vertical-align: middle\"><a title=\"\" href=\"#killer\">Killer questions &#8211; the story behind them<\/a><\/td>\n<\/tr>\n<tr style=\"height: 41px\">\n<td style=\"width: 17%;text-align: center;vertical-align: middle;height: 41px\">&nbsp;<\/td>\n<td style=\"width: 28.9937%;text-align: center;vertical-align: middle;height: 41px\">&nbsp;<\/td>\n<td style=\"width: 28.9308%;text-align: center;vertical-align: middle;height: 41px\">&nbsp;<\/td>\n<td style=\"width: 25.0314%;text-align: center;vertical-align: middle;height: 41px\">&nbsp;<\/td>\n<\/tr>\n<tr style=\"height: 41px\">\n<td style=\"width: 17%;height: 41px;background-color: #b3b3b3;text-align: center;vertical-align: middle\">12:00 &#8211; 13:00<\/td>\n<td style=\"width: 82.9559%;height: 41px;background-color: #7ed957;text-align: center;vertical-align: middle\" colspan=\"3\">Professional photo session (for CV, LinkedIn)<\/td>\n<\/tr>\n<tr style=\"height: 5px\">\n<td style=\"height: 5px;width: 17%;text-align: center;vertical-align: middle\">&nbsp;<\/td>\n<td style=\"width: 28.9937%;text-align: center;vertical-align: middle;height: 5px\">&nbsp;<\/td>\n<td style=\"width: 28.9308%;text-align: center;vertical-align: middle;height: 5px\">&nbsp;<\/td>\n<td style=\"width: 25.0314%;text-align: center;vertical-align: middle;height: 5px\">&nbsp;<\/td>\n<\/tr>\n<tr style=\"height: 37px\">\n<td style=\"width: 17%;height: 37px;background-color: #b3b3b3;text-align: center;vertical-align: middle\">12:00 &#8211; 14:00<\/td>\n<td style=\"width: 82.9559%;height: 37px;background-color: #7ed957;text-align: center;vertical-align: middle\" colspan=\"3\">Mock job interviews with company recruiters<a id=\"zbuduj\"><\/a><br \/>\n<a href=\"https:\/\/bee2code.com\/\">Bee2code<\/a><br \/>\nCzocha\u0144scy Architecture Studio<br \/>\n<a href=\"https:\/\/lbpro.net\/#you-name-it-we-create-it\">LBPro<\/a><br \/>\n<a href=\"https:\/\/sempai.pl\/\">Sempai<\/a><\/td>\n<\/tr>\n<\/tbody>\n<\/table>\n<\/div>\n<h2>Create valuable CV &#8211; workshop in Polish<\/h2>\n<p><a id=\"skills\"><\/a><br \/>\nA degree is a great point in your CV, but is it enough to get a job? Not necessarily. During your studies you can build a strong CV that shows you at your best. In our workshop we will brainstorm and together develop an action plan so that you can design your future and optimise your chances of entering the job market more easily. Start investing in your future now.<br \/>\nby <a href=\"https:\/\/pb.edu.pl\/sjo\/wydarzenia-sjo\/mock-job-interview-2023\/eksperci\/#eliza\">Eliza Masalska, MA<\/a>.<\/p>\n<h2>Skills of the future<\/h2>\n<p><a id=\"speed\"><\/a><br \/>\nSkills of the future according to WEF or OECD: do I already have them? which ones should I develop? what do employers require? In this workshop participants will be engaged in: speed reading, creative thinking and analysis, brainstorming, discussion and personalisation.<br \/>\nby <a href=\"https:\/\/pb.edu.pl\/sjo\/wydarzenia-sjo\/mock-job-interview-2023\/eksperci\/#urszula\">Urszula Socho\u0144-Okruszko<\/a><a href=\"https:\/\/pb.edu.pl\/sjo\/wydarzenia-sjo\/mock-job-interview-2023\/eksperci\/#eliza\">, MA<\/a>.<\/p>\n<h2>Speed Interview<\/h2>\n<p><a id=\"tell\"><\/a><br \/>\nWe will go over some of the more difficult interview questions that employers could ask and how to answer them. Then we will break up into two rows and have a number of fast interviews to improve our answers to the most common interview questions.<br \/>\nby <a href=\"https:\/\/pb.edu.pl\/sjo\/wydarzenia-sjo\/mock-job-interview-2023\/eksperci\/#aniela\">Aniela Staszewska<\/a><a href=\"https:\/\/pb.edu.pl\/sjo\/wydarzenia-sjo\/mock-job-interview-2023\/eksperci\/#eliza\">, MA<\/a>.<\/p>\n<h2>Tell me about the time when you&#8230;<\/h2>\n<p><a id=\"play\"><\/a><br \/>\nAll you need to communcate effectively is a clear, simple and precise language. Use the &#8216;STAR&#8217; technique, and your answer to the recruiter&#8217;s question will be clear, concise and &#8230; to the point.<br \/>\nby <a href=\"https:\/\/pb.edu.pl\/sjo\/wydarzenia-sjo\/mock-job-interview-2023\/eksperci\/#monika\">Monika \u015aleszy\u0144ska<\/a><a href=\"https:\/\/pb.edu.pl\/sjo\/wydarzenia-sjo\/mock-job-interview-2023\/eksperci\/#eliza\">, MA<\/a>.<\/p>\n<h2>&#8216;Play and learn&#8217;- job interview in language games and puzzles.<\/h2>\n<p><a id=\"killer\"><\/a><br \/>\nDo you want to sharpen your mind? Are you looking for an entertaining way to develop or test your job interview vocabulary? This workshop is just for you! Join us and have fun.<br \/>\nby <a href=\"https:\/\/pb.edu.pl\/sjo\/wydarzenia-sjo\/mock-job-interview-2023\/eksperci\/#liliana\">Liliana Sienkiewicz<\/a><a href=\"https:\/\/pb.edu.pl\/sjo\/wydarzenia-sjo\/mock-job-interview-2023\/eksperci\/#eliza\">, MA<\/a>.<\/p>\n<h2>Killer questions &#8211; the story behind them<\/h2>\n<p><a id=\"to\"><\/a><br \/>\nA job interview is often quite a stressful experience and your answers to a recruiter&#8217;s questions can be crucial in terms of getting hired. Not all questions are so obvious. What questions can you expect to be asked and how do you avoid getting knocked off your guard?<br \/>\nby <a href=\"https:\/\/pb.edu.pl\/sjo\/wydarzenia-sjo\/mock-job-interview-2023\/eksperci\/#ma\u0142gorzata\">Ma\u0142gorzata Komarewska<\/a><a href=\"https:\/\/pb.edu.pl\/sjo\/wydarzenia-sjo\/mock-job-interview-2023\/eksperci\/#eliza\">, MA<\/a>.<\/p>\n<h2>To ask or not to ask?<\/h2>\n<p><a id=\"panel\"><\/a><a id=\"small\"><\/a><br \/>\nA job interview is not an investigation. You too can, and should, ask questions. So, let&#8217;s consider which questions can be asked, and which should be avoided.<br \/>\nby <a href=\"https:\/\/pb.edu.pl\/sjo\/wydarzenia-sjo\/mock-job-interview-2023\/eksperci\/#beata\">Beata Falkowska<\/a><a href=\"https:\/\/pb.edu.pl\/sjo\/wydarzenia-sjo\/mock-job-interview-2023\/eksperci\/#eliza\">, MA<\/a>.<\/p>\n<h2>Student panel &#8211; sharing experiences (in Polish)<\/h2>\n<h2>Small talk<\/h2>\n<p><a id=\"mock\"><\/a><br \/>\nA job interview is not always deadly serious and to the point. Sometimes, for the overall impression, the so-called small talk may prove much more important. You may need a warm-up, then. Chat in English in a semi-formal context, test yourself by answering surprising questions, try to ask a question yourself.<br \/>\nby <a href=\"https:\/\/pb.edu.pl\/sjo\/wydarzenia-sjo\/mock-job-interview-2023\/eksperci\/#violetta\">Violetta Grabi\u0144ska<\/a><a href=\"https:\/\/pb.edu.pl\/sjo\/wydarzenia-sjo\/mock-job-interview-2023\/eksperci\/#eliza\">, MBA<\/a>.<\/p>\n<h2>Mock job interview with the native<\/h2>\n<p><a id=\"probevorstellungsgespr\u00e4ch\"><\/a><br \/>\nA mock interview helps you learn how to answer difficult questions, develop interview strategies, improve your communication skills, and reduce your stress before an actual job interview. During a mock interview, the interviewer may use a semi-structured interview format rather than asking a formal list of questions. Do you have what it takes to present yourself well in a job interview?<br \/>\nby <a href=\"https:\/\/pb.edu.pl\/sjo\/wydarzenia-sjo\/mock-job-interview-2023\/eksperci\/#meghan\">Meghan Ludke<\/a>.<\/p>\n<h2>Probevorstellungsgespr\u00e4ch<\/h2>\n<p><a id=\"rozmowa\"><\/a><br \/>\n\u00dcbung macht den Meister. Ein Probevorstellungsgespr\u00e4ch hilft Ihnen zu lernen, wie Sie schwierige Fragen beantworten, Gespr\u00e4chsstrategien entwickeln, Ihre Kommunikationsf\u00e4higkeiten verbessern und Stress vor dem eigentlichen Vorstellungsgespr\u00e4ch abbauen. Und das alles ganz ohne Konsequenzen. Haben Sie das Zeug dazu, sich bei einem Vorstellungsgespr\u00e4ch gut zu pr\u00e4sentieren?<br \/>\nby <a href=\"https:\/\/pb.edu.pl\/sjo\/wydarzenia-sjo\/mock-job-interview-2023\/eksperci\/#artur\">Artur Ku\u017amicz<\/a><a href=\"https:\/\/pb.edu.pl\/sjo\/wydarzenia-sjo\/mock-job-interview-2023\/eksperci\/#eliza\">, MA<\/a>.<\/p>\n<h2>Mock job interview in Russian<\/h2>\n<p><a id=\"konsultacje\"><\/a><br \/>\n\u041a\u0430\u043a \u0443\u0431\u0435\u0434\u0438\u0442\u044c \u043f\u043e\u0442\u0435\u043d\u0446\u0438\u0430\u043b\u044c\u043d\u043e\u0433\u043e \u0440\u0430\u0431\u043e\u0442\u043e\u0434\u0430\u0442\u0435\u043b\u044f, \u0447\u0442\u043e \u0438\u043c\u0435\u043d\u043d\u043e \u0432\u044b \u044f\u0432\u043b\u044f\u0435\u0442\u0435\u0441\u044c \u043b\u0443\u0447\u0448\u0438\u043c \u043a\u0430\u043d\u0434\u0438\u0434\u0430\u0442\u043e\u043c \u043d\u0430 \u044d\u0442\u0443 \u0434\u043e\u043b\u0436\u043d\u043e\u0441\u0442\u044c? \u041a\u0430\u043a \u043f\u0440\u0435\u0434\u0441\u0442\u0430\u0432\u0438\u0442\u044c \u0441\u0435\u0431\u044f \u0432 \u043d\u0430\u0438\u0431\u043e\u043b\u0435\u0435 \u0432\u044b\u0433\u043e\u0434\u043d\u043e\u043c \u0441\u0432\u0435\u0442\u0435? \u0427\u0442\u043e \u0433\u043e\u0432\u043e\u0440\u0438\u0442\u044c \u0438 \u0447\u0435\u0433\u043e \u0438\u0437\u0431\u0435\u0433\u0430\u0442\u044c? \u0418\u043c\u0435\u0435\u0442 \u043b\u0438 \u0437\u043d\u0430\u0447\u0435\u043d\u0438\u0435 \u044f\u0437\u044b\u043a \u0442\u0435\u043b\u0430? \u041e\u0442\u0432\u0435\u0442\u044b \u043d\u0430 \u044d\u0442\u0438 \u0438 \u0434\u0440\u0443\u0433\u0438\u0435 \u0432\u043e\u043f\u0440\u043e\u0441\u044b \u0432\u044b \u043f\u043e\u043b\u0443\u0447\u0438\u0442\u0435 \u0432\u043e \u0432\u0440\u0435\u043c\u044f \u0432\u0441\u0442\u0440\u0435\u0447\u0438 \u0441\u043e \u043c\u043d\u043e\u0439. \u0421\u043e\u0431\u0435\u0441\u0435\u0434\u043e\u0432\u0430\u043d\u0438\u0435 \u043d\u0435 \u043e\u0431\u044f\u0437\u0430\u0442\u0435\u043b\u044c\u043d\u043e \u0434\u043e\u043b\u0436\u043d\u043e \u0431\u044b\u0442\u044c \u0441\u043b\u043e\u0436\u043d\u044b\u043c, \u043d\u0443\u0436\u043d\u043e \u043f\u0440\u043e\u0441\u0442\u043e \u0445\u043e\u0440\u043e\u0448\u043e \u043f\u043e\u0434\u0433\u043e\u0442\u043e\u0432\u0438\u0442\u044c\u0441\u044f!<br \/>\nby <a href=\"https:\/\/pb.edu.pl\/sjo\/wydarzenia-sjo\/mock-job-interview-2023\/eksperci\/#dorota\">Dorota Szuper-Jakubiuk<\/a><a href=\"https:\/\/pb.edu.pl\/sjo\/wydarzenia-sjo\/mock-job-interview-2023\/eksperci\/#eliza\">, MA<\/a>.<\/p>\n<h2>Ask our employment counsellor<\/h2>\n<p>Our experts from the BUT Careers Office will tell you what to change so that your documents are prepared professionally, and will answer your questions about the labour market and the recruitment process.<br \/>\nby <a href=\"https:\/\/pb.edu.pl\/sjo\/wydarzenia-sjo\/mock-job-interview-2023\/eksperci\/#ewa\">Ewa Kowalczuk-Czapko<\/a><a href=\"https:\/\/pb.edu.pl\/sjo\/wydarzenia-sjo\/mock-job-interview-2023\/eksperci\/#eliza\">, MA<\/a> and <a href=\"https:\/\/pb.edu.pl\/sjo\/wydarzenia-sjo\/mock-job-interview-2023\/eksperci\/#eliza\">Eliza Masalska<\/a><a href=\"https:\/\/pb.edu.pl\/sjo\/wydarzenia-sjo\/mock-job-interview-2023\/eksperci\/#eliza\">, MA<\/a>.<\/p>\n","protected":false},"excerpt":{"rendered":"<p>&nbsp; WORKSHOPS WORKSHOPS MEET OUR EXPERTS &nbsp;1 9:00 &#8211; 09:30 To ask or not to<\/p>\n","protected":false},"author":6,"featured_media":0,"parent":20091,"menu_order":0,"comment_status":"closed","ping_status":"closed","template":"","meta":{"_acf_changed":false,"ngg_post_thumbnail":0,"footnotes":""},"class_list":["post-20236","page","type-page","status-publish","hentry"],"acf":[],"yoast_head":"<!-- This site is optimized with the Yoast SEO plugin v27.0 - https:\/\/yoast.com\/product\/yoast-seo-wordpress\/ -->\n<title>Programme - Foreign Language Centre<\/title>\n<meta name=\"description\" content=\"&nbsp; WORKSHOPS WORKSHOPS MEET OUR EXPERTS &nbsp;1 9:00 - 09:30 To ask or not to ask? Tell me about the time when you... Small talk Mock job interview\" \/>\n<meta name=\"robots\" content=\"index, follow, max-snippet:-1, max-image-preview:large, max-video-preview:-1\" \/>\n<link rel=\"canonical\" href=\"https:\/\/pb.edu.pl\/sjo\/en\/events\/mock-job-interview-2023\/program\/\" \/>\n<meta property=\"og:locale\" content=\"en_US\" \/>\n<meta property=\"og:type\" content=\"article\" \/>\n<meta property=\"og:title\" content=\"Programme - Foreign Language Centre\" \/>\n<meta property=\"og:description\" content=\"&nbsp; WORKSHOPS WORKSHOPS MEET OUR EXPERTS &nbsp;1 9:00 - 09:30 To ask or not to ask? Tell me about the time when you... Small talk Mock job interview\" \/>\n<meta property=\"og:url\" content=\"https:\/\/pb.edu.pl\/sjo\/en\/events\/mock-job-interview-2023\/program\/\" \/>\n<meta property=\"og:site_name\" content=\"Foreign Language Centre\" \/>\n<meta property=\"article:modified_time\" content=\"2023-05-17T09:38:18+00:00\" \/>\n<meta name=\"twitter:label1\" content=\"Est. reading time\" \/>\n\t<meta name=\"twitter:data1\" content=\"5 minutes\" \/>\n<script type=\"application\/ld+json\" class=\"yoast-schema-graph\">{\"@context\":\"https:\/\/schema.org\",\"@graph\":[{\"@type\":\"WebPage\",\"@id\":\"https:\/\/pb.edu.pl\/sjo\/en\/events\/mock-job-interview-2023\/program\/\",\"url\":\"https:\/\/pb.edu.pl\/sjo\/en\/events\/mock-job-interview-2023\/program\/\",\"name\":\"Programme - Foreign Language Centre\",\"isPartOf\":{\"@id\":\"https:\/\/pb.edu.pl\/sjo\/#website\"},\"datePublished\":\"2023-04-12T09:39:49+00:00\",\"dateModified\":\"2023-05-17T09:38:18+00:00\",\"description\":\"&nbsp; WORKSHOPS WORKSHOPS MEET OUR EXPERTS &nbsp;1 9:00 - 09:30 To ask or not to ask? Tell me about the time when you... Small talk Mock job interview\",\"breadcrumb\":{\"@id\":\"https:\/\/pb.edu.pl\/sjo\/en\/events\/mock-job-interview-2023\/program\/#breadcrumb\"},\"inLanguage\":\"en-US\",\"potentialAction\":[{\"@type\":\"ReadAction\",\"target\":[\"https:\/\/pb.edu.pl\/sjo\/en\/events\/mock-job-interview-2023\/program\/\"]}]},{\"@type\":\"BreadcrumbList\",\"@id\":\"https:\/\/pb.edu.pl\/sjo\/en\/events\/mock-job-interview-2023\/program\/#breadcrumb\",\"itemListElement\":[{\"@type\":\"ListItem\",\"position\":1,\"name\":\"Home\",\"item\":\"https:\/\/pb.edu.pl\/sjo\/en\/\"},{\"@type\":\"ListItem\",\"position\":2,\"name\":\"Events\",\"item\":\"https:\/\/pb.edu.pl\/sjo\/en\/events\/\"},{\"@type\":\"ListItem\",\"position\":3,\"name\":\"Mock Job Interview 2023\",\"item\":\"https:\/\/pb.edu.pl\/sjo\/en\/events\/mock-job-interview-2023\/\"},{\"@type\":\"ListItem\",\"position\":4,\"name\":\"Programme\"}]},{\"@type\":\"WebSite\",\"@id\":\"https:\/\/pb.edu.pl\/sjo\/#website\",\"url\":\"https:\/\/pb.edu.pl\/sjo\/\",\"name\":\"Foreign Language Centre\",\"description\":\"\",\"potentialAction\":[{\"@type\":\"SearchAction\",\"target\":{\"@type\":\"EntryPoint\",\"urlTemplate\":\"https:\/\/pb.edu.pl\/sjo\/?s={search_term_string}\"},\"query-input\":{\"@type\":\"PropertyValueSpecification\",\"valueRequired\":true,\"valueName\":\"search_term_string\"}}],\"inLanguage\":\"en-US\"}]}<\/script>\n<!-- \/ Yoast SEO plugin. -->","yoast_head_json":{"title":"Programme - Foreign Language Centre","description":"&nbsp; WORKSHOPS WORKSHOPS MEET OUR EXPERTS &nbsp;1 9:00 - 09:30 To ask or not to ask? Tell me about the time when you... Small talk Mock job interview","robots":{"index":"index","follow":"follow","max-snippet":"max-snippet:-1","max-image-preview":"max-image-preview:large","max-video-preview":"max-video-preview:-1"},"canonical":"https:\/\/pb.edu.pl\/sjo\/en\/events\/mock-job-interview-2023\/program\/","og_locale":"en_US","og_type":"article","og_title":"Programme - Foreign Language Centre","og_description":"&nbsp; WORKSHOPS WORKSHOPS MEET OUR EXPERTS &nbsp;1 9:00 - 09:30 To ask or not to ask? Tell me about the time when you... Small talk Mock job interview","og_url":"https:\/\/pb.edu.pl\/sjo\/en\/events\/mock-job-interview-2023\/program\/","og_site_name":"Foreign Language Centre","article_modified_time":"2023-05-17T09:38:18+00:00","twitter_misc":{"Est. reading time":"5 minutes"},"schema":{"@context":"https:\/\/schema.org","@graph":[{"@type":"WebPage","@id":"https:\/\/pb.edu.pl\/sjo\/en\/events\/mock-job-interview-2023\/program\/","url":"https:\/\/pb.edu.pl\/sjo\/en\/events\/mock-job-interview-2023\/program\/","name":"Programme - Foreign Language Centre","isPartOf":{"@id":"https:\/\/pb.edu.pl\/sjo\/#website"},"datePublished":"2023-04-12T09:39:49+00:00","dateModified":"2023-05-17T09:38:18+00:00","description":"&nbsp; WORKSHOPS WORKSHOPS MEET OUR EXPERTS &nbsp;1 9:00 - 09:30 To ask or not to ask? Tell me about the time when you... Small talk Mock job interview","breadcrumb":{"@id":"https:\/\/pb.edu.pl\/sjo\/en\/events\/mock-job-interview-2023\/program\/#breadcrumb"},"inLanguage":"en-US","potentialAction":[{"@type":"ReadAction","target":["https:\/\/pb.edu.pl\/sjo\/en\/events\/mock-job-interview-2023\/program\/"]}]},{"@type":"BreadcrumbList","@id":"https:\/\/pb.edu.pl\/sjo\/en\/events\/mock-job-interview-2023\/program\/#breadcrumb","itemListElement":[{"@type":"ListItem","position":1,"name":"Home","item":"https:\/\/pb.edu.pl\/sjo\/en\/"},{"@type":"ListItem","position":2,"name":"Events","item":"https:\/\/pb.edu.pl\/sjo\/en\/events\/"},{"@type":"ListItem","position":3,"name":"Mock Job Interview 2023","item":"https:\/\/pb.edu.pl\/sjo\/en\/events\/mock-job-interview-2023\/"},{"@type":"ListItem","position":4,"name":"Programme"}]},{"@type":"WebSite","@id":"https:\/\/pb.edu.pl\/sjo\/#website","url":"https:\/\/pb.edu.pl\/sjo\/","name":"Foreign Language Centre","description":"","potentialAction":[{"@type":"SearchAction","target":{"@type":"EntryPoint","urlTemplate":"https:\/\/pb.edu.pl\/sjo\/?s={search_term_string}"},"query-input":{"@type":"PropertyValueSpecification","valueRequired":true,"valueName":"search_term_string"}}],"inLanguage":"en-US"}]}},"_links":{"self":[{"href":"https:\/\/pb.edu.pl\/sjo\/en\/wp-json\/wp\/v2\/pages\/20236","targetHints":{"allow":["GET"]}}],"collection":[{"href":"https:\/\/pb.edu.pl\/sjo\/en\/wp-json\/wp\/v2\/pages"}],"about":[{"href":"https:\/\/pb.edu.pl\/sjo\/en\/wp-json\/wp\/v2\/types\/page"}],"author":[{"embeddable":true,"href":"https:\/\/pb.edu.pl\/sjo\/en\/wp-json\/wp\/v2\/users\/6"}],"replies":[{"embeddable":true,"href":"https:\/\/pb.edu.pl\/sjo\/en\/wp-json\/wp\/v2\/comments?post=20236"}],"version-history":[{"count":0,"href":"https:\/\/pb.edu.pl\/sjo\/en\/wp-json\/wp\/v2\/pages\/20236\/revisions"}],"up":[{"embeddable":true,"href":"https:\/\/pb.edu.pl\/sjo\/en\/wp-json\/wp\/v2\/pages\/20091"}],"wp:attachment":[{"href":"https:\/\/pb.edu.pl\/sjo\/en\/wp-json\/wp\/v2\/media?parent=20236"}],"curies":[{"name":"wp","href":"https:\/\/api.w.org\/{rel}","templated":true}]}}