{"id":20232,"date":"2023-04-12T11:36:44","date_gmt":"2023-04-12T09:36:44","guid":{"rendered":"https:\/\/pb.edu.pl\/sjo\/events\/mock-job-interview-2023\/wydarzenie\/"},"modified":"2023-04-28T08:39:33","modified_gmt":"2023-04-28T06:39:33","slug":"event","status":"publish","type":"page","link":"https:\/\/pb.edu.pl\/sjo\/en\/events\/mock-job-interview-2023\/event\/","title":{"rendered":"Event"},"content":{"rendered":"<div class=\"row\">\n<div class=\"col-sm-4\">\n<div class=\"embed-responsive embed-responsive-16by9\"><iframe loading=\"lazy\" title=\"Ju\u017c wiedz\u0105, jak przygotowa\u0107 si\u0119 do rozmowy kwalifikacyjnej\" width=\"500\" height=\"281\" src=\"https:\/\/www.youtube.com\/embed\/fF9cLvdqt0g?feature=oembed\" frameborder=\"0\" allow=\"accelerometer; autoplay; clipboard-write; encrypted-media; gyroscope; picture-in-picture; web-share\" referrerpolicy=\"strict-origin-when-cross-origin\" allowfullscreen><\/iframe><\/div>\n<\/div>\n<div class=\"col-sm-8\">\n<h2>How do you feel about a job interview? Stressful? Easy peasy?<\/h2>\n<h2>Prepare for a job interview and take part in such an interview in English with a recruiter from a company!<\/h2>\n<\/div>\n<\/div>\n<h2>Mock Job Interview:<\/h2>\n<ul>\n<li>workshops on how to prepare for a job interview<\/li>\n<li>individual consultations with experts (CV analysis, linguistic support)<\/li>\n<li>simulations of job interviews in English, Russian and German<\/li>\n<li>simulations of job interviews in English with recruiters from the biggest companies in the region<\/li>\n<li>professional photo session \u2013 photos for your CV, LinkedIn<\/li>\n<\/ul>\n<p>All students of Bialystok University of Technology and other universities are invited, so take your friends and <a href=\"https:\/\/pb.edu.pl\/sjo\/en\/events\/mock-job-interview-2023\/register\/\">register<\/a>.<\/p>\n<p><strong>The event will take place on 24.05.2023 from 9.00 am to 2.00 pm in CNK (Library building).<\/strong><br \/>\nStudents of BUT, who participate in the event, will be excused from classes.<\/p>\n","protected":false},"excerpt":{"rendered":"<p>How do you feel about a job interview? Stressful? Easy peasy? Prepare for a job<\/p>\n","protected":false},"author":6,"featured_media":0,"parent":20091,"menu_order":0,"comment_status":"closed","ping_status":"closed","template":"","meta":{"_acf_changed":false,"ngg_post_thumbnail":0,"footnotes":""},"class_list":["post-20232","page","type-page","status-publish","hentry"],"acf":[],"yoast_head":"<!-- This site is optimized with the Yoast SEO plugin v27.0 - https:\/\/yoast.com\/product\/yoast-seo-wordpress\/ -->\n<title>Event - Foreign Language Centre<\/title>\n<meta name=\"description\" content=\"How do you feel about a job interview? Stressful? Easy peasy? Prepare for a job interview and take part in such an interview in English with a recruiter\" \/>\n<meta name=\"robots\" content=\"index, follow, max-snippet:-1, max-image-preview:large, max-video-preview:-1\" \/>\n<link rel=\"canonical\" href=\"https:\/\/pb.edu.pl\/sjo\/en\/events\/mock-job-interview-2023\/event\/\" \/>\n<meta property=\"og:locale\" content=\"en_US\" \/>\n<meta property=\"og:type\" content=\"article\" \/>\n<meta property=\"og:title\" content=\"Event - Foreign Language Centre\" \/>\n<meta property=\"og:description\" content=\"How do you feel about a job interview? Stressful? Easy peasy? Prepare for a job interview and take part in such an interview in English with a recruiter\" \/>\n<meta property=\"og:url\" content=\"https:\/\/pb.edu.pl\/sjo\/en\/events\/mock-job-interview-2023\/event\/\" \/>\n<meta property=\"og:site_name\" content=\"Foreign Language Centre\" \/>\n<meta property=\"article:modified_time\" content=\"2023-04-28T06:39:33+00:00\" \/>\n<meta name=\"twitter:label1\" content=\"Est. reading time\" \/>\n\t<meta name=\"twitter:data1\" content=\"1 minute\" \/>\n<script type=\"application\/ld+json\" class=\"yoast-schema-graph\">{\"@context\":\"https:\/\/schema.org\",\"@graph\":[{\"@type\":\"WebPage\",\"@id\":\"https:\/\/pb.edu.pl\/sjo\/en\/events\/mock-job-interview-2023\/event\/\",\"url\":\"https:\/\/pb.edu.pl\/sjo\/en\/events\/mock-job-interview-2023\/event\/\",\"name\":\"Event - Foreign Language Centre\",\"isPartOf\":{\"@id\":\"https:\/\/pb.edu.pl\/sjo\/#website\"},\"datePublished\":\"2023-04-12T09:36:44+00:00\",\"dateModified\":\"2023-04-28T06:39:33+00:00\",\"description\":\"How do you feel about a job interview? Stressful? Easy peasy? Prepare for a job interview and take part in such an interview in English with a recruiter\",\"breadcrumb\":{\"@id\":\"https:\/\/pb.edu.pl\/sjo\/en\/events\/mock-job-interview-2023\/event\/#breadcrumb\"},\"inLanguage\":\"en-US\",\"potentialAction\":[{\"@type\":\"ReadAction\",\"target\":[\"https:\/\/pb.edu.pl\/sjo\/en\/events\/mock-job-interview-2023\/event\/\"]}]},{\"@type\":\"BreadcrumbList\",\"@id\":\"https:\/\/pb.edu.pl\/sjo\/en\/events\/mock-job-interview-2023\/event\/#breadcrumb\",\"itemListElement\":[{\"@type\":\"ListItem\",\"position\":1,\"name\":\"Home\",\"item\":\"https:\/\/pb.edu.pl\/sjo\/en\/\"},{\"@type\":\"ListItem\",\"position\":2,\"name\":\"Events\",\"item\":\"https:\/\/pb.edu.pl\/sjo\/en\/events\/\"},{\"@type\":\"ListItem\",\"position\":3,\"name\":\"Mock Job Interview 2023\",\"item\":\"https:\/\/pb.edu.pl\/sjo\/en\/events\/mock-job-interview-2023\/\"},{\"@type\":\"ListItem\",\"position\":4,\"name\":\"Event\"}]},{\"@type\":\"WebSite\",\"@id\":\"https:\/\/pb.edu.pl\/sjo\/#website\",\"url\":\"https:\/\/pb.edu.pl\/sjo\/\",\"name\":\"Foreign Language Centre\",\"description\":\"\",\"potentialAction\":[{\"@type\":\"SearchAction\",\"target\":{\"@type\":\"EntryPoint\",\"urlTemplate\":\"https:\/\/pb.edu.pl\/sjo\/?s={search_term_string}\"},\"query-input\":{\"@type\":\"PropertyValueSpecification\",\"valueRequired\":true,\"valueName\":\"search_term_string\"}}],\"inLanguage\":\"en-US\"}]}<\/script>\n<!-- \/ Yoast SEO plugin. -->","yoast_head_json":{"title":"Event - Foreign Language Centre","description":"How do you feel about a job interview? Stressful? Easy peasy? Prepare for a job interview and take part in such an interview in English with a recruiter","robots":{"index":"index","follow":"follow","max-snippet":"max-snippet:-1","max-image-preview":"max-image-preview:large","max-video-preview":"max-video-preview:-1"},"canonical":"https:\/\/pb.edu.pl\/sjo\/en\/events\/mock-job-interview-2023\/event\/","og_locale":"en_US","og_type":"article","og_title":"Event - Foreign Language Centre","og_description":"How do you feel about a job interview? Stressful? Easy peasy? Prepare for a job interview and take part in such an interview in English with a recruiter","og_url":"https:\/\/pb.edu.pl\/sjo\/en\/events\/mock-job-interview-2023\/event\/","og_site_name":"Foreign Language Centre","article_modified_time":"2023-04-28T06:39:33+00:00","twitter_misc":{"Est. reading time":"1 minute"},"schema":{"@context":"https:\/\/schema.org","@graph":[{"@type":"WebPage","@id":"https:\/\/pb.edu.pl\/sjo\/en\/events\/mock-job-interview-2023\/event\/","url":"https:\/\/pb.edu.pl\/sjo\/en\/events\/mock-job-interview-2023\/event\/","name":"Event - Foreign Language Centre","isPartOf":{"@id":"https:\/\/pb.edu.pl\/sjo\/#website"},"datePublished":"2023-04-12T09:36:44+00:00","dateModified":"2023-04-28T06:39:33+00:00","description":"How do you feel about a job interview? Stressful? Easy peasy? Prepare for a job interview and take part in such an interview in English with a recruiter","breadcrumb":{"@id":"https:\/\/pb.edu.pl\/sjo\/en\/events\/mock-job-interview-2023\/event\/#breadcrumb"},"inLanguage":"en-US","potentialAction":[{"@type":"ReadAction","target":["https:\/\/pb.edu.pl\/sjo\/en\/events\/mock-job-interview-2023\/event\/"]}]},{"@type":"BreadcrumbList","@id":"https:\/\/pb.edu.pl\/sjo\/en\/events\/mock-job-interview-2023\/event\/#breadcrumb","itemListElement":[{"@type":"ListItem","position":1,"name":"Home","item":"https:\/\/pb.edu.pl\/sjo\/en\/"},{"@type":"ListItem","position":2,"name":"Events","item":"https:\/\/pb.edu.pl\/sjo\/en\/events\/"},{"@type":"ListItem","position":3,"name":"Mock Job Interview 2023","item":"https:\/\/pb.edu.pl\/sjo\/en\/events\/mock-job-interview-2023\/"},{"@type":"ListItem","position":4,"name":"Event"}]},{"@type":"WebSite","@id":"https:\/\/pb.edu.pl\/sjo\/#website","url":"https:\/\/pb.edu.pl\/sjo\/","name":"Foreign Language Centre","description":"","potentialAction":[{"@type":"SearchAction","target":{"@type":"EntryPoint","urlTemplate":"https:\/\/pb.edu.pl\/sjo\/?s={search_term_string}"},"query-input":{"@type":"PropertyValueSpecification","valueRequired":true,"valueName":"search_term_string"}}],"inLanguage":"en-US"}]}},"_links":{"self":[{"href":"https:\/\/pb.edu.pl\/sjo\/en\/wp-json\/wp\/v2\/pages\/20232","targetHints":{"allow":["GET"]}}],"collection":[{"href":"https:\/\/pb.edu.pl\/sjo\/en\/wp-json\/wp\/v2\/pages"}],"about":[{"href":"https:\/\/pb.edu.pl\/sjo\/en\/wp-json\/wp\/v2\/types\/page"}],"author":[{"embeddable":true,"href":"https:\/\/pb.edu.pl\/sjo\/en\/wp-json\/wp\/v2\/users\/6"}],"replies":[{"embeddable":true,"href":"https:\/\/pb.edu.pl\/sjo\/en\/wp-json\/wp\/v2\/comments?post=20232"}],"version-history":[{"count":0,"href":"https:\/\/pb.edu.pl\/sjo\/en\/wp-json\/wp\/v2\/pages\/20232\/revisions"}],"up":[{"embeddable":true,"href":"https:\/\/pb.edu.pl\/sjo\/en\/wp-json\/wp\/v2\/pages\/20091"}],"wp:attachment":[{"href":"https:\/\/pb.edu.pl\/sjo\/en\/wp-json\/wp\/v2\/media?parent=20232"}],"curies":[{"name":"wp","href":"https:\/\/api.w.org\/{rel}","templated":true}]}}