{"id":18481,"date":"2021-12-30T11:39:59","date_gmt":"2021-12-30T10:39:59","guid":{"rendered":"https:\/\/pb.edu.pl\/sjo\/learning-polish\/poland-and-poles\/panorama-raclawicka\/"},"modified":"2023-02-06T13:29:53","modified_gmt":"2023-02-06T12:29:53","slug":"the-panorama-of-the-battle-of-raclawice","status":"publish","type":"page","link":"https:\/\/pb.edu.pl\/sjo\/en\/learning-polish\/poland-and-poles\/the-panorama-of-the-battle-of-raclawice\/","title":{"rendered":"The Panorama of the Battle of Rac\u0142awice"},"content":{"rendered":"<h1>Captivating<\/h1>\n<h2><strong>The Panorama of the Battle of Rac\u0142awice<\/strong><\/h2>\n<p><strong>The Panorama of the Battle of Rac\u0142awice<\/strong> is the only painting and at the same time an art gallery of this type in Poland. Located in the centre of Wroc\u0142aw, it is an extraordinary place: a rotunda specially built to present one painting: &#8216;Panorama of the Battle of Rac\u0142awice&#8217; by Jan Styka and Wojciech Kossak, a work completed in 1894.<\/p>\n<p>The painting is unique: it is 15 meters high and 114 meters wide, weighs 3.5 tons, and covers an area of \u200b\u200b1,800 m<sup>2<\/sup>. It shows the victorious battle under the command of General Tadeusz Ko\u015bciuszko over the Russian army in 1794 during the struggle to preserve Poland&#8217;s independence before the final partitions.<\/p>\n<p>The painting is hung on the wall of a circular gallery, and the viewers move on the platform. The play of lights and other special effects, added cannons, bushes and stones, all create a wonderful three-dimensional effect.<\/p>\n<p>Read more about Panorama (only in Polish), its history and the special effects used: https:\/\/skomplikowane.pl\/na-trasie\/panorama-raclawicka\/<\/p>\n<div id='gallery-1' class='gallery galleryid-18481 gallery-columns-4 gallery-size-medium'><figure class='gallery-item'>\n\t\t\t<div class='gallery-icon landscape'>\n\t\t\t\t<a href='https:\/\/pb.edu.pl\/sjo\/en\/learning-polish\/poland-and-poles\/the-panorama-of-the-battle-of-raclawice\/25-panorama-racl-foto-webandi-2-2\/'><img loading=\"lazy\" decoding=\"async\" width=\"300\" height=\"200\" src=\"https:\/\/pb.edu.pl\/sjo\/wp-content\/uploads\/sites\/9\/2021\/12\/25-panorama-racl-foto-webandi-1-300x200.jpg\" class=\"attachment-medium size-medium\" alt=\"\" srcset=\"https:\/\/pb.edu.pl\/sjo\/wp-content\/uploads\/sites\/9\/2021\/12\/25-panorama-racl-foto-webandi-1-300x200.jpg 300w, https:\/\/pb.edu.pl\/sjo\/wp-content\/uploads\/sites\/9\/2021\/12\/25-panorama-racl-foto-webandi-1-1024x684.jpg 1024w, https:\/\/pb.edu.pl\/sjo\/wp-content\/uploads\/sites\/9\/2021\/12\/25-panorama-racl-foto-webandi-1-768x513.jpg 768w, https:\/\/pb.edu.pl\/sjo\/wp-content\/uploads\/sites\/9\/2021\/12\/25-panorama-racl-foto-webandi-1-1536x1026.jpg 1536w, https:\/\/pb.edu.pl\/sjo\/wp-content\/uploads\/sites\/9\/2021\/12\/25-panorama-racl-foto-webandi-1-2048x1368.jpg 2048w, https:\/\/pb.edu.pl\/sjo\/wp-content\/uploads\/sites\/9\/2021\/12\/25-panorama-racl-foto-webandi-1-480x320.jpg 480w\" sizes=\"auto, (max-width: 300px) 100vw, 300px\" \/><\/a>\n\t\t\t<\/div><\/figure><figure class='gallery-item'>\n\t\t\t<div class='gallery-icon landscape'>\n\t\t\t\t<a href='https:\/\/pb.edu.pl\/sjo\/en\/learning-polish\/poland-and-poles\/the-panorama-of-the-battle-of-raclawice\/25-fragment-panoramy-raclawickiej-we-wroclawiu-2\/'><img loading=\"lazy\" decoding=\"async\" width=\"300\" height=\"200\" src=\"https:\/\/pb.edu.pl\/sjo\/wp-content\/uploads\/sites\/9\/2021\/12\/25-fragment-Panoramy-Raclawickiej-we-Wroclawiu-300x200.jpg\" class=\"attachment-medium size-medium\" alt=\"\" srcset=\"https:\/\/pb.edu.pl\/sjo\/wp-content\/uploads\/sites\/9\/2021\/12\/25-fragment-Panoramy-Raclawickiej-we-Wroclawiu-300x200.jpg 300w, https:\/\/pb.edu.pl\/sjo\/wp-content\/uploads\/sites\/9\/2021\/12\/25-fragment-Panoramy-Raclawickiej-we-Wroclawiu-768x512.jpg 768w, https:\/\/pb.edu.pl\/sjo\/wp-content\/uploads\/sites\/9\/2021\/12\/25-fragment-Panoramy-Raclawickiej-we-Wroclawiu-480x320.jpg 480w, https:\/\/pb.edu.pl\/sjo\/wp-content\/uploads\/sites\/9\/2021\/12\/25-fragment-Panoramy-Raclawickiej-we-Wroclawiu.jpg 800w\" sizes=\"auto, (max-width: 300px) 100vw, 300px\" \/><\/a>\n\t\t\t<\/div><\/figure><figure class='gallery-item'>\n\t\t\t<div class='gallery-icon landscape'>\n\t\t\t\t<a href='https:\/\/pb.edu.pl\/sjo\/en\/learning-polish\/poland-and-poles\/the-panorama-of-the-battle-of-raclawice\/25-panorama-fot-pixabay-2-2\/'><img loading=\"lazy\" decoding=\"async\" width=\"300\" height=\"200\" src=\"https:\/\/pb.edu.pl\/sjo\/wp-content\/uploads\/sites\/9\/2021\/12\/25-panorama-fot.-Pixabay-1-300x200.jpg\" class=\"attachment-medium size-medium\" alt=\"\" srcset=\"https:\/\/pb.edu.pl\/sjo\/wp-content\/uploads\/sites\/9\/2021\/12\/25-panorama-fot.-Pixabay-1-300x200.jpg 300w, https:\/\/pb.edu.pl\/sjo\/wp-content\/uploads\/sites\/9\/2021\/12\/25-panorama-fot.-Pixabay-1-1024x684.jpg 1024w, https:\/\/pb.edu.pl\/sjo\/wp-content\/uploads\/sites\/9\/2021\/12\/25-panorama-fot.-Pixabay-1-768x513.jpg 768w, https:\/\/pb.edu.pl\/sjo\/wp-content\/uploads\/sites\/9\/2021\/12\/25-panorama-fot.-Pixabay-1-1536x1026.jpg 1536w, https:\/\/pb.edu.pl\/sjo\/wp-content\/uploads\/sites\/9\/2021\/12\/25-panorama-fot.-Pixabay-1-2048x1368.jpg 2048w, https:\/\/pb.edu.pl\/sjo\/wp-content\/uploads\/sites\/9\/2021\/12\/25-panorama-fot.-Pixabay-1-480x320.jpg 480w\" sizes=\"auto, (max-width: 300px) 100vw, 300px\" \/><\/a>\n\t\t\t<\/div><\/figure><figure class='gallery-item'>\n\t\t\t<div class='gallery-icon landscape'>\n\t\t\t\t<a href='https:\/\/pb.edu.pl\/sjo\/en\/learning-polish\/poland-and-poles\/the-panorama-of-the-battle-of-raclawice\/25-depositphotos_35321149_ds-1m-2\/'><img loading=\"lazy\" decoding=\"async\" width=\"300\" height=\"200\" src=\"https:\/\/pb.edu.pl\/sjo\/wp-content\/uploads\/sites\/9\/2021\/12\/25-Depositphotos_35321149_DS-1m-300x200.jpg\" class=\"attachment-medium size-medium\" alt=\"\" srcset=\"https:\/\/pb.edu.pl\/sjo\/wp-content\/uploads\/sites\/9\/2021\/12\/25-Depositphotos_35321149_DS-1m-300x200.jpg 300w, https:\/\/pb.edu.pl\/sjo\/wp-content\/uploads\/sites\/9\/2021\/12\/25-Depositphotos_35321149_DS-1m-1024x683.jpg 1024w, https:\/\/pb.edu.pl\/sjo\/wp-content\/uploads\/sites\/9\/2021\/12\/25-Depositphotos_35321149_DS-1m-768x512.jpg 768w, https:\/\/pb.edu.pl\/sjo\/wp-content\/uploads\/sites\/9\/2021\/12\/25-Depositphotos_35321149_DS-1m-1536x1024.jpg 1536w, https:\/\/pb.edu.pl\/sjo\/wp-content\/uploads\/sites\/9\/2021\/12\/25-Depositphotos_35321149_DS-1m-480x320.jpg 480w, https:\/\/pb.edu.pl\/sjo\/wp-content\/uploads\/sites\/9\/2021\/12\/25-Depositphotos_35321149_DS-1m.jpg 1773w\" sizes=\"auto, (max-width: 300px) 100vw, 300px\" \/><\/a>\n\t\t\t<\/div><\/figure>\n\t\t<\/div>\n\n<div id='gallery-2' class='gallery galleryid-18481 gallery-columns-3 gallery-size-medium'><figure class='gallery-item'>\n\t\t\t<div class='gallery-icon landscape'>\n\t\t\t\t<a href='https:\/\/pb.edu.pl\/sjo\/en\/learning-polish\/poland-and-poles\/the-panorama-of-the-battle-of-raclawice\/25-depositphotos_456738396_dsm-2\/'><img loading=\"lazy\" decoding=\"async\" width=\"300\" height=\"148\" src=\"https:\/\/pb.edu.pl\/sjo\/wp-content\/uploads\/sites\/9\/2021\/12\/25-Depositphotos_456738396_DSm-300x148.jpg\" class=\"attachment-medium size-medium\" alt=\"\" srcset=\"https:\/\/pb.edu.pl\/sjo\/wp-content\/uploads\/sites\/9\/2021\/12\/25-Depositphotos_456738396_DSm-300x148.jpg 300w, https:\/\/pb.edu.pl\/sjo\/wp-content\/uploads\/sites\/9\/2021\/12\/25-Depositphotos_456738396_DSm-1024x507.jpg 1024w, https:\/\/pb.edu.pl\/sjo\/wp-content\/uploads\/sites\/9\/2021\/12\/25-Depositphotos_456738396_DSm-768x380.jpg 768w, https:\/\/pb.edu.pl\/sjo\/wp-content\/uploads\/sites\/9\/2021\/12\/25-Depositphotos_456738396_DSm-1536x760.jpg 1536w, https:\/\/pb.edu.pl\/sjo\/wp-content\/uploads\/sites\/9\/2021\/12\/25-Depositphotos_456738396_DSm-2048x1013.jpg 2048w\" sizes=\"auto, (max-width: 300px) 100vw, 300px\" \/><\/a>\n\t\t\t<\/div><\/figure><figure class='gallery-item'>\n\t\t\t<div class='gallery-icon landscape'>\n\t\t\t\t<a href='https:\/\/pb.edu.pl\/sjo\/en\/learning-polish\/poland-and-poles\/the-panorama-of-the-battle-of-raclawice\/25-rotundapanoramyraclawickiej-creative-commons-cc0-license-m-2\/'><img loading=\"lazy\" decoding=\"async\" width=\"300\" height=\"200\" src=\"https:\/\/pb.edu.pl\/sjo\/wp-content\/uploads\/sites\/9\/2021\/12\/25-RotundaPanoramyRaclawickiej-Creative-Commons-CC0-License-m-300x200.jpg\" class=\"attachment-medium size-medium\" alt=\"\" aria-describedby=\"gallery-2-15959\" srcset=\"https:\/\/pb.edu.pl\/sjo\/wp-content\/uploads\/sites\/9\/2021\/12\/25-RotundaPanoramyRaclawickiej-Creative-Commons-CC0-License-m-300x200.jpg 300w, https:\/\/pb.edu.pl\/sjo\/wp-content\/uploads\/sites\/9\/2021\/12\/25-RotundaPanoramyRaclawickiej-Creative-Commons-CC0-License-m-768x512.jpg 768w, https:\/\/pb.edu.pl\/sjo\/wp-content\/uploads\/sites\/9\/2021\/12\/25-RotundaPanoramyRaclawickiej-Creative-Commons-CC0-License-m-480x320.jpg 480w, https:\/\/pb.edu.pl\/sjo\/wp-content\/uploads\/sites\/9\/2021\/12\/25-RotundaPanoramyRaclawickiej-Creative-Commons-CC0-License-m.jpg 780w\" sizes=\"auto, (max-width: 300px) 100vw, 300px\" \/><\/a>\n\t\t\t<\/div>\n\t\t\t\t<figcaption class='wp-caption-text gallery-caption' id='gallery-2-15959'>\n\t\t\t\tCreative Commons CC0 License\n\t\t\t\t<\/figcaption><\/figure><figure class='gallery-item'>\n\t\t\t<div class='gallery-icon landscape'>\n\t\t\t\t<a href='https:\/\/pb.edu.pl\/sjo\/en\/learning-polish\/poland-and-poles\/the-panorama-of-the-battle-of-raclawice\/25-pa-racl-source-ministry-of-foreign-affairs-of-the-republic-of-poland-cc-by-nc-2-0-2\/'><img loading=\"lazy\" decoding=\"async\" width=\"300\" height=\"113\" src=\"https:\/\/pb.edu.pl\/sjo\/wp-content\/uploads\/sites\/9\/2021\/12\/25-pa-racl-source-Ministry-of-Foreign-Affairs-of-the-Republic-of-Poland-CC-BY-NC-2.0-300x113.jpg\" class=\"attachment-medium size-medium\" alt=\"\" aria-describedby=\"gallery-2-15950\" srcset=\"https:\/\/pb.edu.pl\/sjo\/wp-content\/uploads\/sites\/9\/2021\/12\/25-pa-racl-source-Ministry-of-Foreign-Affairs-of-the-Republic-of-Poland-CC-BY-NC-2.0-300x113.jpg 300w, https:\/\/pb.edu.pl\/sjo\/wp-content\/uploads\/sites\/9\/2021\/12\/25-pa-racl-source-Ministry-of-Foreign-Affairs-of-the-Republic-of-Poland-CC-BY-NC-2.0-1024x385.jpg 1024w, https:\/\/pb.edu.pl\/sjo\/wp-content\/uploads\/sites\/9\/2021\/12\/25-pa-racl-source-Ministry-of-Foreign-Affairs-of-the-Republic-of-Poland-CC-BY-NC-2.0-768x289.jpg 768w, https:\/\/pb.edu.pl\/sjo\/wp-content\/uploads\/sites\/9\/2021\/12\/25-pa-racl-source-Ministry-of-Foreign-Affairs-of-the-Republic-of-Poland-CC-BY-NC-2.0-1536x577.jpg 1536w, https:\/\/pb.edu.pl\/sjo\/wp-content\/uploads\/sites\/9\/2021\/12\/25-pa-racl-source-Ministry-of-Foreign-Affairs-of-the-Republic-of-Poland-CC-BY-NC-2.0-2048x770.jpg 2048w\" sizes=\"auto, (max-width: 300px) 100vw, 300px\" \/><\/a>\n\t\t\t<\/div>\n\t\t\t\t<figcaption class='wp-caption-text gallery-caption' id='gallery-2-15950'>\n\t\t\t\tsource Ministry of Foreign Affairs of the Republic of Poland CC BY-NC 2.0\n\t\t\t\t<\/figcaption><\/figure>\n\t\t<\/div>\n\n<p><em>Other photos: Depositphotos &amp; Pixabay<\/em><\/p>\n","protected":false},"excerpt":{"rendered":"<p>Captivating The Panorama of the Battle of Rac\u0142awice The Panorama of the Battle of Rac\u0142awice<\/p>\n","protected":false},"author":77,"featured_media":0,"parent":18090,"menu_order":0,"comment_status":"closed","ping_status":"closed","template":"templates\/dzial.php","meta":{"_acf_changed":false,"ngg_post_thumbnail":0,"footnotes":""},"class_list":["post-18481","page","type-page","status-publish","hentry"],"acf":[],"yoast_head":"<!-- This site is optimized with the Yoast SEO plugin v27.0 - https:\/\/yoast.com\/product\/yoast-seo-wordpress\/ -->\n<title>The Panorama of the Battle of Rac\u0142awice - Foreign Language Centre<\/title>\n<meta name=\"description\" content=\"Captivating The Panorama of the Battle of Rac\u0142awice The Panorama of the Battle of Rac\u0142awice is the only painting and at the same time an art gallery of\" \/>\n<meta name=\"robots\" content=\"index, follow, max-snippet:-1, max-image-preview:large, max-video-preview:-1\" \/>\n<link rel=\"canonical\" href=\"https:\/\/pb.edu.pl\/sjo\/en\/learning-polish\/poland-and-poles\/the-panorama-of-the-battle-of-raclawice\/\" \/>\n<meta property=\"og:locale\" content=\"en_US\" \/>\n<meta property=\"og:type\" content=\"article\" \/>\n<meta property=\"og:title\" content=\"The Panorama of the Battle of Rac\u0142awice - Foreign Language Centre\" \/>\n<meta property=\"og:description\" content=\"Captivating The Panorama of the Battle of Rac\u0142awice The Panorama of the Battle of Rac\u0142awice is the only painting and at the same time an art gallery of\" \/>\n<meta property=\"og:url\" content=\"https:\/\/pb.edu.pl\/sjo\/en\/learning-polish\/poland-and-poles\/the-panorama-of-the-battle-of-raclawice\/\" \/>\n<meta property=\"og:site_name\" content=\"Foreign Language Centre\" \/>\n<meta property=\"article:modified_time\" content=\"2023-02-06T12:29:53+00:00\" \/>\n<meta property=\"og:image\" content=\"https:\/\/pb.edu.pl\/sjo\/wp-content\/uploads\/sites\/9\/2021\/12\/25-panorama-racl-foto-webandi-1-300x200.jpg\" \/>\n<meta name=\"twitter:label1\" content=\"Est. reading time\" \/>\n\t<meta name=\"twitter:data1\" content=\"1 minute\" \/>\n<script type=\"application\/ld+json\" class=\"yoast-schema-graph\">{\"@context\":\"https:\/\/schema.org\",\"@graph\":[{\"@type\":\"WebPage\",\"@id\":\"https:\/\/pb.edu.pl\/sjo\/en\/learning-polish\/poland-and-poles\/the-panorama-of-the-battle-of-raclawice\/\",\"url\":\"https:\/\/pb.edu.pl\/sjo\/en\/learning-polish\/poland-and-poles\/the-panorama-of-the-battle-of-raclawice\/\",\"name\":\"The Panorama of the Battle of Rac\u0142awice - Foreign Language Centre\",\"isPartOf\":{\"@id\":\"https:\/\/pb.edu.pl\/sjo\/#website\"},\"datePublished\":\"2021-12-30T10:39:59+00:00\",\"dateModified\":\"2023-02-06T12:29:53+00:00\",\"description\":\"Captivating The Panorama of the Battle of Rac\u0142awice The Panorama of the Battle of Rac\u0142awice is the only painting and at the same time an art gallery of\",\"breadcrumb\":{\"@id\":\"https:\/\/pb.edu.pl\/sjo\/en\/learning-polish\/poland-and-poles\/the-panorama-of-the-battle-of-raclawice\/#breadcrumb\"},\"inLanguage\":\"en-US\",\"potentialAction\":[{\"@type\":\"ReadAction\",\"target\":[\"https:\/\/pb.edu.pl\/sjo\/en\/learning-polish\/poland-and-poles\/the-panorama-of-the-battle-of-raclawice\/\"]}]},{\"@type\":\"BreadcrumbList\",\"@id\":\"https:\/\/pb.edu.pl\/sjo\/en\/learning-polish\/poland-and-poles\/the-panorama-of-the-battle-of-raclawice\/#breadcrumb\",\"itemListElement\":[{\"@type\":\"ListItem\",\"position\":1,\"name\":\"Home\",\"item\":\"https:\/\/pb.edu.pl\/sjo\/en\/\"},{\"@type\":\"ListItem\",\"position\":2,\"name\":\"Learning Polish\",\"item\":\"https:\/\/pb.edu.pl\/sjo\/en\/learning-polish\/\"},{\"@type\":\"ListItem\",\"position\":3,\"name\":\"Poland and Poles\",\"item\":\"https:\/\/pb.edu.pl\/sjo\/en\/learning-polish\/poland-and-poles\/\"},{\"@type\":\"ListItem\",\"position\":4,\"name\":\"The Panorama of the Battle of Rac\u0142awice\"}]},{\"@type\":\"WebSite\",\"@id\":\"https:\/\/pb.edu.pl\/sjo\/#website\",\"url\":\"https:\/\/pb.edu.pl\/sjo\/\",\"name\":\"Foreign Language Centre\",\"description\":\"\",\"potentialAction\":[{\"@type\":\"SearchAction\",\"target\":{\"@type\":\"EntryPoint\",\"urlTemplate\":\"https:\/\/pb.edu.pl\/sjo\/?s={search_term_string}\"},\"query-input\":{\"@type\":\"PropertyValueSpecification\",\"valueRequired\":true,\"valueName\":\"search_term_string\"}}],\"inLanguage\":\"en-US\"}]}<\/script>\n<!-- \/ Yoast SEO plugin. -->","yoast_head_json":{"title":"The Panorama of the Battle of Rac\u0142awice - Foreign Language Centre","description":"Captivating The Panorama of the Battle of Rac\u0142awice The Panorama of the Battle of Rac\u0142awice is the only painting and at the same time an art gallery of","robots":{"index":"index","follow":"follow","max-snippet":"max-snippet:-1","max-image-preview":"max-image-preview:large","max-video-preview":"max-video-preview:-1"},"canonical":"https:\/\/pb.edu.pl\/sjo\/en\/learning-polish\/poland-and-poles\/the-panorama-of-the-battle-of-raclawice\/","og_locale":"en_US","og_type":"article","og_title":"The Panorama of the Battle of Rac\u0142awice - Foreign Language Centre","og_description":"Captivating The Panorama of the Battle of Rac\u0142awice The Panorama of the Battle of Rac\u0142awice is the only painting and at the same time an art gallery of","og_url":"https:\/\/pb.edu.pl\/sjo\/en\/learning-polish\/poland-and-poles\/the-panorama-of-the-battle-of-raclawice\/","og_site_name":"Foreign Language Centre","article_modified_time":"2023-02-06T12:29:53+00:00","og_image":[{"url":"https:\/\/pb.edu.pl\/sjo\/wp-content\/uploads\/sites\/9\/2021\/12\/25-panorama-racl-foto-webandi-1-300x200.jpg","type":"","width":"","height":""}],"twitter_misc":{"Est. reading time":"1 minute"},"schema":{"@context":"https:\/\/schema.org","@graph":[{"@type":"WebPage","@id":"https:\/\/pb.edu.pl\/sjo\/en\/learning-polish\/poland-and-poles\/the-panorama-of-the-battle-of-raclawice\/","url":"https:\/\/pb.edu.pl\/sjo\/en\/learning-polish\/poland-and-poles\/the-panorama-of-the-battle-of-raclawice\/","name":"The Panorama of the Battle of Rac\u0142awice - Foreign Language Centre","isPartOf":{"@id":"https:\/\/pb.edu.pl\/sjo\/#website"},"datePublished":"2021-12-30T10:39:59+00:00","dateModified":"2023-02-06T12:29:53+00:00","description":"Captivating The Panorama of the Battle of Rac\u0142awice The Panorama of the Battle of Rac\u0142awice is the only painting and at the same time an art gallery of","breadcrumb":{"@id":"https:\/\/pb.edu.pl\/sjo\/en\/learning-polish\/poland-and-poles\/the-panorama-of-the-battle-of-raclawice\/#breadcrumb"},"inLanguage":"en-US","potentialAction":[{"@type":"ReadAction","target":["https:\/\/pb.edu.pl\/sjo\/en\/learning-polish\/poland-and-poles\/the-panorama-of-the-battle-of-raclawice\/"]}]},{"@type":"BreadcrumbList","@id":"https:\/\/pb.edu.pl\/sjo\/en\/learning-polish\/poland-and-poles\/the-panorama-of-the-battle-of-raclawice\/#breadcrumb","itemListElement":[{"@type":"ListItem","position":1,"name":"Home","item":"https:\/\/pb.edu.pl\/sjo\/en\/"},{"@type":"ListItem","position":2,"name":"Learning Polish","item":"https:\/\/pb.edu.pl\/sjo\/en\/learning-polish\/"},{"@type":"ListItem","position":3,"name":"Poland and Poles","item":"https:\/\/pb.edu.pl\/sjo\/en\/learning-polish\/poland-and-poles\/"},{"@type":"ListItem","position":4,"name":"The Panorama of the Battle of Rac\u0142awice"}]},{"@type":"WebSite","@id":"https:\/\/pb.edu.pl\/sjo\/#website","url":"https:\/\/pb.edu.pl\/sjo\/","name":"Foreign Language Centre","description":"","potentialAction":[{"@type":"SearchAction","target":{"@type":"EntryPoint","urlTemplate":"https:\/\/pb.edu.pl\/sjo\/?s={search_term_string}"},"query-input":{"@type":"PropertyValueSpecification","valueRequired":true,"valueName":"search_term_string"}}],"inLanguage":"en-US"}]}},"_links":{"self":[{"href":"https:\/\/pb.edu.pl\/sjo\/en\/wp-json\/wp\/v2\/pages\/18481","targetHints":{"allow":["GET"]}}],"collection":[{"href":"https:\/\/pb.edu.pl\/sjo\/en\/wp-json\/wp\/v2\/pages"}],"about":[{"href":"https:\/\/pb.edu.pl\/sjo\/en\/wp-json\/wp\/v2\/types\/page"}],"author":[{"embeddable":true,"href":"https:\/\/pb.edu.pl\/sjo\/en\/wp-json\/wp\/v2\/users\/77"}],"replies":[{"embeddable":true,"href":"https:\/\/pb.edu.pl\/sjo\/en\/wp-json\/wp\/v2\/comments?post=18481"}],"version-history":[{"count":0,"href":"https:\/\/pb.edu.pl\/sjo\/en\/wp-json\/wp\/v2\/pages\/18481\/revisions"}],"up":[{"embeddable":true,"href":"https:\/\/pb.edu.pl\/sjo\/en\/wp-json\/wp\/v2\/pages\/18090"}],"wp:attachment":[{"href":"https:\/\/pb.edu.pl\/sjo\/en\/wp-json\/wp\/v2\/media?parent=18481"}],"curies":[{"name":"wp","href":"https:\/\/api.w.org\/{rel}","templated":true}]}}