{"id":18413,"date":"2021-08-20T22:14:50","date_gmt":"2021-08-20T20:14:50","guid":{"rendered":"https:\/\/pb.edu.pl\/sjo\/learning-polish\/poland-and-poles\/piwnica-swidnicka\/"},"modified":"2023-02-01T14:18:28","modified_gmt":"2023-02-01T13:18:28","slug":"swidnica-cellar","status":"publish","type":"page","link":"https:\/\/pb.edu.pl\/sjo\/en\/learning-polish\/poland-and-poles\/swidnica-cellar\/","title":{"rendered":"\u015awidnica Cellar"},"content":{"rendered":"<h1>Amazig<\/h1>\n<h2><strong>\u015awidnica Cellar<\/strong><\/h2>\n<p><em>It is in Poland that you can dine in probably the oldest restaurant in Europe. Its name is <strong>Piwnica \u015awidnicka (\u015awidnica Cellar) <\/strong>and it has been operating continuously since 1273. The restaurant is based in the medieval cellars of the <a href=\"https:\/\/en.wikipedia.org\/wiki\/Wroc%C5%82aw_Town_Hall\">Old Town Hall<\/a> in&nbsp;<strong>Wroc\u0142aw, <\/strong>in south-western Poland. Its name is linked with the nearby \u015awidnica brewery whose beer (piwo) used to be served there. At the moment, the restaurant is looking for a new investor so it is closed temporarily.<\/em><\/p>\n<div id='gallery-1' class='gallery galleryid-18413 gallery-columns-3 gallery-size-medium'><figure class='gallery-item'>\n\t\t\t<div class='gallery-icon landscape'>\n\t\t\t\t<a href='https:\/\/pb.edu.pl\/sjo\/en\/learning-polish\/breslau-altes-rathaus-2\/'><img loading=\"lazy\" decoding=\"async\" width=\"300\" height=\"200\" src=\"https:\/\/pb.edu.pl\/sjo\/wp-content\/uploads\/sites\/9\/2021\/08\/3.-Wroclaw-Ratusz-AdobeStock_220692700-300x200.jpeg\" class=\"attachment-medium size-medium\" alt=\"\" srcset=\"https:\/\/pb.edu.pl\/sjo\/wp-content\/uploads\/sites\/9\/2021\/08\/3.-Wroclaw-Ratusz-AdobeStock_220692700-300x200.jpeg 300w, https:\/\/pb.edu.pl\/sjo\/wp-content\/uploads\/sites\/9\/2021\/08\/3.-Wroclaw-Ratusz-AdobeStock_220692700-1024x683.jpeg 1024w, https:\/\/pb.edu.pl\/sjo\/wp-content\/uploads\/sites\/9\/2021\/08\/3.-Wroclaw-Ratusz-AdobeStock_220692700-768x513.jpeg 768w, https:\/\/pb.edu.pl\/sjo\/wp-content\/uploads\/sites\/9\/2021\/08\/3.-Wroclaw-Ratusz-AdobeStock_220692700-1536x1025.jpeg 1536w, https:\/\/pb.edu.pl\/sjo\/wp-content\/uploads\/sites\/9\/2021\/08\/3.-Wroclaw-Ratusz-AdobeStock_220692700-2048x1367.jpeg 2048w, https:\/\/pb.edu.pl\/sjo\/wp-content\/uploads\/sites\/9\/2021\/08\/3.-Wroclaw-Ratusz-AdobeStock_220692700-480x320.jpeg 480w\" sizes=\"auto, (max-width: 300px) 100vw, 300px\" \/><\/a>\n\t\t\t<\/div><\/figure><figure class='gallery-item'>\n\t\t\t<div class='gallery-icon portrait'>\n\t\t\t\t<a href='https:\/\/pb.edu.pl\/sjo\/en\/learning-polish\/swidnica-cellar-2-2\/'><img loading=\"lazy\" decoding=\"async\" width=\"267\" height=\"300\" src=\"https:\/\/pb.edu.pl\/sjo\/wp-content\/uploads\/sites\/9\/2021\/08\/3.-Piwnica-Swidnicka-AdobeStock_136898363-267x300.jpeg\" class=\"attachment-medium size-medium\" alt=\"\" srcset=\"https:\/\/pb.edu.pl\/sjo\/wp-content\/uploads\/sites\/9\/2021\/08\/3.-Piwnica-Swidnicka-AdobeStock_136898363-267x300.jpeg 267w, https:\/\/pb.edu.pl\/sjo\/wp-content\/uploads\/sites\/9\/2021\/08\/3.-Piwnica-Swidnicka-AdobeStock_136898363-912x1024.jpeg 912w, https:\/\/pb.edu.pl\/sjo\/wp-content\/uploads\/sites\/9\/2021\/08\/3.-Piwnica-Swidnicka-AdobeStock_136898363-768x862.jpeg 768w, https:\/\/pb.edu.pl\/sjo\/wp-content\/uploads\/sites\/9\/2021\/08\/3.-Piwnica-Swidnicka-AdobeStock_136898363-1368x1536.jpeg 1368w, https:\/\/pb.edu.pl\/sjo\/wp-content\/uploads\/sites\/9\/2021\/08\/3.-Piwnica-Swidnicka-AdobeStock_136898363-1824x2048.jpeg 1824w\" sizes=\"auto, (max-width: 267px) 100vw, 267px\" \/><\/a>\n\t\t\t<\/div><\/figure><figure class='gallery-item'>\n\t\t\t<div class='gallery-icon landscape'>\n\t\t\t\t<a href='https:\/\/pb.edu.pl\/sjo\/en\/learning-polish\/swidnica-cellar-3\/'><img loading=\"lazy\" decoding=\"async\" width=\"300\" height=\"214\" src=\"https:\/\/pb.edu.pl\/sjo\/wp-content\/uploads\/sites\/9\/2021\/08\/3.-AdobeStock_136898363-300x214.jpeg\" class=\"attachment-medium size-medium\" alt=\"\" srcset=\"https:\/\/pb.edu.pl\/sjo\/wp-content\/uploads\/sites\/9\/2021\/08\/3.-AdobeStock_136898363-300x214.jpeg 300w, https:\/\/pb.edu.pl\/sjo\/wp-content\/uploads\/sites\/9\/2021\/08\/3.-AdobeStock_136898363-1024x732.jpeg 1024w, https:\/\/pb.edu.pl\/sjo\/wp-content\/uploads\/sites\/9\/2021\/08\/3.-AdobeStock_136898363-768x549.jpeg 768w, https:\/\/pb.edu.pl\/sjo\/wp-content\/uploads\/sites\/9\/2021\/08\/3.-AdobeStock_136898363-1536x1098.jpeg 1536w, https:\/\/pb.edu.pl\/sjo\/wp-content\/uploads\/sites\/9\/2021\/08\/3.-AdobeStock_136898363.jpeg 1574w\" sizes=\"auto, (max-width: 300px) 100vw, 300px\" \/><\/a>\n\t\t\t<\/div><\/figure>\n\t\t<\/div>\n\n<p><span style=\"color: #000000;font-size: 10pt\"><span style=\"font-family: verdana, geneva, sans-serif\">photos Adobe stock<\/span><\/span><\/p>\n<p>&nbsp;<\/p>\n<p><span style=\"color: #000000\"><span style=\"font-family: verdana, geneva, sans-serif;font-size: 12pt\">&nbsp;<\/span><\/span><\/p>\n","protected":false},"excerpt":{"rendered":"<p>Amazig \u015awidnica Cellar It is in Poland that you can dine in probably the oldest<\/p>\n","protected":false},"author":2,"featured_media":0,"parent":18090,"menu_order":4,"comment_status":"closed","ping_status":"closed","template":"templates\/dzial.php","meta":{"_acf_changed":false,"ngg_post_thumbnail":0,"footnotes":""},"class_list":["post-18413","page","type-page","status-publish","hentry"],"acf":[],"yoast_head":"<!-- This site is optimized with the Yoast SEO plugin v27.0 - https:\/\/yoast.com\/product\/yoast-seo-wordpress\/ -->\n<title>\u015awidnica Cellar - Foreign Language Centre<\/title>\n<meta name=\"description\" content=\"Amazig \u015awidnica Cellar It is in Poland that you can dine in probably the oldest restaurant in Europe. Its name is Piwnica \u015awidnicka (\u015awidnica Cellar) and\" \/>\n<meta name=\"robots\" content=\"index, follow, max-snippet:-1, max-image-preview:large, max-video-preview:-1\" \/>\n<link rel=\"canonical\" href=\"https:\/\/pb.edu.pl\/sjo\/en\/learning-polish\/poland-and-poles\/swidnica-cellar\/\" \/>\n<meta property=\"og:locale\" content=\"en_US\" \/>\n<meta property=\"og:type\" content=\"article\" \/>\n<meta property=\"og:title\" content=\"\u015awidnica Cellar - Foreign Language Centre\" \/>\n<meta property=\"og:description\" content=\"Amazig \u015awidnica Cellar It is in Poland that you can dine in probably the oldest restaurant in Europe. Its name is Piwnica \u015awidnicka (\u015awidnica Cellar) and\" \/>\n<meta property=\"og:url\" content=\"https:\/\/pb.edu.pl\/sjo\/en\/learning-polish\/poland-and-poles\/swidnica-cellar\/\" \/>\n<meta property=\"og:site_name\" content=\"Foreign Language Centre\" \/>\n<meta property=\"article:modified_time\" content=\"2023-02-01T13:18:28+00:00\" \/>\n<meta property=\"og:image\" content=\"https:\/\/pb.edu.pl\/sjo\/wp-content\/uploads\/sites\/9\/2021\/08\/3.-Wroclaw-Ratusz-AdobeStock_220692700-300x200.jpeg\" \/>\n<meta name=\"twitter:label1\" content=\"Est. reading time\" \/>\n\t<meta name=\"twitter:data1\" content=\"1 minute\" \/>\n<script type=\"application\/ld+json\" class=\"yoast-schema-graph\">{\"@context\":\"https:\/\/schema.org\",\"@graph\":[{\"@type\":\"WebPage\",\"@id\":\"https:\/\/pb.edu.pl\/sjo\/en\/learning-polish\/poland-and-poles\/swidnica-cellar\/\",\"url\":\"https:\/\/pb.edu.pl\/sjo\/en\/learning-polish\/poland-and-poles\/swidnica-cellar\/\",\"name\":\"\u015awidnica Cellar - Foreign Language Centre\",\"isPartOf\":{\"@id\":\"https:\/\/pb.edu.pl\/sjo\/#website\"},\"datePublished\":\"2021-08-20T20:14:50+00:00\",\"dateModified\":\"2023-02-01T13:18:28+00:00\",\"description\":\"Amazig \u015awidnica Cellar It is in Poland that you can dine in probably the oldest restaurant in Europe. Its name is Piwnica \u015awidnicka (\u015awidnica Cellar) and\",\"breadcrumb\":{\"@id\":\"https:\/\/pb.edu.pl\/sjo\/en\/learning-polish\/poland-and-poles\/swidnica-cellar\/#breadcrumb\"},\"inLanguage\":\"en-US\",\"potentialAction\":[{\"@type\":\"ReadAction\",\"target\":[\"https:\/\/pb.edu.pl\/sjo\/en\/learning-polish\/poland-and-poles\/swidnica-cellar\/\"]}]},{\"@type\":\"BreadcrumbList\",\"@id\":\"https:\/\/pb.edu.pl\/sjo\/en\/learning-polish\/poland-and-poles\/swidnica-cellar\/#breadcrumb\",\"itemListElement\":[{\"@type\":\"ListItem\",\"position\":1,\"name\":\"Home\",\"item\":\"https:\/\/pb.edu.pl\/sjo\/en\/\"},{\"@type\":\"ListItem\",\"position\":2,\"name\":\"Learning Polish\",\"item\":\"https:\/\/pb.edu.pl\/sjo\/en\/learning-polish\/\"},{\"@type\":\"ListItem\",\"position\":3,\"name\":\"Poland and Poles\",\"item\":\"https:\/\/pb.edu.pl\/sjo\/en\/learning-polish\/poland-and-poles\/\"},{\"@type\":\"ListItem\",\"position\":4,\"name\":\"\u015awidnica Cellar\"}]},{\"@type\":\"WebSite\",\"@id\":\"https:\/\/pb.edu.pl\/sjo\/#website\",\"url\":\"https:\/\/pb.edu.pl\/sjo\/\",\"name\":\"Foreign Language Centre\",\"description\":\"\",\"potentialAction\":[{\"@type\":\"SearchAction\",\"target\":{\"@type\":\"EntryPoint\",\"urlTemplate\":\"https:\/\/pb.edu.pl\/sjo\/?s={search_term_string}\"},\"query-input\":{\"@type\":\"PropertyValueSpecification\",\"valueRequired\":true,\"valueName\":\"search_term_string\"}}],\"inLanguage\":\"en-US\"}]}<\/script>\n<!-- \/ Yoast SEO plugin. -->","yoast_head_json":{"title":"\u015awidnica Cellar - Foreign Language Centre","description":"Amazig \u015awidnica Cellar It is in Poland that you can dine in probably the oldest restaurant in Europe. Its name is Piwnica \u015awidnicka (\u015awidnica Cellar) and","robots":{"index":"index","follow":"follow","max-snippet":"max-snippet:-1","max-image-preview":"max-image-preview:large","max-video-preview":"max-video-preview:-1"},"canonical":"https:\/\/pb.edu.pl\/sjo\/en\/learning-polish\/poland-and-poles\/swidnica-cellar\/","og_locale":"en_US","og_type":"article","og_title":"\u015awidnica Cellar - Foreign Language Centre","og_description":"Amazig \u015awidnica Cellar It is in Poland that you can dine in probably the oldest restaurant in Europe. Its name is Piwnica \u015awidnicka (\u015awidnica Cellar) and","og_url":"https:\/\/pb.edu.pl\/sjo\/en\/learning-polish\/poland-and-poles\/swidnica-cellar\/","og_site_name":"Foreign Language Centre","article_modified_time":"2023-02-01T13:18:28+00:00","og_image":[{"url":"https:\/\/pb.edu.pl\/sjo\/wp-content\/uploads\/sites\/9\/2021\/08\/3.-Wroclaw-Ratusz-AdobeStock_220692700-300x200.jpeg","type":"","width":"","height":""}],"twitter_misc":{"Est. reading time":"1 minute"},"schema":{"@context":"https:\/\/schema.org","@graph":[{"@type":"WebPage","@id":"https:\/\/pb.edu.pl\/sjo\/en\/learning-polish\/poland-and-poles\/swidnica-cellar\/","url":"https:\/\/pb.edu.pl\/sjo\/en\/learning-polish\/poland-and-poles\/swidnica-cellar\/","name":"\u015awidnica Cellar - Foreign Language Centre","isPartOf":{"@id":"https:\/\/pb.edu.pl\/sjo\/#website"},"datePublished":"2021-08-20T20:14:50+00:00","dateModified":"2023-02-01T13:18:28+00:00","description":"Amazig \u015awidnica Cellar It is in Poland that you can dine in probably the oldest restaurant in Europe. Its name is Piwnica \u015awidnicka (\u015awidnica Cellar) and","breadcrumb":{"@id":"https:\/\/pb.edu.pl\/sjo\/en\/learning-polish\/poland-and-poles\/swidnica-cellar\/#breadcrumb"},"inLanguage":"en-US","potentialAction":[{"@type":"ReadAction","target":["https:\/\/pb.edu.pl\/sjo\/en\/learning-polish\/poland-and-poles\/swidnica-cellar\/"]}]},{"@type":"BreadcrumbList","@id":"https:\/\/pb.edu.pl\/sjo\/en\/learning-polish\/poland-and-poles\/swidnica-cellar\/#breadcrumb","itemListElement":[{"@type":"ListItem","position":1,"name":"Home","item":"https:\/\/pb.edu.pl\/sjo\/en\/"},{"@type":"ListItem","position":2,"name":"Learning Polish","item":"https:\/\/pb.edu.pl\/sjo\/en\/learning-polish\/"},{"@type":"ListItem","position":3,"name":"Poland and Poles","item":"https:\/\/pb.edu.pl\/sjo\/en\/learning-polish\/poland-and-poles\/"},{"@type":"ListItem","position":4,"name":"\u015awidnica Cellar"}]},{"@type":"WebSite","@id":"https:\/\/pb.edu.pl\/sjo\/#website","url":"https:\/\/pb.edu.pl\/sjo\/","name":"Foreign Language Centre","description":"","potentialAction":[{"@type":"SearchAction","target":{"@type":"EntryPoint","urlTemplate":"https:\/\/pb.edu.pl\/sjo\/?s={search_term_string}"},"query-input":{"@type":"PropertyValueSpecification","valueRequired":true,"valueName":"search_term_string"}}],"inLanguage":"en-US"}]}},"_links":{"self":[{"href":"https:\/\/pb.edu.pl\/sjo\/en\/wp-json\/wp\/v2\/pages\/18413","targetHints":{"allow":["GET"]}}],"collection":[{"href":"https:\/\/pb.edu.pl\/sjo\/en\/wp-json\/wp\/v2\/pages"}],"about":[{"href":"https:\/\/pb.edu.pl\/sjo\/en\/wp-json\/wp\/v2\/types\/page"}],"author":[{"embeddable":true,"href":"https:\/\/pb.edu.pl\/sjo\/en\/wp-json\/wp\/v2\/users\/2"}],"replies":[{"embeddable":true,"href":"https:\/\/pb.edu.pl\/sjo\/en\/wp-json\/wp\/v2\/comments?post=18413"}],"version-history":[{"count":0,"href":"https:\/\/pb.edu.pl\/sjo\/en\/wp-json\/wp\/v2\/pages\/18413\/revisions"}],"up":[{"embeddable":true,"href":"https:\/\/pb.edu.pl\/sjo\/en\/wp-json\/wp\/v2\/pages\/18090"}],"wp:attachment":[{"href":"https:\/\/pb.edu.pl\/sjo\/en\/wp-json\/wp\/v2\/media?parent=18413"}],"curies":[{"name":"wp","href":"https:\/\/api.w.org\/{rel}","templated":true}]}}