{"id":18409,"date":"2021-08-20T22:11:20","date_gmt":"2021-08-20T20:11:20","guid":{"rendered":"https:\/\/pb.edu.pl\/sjo\/learning-polish\/poland-and-poles\/pustynia-bledowska\/"},"modified":"2023-02-01T14:16:04","modified_gmt":"2023-02-01T13:16:04","slug":"bledow-desert","status":"publish","type":"page","link":"https:\/\/pb.edu.pl\/sjo\/en\/learning-polish\/poland-and-poles\/bledow-desert\/","title":{"rendered":"B\u0142\u0119d\u00f3w Desert"},"content":{"rendered":"<h1>Amazig<\/h1>\n<h2><strong>B\u0142\u0119d\u00f3w Desert<\/strong><\/h2>\n<p>There is a real desert in Poland!<\/p>\n<p>The&nbsp;<strong>B\u0142\u0119d\u00f3w Desert&nbsp;<\/strong>is the largest in our country patch of shifting sands that reaches down to 70 m. It covers roughly 33 sq km and is situated at the eastern periphery of Upper Silesian Region (in the south of Poland). The desert is an attractive place for hiking and horse riding.<\/p>\n<p>&nbsp;<br \/>\n<img loading=\"lazy\" decoding=\"async\" class=\"alignnone wp-image-15542 size-large\" src=\"https:\/\/pb.edu.pl\/sjo\/wp-content\/uploads\/sites\/9\/2021\/08\/2.-Pustynia-Bledowska-AdobeStock_136441400-1024x307.jpeg\" alt=\"Pustynia b\u0142\u0119dowska ze sk\u0105p\u0105 ro\u015blinno\u015bci\u0105\" width=\"1024\" height=\"307\" srcset=\"https:\/\/pb.edu.pl\/sjo\/wp-content\/uploads\/sites\/9\/2021\/08\/2.-Pustynia-Bledowska-AdobeStock_136441400-1024x307.jpeg 1024w, https:\/\/pb.edu.pl\/sjo\/wp-content\/uploads\/sites\/9\/2021\/08\/2.-Pustynia-Bledowska-AdobeStock_136441400-300x90.jpeg 300w, https:\/\/pb.edu.pl\/sjo\/wp-content\/uploads\/sites\/9\/2021\/08\/2.-Pustynia-Bledowska-AdobeStock_136441400-768x230.jpeg 768w, https:\/\/pb.edu.pl\/sjo\/wp-content\/uploads\/sites\/9\/2021\/08\/2.-Pustynia-Bledowska-AdobeStock_136441400-1536x461.jpeg 1536w, https:\/\/pb.edu.pl\/sjo\/wp-content\/uploads\/sites\/9\/2021\/08\/2.-Pustynia-Bledowska-AdobeStock_136441400-2048x614.jpeg 2048w\" sizes=\"auto, (max-width: 1024px) 100vw, 1024px\" \/> &nbsp;&nbsp;<\/p>\n<p><img loading=\"lazy\" decoding=\"async\" class=\"alignnone wp-image-15541 size-large\" src=\"https:\/\/pb.edu.pl\/sjo\/wp-content\/uploads\/sites\/9\/2021\/08\/2.-Pustynia-Bledowska-AdobeStock_136441230-1024x311.jpeg\" alt=\"\" width=\"1024\" height=\"311\" srcset=\"https:\/\/pb.edu.pl\/sjo\/wp-content\/uploads\/sites\/9\/2021\/08\/2.-Pustynia-Bledowska-AdobeStock_136441230-1024x311.jpeg 1024w, https:\/\/pb.edu.pl\/sjo\/wp-content\/uploads\/sites\/9\/2021\/08\/2.-Pustynia-Bledowska-AdobeStock_136441230-300x91.jpeg 300w, https:\/\/pb.edu.pl\/sjo\/wp-content\/uploads\/sites\/9\/2021\/08\/2.-Pustynia-Bledowska-AdobeStock_136441230-768x233.jpeg 768w, https:\/\/pb.edu.pl\/sjo\/wp-content\/uploads\/sites\/9\/2021\/08\/2.-Pustynia-Bledowska-AdobeStock_136441230-1536x466.jpeg 1536w, https:\/\/pb.edu.pl\/sjo\/wp-content\/uploads\/sites\/9\/2021\/08\/2.-Pustynia-Bledowska-AdobeStock_136441230-2048x622.jpeg 2048w\" sizes=\"auto, (max-width: 1024px) 100vw, 1024px\" \/><\/p>\n<p>&nbsp;<\/p>\n<p><img loading=\"lazy\" decoding=\"async\" class=\"alignnone wp-image-15543 size-large\" src=\"https:\/\/pb.edu.pl\/sjo\/wp-content\/uploads\/sites\/9\/2021\/08\/2a.-Pustynia-Bledowska-AdobeStock_358345736-1024x768.jpeg\" alt=\"\" width=\"1024\" height=\"768\" srcset=\"https:\/\/pb.edu.pl\/sjo\/wp-content\/uploads\/sites\/9\/2021\/08\/2a.-Pustynia-Bledowska-AdobeStock_358345736-1024x768.jpeg 1024w, https:\/\/pb.edu.pl\/sjo\/wp-content\/uploads\/sites\/9\/2021\/08\/2a.-Pustynia-Bledowska-AdobeStock_358345736-300x225.jpeg 300w, https:\/\/pb.edu.pl\/sjo\/wp-content\/uploads\/sites\/9\/2021\/08\/2a.-Pustynia-Bledowska-AdobeStock_358345736-768x576.jpeg 768w, https:\/\/pb.edu.pl\/sjo\/wp-content\/uploads\/sites\/9\/2021\/08\/2a.-Pustynia-Bledowska-AdobeStock_358345736-1536x1152.jpeg 1536w, https:\/\/pb.edu.pl\/sjo\/wp-content\/uploads\/sites\/9\/2021\/08\/2a.-Pustynia-Bledowska-AdobeStock_358345736-2048x1536.jpeg 2048w\" sizes=\"auto, (max-width: 1024px) 100vw, 1024px\" \/><\/p>\n<p><em>photos: Adobe Stock<\/em><\/p>\n","protected":false},"excerpt":{"rendered":"<p>Amazig B\u0142\u0119d\u00f3w Desert There is a real desert in Poland! The&nbsp;B\u0142\u0119d\u00f3w Desert&nbsp;is the largest in<\/p>\n","protected":false},"author":2,"featured_media":0,"parent":18090,"menu_order":3,"comment_status":"closed","ping_status":"closed","template":"templates\/dzial.php","meta":{"_acf_changed":false,"ngg_post_thumbnail":0,"footnotes":""},"class_list":["post-18409","page","type-page","status-publish","hentry"],"acf":[],"yoast_head":"<!-- This site is optimized with the Yoast SEO plugin v27.0 - https:\/\/yoast.com\/product\/yoast-seo-wordpress\/ -->\n<title>B\u0142\u0119d\u00f3w Desert - Foreign Language Centre<\/title>\n<meta name=\"description\" content=\"Amazig B\u0142\u0119d\u00f3w Desert There is a real desert in Poland! The&nbsp;B\u0142\u0119d\u00f3w Desert&nbsp;is the largest in our country patch of shifting sands that reaches down\" \/>\n<meta name=\"robots\" content=\"index, follow, max-snippet:-1, max-image-preview:large, max-video-preview:-1\" \/>\n<link rel=\"canonical\" href=\"https:\/\/pb.edu.pl\/sjo\/en\/learning-polish\/poland-and-poles\/bledow-desert\/\" \/>\n<meta property=\"og:locale\" content=\"en_US\" \/>\n<meta property=\"og:type\" content=\"article\" \/>\n<meta property=\"og:title\" content=\"B\u0142\u0119d\u00f3w Desert - Foreign Language Centre\" \/>\n<meta property=\"og:description\" content=\"Amazig B\u0142\u0119d\u00f3w Desert There is a real desert in Poland! The&nbsp;B\u0142\u0119d\u00f3w Desert&nbsp;is the largest in our country patch of shifting sands that reaches down\" \/>\n<meta property=\"og:url\" content=\"https:\/\/pb.edu.pl\/sjo\/en\/learning-polish\/poland-and-poles\/bledow-desert\/\" \/>\n<meta property=\"og:site_name\" content=\"Foreign Language Centre\" \/>\n<meta property=\"article:modified_time\" content=\"2023-02-01T13:16:04+00:00\" \/>\n<meta property=\"og:image\" content=\"https:\/\/pb.edu.pl\/sjo\/wp-content\/uploads\/sites\/9\/2021\/08\/2.-Pustynia-Bledowska-AdobeStock_136441400-1024x307.jpeg\" \/>\n<meta name=\"twitter:label1\" content=\"Est. reading time\" \/>\n\t<meta name=\"twitter:data1\" content=\"1 minute\" \/>\n<script type=\"application\/ld+json\" class=\"yoast-schema-graph\">{\"@context\":\"https:\/\/schema.org\",\"@graph\":[{\"@type\":\"WebPage\",\"@id\":\"https:\/\/pb.edu.pl\/sjo\/en\/learning-polish\/poland-and-poles\/bledow-desert\/\",\"url\":\"https:\/\/pb.edu.pl\/sjo\/en\/learning-polish\/poland-and-poles\/bledow-desert\/\",\"name\":\"B\u0142\u0119d\u00f3w Desert - Foreign Language Centre\",\"isPartOf\":{\"@id\":\"https:\/\/pb.edu.pl\/sjo\/#website\"},\"primaryImageOfPage\":{\"@id\":\"https:\/\/pb.edu.pl\/sjo\/en\/learning-polish\/poland-and-poles\/bledow-desert\/#primaryimage\"},\"image\":{\"@id\":\"https:\/\/pb.edu.pl\/sjo\/en\/learning-polish\/poland-and-poles\/bledow-desert\/#primaryimage\"},\"thumbnailUrl\":\"https:\/\/pb.edu.pl\/sjo\/wp-content\/uploads\/sites\/9\/2021\/08\/2.-Pustynia-Bledowska-AdobeStock_136441400-1024x307.jpeg\",\"datePublished\":\"2021-08-20T20:11:20+00:00\",\"dateModified\":\"2023-02-01T13:16:04+00:00\",\"description\":\"Amazig B\u0142\u0119d\u00f3w Desert There is a real desert in Poland! The&nbsp;B\u0142\u0119d\u00f3w Desert&nbsp;is the largest in our country patch of shifting sands that reaches down\",\"breadcrumb\":{\"@id\":\"https:\/\/pb.edu.pl\/sjo\/en\/learning-polish\/poland-and-poles\/bledow-desert\/#breadcrumb\"},\"inLanguage\":\"en-US\",\"potentialAction\":[{\"@type\":\"ReadAction\",\"target\":[\"https:\/\/pb.edu.pl\/sjo\/en\/learning-polish\/poland-and-poles\/bledow-desert\/\"]}]},{\"@type\":\"ImageObject\",\"inLanguage\":\"en-US\",\"@id\":\"https:\/\/pb.edu.pl\/sjo\/en\/learning-polish\/poland-and-poles\/bledow-desert\/#primaryimage\",\"url\":\"https:\/\/pb.edu.pl\/sjo\/wp-content\/uploads\/sites\/9\/2021\/08\/2.-Pustynia-Bledowska-AdobeStock_136441400-1024x307.jpeg\",\"contentUrl\":\"https:\/\/pb.edu.pl\/sjo\/wp-content\/uploads\/sites\/9\/2021\/08\/2.-Pustynia-Bledowska-AdobeStock_136441400-1024x307.jpeg\"},{\"@type\":\"BreadcrumbList\",\"@id\":\"https:\/\/pb.edu.pl\/sjo\/en\/learning-polish\/poland-and-poles\/bledow-desert\/#breadcrumb\",\"itemListElement\":[{\"@type\":\"ListItem\",\"position\":1,\"name\":\"Home\",\"item\":\"https:\/\/pb.edu.pl\/sjo\/en\/\"},{\"@type\":\"ListItem\",\"position\":2,\"name\":\"Learning Polish\",\"item\":\"https:\/\/pb.edu.pl\/sjo\/en\/learning-polish\/\"},{\"@type\":\"ListItem\",\"position\":3,\"name\":\"Poland and Poles\",\"item\":\"https:\/\/pb.edu.pl\/sjo\/en\/learning-polish\/poland-and-poles\/\"},{\"@type\":\"ListItem\",\"position\":4,\"name\":\"B\u0142\u0119d\u00f3w Desert\"}]},{\"@type\":\"WebSite\",\"@id\":\"https:\/\/pb.edu.pl\/sjo\/#website\",\"url\":\"https:\/\/pb.edu.pl\/sjo\/\",\"name\":\"Foreign Language Centre\",\"description\":\"\",\"potentialAction\":[{\"@type\":\"SearchAction\",\"target\":{\"@type\":\"EntryPoint\",\"urlTemplate\":\"https:\/\/pb.edu.pl\/sjo\/?s={search_term_string}\"},\"query-input\":{\"@type\":\"PropertyValueSpecification\",\"valueRequired\":true,\"valueName\":\"search_term_string\"}}],\"inLanguage\":\"en-US\"}]}<\/script>\n<!-- \/ Yoast SEO plugin. -->","yoast_head_json":{"title":"B\u0142\u0119d\u00f3w Desert - Foreign Language Centre","description":"Amazig B\u0142\u0119d\u00f3w Desert There is a real desert in Poland! The&nbsp;B\u0142\u0119d\u00f3w Desert&nbsp;is the largest in our country patch of shifting sands that reaches down","robots":{"index":"index","follow":"follow","max-snippet":"max-snippet:-1","max-image-preview":"max-image-preview:large","max-video-preview":"max-video-preview:-1"},"canonical":"https:\/\/pb.edu.pl\/sjo\/en\/learning-polish\/poland-and-poles\/bledow-desert\/","og_locale":"en_US","og_type":"article","og_title":"B\u0142\u0119d\u00f3w Desert - Foreign Language Centre","og_description":"Amazig B\u0142\u0119d\u00f3w Desert There is a real desert in Poland! The&nbsp;B\u0142\u0119d\u00f3w Desert&nbsp;is the largest in our country patch of shifting sands that reaches down","og_url":"https:\/\/pb.edu.pl\/sjo\/en\/learning-polish\/poland-and-poles\/bledow-desert\/","og_site_name":"Foreign Language Centre","article_modified_time":"2023-02-01T13:16:04+00:00","og_image":[{"url":"https:\/\/pb.edu.pl\/sjo\/wp-content\/uploads\/sites\/9\/2021\/08\/2.-Pustynia-Bledowska-AdobeStock_136441400-1024x307.jpeg","type":"","width":"","height":""}],"twitter_misc":{"Est. reading time":"1 minute"},"schema":{"@context":"https:\/\/schema.org","@graph":[{"@type":"WebPage","@id":"https:\/\/pb.edu.pl\/sjo\/en\/learning-polish\/poland-and-poles\/bledow-desert\/","url":"https:\/\/pb.edu.pl\/sjo\/en\/learning-polish\/poland-and-poles\/bledow-desert\/","name":"B\u0142\u0119d\u00f3w Desert - Foreign Language Centre","isPartOf":{"@id":"https:\/\/pb.edu.pl\/sjo\/#website"},"primaryImageOfPage":{"@id":"https:\/\/pb.edu.pl\/sjo\/en\/learning-polish\/poland-and-poles\/bledow-desert\/#primaryimage"},"image":{"@id":"https:\/\/pb.edu.pl\/sjo\/en\/learning-polish\/poland-and-poles\/bledow-desert\/#primaryimage"},"thumbnailUrl":"https:\/\/pb.edu.pl\/sjo\/wp-content\/uploads\/sites\/9\/2021\/08\/2.-Pustynia-Bledowska-AdobeStock_136441400-1024x307.jpeg","datePublished":"2021-08-20T20:11:20+00:00","dateModified":"2023-02-01T13:16:04+00:00","description":"Amazig B\u0142\u0119d\u00f3w Desert There is a real desert in Poland! The&nbsp;B\u0142\u0119d\u00f3w Desert&nbsp;is the largest in our country patch of shifting sands that reaches down","breadcrumb":{"@id":"https:\/\/pb.edu.pl\/sjo\/en\/learning-polish\/poland-and-poles\/bledow-desert\/#breadcrumb"},"inLanguage":"en-US","potentialAction":[{"@type":"ReadAction","target":["https:\/\/pb.edu.pl\/sjo\/en\/learning-polish\/poland-and-poles\/bledow-desert\/"]}]},{"@type":"ImageObject","inLanguage":"en-US","@id":"https:\/\/pb.edu.pl\/sjo\/en\/learning-polish\/poland-and-poles\/bledow-desert\/#primaryimage","url":"https:\/\/pb.edu.pl\/sjo\/wp-content\/uploads\/sites\/9\/2021\/08\/2.-Pustynia-Bledowska-AdobeStock_136441400-1024x307.jpeg","contentUrl":"https:\/\/pb.edu.pl\/sjo\/wp-content\/uploads\/sites\/9\/2021\/08\/2.-Pustynia-Bledowska-AdobeStock_136441400-1024x307.jpeg"},{"@type":"BreadcrumbList","@id":"https:\/\/pb.edu.pl\/sjo\/en\/learning-polish\/poland-and-poles\/bledow-desert\/#breadcrumb","itemListElement":[{"@type":"ListItem","position":1,"name":"Home","item":"https:\/\/pb.edu.pl\/sjo\/en\/"},{"@type":"ListItem","position":2,"name":"Learning Polish","item":"https:\/\/pb.edu.pl\/sjo\/en\/learning-polish\/"},{"@type":"ListItem","position":3,"name":"Poland and Poles","item":"https:\/\/pb.edu.pl\/sjo\/en\/learning-polish\/poland-and-poles\/"},{"@type":"ListItem","position":4,"name":"B\u0142\u0119d\u00f3w Desert"}]},{"@type":"WebSite","@id":"https:\/\/pb.edu.pl\/sjo\/#website","url":"https:\/\/pb.edu.pl\/sjo\/","name":"Foreign Language Centre","description":"","potentialAction":[{"@type":"SearchAction","target":{"@type":"EntryPoint","urlTemplate":"https:\/\/pb.edu.pl\/sjo\/?s={search_term_string}"},"query-input":{"@type":"PropertyValueSpecification","valueRequired":true,"valueName":"search_term_string"}}],"inLanguage":"en-US"}]}},"_links":{"self":[{"href":"https:\/\/pb.edu.pl\/sjo\/en\/wp-json\/wp\/v2\/pages\/18409","targetHints":{"allow":["GET"]}}],"collection":[{"href":"https:\/\/pb.edu.pl\/sjo\/en\/wp-json\/wp\/v2\/pages"}],"about":[{"href":"https:\/\/pb.edu.pl\/sjo\/en\/wp-json\/wp\/v2\/types\/page"}],"author":[{"embeddable":true,"href":"https:\/\/pb.edu.pl\/sjo\/en\/wp-json\/wp\/v2\/users\/2"}],"replies":[{"embeddable":true,"href":"https:\/\/pb.edu.pl\/sjo\/en\/wp-json\/wp\/v2\/comments?post=18409"}],"version-history":[{"count":0,"href":"https:\/\/pb.edu.pl\/sjo\/en\/wp-json\/wp\/v2\/pages\/18409\/revisions"}],"up":[{"embeddable":true,"href":"https:\/\/pb.edu.pl\/sjo\/en\/wp-json\/wp\/v2\/pages\/18090"}],"wp:attachment":[{"href":"https:\/\/pb.edu.pl\/sjo\/en\/wp-json\/wp\/v2\/media?parent=18409"}],"curies":[{"name":"wp","href":"https:\/\/api.w.org\/{rel}","templated":true}]}}