{"id":18329,"date":"2022-10-23T01:55:13","date_gmt":"2022-10-22T23:55:13","guid":{"rendered":"https:\/\/pb.edu.pl\/sjo\/learning-polish\/poland-and-poles\/iga-swiatek\/"},"modified":"2023-01-30T13:50:36","modified_gmt":"2023-01-30T12:50:36","slug":"iga-swiatek","status":"publish","type":"page","link":"https:\/\/pb.edu.pl\/sjo\/en\/learning-polish\/poland-and-poles\/iga-swiatek\/","title":{"rendered":"Iga Swi\u0105tek"},"content":{"rendered":"<h1>Inspiring<\/h1>\n<h2><strong>Iga Swiatek<\/strong><\/h2>\n<p><em><strong>Iga Swiatek<\/strong> is a tennis player, only 21 years old (born in 2001), and already the &#8220;world&#8217;s first racket&#8221;. &#8211; leader of the WTA (the Women&#8217;s Tennis Association) singles ranking. She has won eight WTA singles tournaments and three Grand Slam tournaments: French Open 2020 and 2022 and US Open 2022.<\/em><\/p>\n<p><em>She is second to none on the tennis court, dominating and impressing with her perfect game, speed and intuition. But she also captivates millions of spectators with her naturalness, sense of humour, pleasant smile and openness. She does not hide her emotions and is not ashamed to talk about them. In a programme for the BBC, she admitted that &#8220;emotions are part of being human&#8221;. Tears flow both when she loses on the court (which is not often) and when watching a film or reading a novel.<\/em><\/p>\n<p><em>Off the court, she is also successful on social media: the number of followers on Iga Swi\u0105tek&#8217;s official Instagram account has already exceeded one million. This is not surprising, as Iga has a great rapport with her fans, often posting posts and photos of herself, willingly and honestly answering her fans&#8217; questions and reviewing the books she has read.<\/em><\/p>\n<p><em>As she says herself, she doesn&#8217;t have much time for entertainment. She trains almost every day for several hours and works with a sports psychologist. She takes great pleasure in playing with her house cat, Grappa. She has pretty typical interests: listening to music, reading books and watching TV series. One of her favourites is the TV series Friends, and quite recently, after watching a video where the series&#8217; Monica was performing moderately well on the court, she offered her professional support! Courteney Cox, who plays the role, immediately accepted this help. We&#8217;ll soon find out if there will be a sequel ?<\/em><\/p>\n<p><em>She also admits that she loves sweets, especially tiramisu. &#8220;When it comes to diet, sometimes I need to be watched because when I&#8217;m tired, I like to reach for more sweets or fatty foods.&#8221; So: an ordinary girl, but an extraordinary talent!<\/em><\/p>\n<div id='gallery-1' class='gallery galleryid-18329 gallery-columns-3 gallery-size-full'><figure class='gallery-item'>\n\t\t\t<div class='gallery-icon portrait'>\n\t\t\t\t<a href='https:\/\/pb.edu.pl\/sjo\/en\/learning-polish\/poland-and-poles\/iga-swiatek\/iga_swiatek-cc-by-sa-2-0-2-2\/'><img loading=\"lazy\" decoding=\"async\" width=\"1024\" height=\"1358\" src=\"https:\/\/pb.edu.pl\/sjo\/wp-content\/uploads\/sites\/9\/2022\/10\/Iga_Swiatek-CC-BY-SA-2.0.jpg\" class=\"attachment-full size-full\" alt=\"Iga_Swiatek CC BY-SA 2.0\" aria-describedby=\"gallery-1-17165\" srcset=\"https:\/\/pb.edu.pl\/sjo\/wp-content\/uploads\/sites\/9\/2022\/10\/Iga_Swiatek-CC-BY-SA-2.0.jpg 1024w, https:\/\/pb.edu.pl\/sjo\/wp-content\/uploads\/sites\/9\/2022\/10\/Iga_Swiatek-CC-BY-SA-2.0-226x300.jpg 226w, https:\/\/pb.edu.pl\/sjo\/wp-content\/uploads\/sites\/9\/2022\/10\/Iga_Swiatek-CC-BY-SA-2.0-772x1024.jpg 772w, https:\/\/pb.edu.pl\/sjo\/wp-content\/uploads\/sites\/9\/2022\/10\/Iga_Swiatek-CC-BY-SA-2.0-768x1019.jpg 768w\" sizes=\"auto, (max-width: 1024px) 100vw, 1024px\" \/><\/a>\n\t\t\t<\/div>\n\t\t\t\t<figcaption class='wp-caption-text gallery-caption' id='gallery-1-17165'>\n\t\t\t\tIga_Swiatek CC BY-SA 2.0\n\t\t\t\t<\/figcaption><\/figure><figure class='gallery-item'>\n\t\t\t<div class='gallery-icon portrait'>\n\t\t\t\t<a href='https:\/\/pb.edu.pl\/sjo\/en\/learning-polish\/poland-and-poles\/iga-swiatek\/iga-swiatek-zrodlo-twitter-2\/'><img loading=\"lazy\" decoding=\"async\" width=\"647\" height=\"850\" src=\"https:\/\/pb.edu.pl\/sjo\/wp-content\/uploads\/sites\/9\/2022\/10\/Iga-Swiatek-zrodlo-twitter.jpg\" class=\"attachment-full size-full\" alt=\"\" aria-describedby=\"gallery-1-17163\" srcset=\"https:\/\/pb.edu.pl\/sjo\/wp-content\/uploads\/sites\/9\/2022\/10\/Iga-Swiatek-zrodlo-twitter.jpg 647w, https:\/\/pb.edu.pl\/sjo\/wp-content\/uploads\/sites\/9\/2022\/10\/Iga-Swiatek-zrodlo-twitter-228x300.jpg 228w\" sizes=\"auto, (max-width: 647px) 100vw, 647px\" \/><\/a>\n\t\t\t<\/div>\n\t\t\t\t<figcaption class='wp-caption-text gallery-caption' id='gallery-1-17163'>\n\t\t\t\tIga \u015awi\u0105tek, \u017cr\u00f3d\u0142o twitter\n\t\t\t\t<\/figcaption><\/figure><figure class='gallery-item'>\n\t\t\t<div class='gallery-icon landscape'>\n\t\t\t\t<a href='https:\/\/pb.edu.pl\/sjo\/en\/learning-polish\/poland-and-poles\/iga-swiatek\/01-23-22-iga-swia%cc%a8tek-na-instagramie-2\/'><img loading=\"lazy\" decoding=\"async\" width=\"598\" height=\"598\" src=\"https:\/\/pb.edu.pl\/sjo\/wp-content\/uploads\/sites\/9\/2022\/10\/01-23-22-Iga-S\u0301wia\u0328tek-na-Instagramie-.png\" class=\"attachment-full size-full\" alt=\"\" aria-describedby=\"gallery-1-17161\" srcset=\"https:\/\/pb.edu.pl\/sjo\/wp-content\/uploads\/sites\/9\/2022\/10\/01-23-22-Iga-S\u0301wia\u0328tek-na-Instagramie-.png 598w, https:\/\/pb.edu.pl\/sjo\/wp-content\/uploads\/sites\/9\/2022\/10\/01-23-22-Iga-S\u0301wia\u0328tek-na-Instagramie--300x300.png 300w\" sizes=\"auto, (max-width: 598px) 100vw, 598px\" \/><\/a>\n\t\t\t<\/div>\n\t\t\t\t<figcaption class='wp-caption-text gallery-caption' id='gallery-1-17161'>\n\t\t\t\t01-23-22 Iga S\u0301wia\u0328tek na Instagramie  \n\t\t\t\t<\/figcaption><\/figure>\n\t\t<\/div>\n\n","protected":false},"excerpt":{"rendered":"<p>Inspiring Iga Swiatek Iga Swiatek is a tennis player, only 21 years old (born in<\/p>\n","protected":false},"author":77,"featured_media":0,"parent":18090,"menu_order":0,"comment_status":"closed","ping_status":"closed","template":"templates\/dzial.php","meta":{"_acf_changed":false,"ngg_post_thumbnail":0,"footnotes":""},"class_list":["post-18329","page","type-page","status-publish","hentry"],"acf":[],"yoast_head":"<!-- This site is optimized with the Yoast SEO plugin v27.0 - https:\/\/yoast.com\/product\/yoast-seo-wordpress\/ -->\n<title>Iga Swi\u0105tek - Foreign Language Centre<\/title>\n<meta name=\"description\" content=\"Inspiring Iga Swiatek Iga Swiatek is a tennis player, only 21 years old (born in 2001), and already the &quot;world&#039;s first racket&quot;. - leader of the WTA (the\" \/>\n<meta name=\"robots\" content=\"index, follow, max-snippet:-1, max-image-preview:large, max-video-preview:-1\" \/>\n<link rel=\"canonical\" href=\"https:\/\/pb.edu.pl\/sjo\/en\/learning-polish\/poland-and-poles\/iga-swiatek\/\" \/>\n<meta property=\"og:locale\" content=\"en_US\" \/>\n<meta property=\"og:type\" content=\"article\" \/>\n<meta property=\"og:title\" content=\"Iga Swi\u0105tek - Foreign Language Centre\" \/>\n<meta property=\"og:description\" content=\"Inspiring Iga Swiatek Iga Swiatek is a tennis player, only 21 years old (born in 2001), and already the &quot;world&#039;s first racket&quot;. - leader of the WTA (the\" \/>\n<meta property=\"og:url\" content=\"https:\/\/pb.edu.pl\/sjo\/en\/learning-polish\/poland-and-poles\/iga-swiatek\/\" \/>\n<meta property=\"og:site_name\" content=\"Foreign Language Centre\" \/>\n<meta property=\"article:modified_time\" content=\"2023-01-30T12:50:36+00:00\" \/>\n<meta property=\"og:image\" content=\"https:\/\/pb.edu.pl\/sjo\/wp-content\/uploads\/sites\/9\/2022\/10\/Iga_Swiatek-CC-BY-SA-2.0.jpg\" \/>\n<meta name=\"twitter:label1\" content=\"Est. reading time\" \/>\n\t<meta name=\"twitter:data1\" content=\"2 minutes\" \/>\n<script type=\"application\/ld+json\" class=\"yoast-schema-graph\">{\"@context\":\"https:\/\/schema.org\",\"@graph\":[{\"@type\":\"WebPage\",\"@id\":\"https:\/\/pb.edu.pl\/sjo\/en\/learning-polish\/poland-and-poles\/iga-swiatek\/\",\"url\":\"https:\/\/pb.edu.pl\/sjo\/en\/learning-polish\/poland-and-poles\/iga-swiatek\/\",\"name\":\"Iga Swi\u0105tek - Foreign Language Centre\",\"isPartOf\":{\"@id\":\"https:\/\/pb.edu.pl\/sjo\/#website\"},\"datePublished\":\"2022-10-22T23:55:13+00:00\",\"dateModified\":\"2023-01-30T12:50:36+00:00\",\"description\":\"Inspiring Iga Swiatek Iga Swiatek is a tennis player, only 21 years old (born in 2001), and already the \\\"world's first racket\\\". - leader of the WTA (the\",\"breadcrumb\":{\"@id\":\"https:\/\/pb.edu.pl\/sjo\/en\/learning-polish\/poland-and-poles\/iga-swiatek\/#breadcrumb\"},\"inLanguage\":\"en-US\",\"potentialAction\":[{\"@type\":\"ReadAction\",\"target\":[\"https:\/\/pb.edu.pl\/sjo\/en\/learning-polish\/poland-and-poles\/iga-swiatek\/\"]}]},{\"@type\":\"BreadcrumbList\",\"@id\":\"https:\/\/pb.edu.pl\/sjo\/en\/learning-polish\/poland-and-poles\/iga-swiatek\/#breadcrumb\",\"itemListElement\":[{\"@type\":\"ListItem\",\"position\":1,\"name\":\"Home\",\"item\":\"https:\/\/pb.edu.pl\/sjo\/en\/\"},{\"@type\":\"ListItem\",\"position\":2,\"name\":\"Learning Polish\",\"item\":\"https:\/\/pb.edu.pl\/sjo\/en\/learning-polish\/\"},{\"@type\":\"ListItem\",\"position\":3,\"name\":\"Poland and Poles\",\"item\":\"https:\/\/pb.edu.pl\/sjo\/en\/learning-polish\/poland-and-poles\/\"},{\"@type\":\"ListItem\",\"position\":4,\"name\":\"Iga Swi\u0105tek\"}]},{\"@type\":\"WebSite\",\"@id\":\"https:\/\/pb.edu.pl\/sjo\/#website\",\"url\":\"https:\/\/pb.edu.pl\/sjo\/\",\"name\":\"Foreign Language Centre\",\"description\":\"\",\"potentialAction\":[{\"@type\":\"SearchAction\",\"target\":{\"@type\":\"EntryPoint\",\"urlTemplate\":\"https:\/\/pb.edu.pl\/sjo\/?s={search_term_string}\"},\"query-input\":{\"@type\":\"PropertyValueSpecification\",\"valueRequired\":true,\"valueName\":\"search_term_string\"}}],\"inLanguage\":\"en-US\"}]}<\/script>\n<!-- \/ Yoast SEO plugin. -->","yoast_head_json":{"title":"Iga Swi\u0105tek - Foreign Language Centre","description":"Inspiring Iga Swiatek Iga Swiatek is a tennis player, only 21 years old (born in 2001), and already the \"world's first racket\". - leader of the WTA (the","robots":{"index":"index","follow":"follow","max-snippet":"max-snippet:-1","max-image-preview":"max-image-preview:large","max-video-preview":"max-video-preview:-1"},"canonical":"https:\/\/pb.edu.pl\/sjo\/en\/learning-polish\/poland-and-poles\/iga-swiatek\/","og_locale":"en_US","og_type":"article","og_title":"Iga Swi\u0105tek - Foreign Language Centre","og_description":"Inspiring Iga Swiatek Iga Swiatek is a tennis player, only 21 years old (born in 2001), and already the \"world's first racket\". - leader of the WTA (the","og_url":"https:\/\/pb.edu.pl\/sjo\/en\/learning-polish\/poland-and-poles\/iga-swiatek\/","og_site_name":"Foreign Language Centre","article_modified_time":"2023-01-30T12:50:36+00:00","og_image":[{"url":"https:\/\/pb.edu.pl\/sjo\/wp-content\/uploads\/sites\/9\/2022\/10\/Iga_Swiatek-CC-BY-SA-2.0.jpg","type":"","width":"","height":""}],"twitter_misc":{"Est. reading time":"2 minutes"},"schema":{"@context":"https:\/\/schema.org","@graph":[{"@type":"WebPage","@id":"https:\/\/pb.edu.pl\/sjo\/en\/learning-polish\/poland-and-poles\/iga-swiatek\/","url":"https:\/\/pb.edu.pl\/sjo\/en\/learning-polish\/poland-and-poles\/iga-swiatek\/","name":"Iga Swi\u0105tek - Foreign Language Centre","isPartOf":{"@id":"https:\/\/pb.edu.pl\/sjo\/#website"},"datePublished":"2022-10-22T23:55:13+00:00","dateModified":"2023-01-30T12:50:36+00:00","description":"Inspiring Iga Swiatek Iga Swiatek is a tennis player, only 21 years old (born in 2001), and already the \"world's first racket\". - leader of the WTA (the","breadcrumb":{"@id":"https:\/\/pb.edu.pl\/sjo\/en\/learning-polish\/poland-and-poles\/iga-swiatek\/#breadcrumb"},"inLanguage":"en-US","potentialAction":[{"@type":"ReadAction","target":["https:\/\/pb.edu.pl\/sjo\/en\/learning-polish\/poland-and-poles\/iga-swiatek\/"]}]},{"@type":"BreadcrumbList","@id":"https:\/\/pb.edu.pl\/sjo\/en\/learning-polish\/poland-and-poles\/iga-swiatek\/#breadcrumb","itemListElement":[{"@type":"ListItem","position":1,"name":"Home","item":"https:\/\/pb.edu.pl\/sjo\/en\/"},{"@type":"ListItem","position":2,"name":"Learning Polish","item":"https:\/\/pb.edu.pl\/sjo\/en\/learning-polish\/"},{"@type":"ListItem","position":3,"name":"Poland and Poles","item":"https:\/\/pb.edu.pl\/sjo\/en\/learning-polish\/poland-and-poles\/"},{"@type":"ListItem","position":4,"name":"Iga Swi\u0105tek"}]},{"@type":"WebSite","@id":"https:\/\/pb.edu.pl\/sjo\/#website","url":"https:\/\/pb.edu.pl\/sjo\/","name":"Foreign Language Centre","description":"","potentialAction":[{"@type":"SearchAction","target":{"@type":"EntryPoint","urlTemplate":"https:\/\/pb.edu.pl\/sjo\/?s={search_term_string}"},"query-input":{"@type":"PropertyValueSpecification","valueRequired":true,"valueName":"search_term_string"}}],"inLanguage":"en-US"}]}},"_links":{"self":[{"href":"https:\/\/pb.edu.pl\/sjo\/en\/wp-json\/wp\/v2\/pages\/18329","targetHints":{"allow":["GET"]}}],"collection":[{"href":"https:\/\/pb.edu.pl\/sjo\/en\/wp-json\/wp\/v2\/pages"}],"about":[{"href":"https:\/\/pb.edu.pl\/sjo\/en\/wp-json\/wp\/v2\/types\/page"}],"author":[{"embeddable":true,"href":"https:\/\/pb.edu.pl\/sjo\/en\/wp-json\/wp\/v2\/users\/77"}],"replies":[{"embeddable":true,"href":"https:\/\/pb.edu.pl\/sjo\/en\/wp-json\/wp\/v2\/comments?post=18329"}],"version-history":[{"count":0,"href":"https:\/\/pb.edu.pl\/sjo\/en\/wp-json\/wp\/v2\/pages\/18329\/revisions"}],"up":[{"embeddable":true,"href":"https:\/\/pb.edu.pl\/sjo\/en\/wp-json\/wp\/v2\/pages\/18090"}],"wp:attachment":[{"href":"https:\/\/pb.edu.pl\/sjo\/en\/wp-json\/wp\/v2\/media?parent=18329"}],"curies":[{"name":"wp","href":"https:\/\/api.w.org\/{rel}","templated":true}]}}