{"id":18309,"date":"2023-01-29T19:30:54","date_gmt":"2023-01-29T18:30:54","guid":{"rendered":"https:\/\/pb.edu.pl\/sjo\/learning-polish\/poland-and-poles\/jezyk-polski\/"},"modified":"2023-01-30T13:38:12","modified_gmt":"2023-01-30T12:38:12","slug":"polish-language","status":"publish","type":"page","link":"https:\/\/pb.edu.pl\/sjo\/en\/learning-polish\/poland-and-poles\/polish-language\/","title":{"rendered":"Polish language"},"content":{"rendered":"<h1>Captivating<\/h1>\n<h2><strong>Polish language<\/strong><\/h2>\n<p>Polish language is not easy. This truth is known not only to foreigners trying to learn our speech, but also to all children at school, from the moment they start learning the grammar and spelling rules. This is also known by adult Poles, who sometimes wonder whether a word is spelled with &#8216;h&#8217; or &#8216;ch&#8217;, &#8216;\u017c&#8217; or &#8216;rz&#8217;, with or without a comma, with a capital or lowercase letter&#8230;<\/p>\n<p><strong>Why is Polish difficult?<\/strong> Because it is an inflectional language, that is, words (usually their endings) are subject to variation by cases, types, numbers and persons. The different parts of speech are verbs, nouns, adjectives, numerators and pronouns. There are a lot of grammatical rules in Polish, but also a lot of irregular varieties and exceptions. There are also many words borrowed from French (e.g., romance, ticket, luggage), German (e.g., town hall, edifice, potato), Italian (e.g., fountain, tomato, windowsill) and, of course, English (e.g., folder, computer, jeans).<\/p>\n<p>&nbsp;<\/p>\n<p>Polish began to take shape as a separate language in the 10th century, when Polish ruler Mieszko I adopted Christianity in 966, and with it the Latin alphabet. The oldest surviving records of single Polish words date back to the 12th century, while the oldest surviving full sentence in Polish is &#8220;Day ut ia pobrusa, a ti poziwai.&#8221; It can be found in the Latin text of the Henrykowska Books of 1270, and its translation into modern Polish is: &#8216;Give, I will poke, and you will rest&#8217;.<\/p>\n<p>The first dictionaries of the Polish language were compiled as early as the 12th century, with Polish words translated into Latin. However, the first one entirely devoted to our language was Samuel Bogumil Linde&#8217;s dictionary, published in Warsaw in 1807.<\/p>\n<p>The latest Great Dictionary of the Polish Language (WSJP) has more than 100,000 entries, 1,700 proverbs and 24,000 phraseologisms. It was published in 2018, on the occasion of the 100th anniversary of Poland&#8217;s regaining independence. The WSJP combines a number of dictionaries: orthographic, etymological, general, phraseological, proverbs, and close words.<\/p>\n<p>Polish belongs to the family of Slavic languages, with Slovak and Ukrainian being the most similar.<\/p>\n<p>Currently, the estimated number of Polish language speakers is about 48 million. There are 38 million of them living in Poland, the rest are Poles living in exile in various countries around the world, mainly in the United States, Canada, Australia and the European Union countries, as well as descendants of Poles living in Belarus, Ukraine and Lithuania.<\/p>\n<p>&nbsp;<\/p>\n<p><span style=\"font-family: verdana, geneva, sans-serif;font-size: 12pt\"><strong>&nbsp;<\/strong><\/span><\/p>\n<div id='gallery-1' class='gallery galleryid-18309 gallery-columns-4 gallery-size-medium'><figure class='gallery-item'>\n\t\t\t<div class='gallery-icon landscape'>\n\t\t\t\t<a href='https:\/\/pb.edu.pl\/sjo\/en\/learning-polish\/poland-and-poles\/polish-language\/pierwsze-zdanie-po-polsku-3-2\/'><img loading=\"lazy\" decoding=\"async\" width=\"300\" height=\"225\" src=\"https:\/\/pb.edu.pl\/sjo\/wp-content\/uploads\/sites\/9\/2023\/01\/pierwsze-zdanie-po-polsku-300x225.png\" class=\"attachment-medium size-medium\" alt=\"fragment tekstu napisany po polsku w 1270r\" aria-describedby=\"gallery-1-18262\" srcset=\"https:\/\/pb.edu.pl\/sjo\/wp-content\/uploads\/sites\/9\/2023\/01\/pierwsze-zdanie-po-polsku-300x225.png 300w, https:\/\/pb.edu.pl\/sjo\/wp-content\/uploads\/sites\/9\/2023\/01\/pierwsze-zdanie-po-polsku-1024x768.png 1024w, https:\/\/pb.edu.pl\/sjo\/wp-content\/uploads\/sites\/9\/2023\/01\/pierwsze-zdanie-po-polsku-768x576.png 768w, https:\/\/pb.edu.pl\/sjo\/wp-content\/uploads\/sites\/9\/2023\/01\/pierwsze-zdanie-po-polsku-1536x1152.png 1536w, https:\/\/pb.edu.pl\/sjo\/wp-content\/uploads\/sites\/9\/2023\/01\/pierwsze-zdanie-po-polsku.png 2000w\" sizes=\"auto, (max-width: 300px) 100vw, 300px\" \/><\/a>\n\t\t\t<\/div>\n\t\t\t\t<figcaption class='wp-caption-text gallery-caption' id='gallery-1-18262'>\n\t\t\t\tPierwsze zdanie po polsku z Ksi\u0119gi Henrykowskiej,1270\n\t\t\t\t<\/figcaption><\/figure><figure class='gallery-item'>\n\t\t\t<div class='gallery-icon portrait'>\n\t\t\t\t<a href='https:\/\/pb.edu.pl\/sjo\/en\/learning-polish\/poland-and-poles\/polish-language\/pol-samuel-linde-public-domain-via-wikimedia-commons-2\/'><img loading=\"lazy\" decoding=\"async\" width=\"246\" height=\"300\" src=\"https:\/\/pb.edu.pl\/sjo\/wp-content\/uploads\/sites\/9\/2023\/01\/pol-Samuel-Linde-Public-domain-via-Wikimedia-Commons-246x300.jpg\" class=\"attachment-medium size-medium\" alt=\"pierwsza strona s\u0142ownika polskiego z 1807 r\" aria-describedby=\"gallery-1-18264\" srcset=\"https:\/\/pb.edu.pl\/sjo\/wp-content\/uploads\/sites\/9\/2023\/01\/pol-Samuel-Linde-Public-domain-via-Wikimedia-Commons-246x300.jpg 246w, https:\/\/pb.edu.pl\/sjo\/wp-content\/uploads\/sites\/9\/2023\/01\/pol-Samuel-Linde-Public-domain-via-Wikimedia-Commons-839x1024.jpg 839w, https:\/\/pb.edu.pl\/sjo\/wp-content\/uploads\/sites\/9\/2023\/01\/pol-Samuel-Linde-Public-domain-via-Wikimedia-Commons-768x937.jpg 768w, https:\/\/pb.edu.pl\/sjo\/wp-content\/uploads\/sites\/9\/2023\/01\/pol-Samuel-Linde-Public-domain-via-Wikimedia-Commons-1259x1536.jpg 1259w, https:\/\/pb.edu.pl\/sjo\/wp-content\/uploads\/sites\/9\/2023\/01\/pol-Samuel-Linde-Public-domain-via-Wikimedia-Commons-1678x2048.jpg 1678w, https:\/\/pb.edu.pl\/sjo\/wp-content\/uploads\/sites\/9\/2023\/01\/pol-Samuel-Linde-Public-domain-via-Wikimedia-Commons.jpg 1837w\" sizes=\"auto, (max-width: 246px) 100vw, 246px\" \/><\/a>\n\t\t\t<\/div>\n\t\t\t\t<figcaption class='wp-caption-text gallery-caption' id='gallery-1-18264'>\n\t\t\t\tpierwsza strona s\u0142ownika Samuela B. Linde&#8217;go, 1807\n\t\t\t\t<\/figcaption><\/figure><figure class='gallery-item'>\n\t\t\t<div class='gallery-icon landscape'>\n\t\t\t\t<a href='https:\/\/pb.edu.pl\/sjo\/en\/learning-polish\/poland-and-poles\/polish-language\/alfabet-2\/'><img loading=\"lazy\" decoding=\"async\" width=\"300\" height=\"160\" src=\"https:\/\/pb.edu.pl\/sjo\/wp-content\/uploads\/sites\/9\/2023\/01\/alfabet-300x160.png\" class=\"attachment-medium size-medium\" alt=\"litery polskiego alfabetu\" aria-describedby=\"gallery-1-18256\" srcset=\"https:\/\/pb.edu.pl\/sjo\/wp-content\/uploads\/sites\/9\/2023\/01\/alfabet-300x160.png 300w, https:\/\/pb.edu.pl\/sjo\/wp-content\/uploads\/sites\/9\/2023\/01\/alfabet-1024x547.png 1024w, https:\/\/pb.edu.pl\/sjo\/wp-content\/uploads\/sites\/9\/2023\/01\/alfabet-768x410.png 768w, https:\/\/pb.edu.pl\/sjo\/wp-content\/uploads\/sites\/9\/2023\/01\/alfabet.png 1365w\" sizes=\"auto, (max-width: 300px) 100vw, 300px\" \/><\/a>\n\t\t\t<\/div>\n\t\t\t\t<figcaption class='wp-caption-text gallery-caption' id='gallery-1-18256'>\n\t\t\t\talfabet polski\n\t\t\t\t<\/figcaption><\/figure><figure class='gallery-item'>\n\t\t\t<div class='gallery-icon landscape'>\n\t\t\t\t<a href='https:\/\/pb.edu.pl\/sjo\/en\/learning-polish\/poland-and-poles\/polish-language\/jez-polski_niepodleglosc_banner_1280x720-2\/'><img loading=\"lazy\" decoding=\"async\" width=\"300\" height=\"169\" src=\"https:\/\/pb.edu.pl\/sjo\/wp-content\/uploads\/sites\/9\/2023\/01\/jez-polski_Niepodleglosc_Banner_1280x720-300x169.jpg\" class=\"attachment-medium size-medium\" alt=\"pi\u0119ciotomowy s\u0142ownik j\u0119zyka \/polskiego z 2018r.\" aria-describedby=\"gallery-1-18260\" srcset=\"https:\/\/pb.edu.pl\/sjo\/wp-content\/uploads\/sites\/9\/2023\/01\/jez-polski_Niepodleglosc_Banner_1280x720-300x169.jpg 300w, https:\/\/pb.edu.pl\/sjo\/wp-content\/uploads\/sites\/9\/2023\/01\/jez-polski_Niepodleglosc_Banner_1280x720-1024x576.jpg 1024w, https:\/\/pb.edu.pl\/sjo\/wp-content\/uploads\/sites\/9\/2023\/01\/jez-polski_Niepodleglosc_Banner_1280x720-768x432.jpg 768w, https:\/\/pb.edu.pl\/sjo\/wp-content\/uploads\/sites\/9\/2023\/01\/jez-polski_Niepodleglosc_Banner_1280x720.jpg 1280w\" sizes=\"auto, (max-width: 300px) 100vw, 300px\" \/><\/a>\n\t\t\t<\/div>\n\t\t\t\t<figcaption class='wp-caption-text gallery-caption' id='gallery-1-18260'>\n\t\t\t\t5-tomowy Wielki S\u0142ownik j\u0119zyka Polskiego , 2018\n\t\t\t\t<\/figcaption><\/figure>\n\t\t<\/div>\n\n<p>&nbsp;<\/p>\n<p>&nbsp;<\/p>\n<figure id=\"attachment_18266\" aria-describedby=\"caption-attachment-18266\" style=\"width: 1024px\" class=\"wp-caption aligncenter\"><a href=\"https:\/\/pb.edu.pl\/sjo\/wp-content\/uploads\/sites\/9\/2023\/01\/Poles_out_of_Poland_map_2008-Map-made-by-Marcin-Floryan-CC-BY-SA-2.5.png\"><img loading=\"lazy\" decoding=\"async\" class=\"https:\/\/pl.wikipedia.org\/wiki\/Polonia wp-image-18266 size-large\" title=\"Polonia na \u015bwiecie \/ Poles living abroad\" src=\"https:\/\/pb.edu.pl\/sjo\/wp-content\/uploads\/sites\/9\/2023\/01\/Poles_out_of_Poland_map_2008-Map-made-by-Marcin-Floryan-CC-BY-SA-2.5-1024x466.png\" alt=\"mapa \u015bwiata z zaznaczonymi miejscami zamieszkania Polonii\" width=\"1024\" height=\"466\" srcset=\"https:\/\/pb.edu.pl\/sjo\/wp-content\/uploads\/sites\/9\/2023\/01\/Poles_out_of_Poland_map_2008-Map-made-by-Marcin-Floryan-CC-BY-SA-2.5-1024x466.png 1024w, https:\/\/pb.edu.pl\/sjo\/wp-content\/uploads\/sites\/9\/2023\/01\/Poles_out_of_Poland_map_2008-Map-made-by-Marcin-Floryan-CC-BY-SA-2.5-300x137.png 300w, https:\/\/pb.edu.pl\/sjo\/wp-content\/uploads\/sites\/9\/2023\/01\/Poles_out_of_Poland_map_2008-Map-made-by-Marcin-Floryan-CC-BY-SA-2.5-768x350.png 768w, https:\/\/pb.edu.pl\/sjo\/wp-content\/uploads\/sites\/9\/2023\/01\/Poles_out_of_Poland_map_2008-Map-made-by-Marcin-Floryan-CC-BY-SA-2.5-1536x699.png 1536w, https:\/\/pb.edu.pl\/sjo\/wp-content\/uploads\/sites\/9\/2023\/01\/Poles_out_of_Poland_map_2008-Map-made-by-Marcin-Floryan-CC-BY-SA-2.5.png 1819w\" sizes=\"auto, (max-width: 1024px) 100vw, 1024px\" \/><\/a><figcaption id=\"caption-attachment-18266\" class=\"wp-caption-text\">Poles_out_of_Poland_map_2008 Map made by Marcin Floryan, CC BY-SA 2.5<\/figcaption><\/figure>\n","protected":false},"excerpt":{"rendered":"<p>Captivating Polish language Polish language is not easy. This truth is known not only to<\/p>\n","protected":false},"author":77,"featured_media":0,"parent":18090,"menu_order":0,"comment_status":"closed","ping_status":"closed","template":"templates\/dzial.php","meta":{"_acf_changed":false,"ngg_post_thumbnail":0,"footnotes":""},"class_list":["post-18309","page","type-page","status-publish","hentry"],"acf":[],"yoast_head":"<!-- This site is optimized with the Yoast SEO plugin v27.0 - https:\/\/yoast.com\/product\/yoast-seo-wordpress\/ -->\n<title>Polish language - Foreign Language Centre<\/title>\n<meta name=\"description\" content=\"Captivating Polish language Polish language is not easy. This truth is known not only to foreigners trying to learn our speech, but also to all children\" \/>\n<meta name=\"robots\" content=\"index, follow, max-snippet:-1, max-image-preview:large, max-video-preview:-1\" \/>\n<link rel=\"canonical\" href=\"https:\/\/pb.edu.pl\/sjo\/en\/learning-polish\/poland-and-poles\/polish-language\/\" \/>\n<meta property=\"og:locale\" content=\"en_US\" \/>\n<meta property=\"og:type\" content=\"article\" \/>\n<meta property=\"og:title\" content=\"Polish language - Foreign Language Centre\" \/>\n<meta property=\"og:description\" content=\"Captivating Polish language Polish language is not easy. This truth is known not only to foreigners trying to learn our speech, but also to all children\" \/>\n<meta property=\"og:url\" content=\"https:\/\/pb.edu.pl\/sjo\/en\/learning-polish\/poland-and-poles\/polish-language\/\" \/>\n<meta property=\"og:site_name\" content=\"Foreign Language Centre\" \/>\n<meta property=\"article:modified_time\" content=\"2023-01-30T12:38:12+00:00\" \/>\n<meta property=\"og:image\" content=\"https:\/\/pb.edu.pl\/sjo\/wp-content\/uploads\/sites\/9\/2023\/01\/pierwsze-zdanie-po-polsku-300x225.png\" \/>\n<meta name=\"twitter:label1\" content=\"Est. reading time\" \/>\n\t<meta name=\"twitter:data1\" content=\"3 minutes\" \/>\n<script type=\"application\/ld+json\" class=\"yoast-schema-graph\">{\"@context\":\"https:\/\/schema.org\",\"@graph\":[{\"@type\":\"WebPage\",\"@id\":\"https:\/\/pb.edu.pl\/sjo\/en\/learning-polish\/poland-and-poles\/polish-language\/\",\"url\":\"https:\/\/pb.edu.pl\/sjo\/en\/learning-polish\/poland-and-poles\/polish-language\/\",\"name\":\"Polish language - Foreign Language Centre\",\"isPartOf\":{\"@id\":\"https:\/\/pb.edu.pl\/sjo\/#website\"},\"primaryImageOfPage\":{\"@id\":\"https:\/\/pb.edu.pl\/sjo\/en\/learning-polish\/poland-and-poles\/polish-language\/#primaryimage\"},\"image\":{\"@id\":\"https:\/\/pb.edu.pl\/sjo\/en\/learning-polish\/poland-and-poles\/polish-language\/#primaryimage\"},\"thumbnailUrl\":\"https:\/\/pb.edu.pl\/sjo\/wp-content\/uploads\/sites\/9\/2023\/01\/Poles_out_of_Poland_map_2008-Map-made-by-Marcin-Floryan-CC-BY-SA-2.5-1024x466.png\",\"datePublished\":\"2023-01-29T18:30:54+00:00\",\"dateModified\":\"2023-01-30T12:38:12+00:00\",\"description\":\"Captivating Polish language Polish language is not easy. This truth is known not only to foreigners trying to learn our speech, but also to all children\",\"breadcrumb\":{\"@id\":\"https:\/\/pb.edu.pl\/sjo\/en\/learning-polish\/poland-and-poles\/polish-language\/#breadcrumb\"},\"inLanguage\":\"en-US\",\"potentialAction\":[{\"@type\":\"ReadAction\",\"target\":[\"https:\/\/pb.edu.pl\/sjo\/en\/learning-polish\/poland-and-poles\/polish-language\/\"]}]},{\"@type\":\"ImageObject\",\"inLanguage\":\"en-US\",\"@id\":\"https:\/\/pb.edu.pl\/sjo\/en\/learning-polish\/poland-and-poles\/polish-language\/#primaryimage\",\"url\":\"https:\/\/pb.edu.pl\/sjo\/wp-content\/uploads\/sites\/9\/2023\/01\/Poles_out_of_Poland_map_2008-Map-made-by-Marcin-Floryan-CC-BY-SA-2.5-1024x466.png\",\"contentUrl\":\"https:\/\/pb.edu.pl\/sjo\/wp-content\/uploads\/sites\/9\/2023\/01\/Poles_out_of_Poland_map_2008-Map-made-by-Marcin-Floryan-CC-BY-SA-2.5-1024x466.png\"},{\"@type\":\"BreadcrumbList\",\"@id\":\"https:\/\/pb.edu.pl\/sjo\/en\/learning-polish\/poland-and-poles\/polish-language\/#breadcrumb\",\"itemListElement\":[{\"@type\":\"ListItem\",\"position\":1,\"name\":\"Home\",\"item\":\"https:\/\/pb.edu.pl\/sjo\/en\/\"},{\"@type\":\"ListItem\",\"position\":2,\"name\":\"Learning Polish\",\"item\":\"https:\/\/pb.edu.pl\/sjo\/en\/learning-polish\/\"},{\"@type\":\"ListItem\",\"position\":3,\"name\":\"Poland and Poles\",\"item\":\"https:\/\/pb.edu.pl\/sjo\/en\/learning-polish\/poland-and-poles\/\"},{\"@type\":\"ListItem\",\"position\":4,\"name\":\"Polish language\"}]},{\"@type\":\"WebSite\",\"@id\":\"https:\/\/pb.edu.pl\/sjo\/#website\",\"url\":\"https:\/\/pb.edu.pl\/sjo\/\",\"name\":\"Foreign Language Centre\",\"description\":\"\",\"potentialAction\":[{\"@type\":\"SearchAction\",\"target\":{\"@type\":\"EntryPoint\",\"urlTemplate\":\"https:\/\/pb.edu.pl\/sjo\/?s={search_term_string}\"},\"query-input\":{\"@type\":\"PropertyValueSpecification\",\"valueRequired\":true,\"valueName\":\"search_term_string\"}}],\"inLanguage\":\"en-US\"}]}<\/script>\n<!-- \/ Yoast SEO plugin. -->","yoast_head_json":{"title":"Polish language - Foreign Language Centre","description":"Captivating Polish language Polish language is not easy. This truth is known not only to foreigners trying to learn our speech, but also to all children","robots":{"index":"index","follow":"follow","max-snippet":"max-snippet:-1","max-image-preview":"max-image-preview:large","max-video-preview":"max-video-preview:-1"},"canonical":"https:\/\/pb.edu.pl\/sjo\/en\/learning-polish\/poland-and-poles\/polish-language\/","og_locale":"en_US","og_type":"article","og_title":"Polish language - Foreign Language Centre","og_description":"Captivating Polish language Polish language is not easy. This truth is known not only to foreigners trying to learn our speech, but also to all children","og_url":"https:\/\/pb.edu.pl\/sjo\/en\/learning-polish\/poland-and-poles\/polish-language\/","og_site_name":"Foreign Language Centre","article_modified_time":"2023-01-30T12:38:12+00:00","og_image":[{"url":"https:\/\/pb.edu.pl\/sjo\/wp-content\/uploads\/sites\/9\/2023\/01\/pierwsze-zdanie-po-polsku-300x225.png","type":"","width":"","height":""}],"twitter_misc":{"Est. reading time":"3 minutes"},"schema":{"@context":"https:\/\/schema.org","@graph":[{"@type":"WebPage","@id":"https:\/\/pb.edu.pl\/sjo\/en\/learning-polish\/poland-and-poles\/polish-language\/","url":"https:\/\/pb.edu.pl\/sjo\/en\/learning-polish\/poland-and-poles\/polish-language\/","name":"Polish language - Foreign Language Centre","isPartOf":{"@id":"https:\/\/pb.edu.pl\/sjo\/#website"},"primaryImageOfPage":{"@id":"https:\/\/pb.edu.pl\/sjo\/en\/learning-polish\/poland-and-poles\/polish-language\/#primaryimage"},"image":{"@id":"https:\/\/pb.edu.pl\/sjo\/en\/learning-polish\/poland-and-poles\/polish-language\/#primaryimage"},"thumbnailUrl":"https:\/\/pb.edu.pl\/sjo\/wp-content\/uploads\/sites\/9\/2023\/01\/Poles_out_of_Poland_map_2008-Map-made-by-Marcin-Floryan-CC-BY-SA-2.5-1024x466.png","datePublished":"2023-01-29T18:30:54+00:00","dateModified":"2023-01-30T12:38:12+00:00","description":"Captivating Polish language Polish language is not easy. This truth is known not only to foreigners trying to learn our speech, but also to all children","breadcrumb":{"@id":"https:\/\/pb.edu.pl\/sjo\/en\/learning-polish\/poland-and-poles\/polish-language\/#breadcrumb"},"inLanguage":"en-US","potentialAction":[{"@type":"ReadAction","target":["https:\/\/pb.edu.pl\/sjo\/en\/learning-polish\/poland-and-poles\/polish-language\/"]}]},{"@type":"ImageObject","inLanguage":"en-US","@id":"https:\/\/pb.edu.pl\/sjo\/en\/learning-polish\/poland-and-poles\/polish-language\/#primaryimage","url":"https:\/\/pb.edu.pl\/sjo\/wp-content\/uploads\/sites\/9\/2023\/01\/Poles_out_of_Poland_map_2008-Map-made-by-Marcin-Floryan-CC-BY-SA-2.5-1024x466.png","contentUrl":"https:\/\/pb.edu.pl\/sjo\/wp-content\/uploads\/sites\/9\/2023\/01\/Poles_out_of_Poland_map_2008-Map-made-by-Marcin-Floryan-CC-BY-SA-2.5-1024x466.png"},{"@type":"BreadcrumbList","@id":"https:\/\/pb.edu.pl\/sjo\/en\/learning-polish\/poland-and-poles\/polish-language\/#breadcrumb","itemListElement":[{"@type":"ListItem","position":1,"name":"Home","item":"https:\/\/pb.edu.pl\/sjo\/en\/"},{"@type":"ListItem","position":2,"name":"Learning Polish","item":"https:\/\/pb.edu.pl\/sjo\/en\/learning-polish\/"},{"@type":"ListItem","position":3,"name":"Poland and Poles","item":"https:\/\/pb.edu.pl\/sjo\/en\/learning-polish\/poland-and-poles\/"},{"@type":"ListItem","position":4,"name":"Polish language"}]},{"@type":"WebSite","@id":"https:\/\/pb.edu.pl\/sjo\/#website","url":"https:\/\/pb.edu.pl\/sjo\/","name":"Foreign Language Centre","description":"","potentialAction":[{"@type":"SearchAction","target":{"@type":"EntryPoint","urlTemplate":"https:\/\/pb.edu.pl\/sjo\/?s={search_term_string}"},"query-input":{"@type":"PropertyValueSpecification","valueRequired":true,"valueName":"search_term_string"}}],"inLanguage":"en-US"}]}},"_links":{"self":[{"href":"https:\/\/pb.edu.pl\/sjo\/en\/wp-json\/wp\/v2\/pages\/18309","targetHints":{"allow":["GET"]}}],"collection":[{"href":"https:\/\/pb.edu.pl\/sjo\/en\/wp-json\/wp\/v2\/pages"}],"about":[{"href":"https:\/\/pb.edu.pl\/sjo\/en\/wp-json\/wp\/v2\/types\/page"}],"author":[{"embeddable":true,"href":"https:\/\/pb.edu.pl\/sjo\/en\/wp-json\/wp\/v2\/users\/77"}],"replies":[{"embeddable":true,"href":"https:\/\/pb.edu.pl\/sjo\/en\/wp-json\/wp\/v2\/comments?post=18309"}],"version-history":[{"count":0,"href":"https:\/\/pb.edu.pl\/sjo\/en\/wp-json\/wp\/v2\/pages\/18309\/revisions"}],"up":[{"embeddable":true,"href":"https:\/\/pb.edu.pl\/sjo\/en\/wp-json\/wp\/v2\/pages\/18090"}],"wp:attachment":[{"href":"https:\/\/pb.edu.pl\/sjo\/en\/wp-json\/wp\/v2\/media?parent=18309"}],"curies":[{"name":"wp","href":"https:\/\/api.w.org\/{rel}","templated":true}]}}