{"id":18090,"date":"2020-08-17T15:56:46","date_gmt":"2020-08-17T13:56:46","guid":{"rendered":"https:\/\/pb.edu.pl\/sjo\/learning-polish\/czy-wiecie-ze\/"},"modified":"2024-05-16T08:35:45","modified_gmt":"2024-05-16T06:35:45","slug":"poland-and-poles","status":"publish","type":"page","link":"https:\/\/pb.edu.pl\/sjo\/en\/learning-polish\/poland-and-poles\/","title":{"rendered":"Poland and Poles"},"content":{"rendered":"\t\t\t<div class=\"image-boxes\">\n\t\t\t<div class=\"row\">\n\t\t\t\t\t\t\t\t\t<div class=\"col-md-3\">\n\t\t\t\t\t\t<div class=\"image-boxes-item\">\n\t\t\t\t\t\t\t\t\t\t\t\t\t\t\t<a href=\"https:\/\/pb.edu.pl\/sjo\/en\/learning-polish\/poland-and-poles\/polish-constitution-day\/\" target=\"\" title=\"\" class=\"image\"><img decoding=\"async\" class=\"img-fluid\" src=\"https:\/\/pb.edu.pl\/sjo\/wp-content\/uploads\/sites\/9\/2024\/05\/2-1.png\" alt=\"\"><\/a>\n\t\t\t\t\t\t\t\t\t\t\t\t\t<\/div>\n\t\t\t\t\t<\/div>\n\t\t\t\t\t\t\t\t\t<div class=\"col-md-3\">\n\t\t\t\t\t\t<div class=\"image-boxes-item\">\n\t\t\t\t\t\t\t\t\t\t\t\t\t\t\t<a href=\"https:\/\/pb.edu.pl\/sjo\/en\/learning-polish\/poland-and-poles\/jakub-jozef-orlinski\/\" target=\"\" title=\"\" class=\"image\"><img decoding=\"async\" class=\"img-fluid\" src=\"https:\/\/pb.edu.pl\/sjo\/wp-content\/uploads\/sites\/9\/2023\/11\/inspiring.png\" alt=\"\"><\/a>\n\t\t\t\t\t\t\t\t\t\t\t\t\t<\/div>\n\t\t\t\t\t<\/div>\n\t\t\t\t\t\t\t\t\t<div class=\"col-md-3\">\n\t\t\t\t\t\t<div class=\"image-boxes-item\">\n\t\t\t\t\t\t\t\t\t\t\t\t\t\t\t<a href=\"https:\/\/pb.edu.pl\/sjo\/en\/learning-polish\/poland-and-poles\/polonez\/\" target=\"\" title=\"\" class=\"image\"><img decoding=\"async\" class=\"img-fluid\" src=\"https:\/\/pb.edu.pl\/sjo\/wp-content\/uploads\/sites\/9\/2023\/12\/captivating-1.png\" alt=\"\"><\/a>\n\t\t\t\t\t\t\t\t\t\t\t\t\t<\/div>\n\t\t\t\t\t<\/div>\n\t\t\t\t\t\t\t\t\t<div class=\"col-md-3\">\n\t\t\t\t\t\t<div class=\"image-boxes-item\">\n\t\t\t\t\t\t\t\t\t\t\t\t\t\t\t<a href=\"https:\/\/pb.edu.pl\/sjo\/en\/learning-polish\/poland-and-poles\/andrzejki\/\" target=\"\" title=\"\" class=\"image\"><img decoding=\"async\" class=\"img-fluid\" src=\"https:\/\/pb.edu.pl\/sjo\/wp-content\/uploads\/sites\/9\/2023\/11\/captivating.png\" alt=\"\"><\/a>\n\t\t\t\t\t\t\t\t\t\t\t\t\t<\/div>\n\t\t\t\t\t<\/div>\n\t\t\t\t\t\t\t\t\t<div class=\"col-md-3\">\n\t\t\t\t\t\t<div class=\"image-boxes-item\">\n\t\t\t\t\t\t\t\t\t\t\t\t\t\t\t<a href=\"https:\/\/pb.edu.pl\/sjo\/polish-lab\/czy-wiecie-ze\/feast-of-the-dead\/\" target=\"\" title=\"\" class=\"image\"><img decoding=\"async\" class=\"img-fluid\" src=\"https:\/\/pb.edu.pl\/sjo\/wp-content\/uploads\/sites\/9\/2023\/10\/captivating.png\" alt=\"\"><\/a>\n\t\t\t\t\t\t\t\t\t\t\t\t\t<\/div>\n\t\t\t\t\t<\/div>\n\t\t\t\t\t\t\t\t\t<div class=\"col-md-3\">\n\t\t\t\t\t\t<div class=\"image-boxes-item\">\n\t\t\t\t\t\t\t\t\t\t\t\t\t\t\t<a href=\"https:\/\/pb.edu.pl\/sjo\/en\/learning-polish\/poland-and-poles\/golabki\/\" target=\"\" title=\"\" class=\"image\"><img decoding=\"async\" class=\"img-fluid\" src=\"https:\/\/pb.edu.pl\/sjo\/wp-content\/uploads\/sites\/9\/2023\/09\/delicious.png\" alt=\"\"><\/a>\n\t\t\t\t\t\t\t\t\t\t\t\t\t<\/div>\n\t\t\t\t\t<\/div>\n\t\t\t\t\t\t\t\t\t<div class=\"col-md-3\">\n\t\t\t\t\t\t<div class=\"image-boxes-item\">\n\t\t\t\t\t\t\t\t\t\t\t\t\t\t\t<a href=\"https:\/\/pb.edu.pl\/sjo\/en\/learning-polish\/poland-and-poles\/castle-in-lancut\/\" target=\"\" title=\"\" class=\"image\"><img decoding=\"async\" class=\"img-fluid\" src=\"https:\/\/pb.edu.pl\/sjo\/wp-content\/uploads\/sites\/9\/2023\/09\/AM3.png\" alt=\"\"><\/a>\n\t\t\t\t\t\t\t\t\t\t\t\t\t<\/div>\n\t\t\t\t\t<\/div>\n\t\t\t\t\t\t\t\t\t<div class=\"col-md-3\">\n\t\t\t\t\t\t<div class=\"image-boxes-item\">\n\t\t\t\t\t\t\t\t\t\t\t\t\t\t\t<a href=\"https:\/\/pb.edu.pl\/sjo\/en\/learning-polish\/poland-and-poles\/the-witcher\/\" target=\"\" title=\"\" class=\"image\"><img decoding=\"async\" class=\"img-fluid\" src=\"https:\/\/pb.edu.pl\/sjo\/wp-content\/uploads\/sites\/9\/2023\/09\/CAP3.png\" alt=\"\"><\/a>\n\t\t\t\t\t\t\t\t\t\t\t\t\t<\/div>\n\t\t\t\t\t<\/div>\n\t\t\t\t\t\t\t\t\t<div class=\"col-md-3\">\n\t\t\t\t\t\t<div class=\"image-boxes-item\">\n\t\t\t\t\t\t\t\t\t\t\t\t\t\t\t<a href=\"https:\/\/pb.edu.pl\/sjo\/en\/learning-polish\/poland-and-poles\/mushroom\/\" target=\"\" title=\"\" class=\"image\"><img decoding=\"async\" class=\"img-fluid\" src=\"https:\/\/pb.edu.pl\/sjo\/wp-content\/uploads\/sites\/9\/2023\/09\/CAP2.png\" alt=\"\"><\/a>\n\t\t\t\t\t\t\t\t\t\t\t\t\t<\/div>\n\t\t\t\t\t<\/div>\n\t\t\t\t\t\t\t\t\t<div class=\"col-md-3\">\n\t\t\t\t\t\t<div class=\"image-boxes-item\">\n\t\t\t\t\t\t\t\t\t\t\t\t\t\t\t<a href=\"https:\/\/pb.edu.pl\/sjo\/en\/learning-polish\/poland-and-poles\/zdzislaw-beksinski\/\" target=\"\" title=\"\" class=\"image\"><img decoding=\"async\" class=\"img-fluid\" src=\"https:\/\/pb.edu.pl\/sjo\/wp-content\/uploads\/sites\/9\/2023\/09\/inspiring.png\" alt=\"\"><\/a>\n\t\t\t\t\t\t\t\t\t\t\t\t\t<\/div>\n\t\t\t\t\t<\/div>\n\t\t\t\t\t\t\t\t\t<div class=\"col-md-3\">\n\t\t\t\t\t\t<div class=\"image-boxes-item\">\n\t\t\t\t\t\t\t\t\t\t\t\t\t\t\t<a href=\"https:\/\/pb.edu.pl\/sjo\/en\/learning-polish\/poland-and-poles\/kosciuszko-mound\/\" target=\"\" title=\"\" class=\"image\"><img decoding=\"async\" class=\"img-fluid\" src=\"https:\/\/pb.edu.pl\/sjo\/wp-content\/uploads\/sites\/9\/2023\/09\/AM4.png\" alt=\"\"><\/a>\n\t\t\t\t\t\t\t\t\t\t\t\t\t<\/div>\n\t\t\t\t\t<\/div>\n\t\t\t\t\t\t\t\t\t<div class=\"col-md-3\">\n\t\t\t\t\t\t<div class=\"image-boxes-item\">\n\t\t\t\t\t\t\t\t\t\t\t\t\t\t\t<a href=\"https:\/\/pb.edu.pl\/sjo\/en\/learning-polish\/poland-and-poles\/sybir-memorial-museum\/\" target=\"\" title=\"\" class=\"image\"><img decoding=\"async\" class=\"img-fluid\" src=\"https:\/\/pb.edu.pl\/sjo\/wp-content\/uploads\/sites\/9\/2023\/09\/AM1.png\" alt=\"\"><\/a>\n\t\t\t\t\t\t\t\t\t\t\t\t\t<\/div>\n\t\t\t\t\t<\/div>\n\t\t\t\t\t\t\t\t\t<div class=\"col-md-3\">\n\t\t\t\t\t\t<div class=\"image-boxes-item\">\n\t\t\t\t\t\t\t\t\t\t\t\t\t\t\t<a href=\"https:\/\/pb.edu.pl\/sjo\/en\/learning-polish\/poland-and-poles\/wilanow\/\" target=\"\" title=\"Wilan\u00f3w\" class=\"image\"><img decoding=\"async\" class=\"img-fluid\" src=\"https:\/\/pb.edu.pl\/sjo\/wp-content\/uploads\/sites\/9\/2023\/05\/1-3.png\" alt=\"\"><\/a>\n\t\t\t\t\t\t\t\t\t\t\t\t\t<\/div>\n\t\t\t\t\t<\/div>\n\t\t\t\t\t\t\t\t\t<div class=\"col-md-3\">\n\t\t\t\t\t\t<div class=\"image-boxes-item\">\n\t\t\t\t\t\t\t\t\t\t\t\t\t\t\t<a href=\"https:\/\/pb.edu.pl\/sjo\/en\/learning-polish\/poland-and-poles\/museum-of-icons-in-suprasl\/\" target=\"\" title=\"Museum of Icons in Supra\u015bl\" class=\"image\"><img decoding=\"async\" class=\"img-fluid\" src=\"https:\/\/pb.edu.pl\/sjo\/wp-content\/uploads\/sites\/9\/2023\/01\/1.png\" alt=\"\"><\/a>\n\t\t\t\t\t\t\t\t\t\t\t\t\t<\/div>\n\t\t\t\t\t<\/div>\n\t\t\t\t\t\t\t\t\t<div class=\"col-md-3\">\n\t\t\t\t\t\t<div class=\"image-boxes-item\">\n\t\t\t\t\t\t\t\t\t\t\t\t\t\t\t<a href=\"https:\/\/pb.edu.pl\/sjo\/en\/learning-polish\/poland-and-poles\/tamara-lempicka\/\" target=\"\" title=\"Tamara \u0141empicka\" class=\"image\"><img decoding=\"async\" class=\"img-fluid\" src=\"https:\/\/pb.edu.pl\/sjo\/wp-content\/uploads\/sites\/9\/2023\/01\/5.png\" alt=\"\"><\/a>\n\t\t\t\t\t\t\t\t\t\t\t\t\t<\/div>\n\t\t\t\t\t<\/div>\n\t\t\t\t\t\t\t\t\t<div class=\"col-md-3\">\n\t\t\t\t\t\t<div class=\"image-boxes-item\">\n\t\t\t\t\t\t\t\t\t\t\t\t\t\t\t<a href=\"https:\/\/pb.edu.pl\/sjo\/en\/learning-polish\/poland-and-poles\/jacek-yerka\/\" target=\"\" title=\"Jacek Yerka\" class=\"image\"><img decoding=\"async\" class=\"img-fluid\" src=\"https:\/\/pb.edu.pl\/sjo\/wp-content\/uploads\/sites\/9\/2023\/01\/1-2.png\" alt=\"\"><\/a>\n\t\t\t\t\t\t\t\t\t\t\t\t\t<\/div>\n\t\t\t\t\t<\/div>\n\t\t\t\t\t\t\t\t\t<div class=\"col-md-3\">\n\t\t\t\t\t\t<div class=\"image-boxes-item\">\n\t\t\t\t\t\t\t\t\t\t\t\t\t\t\t<a href=\"https:\/\/pb.edu.pl\/sjo\/en\/learning-polish\/poland-and-poles\/apples\/\" target=\"\" title=\"Apples\" class=\"image\"><img decoding=\"async\" class=\"img-fluid\" src=\"https:\/\/pb.edu.pl\/sjo\/wp-content\/uploads\/sites\/9\/2023\/01\/7-1.png\" alt=\"\"><\/a>\n\t\t\t\t\t\t\t\t\t\t\t\t\t<\/div>\n\t\t\t\t\t<\/div>\n\t\t\t\t\t\t\t\t\t<div class=\"col-md-3\">\n\t\t\t\t\t\t<div class=\"image-boxes-item\">\n\t\t\t\t\t\t\t\t\t\t\t\t\t\t\t<a href=\"https:\/\/pb.edu.pl\/sjo\/en\/learning-polish\/poland-and-poles\/stanislaw-moniuszko\/\" target=\"\" title=\"Stanislaw Moniuszko\" class=\"image\"><img decoding=\"async\" class=\"img-fluid\" src=\"https:\/\/pb.edu.pl\/sjo\/wp-content\/uploads\/sites\/9\/2023\/01\/2-2.png\" alt=\"\"><\/a>\n\t\t\t\t\t\t\t\t\t\t\t\t\t<\/div>\n\t\t\t\t\t<\/div>\n\t\t\t\t\t\t\t\t\t<div class=\"col-md-3\">\n\t\t\t\t\t\t<div class=\"image-boxes-item\">\n\t\t\t\t\t\t\t\t\t\t\t\t\t\t\t<a href=\"https:\/\/pb.edu.pl\/sjo\/en\/learning-polish\/poland-and-poles\/polish-language\/\" target=\"\" title=\"Polish language\" class=\"image\"><img decoding=\"async\" class=\"img-fluid\" src=\"https:\/\/pb.edu.pl\/sjo\/wp-content\/uploads\/sites\/9\/2023\/01\/1-1.png\" alt=\"\"><\/a>\n\t\t\t\t\t\t\t\t\t\t\t\t\t<\/div>\n\t\t\t\t\t<\/div>\n\t\t\t\t\t\t\t\t\t<div class=\"col-md-3\">\n\t\t\t\t\t\t<div class=\"image-boxes-item\">\n\t\t\t\t\t\t\t\t\t\t\t\t\t\t\t<a href=\"https:\/\/pb.edu.pl\/sjo\/en\/learning-polish\/poland-and-poles\/olga-tokarczuk\/\" target=\"\" title=\"Olga Tokarczuk\" class=\"image\"><img decoding=\"async\" class=\"img-fluid\" src=\"https:\/\/pb.edu.pl\/sjo\/wp-content\/uploads\/sites\/9\/2023\/01\/7.png\" alt=\"\"><\/a>\n\t\t\t\t\t\t\t\t\t\t\t\t\t<\/div>\n\t\t\t\t\t<\/div>\n\t\t\t\t\t\t\t\t\t<div class=\"col-md-3\">\n\t\t\t\t\t\t<div class=\"image-boxes-item\">\n\t\t\t\t\t\t\t\t\t\t\t\t\t\t\t<a href=\"https:\/\/pb.edu.pl\/sjo\/en\/learning-polish\/poland-and-poles\/witkacy\/\" target=\"\" title=\"Witkacy\" class=\"image\"><img decoding=\"async\" class=\"img-fluid\" src=\"https:\/\/pb.edu.pl\/sjo\/wp-content\/uploads\/sites\/9\/2023\/01\/4.png\" alt=\"\"><\/a>\n\t\t\t\t\t\t\t\t\t\t\t\t\t<\/div>\n\t\t\t\t\t<\/div>\n\t\t\t\t\t\t\t\t\t<div class=\"col-md-3\">\n\t\t\t\t\t\t<div class=\"image-boxes-item\">\n\t\t\t\t\t\t\t\t\t\t\t\t\t\t\t<a href=\"https:\/\/pb.edu.pl\/sjo\/en\/learning-polish\/poland-and-poles\/iga-swiatek\/\" target=\"\" title=\"Iga Swiatek\" class=\"image\"><img decoding=\"async\" class=\"img-fluid\" src=\"https:\/\/pb.edu.pl\/sjo\/wp-content\/uploads\/sites\/9\/2023\/01\/3-2.png\" alt=\"\"><\/a>\n\t\t\t\t\t\t\t\t\t\t\t\t\t<\/div>\n\t\t\t\t\t<\/div>\n\t\t\t\t\t\t\t\t\t<div class=\"col-md-3\">\n\t\t\t\t\t\t<div class=\"image-boxes-item\">\n\t\t\t\t\t\t\t\t\t\t\t\t\t\t\t<a href=\"https:\/\/pb.edu.pl\/sjo\/en\/learning-polish\/poland-and-poles\/gocc\/\" target=\"\" title=\"Great Orchestra of Christmas Charity\" class=\"image\"><img decoding=\"async\" class=\"img-fluid\" src=\"https:\/\/pb.edu.pl\/sjo\/wp-content\/uploads\/sites\/9\/2023\/01\/6-1.png\" alt=\"\"><\/a>\n\t\t\t\t\t\t\t\t\t\t\t\t\t<\/div>\n\t\t\t\t\t<\/div>\n\t\t\t\t\t\t\t\t\t<div class=\"col-md-3\">\n\t\t\t\t\t\t<div class=\"image-boxes-item\">\n\t\t\t\t\t\t\t\t\t\t\t\t\t\t\t<a href=\"https:\/\/pb.edu.pl\/sjo\/en\/learning-polish\/poland-and-poles\/the-church-of-peace-in-swidnica\/\" target=\"\" title=\"The Church of Peace in \u015awidnica\" class=\"image\"><img decoding=\"async\" class=\"img-fluid\" src=\"https:\/\/pb.edu.pl\/sjo\/wp-content\/uploads\/sites\/9\/2023\/02\/5.png\" alt=\"\"><\/a>\n\t\t\t\t\t\t\t\t\t\t\t\t\t<\/div>\n\t\t\t\t\t<\/div>\n\t\t\t\t\t\t\t\t\t<div class=\"col-md-3\">\n\t\t\t\t\t\t<div class=\"image-boxes-item\">\n\t\t\t\t\t\t\t\t\t\t\t\t\t\t\t<a href=\"https:\/\/pb.edu.pl\/sjo\/en\/learning-polish\/poland-and-poles\/igor-mitoraj\/\" target=\"\" title=\"Igor Mitoraj\" class=\"image\"><img decoding=\"async\" class=\"img-fluid\" src=\"https:\/\/pb.edu.pl\/sjo\/wp-content\/uploads\/sites\/9\/2023\/02\/inspiring.png\" alt=\"\"><\/a>\n\t\t\t\t\t\t\t\t\t\t\t\t\t<\/div>\n\t\t\t\t\t<\/div>\n\t\t\t\t\t\t\t\t\t<div class=\"col-md-3\">\n\t\t\t\t\t\t<div class=\"image-boxes-item\">\n\t\t\t\t\t\t\t\t\t\t\t\t\t\t\t<a href=\"https:\/\/pb.edu.pl\/sjo\/en\/learning-polish\/poland-and-poles\/the-wieliczka-salt-mine\/\" target=\"\" title=\"The Wieliczka Salt Mine\" class=\"image\"><img decoding=\"async\" class=\"img-fluid\" src=\"https:\/\/pb.edu.pl\/sjo\/wp-content\/uploads\/sites\/9\/2023\/02\/4.png\" alt=\"\"><\/a>\n\t\t\t\t\t\t\t\t\t\t\t\t\t<\/div>\n\t\t\t\t\t<\/div>\n\t\t\t\t\t\t\t\t\t<div class=\"col-md-3\">\n\t\t\t\t\t\t<div class=\"image-boxes-item\">\n\t\t\t\t\t\t\t\t\t\t\t\t\t\t\t<a href=\"https:\/\/pb.edu.pl\/sjo\/en\/learning-polish\/poland-and-poles\/pszczyna\/\" target=\"\" title=\"Pszczyna\" class=\"image\"><img decoding=\"async\" class=\"img-fluid\" src=\"https:\/\/pb.edu.pl\/sjo\/wp-content\/uploads\/sites\/9\/2023\/02\/1-1.png\" alt=\"\"><\/a>\n\t\t\t\t\t\t\t\t\t\t\t\t\t<\/div>\n\t\t\t\t\t<\/div>\n\t\t\t\t\t\t\t\t\t<div class=\"col-md-3\">\n\t\t\t\t\t\t<div class=\"image-boxes-item\">\n\t\t\t\t\t\t\t\t\t\t\t\t\t\t\t<a href=\"https:\/\/pb.edu.pl\/sjo\/en\/learning-polish\/poland-and-poles\/european-bison\/\" target=\"\" title=\"European bison\" class=\"image\"><img decoding=\"async\" class=\"img-fluid\" src=\"https:\/\/pb.edu.pl\/sjo\/wp-content\/uploads\/sites\/9\/2023\/01\/3-1.png\" alt=\"\"><\/a>\n\t\t\t\t\t\t\t\t\t\t\t\t\t<\/div>\n\t\t\t\t\t<\/div>\n\t\t\t\t\t\t\t\t\t<div class=\"col-md-3\">\n\t\t\t\t\t\t<div class=\"image-boxes-item\">\n\t\t\t\t\t\t\t\t\t\t\t\t\t\t\t<a href=\"https:\/\/pb.edu.pl\/sjo\/en\/learning-polish\/poland-and-poles\/bledow-desert\/\" target=\"\" title=\"B\u0142\u0119d\u00f3w Desert\" class=\"image\"><img decoding=\"async\" class=\"img-fluid\" src=\"https:\/\/pb.edu.pl\/sjo\/wp-content\/uploads\/sites\/9\/2023\/02\/2-3.png\" alt=\"\"><\/a>\n\t\t\t\t\t\t\t\t\t\t\t\t\t<\/div>\n\t\t\t\t\t<\/div>\n\t\t\t\t\t\t\t\t\t<div class=\"col-md-3\">\n\t\t\t\t\t\t<div class=\"image-boxes-item\">\n\t\t\t\t\t\t\t\t\t\t\t\t\t\t\t<a href=\"https:\/\/pb.edu.pl\/sjo\/en\/learning-polish\/poland-and-poles\/swidnica-cellar\/\" target=\"\" title=\"\u015awidnica Cellar\" class=\"image\"><img decoding=\"async\" class=\"img-fluid\" src=\"https:\/\/pb.edu.pl\/sjo\/wp-content\/uploads\/sites\/9\/2023\/02\/3-2.png\" alt=\"\"><\/a>\n\t\t\t\t\t\t\t\t\t\t\t\t\t<\/div>\n\t\t\t\t\t<\/div>\n\t\t\t\t\t\t\t\t\t<div class=\"col-md-3\">\n\t\t\t\t\t\t<div class=\"image-boxes-item\">\n\t\t\t\t\t\t\t\t\t\t\t\t\t\t\t<a href=\"https:\/\/pb.edu.pl\/sjo\/en\/learning-polish\/poland-and-poles\/zurek\/\" target=\"\" title=\"\u017burek\" class=\"image\"><img decoding=\"async\" class=\"img-fluid\" src=\"https:\/\/pb.edu.pl\/sjo\/wp-content\/uploads\/sites\/9\/2023\/02\/delicious1.png\" alt=\"\"><\/a>\n\t\t\t\t\t\t\t\t\t\t\t\t\t<\/div>\n\t\t\t\t\t<\/div>\n\t\t\t\t\t\t\t\t\t<div class=\"col-md-3\">\n\t\t\t\t\t\t<div class=\"image-boxes-item\">\n\t\t\t\t\t\t\t\t\t\t\t\t\t\t\t<a href=\"https:\/\/pb.edu.pl\/sjo\/en\/learning-polish\/poland-and-poles\/yew-henryk\/\" target=\"\" title=\"Yew \u2018Henryk\u2019\" class=\"image\"><img decoding=\"async\" class=\"img-fluid\" src=\"https:\/\/pb.edu.pl\/sjo\/wp-content\/uploads\/sites\/9\/2023\/02\/amazing.png\" alt=\"\"><\/a>\n\t\t\t\t\t\t\t\t\t\t\t\t\t<\/div>\n\t\t\t\t\t<\/div>\n\t\t\t\t\t\t\t\t\t<div class=\"col-md-3\">\n\t\t\t\t\t\t<div class=\"image-boxes-item\">\n\t\t\t\t\t\t\t\t\t\t\t\t\t\t\t<a href=\"https:\/\/pb.edu.pl\/sjo\/en\/learning-polish\/poland-and-poles\/polish-doughnuts\/\" target=\"\" title=\"Polish doughnuts\" class=\"image\"><img decoding=\"async\" class=\"img-fluid\" src=\"https:\/\/pb.edu.pl\/sjo\/wp-content\/uploads\/sites\/9\/2023\/02\/1.png\" alt=\"\"><\/a>\n\t\t\t\t\t\t\t\t\t\t\t\t\t<\/div>\n\t\t\t\t\t<\/div>\n\t\t\t\t\t\t\t\t\t<div class=\"col-md-3\">\n\t\t\t\t\t\t<div class=\"image-boxes-item\">\n\t\t\t\t\t\t\t\t\t\t\t\t\t\t\t<a href=\"https:\/\/pb.edu.pl\/sjo\/en\/learning-polish\/poland-and-poles\/the-eclectic-castle-in-moszna\/\" target=\"\" title=\"The eclectic castle in Moszna\" class=\"image\"><img decoding=\"async\" class=\"img-fluid\" src=\"https:\/\/pb.edu.pl\/sjo\/wp-content\/uploads\/sites\/9\/2023\/02\/2.png\" alt=\"\"><\/a>\n\t\t\t\t\t\t\t\t\t\t\t\t\t<\/div>\n\t\t\t\t\t<\/div>\n\t\t\t\t\t\t\t\t\t<div class=\"col-md-3\">\n\t\t\t\t\t\t<div class=\"image-boxes-item\">\n\t\t\t\t\t\t\t\t\t\t\t\t\t\t\t<a href=\"https:\/\/pb.edu.pl\/sjo\/en\/tekla-poplar\/\" target=\"\" title=\"Tekla poplar\" class=\"image\"><img decoding=\"async\" class=\"img-fluid\" src=\"https:\/\/pb.edu.pl\/sjo\/wp-content\/uploads\/sites\/9\/2023\/01\/5-1.png\" alt=\"\"><\/a>\n\t\t\t\t\t\t\t\t\t\t\t\t\t<\/div>\n\t\t\t\t\t<\/div>\n\t\t\t\t\t\t\t\t\t<div class=\"col-md-3\">\n\t\t\t\t\t\t<div class=\"image-boxes-item\">\n\t\t\t\t\t\t\t\t\t\t\t\t\t\t\t<a href=\"https:\/\/pb.edu.pl\/sjo\/en\/learning-polish\/poland-and-poles\/geographical-center-of-europe\/\" target=\"\" title=\"Geographical center of Europe\" class=\"image\"><img decoding=\"async\" class=\"img-fluid\" src=\"https:\/\/pb.edu.pl\/sjo\/wp-content\/uploads\/sites\/9\/2023\/01\/2-1.png\" alt=\"\"><\/a>\n\t\t\t\t\t\t\t\t\t\t\t\t\t<\/div>\n\t\t\t\t\t<\/div>\n\t\t\t\t\t\t\t\t\t<div class=\"col-md-3\">\n\t\t\t\t\t\t<div class=\"image-boxes-item\">\n\t\t\t\t\t\t\t\t\t\t\t\t\t\t\t<a href=\"https:\/\/pb.edu.pl\/sjo\/en\/learning-polish\/poland-and-poles\/roadside-shrines\/\" target=\"\" title=\"Roadside shrines\" class=\"image\"><img decoding=\"async\" class=\"img-fluid\" src=\"https:\/\/pb.edu.pl\/sjo\/wp-content\/uploads\/sites\/9\/2023\/01\/8.png\" alt=\"\"><\/a>\n\t\t\t\t\t\t\t\t\t\t\t\t\t<\/div>\n\t\t\t\t\t<\/div>\n\t\t\t\t\t\t\t\t\t<div class=\"col-md-3\">\n\t\t\t\t\t\t<div class=\"image-boxes-item\">\n\t\t\t\t\t\t\t\t\t\t\t\t\t\t\t<a href=\"https:\/\/pb.edu.pl\/sjo\/en\/learning-polish\/poland-and-poles\/baltic-amber\/\" target=\"\" title=\"Baltic amber\" class=\"image\"><img decoding=\"async\" class=\"img-fluid\" src=\"https:\/\/pb.edu.pl\/sjo\/wp-content\/uploads\/sites\/9\/2023\/01\/4-1.png\" alt=\"\"><\/a>\n\t\t\t\t\t\t\t\t\t\t\t\t\t<\/div>\n\t\t\t\t\t<\/div>\n\t\t\t\t\t\t\t\t\t<div class=\"col-md-3\">\n\t\t\t\t\t\t<div class=\"image-boxes-item\">\n\t\t\t\t\t\t\t\t\t\t\t\t\t\t\t<a href=\"https:\/\/pb.edu.pl\/sjo\/en\/learning-polish\/poland-and-poles\/jan-matejko\/\" target=\"\" title=\"Jan Matejko\" class=\"image\"><img decoding=\"async\" class=\"img-fluid\" src=\"https:\/\/pb.edu.pl\/sjo\/wp-content\/uploads\/sites\/9\/2023\/01\/6.png\" alt=\"\"><\/a>\n\t\t\t\t\t\t\t\t\t\t\t\t\t<\/div>\n\t\t\t\t\t<\/div>\n\t\t\t\t\t\t\t\t\t<div class=\"col-md-3\">\n\t\t\t\t\t\t<div class=\"image-boxes-item\">\n\t\t\t\t\t\t\t\t\t\t\t\t\t\t\t<a href=\"https:\/\/pb.edu.pl\/sjo\/en\/learning-polish\/poland-and-poles\/grzaniec\/\" target=\"\" title=\"Grzaniec\" class=\"image\"><img decoding=\"async\" class=\"img-fluid\" src=\"https:\/\/pb.edu.pl\/sjo\/wp-content\/uploads\/sites\/9\/2023\/02\/2-1.png\" alt=\"\"><\/a>\n\t\t\t\t\t\t\t\t\t\t\t\t\t<\/div>\n\t\t\t\t\t<\/div>\n\t\t\t\t\t\t\t\t\t<div class=\"col-md-3\">\n\t\t\t\t\t\t<div class=\"image-boxes-item\">\n\t\t\t\t\t\t\t\t\t\t\t\t\t\t\t<a href=\"https:\/\/pb.edu.pl\/sjo\/en\/learning-polish\/poland-and-poles\/skull-chapel\/\" target=\"\" title=\"Skull Chapel\" class=\"image\"><img decoding=\"async\" class=\"img-fluid\" src=\"https:\/\/pb.edu.pl\/sjo\/wp-content\/uploads\/sites\/9\/2023\/02\/amazing1-1.png\" alt=\"\"><\/a>\n\t\t\t\t\t\t\t\t\t\t\t\t\t<\/div>\n\t\t\t\t\t<\/div>\n\t\t\t\t\t\t\t<\/div>\n\t\t<\/div>\n\t\n","protected":false},"excerpt":{"rendered":"","protected":false},"author":6,"featured_media":0,"parent":16506,"menu_order":0,"comment_status":"closed","ping_status":"closed","template":"","meta":{"_acf_changed":false,"ngg_post_thumbnail":0,"footnotes":""},"class_list":["post-18090","page","type-page","status-publish","hentry"],"acf":[],"yoast_head":"<!-- This site is optimized with the Yoast SEO plugin v27.0 - https:\/\/yoast.com\/product\/yoast-seo-wordpress\/ -->\n<title>Poland and Poles - Foreign Language Centre<\/title>\n<meta name=\"robots\" content=\"index, follow, max-snippet:-1, max-image-preview:large, max-video-preview:-1\" \/>\n<link rel=\"canonical\" href=\"https:\/\/pb.edu.pl\/sjo\/en\/learning-polish\/poland-and-poles\/\" \/>\n<meta property=\"og:locale\" content=\"en_US\" \/>\n<meta property=\"og:type\" content=\"article\" \/>\n<meta property=\"og:title\" content=\"Poland and Poles - Foreign Language Centre\" \/>\n<meta property=\"og:url\" content=\"https:\/\/pb.edu.pl\/sjo\/en\/learning-polish\/poland-and-poles\/\" \/>\n<meta property=\"og:site_name\" content=\"Foreign Language Centre\" \/>\n<meta property=\"article:modified_time\" content=\"2024-05-16T06:35:45+00:00\" \/>\n<meta name=\"twitter:label1\" content=\"Est. reading time\" \/>\n\t<meta name=\"twitter:data1\" content=\"1 minute\" \/>\n<script type=\"application\/ld+json\" class=\"yoast-schema-graph\">{\"@context\":\"https:\/\/schema.org\",\"@graph\":[{\"@type\":\"WebPage\",\"@id\":\"https:\/\/pb.edu.pl\/sjo\/en\/learning-polish\/poland-and-poles\/\",\"url\":\"https:\/\/pb.edu.pl\/sjo\/en\/learning-polish\/poland-and-poles\/\",\"name\":\"Poland and Poles - Foreign Language Centre\",\"isPartOf\":{\"@id\":\"https:\/\/pb.edu.pl\/sjo\/#website\"},\"datePublished\":\"2020-08-17T13:56:46+00:00\",\"dateModified\":\"2024-05-16T06:35:45+00:00\",\"breadcrumb\":{\"@id\":\"https:\/\/pb.edu.pl\/sjo\/en\/learning-polish\/poland-and-poles\/#breadcrumb\"},\"inLanguage\":\"en-US\",\"potentialAction\":[{\"@type\":\"ReadAction\",\"target\":[\"https:\/\/pb.edu.pl\/sjo\/en\/learning-polish\/poland-and-poles\/\"]}]},{\"@type\":\"BreadcrumbList\",\"@id\":\"https:\/\/pb.edu.pl\/sjo\/en\/learning-polish\/poland-and-poles\/#breadcrumb\",\"itemListElement\":[{\"@type\":\"ListItem\",\"position\":1,\"name\":\"Home\",\"item\":\"https:\/\/pb.edu.pl\/sjo\/en\/\"},{\"@type\":\"ListItem\",\"position\":2,\"name\":\"Learning Polish\",\"item\":\"https:\/\/pb.edu.pl\/sjo\/en\/learning-polish\/\"},{\"@type\":\"ListItem\",\"position\":3,\"name\":\"Poland and Poles\"}]},{\"@type\":\"WebSite\",\"@id\":\"https:\/\/pb.edu.pl\/sjo\/#website\",\"url\":\"https:\/\/pb.edu.pl\/sjo\/\",\"name\":\"Foreign Language Centre\",\"description\":\"\",\"potentialAction\":[{\"@type\":\"SearchAction\",\"target\":{\"@type\":\"EntryPoint\",\"urlTemplate\":\"https:\/\/pb.edu.pl\/sjo\/?s={search_term_string}\"},\"query-input\":{\"@type\":\"PropertyValueSpecification\",\"valueRequired\":true,\"valueName\":\"search_term_string\"}}],\"inLanguage\":\"en-US\"}]}<\/script>\n<!-- \/ Yoast SEO plugin. -->","yoast_head_json":{"title":"Poland and Poles - Foreign Language Centre","robots":{"index":"index","follow":"follow","max-snippet":"max-snippet:-1","max-image-preview":"max-image-preview:large","max-video-preview":"max-video-preview:-1"},"canonical":"https:\/\/pb.edu.pl\/sjo\/en\/learning-polish\/poland-and-poles\/","og_locale":"en_US","og_type":"article","og_title":"Poland and Poles - Foreign Language Centre","og_url":"https:\/\/pb.edu.pl\/sjo\/en\/learning-polish\/poland-and-poles\/","og_site_name":"Foreign Language Centre","article_modified_time":"2024-05-16T06:35:45+00:00","twitter_misc":{"Est. reading time":"1 minute"},"schema":{"@context":"https:\/\/schema.org","@graph":[{"@type":"WebPage","@id":"https:\/\/pb.edu.pl\/sjo\/en\/learning-polish\/poland-and-poles\/","url":"https:\/\/pb.edu.pl\/sjo\/en\/learning-polish\/poland-and-poles\/","name":"Poland and Poles - Foreign Language Centre","isPartOf":{"@id":"https:\/\/pb.edu.pl\/sjo\/#website"},"datePublished":"2020-08-17T13:56:46+00:00","dateModified":"2024-05-16T06:35:45+00:00","breadcrumb":{"@id":"https:\/\/pb.edu.pl\/sjo\/en\/learning-polish\/poland-and-poles\/#breadcrumb"},"inLanguage":"en-US","potentialAction":[{"@type":"ReadAction","target":["https:\/\/pb.edu.pl\/sjo\/en\/learning-polish\/poland-and-poles\/"]}]},{"@type":"BreadcrumbList","@id":"https:\/\/pb.edu.pl\/sjo\/en\/learning-polish\/poland-and-poles\/#breadcrumb","itemListElement":[{"@type":"ListItem","position":1,"name":"Home","item":"https:\/\/pb.edu.pl\/sjo\/en\/"},{"@type":"ListItem","position":2,"name":"Learning Polish","item":"https:\/\/pb.edu.pl\/sjo\/en\/learning-polish\/"},{"@type":"ListItem","position":3,"name":"Poland and Poles"}]},{"@type":"WebSite","@id":"https:\/\/pb.edu.pl\/sjo\/#website","url":"https:\/\/pb.edu.pl\/sjo\/","name":"Foreign Language Centre","description":"","potentialAction":[{"@type":"SearchAction","target":{"@type":"EntryPoint","urlTemplate":"https:\/\/pb.edu.pl\/sjo\/?s={search_term_string}"},"query-input":{"@type":"PropertyValueSpecification","valueRequired":true,"valueName":"search_term_string"}}],"inLanguage":"en-US"}]}},"_links":{"self":[{"href":"https:\/\/pb.edu.pl\/sjo\/en\/wp-json\/wp\/v2\/pages\/18090","targetHints":{"allow":["GET"]}}],"collection":[{"href":"https:\/\/pb.edu.pl\/sjo\/en\/wp-json\/wp\/v2\/pages"}],"about":[{"href":"https:\/\/pb.edu.pl\/sjo\/en\/wp-json\/wp\/v2\/types\/page"}],"author":[{"embeddable":true,"href":"https:\/\/pb.edu.pl\/sjo\/en\/wp-json\/wp\/v2\/users\/6"}],"replies":[{"embeddable":true,"href":"https:\/\/pb.edu.pl\/sjo\/en\/wp-json\/wp\/v2\/comments?post=18090"}],"version-history":[{"count":0,"href":"https:\/\/pb.edu.pl\/sjo\/en\/wp-json\/wp\/v2\/pages\/18090\/revisions"}],"up":[{"embeddable":true,"href":"https:\/\/pb.edu.pl\/sjo\/en\/wp-json\/wp\/v2\/pages\/16506"}],"wp:attachment":[{"href":"https:\/\/pb.edu.pl\/sjo\/en\/wp-json\/wp\/v2\/media?parent=18090"}],"curies":[{"name":"wp","href":"https:\/\/api.w.org\/{rel}","templated":true}]}}