{"id":17383,"date":"2017-11-21T10:23:25","date_gmt":"2017-11-21T09:23:25","guid":{"rendered":"https:\/\/pb.edu.pl\/sjo\/about-us\/historia\/"},"modified":"2022-11-09T14:46:40","modified_gmt":"2022-11-09T13:46:40","slug":"history","status":"publish","type":"page","link":"https:\/\/pb.edu.pl\/sjo\/en\/about-us\/history\/","title":{"rendered":"History"},"content":{"rendered":"<p>Foreign language teaching has been a part of the educational programmes of the University since its very first years. Initially, due to a relatively small number of students, foreign language teachers were only contracted on the basis of a certain number of teaching hours. In 1964, the Centre for Practical Foreign Language Teaching was established at Bialystok Higher School of Engineering. Although in the beginning the Centre was organisationally subordinated to the Faculty of Civil Engineering and later to the Faculty of General Technical Sciences, it was fully autonomous. As the head of the Centre was assigned Aleksander Bo\u0142tryk, MA, a Russian language specialist.<\/p>\n<p><img loading=\"lazy\" decoding=\"async\" class=\"wp-image-14836 aligncenter\" src=\"https:\/\/pb.edu.pl\/sjo\/wp-content\/uploads\/sites\/9\/2017\/11\/historiaSJO01.jpg\" alt=\"Associate Prof. Wies\u0142aw Nowara, PhD, Eng, Dean of the Faculty of Civil Engineering and Henryk Popko, PhD, Eng, Dean of the Faculty of Mechanical Engineering, in university gowns and with the dean's insignia; in the second row: Aleksander Bo\u0142tryk, MA, Head of the Foreign Language Centre\" width=\"545\" height=\"357\" srcset=\"https:\/\/pb.edu.pl\/sjo\/wp-content\/uploads\/sites\/9\/2017\/11\/historiaSJO01.jpg 868w, https:\/\/pb.edu.pl\/sjo\/wp-content\/uploads\/sites\/9\/2017\/11\/historiaSJO01-300x197.jpg 300w, https:\/\/pb.edu.pl\/sjo\/wp-content\/uploads\/sites\/9\/2017\/11\/historiaSJO01-768x503.jpg 768w\" sizes=\"auto, (max-width: 545px) 100vw, 545px\" \/><\/p>\n<p>Initially, the Centre employed few people \u2013 in 1965 there were 2 full-time employees and 4 people with contracted hours. Language classes were conducted at the faculties of Civil, Electrical, Mechanical Engineering and at the Faculty of General Technical Sciences. In 1969, two bodies were created in the Centre: Russian Language Teachers Team and Western European Languages Teachers Team. The Head of the first unit was Zinaida Bagniuk (Dzierma\u0144ska), MA, who exercised the function uninterruptedly until 1996. The Head of the second unit was Irena Bruzda-Szymaniuk, MA, who exercised the function uninterruptedly until retirement in 1990.<\/p>\n<p>The 1970s brought about a change of location of the Centre to Wiejska street, where it gained new facilities, such as language laboratories and modern \u2013 or its time \u2013 electronic equipment.<br \/>\n<img loading=\"lazy\" decoding=\"async\" class=\"wp-image-14844 aligncenter\" src=\"https:\/\/pb.edu.pl\/sjo\/wp-content\/uploads\/sites\/9\/2017\/11\/historiaSJO02.jpg\" alt=\"lecturer wearing earphones operates a reel-to-reel tape recorder; in the background, students wearing earphones sit in cubicles\" width=\"545\" height=\"332\" srcset=\"https:\/\/pb.edu.pl\/sjo\/wp-content\/uploads\/sites\/9\/2017\/11\/historiaSJO02.jpg 1132w, https:\/\/pb.edu.pl\/sjo\/wp-content\/uploads\/sites\/9\/2017\/11\/historiaSJO02-300x183.jpg 300w, https:\/\/pb.edu.pl\/sjo\/wp-content\/uploads\/sites\/9\/2017\/11\/historiaSJO02-768x467.jpg 768w, https:\/\/pb.edu.pl\/sjo\/wp-content\/uploads\/sites\/9\/2017\/11\/historiaSJO02-1024x623.jpg 1024w\" sizes=\"auto, (max-width: 545px) 100vw, 545px\" \/><\/p>\n<p>In 1976, the Western European Language Teachers Team was divided into English Language Teachers Team and German Language Teachers Team, which, for organisational purposes, included a teacher of French as well. The head of the English teachers team was Rose Prajs, a native English woman who exercised the function until retirement in 1981. The dynamic development of the University was reflected in gradually increasing employment of foreign language teachers, including native speakers. They were all increasingly well prepared for their profession. Most of them participated in courses and transnational traineeships, attended national conferences and developed their professional qualifications during postgraduate studies. Practical knowledge of foreign languages was gaining more and more recognition in the society. This was reflected in the introduction of foreign languages as an examination subject for candidates for the first year of full-time studies and in the extended foreign language programmes. The 1970s and 1980s saw an increase in teaching hours assigned to foreign languages. Apart from learning everyday and literary language, students would also work on specialised texts in the field of their studies. This was supposed to thoroughly prepare them for autonomous use of specialised literature, allow full participation in international conferences and facilitate creating professional relationships.<\/p>\n<p><img loading=\"lazy\" decoding=\"async\" class=\"aligncenter wp-image-14845 size-full\" src=\"https:\/\/pb.edu.pl\/sjo\/wp-content\/uploads\/sites\/9\/2017\/11\/historiaSJO03.jpg\" alt=\"a collage of four photos showing SJO staff during itegration meetings\" width=\"1139\" height=\"376\" srcset=\"https:\/\/pb.edu.pl\/sjo\/wp-content\/uploads\/sites\/9\/2017\/11\/historiaSJO03.jpg 1139w, https:\/\/pb.edu.pl\/sjo\/wp-content\/uploads\/sites\/9\/2017\/11\/historiaSJO03-300x99.jpg 300w, https:\/\/pb.edu.pl\/sjo\/wp-content\/uploads\/sites\/9\/2017\/11\/historiaSJO03-768x254.jpg 768w, https:\/\/pb.edu.pl\/sjo\/wp-content\/uploads\/sites\/9\/2017\/11\/historiaSJO03-1024x338.jpg 1024w\" sizes=\"auto, (max-width: 1139px) 100vw, 1139px\" \/><\/p>\n<p>The 21st century brought further changes in the history of the Centre. 2002 marked the retirement of its Head \u2013 Aleksander Bo\u0142tryk, MA, who exercised the function for nearly 40 years. The position of the Head was then taken up by Roman Hajczuk, DSc, PhD (in the years 2002-2005), Alina Jab\u0142o\u0144ska Domurat, MA (in the years 2005-2008) and Wioletta Omelianiuk, MA (in the years 2008-2012, 2012-2016 and 2016-2018).<\/p>\n<p>The term of office of Alina Jab\u0142o\u0144ska Domurat, MA was a time of changes in approach to foreign language teaching of not only language teachers and academics, but also of the University\u2019s authorities. This resulted in the introduction of a compulsory exam at the end of a language course, then at B1 and B2 levels, which allowed for more intensive work with specialised language adapted to the characteristics of individual faculties. In 2006, pursuant to the ordinance of H.M. Rector, the Centre has attained the right to issue University Language Certificates at levels corresponding to the CEFR scale.<\/p>\n<p>The Centre Regulations approved by the ordinance of H.M Rector in 2006 became the programming document. The document introduced the function of Deputy Head, Board of the Centre, examination board and allowed the Centre to carry out commercial activities.<\/p>\n<p>In 2007, the Centre became a member of the Association of Academic Foreign Language Centres SERMO integrating it with its counterparts at other universities in Poland and abroad, which also highlighted the ongoing changes in the Centre.<\/p>\n<p>In the same year, another significant change took place: the name of the Centre was shortened to Foreign Language Centre (Studium J\u0119zyk\u00f3w Obcych \u2013 SJO) which reflected the profile of activities more fully: teaching was no longer limited to language courses required by the study programmes and also involved additional language courses under Polilingua Language Courses (to date, more than 2000 people have participated in language courses offered by the Centre), examinations for internal (BUT Language Certificate and Technical English Certificate (TEC) since 2018) and external language certificates such as TELC (in the years 2005-2010) and ETS GLOBAL (from 2008 to date, more than 1,000 people (students and employees alike) have taken the exam), examinations of doctoral students and, until 2009, examinations of students applying for Erasmus scholarship. The Centre also provides translations for the academic community. It is worth noting that in the years 2011-2014 102 employees of the University have attained B2 level certificates in foreign languages.<\/p>\n<p>Although the terms of office of Wioletta Omelianiuk and Halina Bramska were mainly a continuation of changes initiated by Alina Jab\u0142o\u0144ska Domurat and El\u017cbieta Sie\u0144ko, they brought about another change in the profile of activities of the Foreign Language Centre. Along with the changes in the whole of higher education, the National Qualifications Framework (Krajowe Ramy Kwalifikacji \u2013 KRK) became the watchword for the next years of the activities of the Centre. It meant a revolution in the development of curricula. Foreign Language Centre was ready for new challenges. All teachers underwent internal and external training courses, subject coordinators were appointed who are responsible for development and publication of syllabuses and teaching teams were developing curricula based on assumed education outcomes according to pursued studies or specialisations. Thanks to the warm support of the then Vice Rector for Student Affairs and Education, Assoc. prof. Katarzyna Zabielska-Adamska, DSc, PhD, Eng the first central examination in foreign languages at B2 level took place in 2010. It was an enormous organisational challenge for the entire staff of the Centre, as up to 1000 students were taking the exam in one session. The offer of the central examination at level B2 is constantly widening: since 2012 the English exam is divided into three profiles: general, technical and business in order to meet the needs and expectations of students and to tie in even more closely with their studies.<\/p>\n<p>Considering the rather unstable staffing situation at many universities in Poland, the Foreign Language Centre can be satisfied with the favour of the University\u2019s authorities. In 2011, a minimum of foreign language course hours for full-time students was set at 150 hours for the first degree and 30 hours for the second degree. Furthermore, a foreign language course is henceforth also a part of the doctoral programme. Competitions for the positions of foreign language teachers were announced by successive Rectors. In the meantime, new administrative and technical staff have been hired. A new post of administrative specialist and a half-time post of an IT technician were created in 2011 and 2014 respectively.<\/p>\n<p>It would be difficult to enumerate all the awards and distinctions received by the Centre\u2019s staff, such as annual rewards of H.M. Rector, university, ministerial and state decorations and medals, as well as \u2013 particularly deserving of being emphasised \u2013 positive and outstanding periodic evaluation of the staff and excellent results in student surveys.<\/p>\n<p><img loading=\"lazy\" decoding=\"async\" class=\"aligncenter wp-image-14846 size-full\" src=\"https:\/\/pb.edu.pl\/sjo\/wp-content\/uploads\/sites\/9\/2017\/11\/historiaSJO04.jpg\" alt=\"a collage of nine photographs showing SJO staff being awarded\" width=\"1168\" height=\"876\" srcset=\"https:\/\/pb.edu.pl\/sjo\/wp-content\/uploads\/sites\/9\/2017\/11\/historiaSJO04.jpg 1168w, https:\/\/pb.edu.pl\/sjo\/wp-content\/uploads\/sites\/9\/2017\/11\/historiaSJO04-300x225.jpg 300w, https:\/\/pb.edu.pl\/sjo\/wp-content\/uploads\/sites\/9\/2017\/11\/historiaSJO04-768x576.jpg 768w, https:\/\/pb.edu.pl\/sjo\/wp-content\/uploads\/sites\/9\/2017\/11\/historiaSJO04-1024x768.jpg 1024w\" sizes=\"auto, (max-width: 1168px) 100vw, 1168px\" \/><\/p>\n<p>Educational and organisational work is not all there is to the Foreign Language Centre, as its main focus remains to popularise foreign language acquisition and promoting the Centre and the University itself. The Centre is the host of numerous cultural, educational and scientific events. It is always present at the Open Days of Bialystok University of Technology, during the subsequent editions of Podlasie Festival of Arts and Science and on the University Day, during the Salon Maturzyst\u00f3w event.<\/p>\n<p>In the years 2005-2006 Foreign Language Centre organised Open Days with a number of events.<\/p>\n<p><img loading=\"lazy\" decoding=\"async\" class=\"aligncenter wp-image-14847 size-full\" src=\"https:\/\/pb.edu.pl\/sjo\/wp-content\/uploads\/sites\/9\/2017\/11\/historiaSJO05.jpg\" alt=\"a collage of three photographs depicting the Open Day at SJO\" width=\"1200\" height=\"396\" srcset=\"https:\/\/pb.edu.pl\/sjo\/wp-content\/uploads\/sites\/9\/2017\/11\/historiaSJO05.jpg 1200w, https:\/\/pb.edu.pl\/sjo\/wp-content\/uploads\/sites\/9\/2017\/11\/historiaSJO05-300x99.jpg 300w, https:\/\/pb.edu.pl\/sjo\/wp-content\/uploads\/sites\/9\/2017\/11\/historiaSJO05-768x253.jpg 768w, https:\/\/pb.edu.pl\/sjo\/wp-content\/uploads\/sites\/9\/2017\/11\/historiaSJO05-1024x338.jpg 1024w\" sizes=\"auto, (max-width: 1200px) 100vw, 1200px\" \/><\/p>\n<p>Promoting foreign languages was also reflected in four editions of the foreign language presentation competition (2011-2013 and 2017), annual organisation of the first stage of English and German Olympiads for technical universities, Russian Song Contest in 2011 and Foreign Language Song Contest (in the years 2014, 2016 and 2018).<\/p>\n<p><img loading=\"lazy\" decoding=\"async\" class=\"aligncenter wp-image-14848 size-full\" src=\"https:\/\/pb.edu.pl\/sjo\/wp-content\/uploads\/sites\/9\/2017\/11\/historiaSJO06.jpg\" alt=\"a collage of several photographs depicting the Song Contest\" width=\"1200\" height=\"848\" srcset=\"https:\/\/pb.edu.pl\/sjo\/wp-content\/uploads\/sites\/9\/2017\/11\/historiaSJO06.jpg 1200w, https:\/\/pb.edu.pl\/sjo\/wp-content\/uploads\/sites\/9\/2017\/11\/historiaSJO06-300x212.jpg 300w, https:\/\/pb.edu.pl\/sjo\/wp-content\/uploads\/sites\/9\/2017\/11\/historiaSJO06-768x543.jpg 768w, https:\/\/pb.edu.pl\/sjo\/wp-content\/uploads\/sites\/9\/2017\/11\/historiaSJO06-1024x724.jpg 1024w\" sizes=\"auto, (max-width: 1200px) 100vw, 1200px\" \/><\/p>\n<p>In the years 2004-2012, Foreign Language Centre was located in the premises of Dormitory No. 1 Alpha. In 2012 came the long-awaited relocation to the CNK (Centrum Nowoczesnego Kszta\u0142cenia) building.<\/p>\n<p>For decades, foreign languages taught in the Centre consisted of the following four languages: English, French, German and Russian. The year 2012 marked the introduction of Polish as a foreign language. Two of the teachers \u2013 Alina Jab\u0142o\u0144ska Domurat, MA and El\u017cbieta Sie\u0144ko, MA launched a project and organised two editions of Intensive Polish Language Courses from scratch under EILC programme. These courses were very popular and were soon followed by the permanent inclusion of Polish as a foreign language to the Centre\u2019s educational offer. The enormous organisational success was recognised last year, when SJO was awarded the first place for the Intensive Polish Language Courses EILC project in the institutional category in the EDUinspiracje competition organised by the Foundation for Education System Development (Fundusz Rozwoju Systemu Edukacji). The competition\u2019s topic was: \u201cSuccess stories: how has participation in educational programmes affected the functioning of institutions and our lives?\u201d<\/p>\n<p>The Centre\u2019s staff are increasingly actively participating in didactic trips organised by the International Relations Office and the Centre itself is visited by students and teachers from all over Europe.<\/p>\n<p>In the Jubilee Year, the Centre organised an international scientific and didactic conference on 30-31 May in cooperation with the Association of Academic Foreign Language Centres SERMO. The topic of the conference was: <em>Internationalisation of academic foreign language teaching centres.<\/em>The conference was a huge success and was met with positive reception of national and international participants.<\/p>\n<p><img loading=\"lazy\" decoding=\"async\" class=\"aligncenter wp-image-14849 size-full\" src=\"https:\/\/pb.edu.pl\/sjo\/wp-content\/uploads\/sites\/9\/2017\/11\/historiaSJO07.jpg\" alt=\"a collage of ten photographs depicting the conference &quot;Internationalisation of Academic Language Centres&quot;\" width=\"1114\" height=\"835\" srcset=\"https:\/\/pb.edu.pl\/sjo\/wp-content\/uploads\/sites\/9\/2017\/11\/historiaSJO07.jpg 1114w, https:\/\/pb.edu.pl\/sjo\/wp-content\/uploads\/sites\/9\/2017\/11\/historiaSJO07-300x225.jpg 300w, https:\/\/pb.edu.pl\/sjo\/wp-content\/uploads\/sites\/9\/2017\/11\/historiaSJO07-768x576.jpg 768w, https:\/\/pb.edu.pl\/sjo\/wp-content\/uploads\/sites\/9\/2017\/11\/historiaSJO07-1024x768.jpg 1024w\" sizes=\"auto, (max-width: 1114px) 100vw, 1114px\" \/><\/p>\n<p>Currently the Foreign Language Centre consists of 2 didactic teams (English Language Team and German, Russian and Spanish language team with a total of 27 teachers) and the Translation Team. Nowadays, the Centre\u2019s activities consist of everyday educational and organisational work, attending training sessions and realising projects, developing teaching aids, promoting foreign languages and last but not least \u2013 translation.<\/p>\n<p>Since 1 October 2018, the head of the Centre is Micha\u0142 Citko, MA, the deputy \u2013 Violetta Grabi\u0144ska, MA and the secretariat is headed by Edyta Kiersnowska, MSc, Eng. Technical support is provided by Leszek Zdrodowski.<\/p>\n<p><img loading=\"lazy\" decoding=\"async\" class=\"aligncenter wp-image-14850 size-full\" src=\"https:\/\/pb.edu.pl\/sjo\/wp-content\/uploads\/sites\/9\/2017\/11\/historiaSJO08.jpg\" alt=\"a collage of several photographs showing SJO staff\" width=\"1038\" height=\"779\" srcset=\"https:\/\/pb.edu.pl\/sjo\/wp-content\/uploads\/sites\/9\/2017\/11\/historiaSJO08.jpg 1038w, https:\/\/pb.edu.pl\/sjo\/wp-content\/uploads\/sites\/9\/2017\/11\/historiaSJO08-300x225.jpg 300w, https:\/\/pb.edu.pl\/sjo\/wp-content\/uploads\/sites\/9\/2017\/11\/historiaSJO08-768x576.jpg 768w, https:\/\/pb.edu.pl\/sjo\/wp-content\/uploads\/sites\/9\/2017\/11\/historiaSJO08-1024x768.jpg 1024w\" sizes=\"auto, (max-width: 1038px) 100vw, 1038px\" \/><\/p>\n","protected":false},"excerpt":{"rendered":"<p>Foreign language teaching has been a part of the educational programmes of the University since<\/p>\n","protected":false},"author":2,"featured_media":0,"parent":16366,"menu_order":8,"comment_status":"closed","ping_status":"closed","template":"","meta":{"_acf_changed":false,"ngg_post_thumbnail":0,"footnotes":""},"class_list":["post-17383","page","type-page","status-publish","hentry"],"acf":[],"yoast_head":"<!-- This site is optimized with the Yoast SEO plugin v27.0 - https:\/\/yoast.com\/product\/yoast-seo-wordpress\/ -->\n<title>History - Foreign Language Centre<\/title>\n<meta name=\"description\" content=\"Foreign language teaching has been a part of the educational programmes of the University since its very first years. Initially, due to a relatively small\" \/>\n<meta name=\"robots\" content=\"index, follow, max-snippet:-1, max-image-preview:large, max-video-preview:-1\" \/>\n<link rel=\"canonical\" href=\"https:\/\/pb.edu.pl\/sjo\/en\/about-us\/history\/\" \/>\n<meta property=\"og:locale\" content=\"en_US\" \/>\n<meta property=\"og:type\" content=\"article\" \/>\n<meta property=\"og:title\" content=\"History - Foreign Language Centre\" \/>\n<meta property=\"og:description\" content=\"Foreign language teaching has been a part of the educational programmes of the University since its very first years. Initially, due to a relatively small\" \/>\n<meta property=\"og:url\" content=\"https:\/\/pb.edu.pl\/sjo\/en\/about-us\/history\/\" \/>\n<meta property=\"og:site_name\" content=\"Foreign Language Centre\" \/>\n<meta property=\"article:modified_time\" content=\"2022-11-09T13:46:40+00:00\" \/>\n<meta property=\"og:image\" content=\"https:\/\/pb.edu.pl\/sjo\/wp-content\/uploads\/sites\/9\/2017\/11\/historiaSJO01.jpg\" \/>\n<meta name=\"twitter:label1\" content=\"Est. reading time\" \/>\n\t<meta name=\"twitter:data1\" content=\"9 minutes\" \/>\n<script type=\"application\/ld+json\" class=\"yoast-schema-graph\">{\"@context\":\"https:\/\/schema.org\",\"@graph\":[{\"@type\":\"WebPage\",\"@id\":\"https:\/\/pb.edu.pl\/sjo\/en\/about-us\/history\/\",\"url\":\"https:\/\/pb.edu.pl\/sjo\/en\/about-us\/history\/\",\"name\":\"History - Foreign Language Centre\",\"isPartOf\":{\"@id\":\"https:\/\/pb.edu.pl\/sjo\/#website\"},\"primaryImageOfPage\":{\"@id\":\"https:\/\/pb.edu.pl\/sjo\/en\/about-us\/history\/#primaryimage\"},\"image\":{\"@id\":\"https:\/\/pb.edu.pl\/sjo\/en\/about-us\/history\/#primaryimage\"},\"thumbnailUrl\":\"https:\/\/pb.edu.pl\/sjo\/wp-content\/uploads\/sites\/9\/2017\/11\/historiaSJO01.jpg\",\"datePublished\":\"2017-11-21T09:23:25+00:00\",\"dateModified\":\"2022-11-09T13:46:40+00:00\",\"description\":\"Foreign language teaching has been a part of the educational programmes of the University since its very first years. Initially, due to a relatively small\",\"breadcrumb\":{\"@id\":\"https:\/\/pb.edu.pl\/sjo\/en\/about-us\/history\/#breadcrumb\"},\"inLanguage\":\"en-US\",\"potentialAction\":[{\"@type\":\"ReadAction\",\"target\":[\"https:\/\/pb.edu.pl\/sjo\/en\/about-us\/history\/\"]}]},{\"@type\":\"ImageObject\",\"inLanguage\":\"en-US\",\"@id\":\"https:\/\/pb.edu.pl\/sjo\/en\/about-us\/history\/#primaryimage\",\"url\":\"https:\/\/pb.edu.pl\/sjo\/wp-content\/uploads\/sites\/9\/2017\/11\/historiaSJO01.jpg\",\"contentUrl\":\"https:\/\/pb.edu.pl\/sjo\/wp-content\/uploads\/sites\/9\/2017\/11\/historiaSJO01.jpg\"},{\"@type\":\"BreadcrumbList\",\"@id\":\"https:\/\/pb.edu.pl\/sjo\/en\/about-us\/history\/#breadcrumb\",\"itemListElement\":[{\"@type\":\"ListItem\",\"position\":1,\"name\":\"Home\",\"item\":\"https:\/\/pb.edu.pl\/sjo\/en\/\"},{\"@type\":\"ListItem\",\"position\":2,\"name\":\"About us\",\"item\":\"https:\/\/pb.edu.pl\/sjo\/en\/about-us\/\"},{\"@type\":\"ListItem\",\"position\":3,\"name\":\"History\"}]},{\"@type\":\"WebSite\",\"@id\":\"https:\/\/pb.edu.pl\/sjo\/#website\",\"url\":\"https:\/\/pb.edu.pl\/sjo\/\",\"name\":\"Foreign Language Centre\",\"description\":\"\",\"potentialAction\":[{\"@type\":\"SearchAction\",\"target\":{\"@type\":\"EntryPoint\",\"urlTemplate\":\"https:\/\/pb.edu.pl\/sjo\/?s={search_term_string}\"},\"query-input\":{\"@type\":\"PropertyValueSpecification\",\"valueRequired\":true,\"valueName\":\"search_term_string\"}}],\"inLanguage\":\"en-US\"}]}<\/script>\n<!-- \/ Yoast SEO plugin. -->","yoast_head_json":{"title":"History - Foreign Language Centre","description":"Foreign language teaching has been a part of the educational programmes of the University since its very first years. Initially, due to a relatively small","robots":{"index":"index","follow":"follow","max-snippet":"max-snippet:-1","max-image-preview":"max-image-preview:large","max-video-preview":"max-video-preview:-1"},"canonical":"https:\/\/pb.edu.pl\/sjo\/en\/about-us\/history\/","og_locale":"en_US","og_type":"article","og_title":"History - Foreign Language Centre","og_description":"Foreign language teaching has been a part of the educational programmes of the University since its very first years. Initially, due to a relatively small","og_url":"https:\/\/pb.edu.pl\/sjo\/en\/about-us\/history\/","og_site_name":"Foreign Language Centre","article_modified_time":"2022-11-09T13:46:40+00:00","og_image":[{"url":"https:\/\/pb.edu.pl\/sjo\/wp-content\/uploads\/sites\/9\/2017\/11\/historiaSJO01.jpg","type":"","width":"","height":""}],"twitter_misc":{"Est. reading time":"9 minutes"},"schema":{"@context":"https:\/\/schema.org","@graph":[{"@type":"WebPage","@id":"https:\/\/pb.edu.pl\/sjo\/en\/about-us\/history\/","url":"https:\/\/pb.edu.pl\/sjo\/en\/about-us\/history\/","name":"History - Foreign Language Centre","isPartOf":{"@id":"https:\/\/pb.edu.pl\/sjo\/#website"},"primaryImageOfPage":{"@id":"https:\/\/pb.edu.pl\/sjo\/en\/about-us\/history\/#primaryimage"},"image":{"@id":"https:\/\/pb.edu.pl\/sjo\/en\/about-us\/history\/#primaryimage"},"thumbnailUrl":"https:\/\/pb.edu.pl\/sjo\/wp-content\/uploads\/sites\/9\/2017\/11\/historiaSJO01.jpg","datePublished":"2017-11-21T09:23:25+00:00","dateModified":"2022-11-09T13:46:40+00:00","description":"Foreign language teaching has been a part of the educational programmes of the University since its very first years. Initially, due to a relatively small","breadcrumb":{"@id":"https:\/\/pb.edu.pl\/sjo\/en\/about-us\/history\/#breadcrumb"},"inLanguage":"en-US","potentialAction":[{"@type":"ReadAction","target":["https:\/\/pb.edu.pl\/sjo\/en\/about-us\/history\/"]}]},{"@type":"ImageObject","inLanguage":"en-US","@id":"https:\/\/pb.edu.pl\/sjo\/en\/about-us\/history\/#primaryimage","url":"https:\/\/pb.edu.pl\/sjo\/wp-content\/uploads\/sites\/9\/2017\/11\/historiaSJO01.jpg","contentUrl":"https:\/\/pb.edu.pl\/sjo\/wp-content\/uploads\/sites\/9\/2017\/11\/historiaSJO01.jpg"},{"@type":"BreadcrumbList","@id":"https:\/\/pb.edu.pl\/sjo\/en\/about-us\/history\/#breadcrumb","itemListElement":[{"@type":"ListItem","position":1,"name":"Home","item":"https:\/\/pb.edu.pl\/sjo\/en\/"},{"@type":"ListItem","position":2,"name":"About us","item":"https:\/\/pb.edu.pl\/sjo\/en\/about-us\/"},{"@type":"ListItem","position":3,"name":"History"}]},{"@type":"WebSite","@id":"https:\/\/pb.edu.pl\/sjo\/#website","url":"https:\/\/pb.edu.pl\/sjo\/","name":"Foreign Language Centre","description":"","potentialAction":[{"@type":"SearchAction","target":{"@type":"EntryPoint","urlTemplate":"https:\/\/pb.edu.pl\/sjo\/?s={search_term_string}"},"query-input":{"@type":"PropertyValueSpecification","valueRequired":true,"valueName":"search_term_string"}}],"inLanguage":"en-US"}]}},"_links":{"self":[{"href":"https:\/\/pb.edu.pl\/sjo\/en\/wp-json\/wp\/v2\/pages\/17383","targetHints":{"allow":["GET"]}}],"collection":[{"href":"https:\/\/pb.edu.pl\/sjo\/en\/wp-json\/wp\/v2\/pages"}],"about":[{"href":"https:\/\/pb.edu.pl\/sjo\/en\/wp-json\/wp\/v2\/types\/page"}],"author":[{"embeddable":true,"href":"https:\/\/pb.edu.pl\/sjo\/en\/wp-json\/wp\/v2\/users\/2"}],"replies":[{"embeddable":true,"href":"https:\/\/pb.edu.pl\/sjo\/en\/wp-json\/wp\/v2\/comments?post=17383"}],"version-history":[{"count":0,"href":"https:\/\/pb.edu.pl\/sjo\/en\/wp-json\/wp\/v2\/pages\/17383\/revisions"}],"up":[{"embeddable":true,"href":"https:\/\/pb.edu.pl\/sjo\/en\/wp-json\/wp\/v2\/pages\/16366"}],"wp:attachment":[{"href":"https:\/\/pb.edu.pl\/sjo\/en\/wp-json\/wp\/v2\/media?parent=17383"}],"curies":[{"name":"wp","href":"https:\/\/api.w.org\/{rel}","templated":true}]}}