{"id":633,"date":"2023-05-08T21:56:23","date_gmt":"2023-05-08T19:56:23","guid":{"rendered":"https:\/\/pb.edu.pl\/siw\/?page_id=633"},"modified":"2023-06-20T14:14:50","modified_gmt":"2023-06-20T12:14:50","slug":"loga-wydzialow","status":"publish","type":"page","link":"https:\/\/pb.edu.pl\/siw\/loga-wydzialow\/","title":{"rendered":"Loga wydzia\u0142\u00f3w"},"content":{"rendered":"<div class=\"style-guide\">\n<div>\n<div class=\"image\"><a href=\"\/siw\/loga-wydzialow\/wa\/\"><img loading=\"lazy\" decoding=\"async\" class=\"alignnone size-full wp-image-4935\" src=\"https:\/\/pb.edu.pl\/siw\/wp-content\/uploads\/sites\/101\/2023\/06\/kolor-WA-full-new2.webp\" alt=\"Wydzia\u0142 Architektury\" width=\"1140\" height=\"200\"><\/a><\/div>\n<div class=\"image\"><a href=\"\/siw\/loga-wydzialow\/wb\/\"><img loading=\"lazy\" decoding=\"async\" class=\"alignnone size-full wp-image-4935\" src=\"https:\/\/pb.edu.pl\/siw\/wp-content\/uploads\/sites\/101\/2023\/06\/kolor-WB-full-new2.webp\" alt=\"Wydzia\u0142 Budownictwa i Nauk o \u015arodowisku\" width=\"1140\" height=\"200\"><\/a><\/div>\n<div class=\"image\"><a href=\"\/siw\/loga-wydzialow\/we\/\"><img loading=\"lazy\" decoding=\"async\" class=\"alignnone size-full wp-image-4935\" src=\"https:\/\/pb.edu.pl\/siw\/wp-content\/uploads\/sites\/101\/2023\/06\/kolor-WE-full-new2.webp\" alt=\"Wydzia\u0142 Elektryczny\" width=\"1140\" height=\"200\"><\/a><\/div>\n<div class=\"image\"><a href=\"\/siw\/loga-wydzialow\/wi\/\"><img loading=\"lazy\" decoding=\"async\" class=\"alignnone size-full wp-image-4935\" src=\"https:\/\/pb.edu.pl\/siw\/wp-content\/uploads\/sites\/101\/2023\/06\/kolor-WI-full-new2.webp\" alt=\"Wydzia\u0142 Informatyki\" width=\"1140\" height=\"200\"><\/a><\/div>\n<div class=\"image\"><a href=\"\/siw\/loga-wydzialow\/wiz\/\"><img loading=\"lazy\" decoding=\"async\" class=\"alignnone size-full wp-image-4935\" src=\"https:\/\/pb.edu.pl\/siw\/wp-content\/uploads\/sites\/101\/2023\/06\/kolor-WIZ-full-new2.webp\" alt=\"Wydzia\u0142 In\u017cynierii Zarz\u0105dzania\" width=\"1140\" height=\"200\"><\/a><\/div>\n<div class=\"image\"><a href=\"\/siw\/loga-wydzialow\/wm\/\"><img loading=\"lazy\" decoding=\"async\" class=\"alignnone size-full wp-image-4935\" src=\"https:\/\/pb.edu.pl\/siw\/wp-content\/uploads\/sites\/101\/2023\/06\/kolor-WM-full-new2.webp\" alt=\"Wydzia\u0142 Mechaniczny\" width=\"1140\" height=\"200\"><\/a><\/div>\n<\/div>\n<\/div>\n<p><!-- [ksiega-znakow] --><\/p>\n","protected":false},"excerpt":{"rendered":"","protected":false},"author":2,"featured_media":0,"parent":0,"menu_order":5,"comment_status":"closed","ping_status":"closed","template":"","meta":{"_acf_changed":false,"ngg_post_thumbnail":0,"footnotes":""},"class_list":["post-633","page","type-page","status-publish","hentry"],"acf":[],"_links":{"self":[{"href":"https:\/\/pb.edu.pl\/siw\/wp-json\/wp\/v2\/pages\/633","targetHints":{"allow":["GET"]}}],"collection":[{"href":"https:\/\/pb.edu.pl\/siw\/wp-json\/wp\/v2\/pages"}],"about":[{"href":"https:\/\/pb.edu.pl\/siw\/wp-json\/wp\/v2\/types\/page"}],"author":[{"embeddable":true,"href":"https:\/\/pb.edu.pl\/siw\/wp-json\/wp\/v2\/users\/2"}],"replies":[{"embeddable":true,"href":"https:\/\/pb.edu.pl\/siw\/wp-json\/wp\/v2\/comments?post=633"}],"version-history":[{"count":0,"href":"https:\/\/pb.edu.pl\/siw\/wp-json\/wp\/v2\/pages\/633\/revisions"}],"wp:attachment":[{"href":"https:\/\/pb.edu.pl\/siw\/wp-json\/wp\/v2\/media?parent=633"}],"curies":[{"name":"wp","href":"https:\/\/api.w.org\/{rel}","templated":true}]}}