{"id":5595,"date":"2023-06-29T11:57:37","date_gmt":"2023-06-29T09:57:37","guid":{"rendered":"https:\/\/pb.edu.pl\/siw\/?page_id=5595"},"modified":"2025-06-16T15:13:49","modified_gmt":"2025-06-16T13:13:49","slug":"akceptacja-uzycia-logo-pb","status":"publish","type":"page","link":"https:\/\/pb.edu.pl\/siw\/ksiega-identyfikacji-wizualnej\/akceptacja-uzycia-logo-pb\/","title":{"rendered":"Akceptacja u\u017cycia logo Politechniki Bia\u0142ostockiej"},"content":{"rendered":"\n  <div class=\"style-guide\">\n              <div class=\"style-guide-intro\" >\n        <div class=\"columns\">\n              <div class=\"column\">\n                                <div>\n<h4><strong>Dzia\u0142 Promocji<\/strong><\/h4>\n<\/div>\n<div>&nbsp;<\/div>\n<div>ul. Wiejska 45A<br \/>\n15-351 Bia\u0142ystok<br \/>\nniski parter, pok\u00f3j 035 \u2013 037<\/div>\n<div>&nbsp;<\/div>\n<div>tel. 85 746 97 27 oraz 85 746 97 24<\/div>\n<div>tel. kom. +48 506 776 303<br \/>\n<a style=\"color: #55ff9f;\" href=\"https:\/\/pb.edu.pl\/kandydaci\/kontakt\/#\" target=\"_blank\" rel=\"nofollow noopener\">biuroprasowe [at] pb.edu.pl<\/a><\/div>\n<div>&nbsp;<\/div>\n<div><strong>Godziny pracy<\/strong><br \/>\nponiedzia\u0142ek \u2013 pi\u0105tek 7.30 \u2013 15.30<\/div>\n<div>&nbsp;<\/div>\n<div>&nbsp;<\/div>\n                  <\/div>\n              <div class=\"column\">\n                                <p><a href=\"https:\/\/pb.edu.pl\/siw\/wp-content\/uploads\/sites\/101\/2023\/06\/Kampus_mapa-rekrutacja-dzial-promocji.jpg\"><img loading=\"lazy\" decoding=\"async\" class=\"alignnone wp-image-5601 size-full\" style=\"margin-top: 20px;\" title=\"Kampus Politechniki Bia\u0142ostockiej - umiejscowienie Dzia\u0142u Promocji\" src=\"https:\/\/pb.edu.pl\/siw\/wp-content\/uploads\/sites\/101\/2023\/06\/Kampus_mapa-rekrutacja-dzial-promocji.jpg\" alt=\"Kampus Politechniki Bia\u0142ostockiej - umiejscowienie Dzia\u0142u Promocji\" width=\"1000\" height=\"643\" srcset=\"https:\/\/pb.edu.pl\/siw\/wp-content\/uploads\/sites\/101\/2023\/06\/Kampus_mapa-rekrutacja-dzial-promocji.jpg 1000w, https:\/\/pb.edu.pl\/siw\/wp-content\/uploads\/sites\/101\/2023\/06\/Kampus_mapa-rekrutacja-dzial-promocji-300x193.jpg 300w, https:\/\/pb.edu.pl\/siw\/wp-content\/uploads\/sites\/101\/2023\/06\/Kampus_mapa-rekrutacja-dzial-promocji-768x494.jpg 768w\" sizes=\"auto, (max-width: 1000px) 100vw, 1000px\" \/><\/a><\/p>\n                  <\/div>\n        \n    <\/div>\n  <\/div>\n    <\/div>\n  \n&nbsp;<\/p>\n<div class=\"h2\">Zasady akceptacji poprawno\u015bci u\u017cycia loga Politechniki Bia\u0142ostockiej<\/div>\n<p><strong>Aby uzyska\u0107 akceptacj\u0119 u\u017cycia logo PB na no\u015bnikach promuj\u0105cych Uczelni\u0119 nale\u017cy:<\/strong><\/p>\n<ol>\n<li>Zapozna\u0107 si\u0119 z Ksi\u0119g\u0105 Identyfikacji Wizualnej umieszczon\u0105 na stronie <a href=\"https:\/\/pb.edu.pl\/siw\/\">Systemu Identyfikacji Wizualnej<\/a>:<br \/>\n&nbsp;<br \/>\n<a href=\"https:\/\/pb.edu.pl\/siw\/wp-content\/uploads\/sites\/101\/2025\/06\/grafika-nr1.png\"><img loading=\"lazy\" decoding=\"async\" class=\"alignnone wp-image-6855\" src=\"https:\/\/pb.edu.pl\/siw\/wp-content\/uploads\/sites\/101\/2025\/06\/grafika-nr1.png\" alt=\"strona ksi\u0119gi identyfikacji - widok na monitorze\" width=\"610\" height=\"381\" srcset=\"https:\/\/pb.edu.pl\/siw\/wp-content\/uploads\/sites\/101\/2025\/06\/grafika-nr1.png 2160w, https:\/\/pb.edu.pl\/siw\/wp-content\/uploads\/sites\/101\/2025\/06\/grafika-nr1-300x188.png 300w, https:\/\/pb.edu.pl\/siw\/wp-content\/uploads\/sites\/101\/2025\/06\/grafika-nr1-1024x640.png 1024w, https:\/\/pb.edu.pl\/siw\/wp-content\/uploads\/sites\/101\/2025\/06\/grafika-nr1-768x480.png 768w, https:\/\/pb.edu.pl\/siw\/wp-content\/uploads\/sites\/101\/2025\/06\/grafika-nr1-1536x960.png 1536w, https:\/\/pb.edu.pl\/siw\/wp-content\/uploads\/sites\/101\/2025\/06\/grafika-nr1-2048x1280.png 2048w, https:\/\/pb.edu.pl\/siw\/wp-content\/uploads\/sites\/101\/2025\/06\/grafika-nr1-480x300.png 480w\" sizes=\"auto, (max-width: 610px) 100vw, 610px\" \/><\/a><\/li>\n<li>Na stronie <a href=\"https:\/\/pb.edu.pl\/siw\/ksiega-identyfikacji-wizualnej\/logo-uczelni\/\">Logo Uczelni<\/a> wybra\u0107 odpowiedni wariant i wersj\u0119 logo,<br \/>\nnast\u0119pnie <a href=\"https:\/\/pb.edu.pl\/siw\/ksiega-identyfikacji-wizualnej\/logo-uczelni\/wersja-pionowa\/#pliki-do-pobrania\">pobra\u0107 je w odpowiednim formacie<\/a>:<br \/>\n&nbsp;<br \/>\n<a href=\"https:\/\/pb.edu.pl\/siw\/wp-content\/uploads\/sites\/101\/2025\/06\/grafika-nr2.png\"><img loading=\"lazy\" decoding=\"async\" class=\"alignnone wp-image-6856\" src=\"https:\/\/pb.edu.pl\/siw\/wp-content\/uploads\/sites\/101\/2025\/06\/grafika-nr2.png\" alt=\"strona logo uczelni - widok na monitorze\" width=\"610\" height=\"381\" srcset=\"https:\/\/pb.edu.pl\/siw\/wp-content\/uploads\/sites\/101\/2025\/06\/grafika-nr2.png 2160w, https:\/\/pb.edu.pl\/siw\/wp-content\/uploads\/sites\/101\/2025\/06\/grafika-nr2-300x188.png 300w, https:\/\/pb.edu.pl\/siw\/wp-content\/uploads\/sites\/101\/2025\/06\/grafika-nr2-1024x640.png 1024w, https:\/\/pb.edu.pl\/siw\/wp-content\/uploads\/sites\/101\/2025\/06\/grafika-nr2-768x480.png 768w, https:\/\/pb.edu.pl\/siw\/wp-content\/uploads\/sites\/101\/2025\/06\/grafika-nr2-1536x960.png 1536w, https:\/\/pb.edu.pl\/siw\/wp-content\/uploads\/sites\/101\/2025\/06\/grafika-nr2-2048x1280.png 2048w, https:\/\/pb.edu.pl\/siw\/wp-content\/uploads\/sites\/101\/2025\/06\/grafika-nr2-480x300.png 480w\" sizes=\"auto, (max-width: 610px) 100vw, 610px\" \/><\/a><\/li>\n<li>Wybrane logo umie\u015bci\u0107 w swoim projekcie zgodnie z zasadami Ksi\u0119gi Identyfikacji Wizualnej.<br \/>\nPrzyk\u0142ady:<\/p>\n<p><a href=\"https:\/\/pb.edu.pl\/siw\/wp-content\/uploads\/sites\/101\/2025\/06\/grafika-nr3-1.png\"><img loading=\"lazy\" decoding=\"async\" class=\"alignnone wp-image-6859\" src=\"https:\/\/pb.edu.pl\/siw\/wp-content\/uploads\/sites\/101\/2025\/06\/grafika-nr3-1.png\" alt=\"grafiki prezentuj\u0105ce poprawne dodanie logo\" width=\"610\" height=\"381\" srcset=\"https:\/\/pb.edu.pl\/siw\/wp-content\/uploads\/sites\/101\/2025\/06\/grafika-nr3-1.png 2160w, https:\/\/pb.edu.pl\/siw\/wp-content\/uploads\/sites\/101\/2025\/06\/grafika-nr3-1-300x188.png 300w, https:\/\/pb.edu.pl\/siw\/wp-content\/uploads\/sites\/101\/2025\/06\/grafika-nr3-1-1024x640.png 1024w, https:\/\/pb.edu.pl\/siw\/wp-content\/uploads\/sites\/101\/2025\/06\/grafika-nr3-1-768x480.png 768w, https:\/\/pb.edu.pl\/siw\/wp-content\/uploads\/sites\/101\/2025\/06\/grafika-nr3-1-1536x960.png 1536w, https:\/\/pb.edu.pl\/siw\/wp-content\/uploads\/sites\/101\/2025\/06\/grafika-nr3-1-2048x1280.png 2048w, https:\/\/pb.edu.pl\/siw\/wp-content\/uploads\/sites\/101\/2025\/06\/grafika-nr3-1-480x300.png 480w\" sizes=\"auto, (max-width: 610px) 100vw, 610px\" \/><\/a><\/li>\n<li>Wys\u0142a\u0107 projekt (jako za\u0142\u0105cznik jpg, pdf lub w linku) do akceptacji na adres: <i class=\"fal fa-envelope\"><\/i> <a href=\"#\" rel=\"nofollow\"  onclick=\"this.href='mailto:' + 'logo' + '@' + 'pb.edu.pl'\">logo [at] pb.edu.pl<\/a>. W&nbsp;temacie maila wpisa\u0107: <em>Akceptacja logo na projekcie do wydarzenia (wpisa\u0107 nazw\u0119 wydarzenia)<\/em>.<\/li>\n<li>Po sprawdzeniu poprawno\u015bci u\u017cycia loga PB przez Dzia\u0142 Promocji Politechniki Bia\u0142ostockiej, odpowied\u017a zostanie przes\u0142ana do Pa\u0144stwa do dw\u00f3ch dni roboczych od chwili otrzymania maila z&nbsp;zapytaniem.<\/li>\n<\/ol>\n","protected":false},"excerpt":{"rendered":"<p>&nbsp; Zasady akceptacji poprawno\u015bci u\u017cycia loga Politechniki Bia\u0142ostockiej Aby uzyska\u0107 akceptacj\u0119 u\u017cycia logo PB na<\/p>\n","protected":false},"author":143,"featured_media":0,"parent":609,"menu_order":10,"comment_status":"closed","ping_status":"closed","template":"","meta":{"_acf_changed":false,"ngg_post_thumbnail":0,"footnotes":""},"class_list":["post-5595","page","type-page","status-publish","hentry"],"acf":[],"_links":{"self":[{"href":"https:\/\/pb.edu.pl\/siw\/wp-json\/wp\/v2\/pages\/5595","targetHints":{"allow":["GET"]}}],"collection":[{"href":"https:\/\/pb.edu.pl\/siw\/wp-json\/wp\/v2\/pages"}],"about":[{"href":"https:\/\/pb.edu.pl\/siw\/wp-json\/wp\/v2\/types\/page"}],"author":[{"embeddable":true,"href":"https:\/\/pb.edu.pl\/siw\/wp-json\/wp\/v2\/users\/143"}],"replies":[{"embeddable":true,"href":"https:\/\/pb.edu.pl\/siw\/wp-json\/wp\/v2\/comments?post=5595"}],"version-history":[{"count":0,"href":"https:\/\/pb.edu.pl\/siw\/wp-json\/wp\/v2\/pages\/5595\/revisions"}],"up":[{"embeddable":true,"href":"https:\/\/pb.edu.pl\/siw\/wp-json\/wp\/v2\/pages\/609"}],"wp:attachment":[{"href":"https:\/\/pb.edu.pl\/siw\/wp-json\/wp\/v2\/media?parent=5595"}],"curies":[{"name":"wp","href":"https:\/\/api.w.org\/{rel}","templated":true}]}}