{"id":5528,"date":"2023-06-28T15:12:43","date_gmt":"2023-06-28T13:12:43","guid":{"rendered":"https:\/\/pb.edu.pl\/siw\/?page_id=5528"},"modified":"2025-06-13T09:18:30","modified_gmt":"2025-06-13T07:18:30","slug":"wprowadzamy-ksiege-identyfikacji-wizualnej-politechniki-bialostockiej","status":"publish","type":"page","link":"https:\/\/pb.edu.pl\/siw\/ksiega-identyfikacji-wizualnej\/wprowadzamy-ksiege-identyfikacji-wizualnej-politechniki-bialostockiej\/","title":{"rendered":"Ksi\u0119ga Identyfikacji Wizualnej Politechniki Bia\u0142ostockiej"},"content":{"rendered":"<h2>Wsp\u00f3lnie kreujemy siln\u0105 mark\u0119 Uczelni<\/h2>\n<h4><span style=\"color: #00494b\"><strong>Dowiedz si\u0119 wi\u0119cej<\/strong><\/span><\/h4>\n<p>W dniu 30 czerwca 2023 r. Rektor naszej Uczelni wyda\u0142a Zarz\u0105dzenie nr <a title=\"\" href=\"https:\/\/www.bip.pb.edu.pl\/?event=informacja&amp;id=20472\">71\/2023<\/a> w sprawie ustalenia Ksi\u0119gi Identyfikacji Wizualnej Politechniki Bia\u0142ostockiej.<\/p>\n<div class=\"embed-responsive embed-responsive-16by9\"><iframe loading=\"lazy\" title=\"Wsp\u00f3lnie kreujemy siln\u0105 mark\u0119 Uczelni\" width=\"500\" height=\"281\" src=\"https:\/\/www.youtube.com\/embed\/veMGGwP-dhA?feature=oembed\" frameborder=\"0\" allow=\"accelerometer; autoplay; clipboard-write; encrypted-media; gyroscope; picture-in-picture; web-share\" referrerpolicy=\"strict-origin-when-cross-origin\" allowfullscreen><\/iframe><\/div>\n<p>&nbsp;<\/p>\n<p>Autork\u0105 dokumentu zawieraj\u0105cego zbi\u00f3r sp\u00f3jnych element\u00f3w graficznych, niezb\u0119dnych w prowadzeniu komunikacji naszej marki, jest dr Urszula Gire\u0144 z Katedry Grafiki Instytutu Sztuki Wydzia\u0142u Architektury Politechniki Bia\u0142ostockiej. To jedno z dzia\u0142a\u0144 realizowanych w ramach Strategii Rozwoju Politechniki Bia\u0142ostockiej na lata 2021-2024 z perspektyw\u0105 przed\u0142u\u017cenia do 2030. Prace nad Ksi\u0119g\u0105 Identyfikacji Wizualnej Politechniki Bia\u0142ostockiej koordynowa\u0142 Dzia\u0142 Promocji naszej Uczelni, kt\u00f3ry by\u0142 inicjatorem jej powstania.<\/p>\n<h4><span style=\"color: #00494b\"><strong>Ksi\u0119ga Identyfikacji Wizualnej Politechniki Bia\u0142ostockiej \u2013 co to w\u0142a\u015bciwie znaczy?<\/strong><\/span><\/h4>\n<p>Ksi\u0119ga Identyfikacji Wizualnej Politechniki Bia\u0142ostockiej to nic innego, jak zbi\u00f3r trwa\u0142ych, sp\u00f3jnych i uzupe\u0142niaj\u0105cych si\u0119 element\u00f3w graficznych oraz zasady ich wykorzystania. Ksi\u0119ga to nasz \u201edrogowskaz\u201d, kt\u00f3ry m\u00f3wi, jakie mamy god\u0142o, logo i sygnet, jak\u0105 palet\u0119 kolor\u00f3w i czcionek mo\u017cemy stosowa\u0107.<\/p>\n<p>To kluczowy dokument w budowaniu naszej marki. Dzi\u0119ki temu mo\u017cemy w spos\u00f3b sp\u00f3jny i co za tym idzie, bardziej skuteczny, komunikowa\u0107 si\u0119 z grup\u0105 docelow\u0105, a wi\u0119c zar\u00f3wno przysz\u0142ymi i obecnymi studentami, partnerami w obszarze edukacji, czy biznesu, jak i pracownikami. Najpro\u015bciej rzecz ujmuj\u0105c \u2013 w oparciu o system identyfikacji wizualnej budujemy sw\u00f3j wizerunek i jeste\u015bmy rozpoznawalni na rynku. Jako pracownicy \u2013 uto\u017csamiamy si\u0119 z Uczelni\u0105.<\/p>\n<p><a href=\"https:\/\/pb.edu.pl\/siw\/wp-content\/uploads\/sites\/101\/2023\/06\/Ksiega_Identyfikacji_Wizualnej_PB_spis-tresci.webp\"><img loading=\"lazy\" decoding=\"async\" class=\"alignnone wp-image-5575 size-full\" src=\"https:\/\/pb.edu.pl\/siw\/wp-content\/uploads\/sites\/101\/2023\/06\/Ksiega_Identyfikacji_Wizualnej_PB_spis-tresci.webp\" alt=\"Spis tre\u015bci Ksi\u0119gi Identyfikacji Wizualnej Politechniki Bia\u0142ostockiej\" width=\"841\" height=\"595\" srcset=\"https:\/\/pb.edu.pl\/siw\/wp-content\/uploads\/sites\/101\/2023\/06\/Ksiega_Identyfikacji_Wizualnej_PB_spis-tresci.webp 841w, https:\/\/pb.edu.pl\/siw\/wp-content\/uploads\/sites\/101\/2023\/06\/Ksiega_Identyfikacji_Wizualnej_PB_spis-tresci-300x212.webp 300w, https:\/\/pb.edu.pl\/siw\/wp-content\/uploads\/sites\/101\/2023\/06\/Ksiega_Identyfikacji_Wizualnej_PB_spis-tresci-768x543.webp 768w\" sizes=\"auto, (max-width: 841px) 100vw, 841px\" \/><\/a><\/p>\n<h4><span style=\"color: #00494b\"><strong>Dlaczego wprowadzamy system identyfikacji wizualnej?<\/strong><\/span><\/h4>\n<p>Politechnika Bia\u0142ostocka od 1975 roku promuje swoj\u0105 mark\u0119 pos\u0142uguj\u0105c si\u0119 znanym wszystkim god\u0142em, kt\u00f3rego symbolem jest orze\u0142 i wpisane w niego litery P i B. Tw\u00f3rc\u0105 god\u0142a jest znany i ceniony artysta Karol \u015aliwka. Znak zosta\u0142 <strong>zastrze\u017cony w Urz\u0119dzie Patentowym RP<\/strong> pod Nr 2573368.<\/p>\n<p>Do tej pory brakowa\u0142o jednak pewnego usystematyzowania naszych dzia\u0142a\u0144 wizerunkowych i stworzenia jednego, kompleksowego dokumentu, kt\u00f3ry ka\u017cda du\u017ca organizacja traktuje jako standardowy i nieodzowny element komunikacji<\/p>\n<div class=\"embed-responsive embed-responsive-16by9\"><iframe loading=\"lazy\" title=\"Wprowadzamy Ksi\u0119g\u0119 Identyfikacji Wizualnej Politechniki Bia\u0142ostockiej\" width=\"500\" height=\"281\" src=\"https:\/\/www.youtube.com\/embed\/zA9-JICcrDE?feature=oembed\" frameborder=\"0\" allow=\"accelerometer; autoplay; clipboard-write; encrypted-media; gyroscope; picture-in-picture; web-share\" referrerpolicy=\"strict-origin-when-cross-origin\" allowfullscreen><\/iframe><\/div>\n<p>&nbsp;<\/p>\n<p>W Ksi\u0119dze Identyfikacji Wizualnej Politechniki Bia\u0142ostockiej wprowadzamy opisane w spos\u00f3b profesjonalny formy wizualne. Poza god\u0142em Uczelni, dodany zostaje sygnet oraz logo w wersji pionowej i poziomej. Polsk\u0105 wersj\u0105 j\u0119zykow\u0105 uzupe\u0142nia wersja angloj\u0119zyczna, co pozwoli nam budowa\u0107 nowoczesn\u0105, siln\u0105 mark\u0119, rozpoznawaln\u0105 na polskim i zagranicznym rynku edukacji oraz w otoczeniu spo\u0142eczno-gospodarczym.<\/p>\n<p>Co warto podkre\u015bli\u0107, Ksi\u0119ga Identyfikacji Wizualnej Politechniki Bia\u0142ostockiej to nie tylko cz\u0119\u015b\u0107 strategii PR, ale tak\u017ce pomocne narz\u0119dzie w pracy tych, kt\u00f3rzy popularyzuj\u0105 dzia\u0142alno\u015b\u0107 naszej Uczelni.<\/p>\n<h4><span style=\"color: #00494b\"><strong>Wa\u017cne \u2013 co si\u0119 stanie z wcze\u015bniejszymi dokumentami i gotowymi materia\u0142ami promocyjnymi czy akcydensami?<\/strong><strong>&nbsp;<\/strong><\/span><\/h4>\n<p>Pozostaj\u0105 w mocy dokumenty opatrzone wzorem god\u0142a Uczelni, kt\u00f3re zosta\u0142y:<\/p>\n<ul>\n<li>wydane przed dniem wej\u015bcia w \u017cycie Zarz\u0105dzenia nr <a title=\"\" href=\"https:\/\/www.bip.pb.edu.pl\/?event=informacja&amp;id=20472\">71\/2023<\/a><\/li>\n<li>wydane do czasu formalnego zatwierdzenia przez w\u0142a\u015bciwe instytucje wzor\u00f3w tych dokument\u00f3w dostosowanych do Ksi\u0119gi Identyfikacji Wizualnej Politechniki Bia\u0142ostockiej<\/li>\n<\/ul>\n<p>Materia\u0142y wytworzone lub zlecone do wytworzenia przed dniem wej\u015bcia w \u017cycie Zarz\u0105dzenia, opatrzone wzorem god\u0142a obowi\u0105zuj\u0105cym do dnia wej\u015bcia w \u017cycie Zarz\u0105dzenia, mog\u0105 by\u0107 stosowane,<br \/>\n<strong>nie d\u0142u\u017cej ni\u017c do dnia 1 lipca 2025 roku.<\/strong><\/p>\n<h4><span style=\"color: #00494b\"><strong>Wsp\u00f3lnie dbamy o wizerunek naszej Uczelni \u2013 jak skorzysta\u0107 z materia\u0142\u00f3w?<\/strong><\/span><\/h4>\n<p>Nowy system identyfikacji wizualnej zawiera wskaz\u00f3wki dotycz\u0105ce stosowania znak\u00f3w w zakresie:<\/p>\n<ul>\n<li>pola ochronnego<\/li>\n<li>wariant\u00f3w pionowych i poziomych<\/li>\n<li>wariant\u00f3w kolorystycznych oraz t\u0142a<\/li>\n<li>wariant\u00f3w j\u0119zykowych<\/li>\n<li>wielko\u015bci znak\u00f3w<\/li>\n<li>systemu kolorystycznego<\/li>\n<li>typografii (czcionek)<\/li>\n<\/ul>\n<p>&nbsp;<\/p>\n<p><span style=\"color: #55ff9f;background-color: #00494b;padding: 20px\"><a style=\"color: #55ff9f;text-decoration: none\" href=\"https:\/\/pb.edu.pl\/siw\/wp-content\/uploads\/sites\/101\/2023\/06\/Ksiega_Identyfikacji_Wizualnej_PB_06-2023.pdf\">Pobierz Ksi\u0119g\u0119 Identyfikacji Wizualnej PB<\/a><\/span><\/p>\n<p>&nbsp;<\/p>\n<p>Dokument wskazuje jakie modyfikacje sygnetu, god\u0142a czy logo s\u0105 <span style=\"color: #00494b\"><a style=\"color: #00494b\" href=\"https:\/\/pb.edu.pl\/siw\/ksiega-identyfikacji-wizualnej\/sygnet\/#niedozwolone-modyfikacje\">niedopuszczalne<\/a><\/span>. Przedstawione w formie graficznej przyk\u0142ady b\u0142\u0119dnego zastosowania element\u00f3w identyfikacji wizualnej, pozwalaj\u0105 zrozumie\u0107, czego powinni\u015bmy si\u0119 wystrzega\u0107.<\/p>\n<p>Wizyt\u00f3wki, piecz\u0105tki, dyplomy, a mo\u017ce teczki? W cz\u0119\u015bci po\u015bwi\u0119conej <span style=\"color: #00494b\"><a style=\"color: #00494b\" href=\"https:\/\/pb.edu.pl\/siw\/ksiega-identyfikacji-wizualnej\/akcydensy\/\">akcydensom <\/a><\/span>znajduj\u0105 si\u0119 wzory wielu materia\u0142\u00f3w promocyjnych. Mo\u017cna je zam\u00f3wi\u0107 zgodnie ze swoimi potrzebami w Oficynie Wydawniczej Politechniki lub drukarni zewn\u0119trznej.<\/p>\n<p>&nbsp;<\/p>\n<p><span style=\"color: #55ff9f;background-color: #00494b;padding: 20px\"><a style=\"color: #55ff9f;text-decoration: none\" href=\"https:\/\/pb.edu.pl\/oficyna-wydawnicza\/kontakt\/\">Oficyna Wydawnicza Politechniki Bia\u0142ostockiej<\/a><\/span><\/p>\n<p>&nbsp;<\/p>\n<p>Wa\u017cne jest co piszemy, ale i jak piszemy. Dlatego wprowadzili\u015bmy <span style=\"color: #00494b\"><a style=\"color: #00494b\" href=\"https:\/\/pb.edu.pl\/siw\/ksiega-identyfikacji-wizualnej\/typografia\/\">okre\u015blone kroje pisma<\/a><\/span>, kt\u00f3re b\u0119d\u0105 czytelne, ale i sp\u00f3jne. Podstawowym krojem pisma jest Saira. Krojem pomocniczym jest Hanken Grotesk. Oba fonty s\u0105 darmowe.<\/p>\n<p>&nbsp;<\/p>\n<p><span style=\"color: #55ff9f;background-color: #00494b;padding: 20px\"><a style=\"color: #55ff9f;text-decoration: none\" href=\"https:\/\/pb.edu.pl\/siw\/ksiega-identyfikacji-wizualnej\/typografia\/#pliki-do-pobrania\">Tu mo\u017cna pobra\u0107 fonty<\/a><\/span><\/p>\n<p>&nbsp;<\/p>\n<p>Poza Ksi\u0119g\u0105 Identyfikacji Wizualnej naszej uczelni, zaprojektowano tak\u017ce do pobrania loga poszczeg\u00f3lnych wydzia\u0142\u00f3w wraz z okre\u015bleniem kolorystyki, z kt\u00f3rych mo\u017cna korzysta\u0107 ju\u017c teraz.<\/p>\n<p><strong>Wydzia\u0142y same decyduj\u0105 czy chc\u0105 wdro\u017cy\u0107 w swojej komunikacji nowe logo.<\/strong><\/p>\n<p>&nbsp;<\/p>\n<p><span style=\"color: #55ff9f;background-color: #00494b;padding: 20px\"><a style=\"color: #55ff9f;text-decoration: none\" href=\"https:\/\/pb.edu.pl\/siw\/loga-wydzialow\/\">Loga Wydzia\u0142\u00f3w Politechniki Bia\u0142ostockiej<\/a><\/span><\/p>\n<p>&nbsp;<\/p>\n<h4><span style=\"color: #00494b\"><strong>Najwa\u017cniejsze elementy systemu identyfikacji wizualnej PB<\/strong><\/span><\/h4>\n<p><strong>Sygnet <\/strong>\u2013 znak, kt\u00f3ry mo\u017ce by\u0107 stosowany na bardzo ma\u0142ych elementach, jak np. d\u0142ugopis. Wsz\u0119dzie tam, gdzie nie mo\u017cna u\u017cy\u0107 sygnetu z nazw\u0105 Uczelni<\/p>\n<p><a href=\"https:\/\/pb.edu.pl\/siw\/wp-content\/uploads\/sites\/101\/2023\/06\/sygnet-warianty-w-kolorze-1.webp\"><img loading=\"lazy\" decoding=\"async\" class=\"alignnone wp-image-5562 size-full\" src=\"https:\/\/pb.edu.pl\/siw\/wp-content\/uploads\/sites\/101\/2023\/06\/sygnet-warianty-w-kolorze-1.webp\" alt=\"Sygnet Politechniki Bia\u0142ostockiej - wersje kolorystyczne\" width=\"750\" height=\"414\" srcset=\"https:\/\/pb.edu.pl\/siw\/wp-content\/uploads\/sites\/101\/2023\/06\/sygnet-warianty-w-kolorze-1.webp 750w, https:\/\/pb.edu.pl\/siw\/wp-content\/uploads\/sites\/101\/2023\/06\/sygnet-warianty-w-kolorze-1-300x166.webp 300w\" sizes=\"auto, (max-width: 750px) 100vw, 750px\" \/><\/a><\/p>\n<p><strong>God\u0142o Uczelni \u2013 <\/strong>znak przeznaczony do stosowania na oficjalnych materia\u0142ach i podczas wyj\u0105tkowych uroczysto\u015bci np. Inauguracja Roku Akademickiego czy \u015awi\u0119to Uczelni<\/p>\n<p><a href=\"https:\/\/pb.edu.pl\/siw\/wp-content\/uploads\/sites\/101\/2023\/06\/Godlo-PB-warianty-w-kolorze.webp\"><img loading=\"lazy\" decoding=\"async\" class=\"alignnone wp-image-5563 size-full\" src=\"https:\/\/pb.edu.pl\/siw\/wp-content\/uploads\/sites\/101\/2023\/06\/Godlo-PB-warianty-w-kolorze.webp\" alt=\"God\u0142o Politechniki Bia\u0142ostockiej - wersje kolorystyczne\" width=\"750\" height=\"442\" srcset=\"https:\/\/pb.edu.pl\/siw\/wp-content\/uploads\/sites\/101\/2023\/06\/Godlo-PB-warianty-w-kolorze.webp 750w, https:\/\/pb.edu.pl\/siw\/wp-content\/uploads\/sites\/101\/2023\/06\/Godlo-PB-warianty-w-kolorze-300x177.webp 300w\" sizes=\"auto, (max-width: 750px) 100vw, 750px\" \/><\/a><\/p>\n<p><strong>Logo Uczelni \u2013<\/strong> &nbsp;znak, kt\u00f3ry mo\u017ce by\u0107 stosowany na mniej oficjalnych materia\u0142ach promocyjnych oraz gad\u017cetach biurowych, takich jak m.in.: kubki, koszulki, teczki firmowe, koperty.<br \/>\nStosujemy r\u00f3wnie\u017c logo w wersji pionowej, poziomej oraz w wersji angloj\u0119zycznej. Ka\u017cde z nich ma swoje warianty kolorystyczne.<\/p>\n<p><a href=\"https:\/\/pb.edu.pl\/siw\/wp-content\/uploads\/sites\/101\/2023\/06\/logo-PB-warianty-w-kolorze.webp\"><img loading=\"lazy\" decoding=\"async\" class=\"alignnone wp-image-5583 size-full\" src=\"https:\/\/pb.edu.pl\/siw\/wp-content\/uploads\/sites\/101\/2023\/06\/logo-PB-warianty-w-kolorze.webp\" alt=\"Logo Politechniki Bia\u0142ostockiej - wersje kolorystyczne\" width=\"750\" height=\"1065\" srcset=\"https:\/\/pb.edu.pl\/siw\/wp-content\/uploads\/sites\/101\/2023\/06\/logo-PB-warianty-w-kolorze.webp 750w, https:\/\/pb.edu.pl\/siw\/wp-content\/uploads\/sites\/101\/2023\/06\/logo-PB-warianty-w-kolorze-211x300.webp 211w, https:\/\/pb.edu.pl\/siw\/wp-content\/uploads\/sites\/101\/2023\/06\/logo-PB-warianty-w-kolorze-721x1024.webp 721w\" sizes=\"auto, (max-width: 750px) 100vw, 750px\" \/><\/a><\/p>\n<p><strong>Czcionka<\/strong> \u2013 krojem pisma stosowanego w tekstach podstawowych, nag\u0142\u00f3wkach, tytu\u0142ach jest Saira. Krojem pomocniczym jest Hanken Grotesk. Fonty nale\u017cy pobra\u0107, by m\u00f3c stosowa\u0107 je bez problem\u00f3w.<\/p>\n<p><a href=\"https:\/\/pb.edu.pl\/siw\/wp-content\/uploads\/sites\/101\/2023\/06\/typografia-PB.webp\"><img loading=\"lazy\" decoding=\"async\" class=\"alignnone wp-image-5586 size-full\" src=\"https:\/\/pb.edu.pl\/siw\/wp-content\/uploads\/sites\/101\/2023\/06\/typografia-PB.webp\" alt=\"Ksi\u0119g\u0119 Identyfikacji Wizualnej Politechniki Bia\u0142ostockiej - zalecane czcionki\" width=\"750\" height=\"601\" srcset=\"https:\/\/pb.edu.pl\/siw\/wp-content\/uploads\/sites\/101\/2023\/06\/typografia-PB.webp 750w, https:\/\/pb.edu.pl\/siw\/wp-content\/uploads\/sites\/101\/2023\/06\/typografia-PB-300x240.webp 300w\" sizes=\"auto, (max-width: 750px) 100vw, 750px\" \/><\/a><\/p>\n<h4><span style=\"color: #00494b\"><strong>\u0141\u0105czymy przesz\u0142o\u015b\u0107 i przysz\u0142o\u015b\u0107!<\/strong><\/span><strong>&nbsp;<\/strong><\/h4>\n<p>Nasza Uczelnia zmienia\u0142a si\u0119 na przestrzeni lat. Wraz z ni\u0105 ewoluowa\u0142o god\u0142o, kt\u00f3re najpierw jako splot kielni, ko\u0142a z\u0119batego oraz b\u0142yskawicy by\u0142o znakiem Wieczorowej Szko\u0142y In\u017cynierskiej, powo\u0142anej w 1949 roku. Po 15 latach god\u0142o uleg\u0142o zmianie za spraw\u0105 przekszta\u0142cenia szko\u0142y w Wy\u017csz\u0105 Szko\u0142\u0119 In\u017cyniersk\u0105.<\/p>\n<p><a href=\"https:\/\/pb.edu.pl\/siw\/wp-content\/uploads\/sites\/101\/2023\/06\/sygnety-PB-historia-2.webp\"><img loading=\"lazy\" decoding=\"async\" class=\"alignnone wp-image-5590 size-full\" src=\"https:\/\/pb.edu.pl\/siw\/wp-content\/uploads\/sites\/101\/2023\/06\/sygnety-PB-historia-2.webp\" alt=\"Sygnet Politechniki Bia\u0142ostockiej - historia\" width=\"750\" height=\"323\" srcset=\"https:\/\/pb.edu.pl\/siw\/wp-content\/uploads\/sites\/101\/2023\/06\/sygnety-PB-historia-2.webp 750w, https:\/\/pb.edu.pl\/siw\/wp-content\/uploads\/sites\/101\/2023\/06\/sygnety-PB-historia-2-300x129.webp 300w\" sizes=\"auto, (max-width: 750px) 100vw, 750px\" \/><\/a><\/p>\n<p>Uczelnia zyska\u0142a charakterystyczny zielony kolor, kt\u00f3ry nawi\u0105zywa\u0142 do le\u015bnego i rolniczego charakteru Bia\u0142ostocczyzny. Kolejna du\u017ca zmiana nast\u0105pi\u0142a w 1975 roku, kiedy otrzymali\u015bmy status Politechniki Bia\u0142ostockiej. God\u0142o zaprojektowa\u0142 specjalnie dla nas znany i ceniony w ca\u0142ej Polsce artysta Karol \u015aliwka, kt\u00f3ry jest autorem 400 znak\u00f3w, w tym tak rozpoznawalnych marek, jak PKO, Biblioteka Narodowa, Wydawnictwa Szkolne i Pedagogiczne, czy Adamed.<\/p>\n<h4><span style=\"color: #00494b\"><strong>Wsp\u00f3lnie kreujemy mark\u0119 Politechniki Bia\u0142ostockiej!<\/strong><\/span><\/h4>\n","protected":false},"excerpt":{"rendered":"<p>Wsp\u00f3lnie kreujemy siln\u0105 mark\u0119 Uczelni Dowiedz si\u0119 wi\u0119cej W dniu 30 czerwca 2023 r. Rektor<\/p>\n","protected":false},"author":2,"featured_media":0,"parent":609,"menu_order":0,"comment_status":"closed","ping_status":"closed","template":"","meta":{"_acf_changed":false,"ngg_post_thumbnail":0,"footnotes":""},"class_list":["post-5528","page","type-page","status-publish","hentry"],"acf":[],"_links":{"self":[{"href":"https:\/\/pb.edu.pl\/siw\/wp-json\/wp\/v2\/pages\/5528","targetHints":{"allow":["GET"]}}],"collection":[{"href":"https:\/\/pb.edu.pl\/siw\/wp-json\/wp\/v2\/pages"}],"about":[{"href":"https:\/\/pb.edu.pl\/siw\/wp-json\/wp\/v2\/types\/page"}],"author":[{"embeddable":true,"href":"https:\/\/pb.edu.pl\/siw\/wp-json\/wp\/v2\/users\/2"}],"replies":[{"embeddable":true,"href":"https:\/\/pb.edu.pl\/siw\/wp-json\/wp\/v2\/comments?post=5528"}],"version-history":[{"count":0,"href":"https:\/\/pb.edu.pl\/siw\/wp-json\/wp\/v2\/pages\/5528\/revisions"}],"up":[{"embeddable":true,"href":"https:\/\/pb.edu.pl\/siw\/wp-json\/wp\/v2\/pages\/609"}],"wp:attachment":[{"href":"https:\/\/pb.edu.pl\/siw\/wp-json\/wp\/v2\/media?parent=5528"}],"curies":[{"name":"wp","href":"https:\/\/api.w.org\/{rel}","templated":true}]}}