{"id":18,"date":"2020-09-22T23:35:35","date_gmt":"2020-09-22T21:35:35","guid":{"rendered":"https:\/\/pb.edu.pl\/siw\/?page_id=18"},"modified":"2025-06-16T14:14:39","modified_gmt":"2025-06-16T12:14:39","slug":"home","status":"publish","type":"page","link":"https:\/\/pb.edu.pl\/siw\/","title":{"rendered":""},"content":{"rendered":"\n  <div class=\"style-guide\">\n              <div class=\"style-intro\" >\n  <div class=\"row\">\n        <div class=\"col-md-5\" style=\"color:;background-color:\">\n              <div class=\"h3\">Ksi\u0119ga identyfikacji wizualnej<\/div>\n        <p>Ksi\u0119ga Identyfikacji Wizualnej Politechniki Bia\u0142ostockiej to zbi\u00f3r trwa\u0142ych, sp\u00f3jnych i uzupe\u0142niaj\u0105cych si\u0119 element\u00f3w graficznych oraz zasady ich wykorzystania. Ksi\u0119ga to nasz \u201edrogowskaz\u201d, kt\u00f3ry m\u00f3wi, jakie mamy god\u0142o, logo i sygnet, jak\u0105 palet\u0119 kolor\u00f3w i czcionek mo\u017cemy stosowa\u0107.<\/p>\n        <a href=\"https:\/\/pb.edu.pl\/siw\/ksiega-identyfikacji-wizualnej\/wprowadzamy-ksiege-identyfikacji-wizualnej-politechniki-bialostockiej\/\" class=\"button\">Wi\u0119cej<\/a>\n          <\/div>\n        <div class=\"col-md-7 col-image\" style=\"background-color:#00494b\">\n              <img decoding=\"async\" src=\"https:\/\/pb.edu.pl\/siw\/wp-content\/uploads\/sites\/101\/2023\/06\/sygnet-PB-kolor-bialy-na-przezroczystym-tle.webp\" alt=\"\" class=\"img-fluid\">\n          <\/div>\n      <\/div>\n  \n<\/div>\n              <div class=\"style-intro\" >\n  <div class=\"row\">\n        <div class=\"col-md-7 col-image\" style=\"background-color:#f8f8f8\">\n              <img decoding=\"async\" src=\"https:\/\/pb.edu.pl\/siw\/wp-content\/uploads\/sites\/101\/2023\/06\/loga-wydzialow-kolory.webp\" alt=\"\" class=\"img-fluid\">\n          <\/div>\n          <div class=\"col-md-5\" style=\"color:#ffffff;background-color:#007c66\">\n              <div class=\"h3\">Loga Wydzia\u0142\u00f3w Politechniki Bia\u0142ostockiej<\/div>\n        <p>wraz z okre\u015bleniem kolorystyki, z kt\u00f3rych mo\u017cna korzysta\u0107 ju\u017c teraz.\r\nWydzia\u0142y same decyduj\u0105 czy chc\u0105 wdro\u017cy\u0107 w swojej komunikacji nowe logo.<\/p>\n        <a href=\"https:\/\/pb.edu.pl\/siw\/loga-wydzialow\/\" class=\"button\" style=\"color: #ffffff;border-color: #ffffff\">Sprawd\u017a<\/a>\n          <\/div>\n      <\/div>\n  \n<\/div>\n    <\/div>\n  \n","protected":false},"excerpt":{"rendered":"","protected":false},"author":2,"featured_media":0,"parent":0,"menu_order":0,"comment_status":"closed","ping_status":"closed","template":"","meta":{"_acf_changed":false,"ngg_post_thumbnail":0,"footnotes":""},"class_list":["post-18","page","type-page","status-publish","hentry"],"acf":[],"_links":{"self":[{"href":"https:\/\/pb.edu.pl\/siw\/wp-json\/wp\/v2\/pages\/18","targetHints":{"allow":["GET"]}}],"collection":[{"href":"https:\/\/pb.edu.pl\/siw\/wp-json\/wp\/v2\/pages"}],"about":[{"href":"https:\/\/pb.edu.pl\/siw\/wp-json\/wp\/v2\/types\/page"}],"author":[{"embeddable":true,"href":"https:\/\/pb.edu.pl\/siw\/wp-json\/wp\/v2\/users\/2"}],"replies":[{"embeddable":true,"href":"https:\/\/pb.edu.pl\/siw\/wp-json\/wp\/v2\/comments?post=18"}],"version-history":[{"count":0,"href":"https:\/\/pb.edu.pl\/siw\/wp-json\/wp\/v2\/pages\/18\/revisions"}],"wp:attachment":[{"href":"https:\/\/pb.edu.pl\/siw\/wp-json\/wp\/v2\/media?parent=18"}],"curies":[{"name":"wp","href":"https:\/\/api.w.org\/{rel}","templated":true}]}}