{"id":5426,"date":"2026-04-30T20:32:43","date_gmt":"2026-04-30T18:32:43","guid":{"rendered":"https:\/\/pb.edu.pl\/signum\/?page_id=5426"},"modified":"2026-04-30T20:40:55","modified_gmt":"2026-04-30T18:40:55","slug":"finalisci-2025-26","status":"publish","type":"page","link":"https:\/\/pb.edu.pl\/signum\/konkurs\/internetowa-liga-lamiglowkowa\/finalisci-2025-26\/","title":{"rendered":"Finali\u015bci 2025\/26"},"content":{"rendered":"<h2>Finali\u015bci Internetowej Ligi \u0141amig\u0142\u00f3wkowej:<\/h2>\n<h3>szko\u0142a podstawowa<\/h3>\n<p>Krzysztof Andruczyk (Bia\u0142ystok)<br \/>\nWojciech Andruczyk (Bia\u0142ystok)<br \/>\nBartosz Czapko (Bia\u0142ystok)<br \/>\nBartosz Dziuba\u0142a (Ko\u017amin Wielkopolski)<br \/>\nKrzysztof Goli\u0144ski (Kozmin Wielkopolski)<br \/>\nIga Jarus (Ko\u017amin Wielkopolski)<br \/>\nMiko\u0142aj Kulpa (Bia\u0142ystok)<br \/>\nKornel Kury\u015b (Bia\u0142ystok)<br \/>\nIga Kuzia (Ko\u017amin Wielkopolski)<br \/>\nBarbara Nabzdyk (Ko\u017amin Wielkopolski)<br \/>\nWojciech Orzechowski (Gosty\u0144)<br \/>\nTobiasz Pieni\u0119\u017cny (Ko\u017amin Wielkopolski)<br \/>\nZuzanna Polak (Kostrzyn)<br \/>\nHubert Praczyk (Ko\u017amin Wielkopolski)<br \/>\nKacper Robakowski (Ko\u017amin Wielkopolski)<br \/>\nSzymon Seraszek (Ko\u017amin Wielkopolski)<br \/>\nLena Smok (Sulmierzyce)<br \/>\nAdam Staniek (Ko\u017amin Wielkopolski)<br \/>\nBartosz Stefa\u0144ski (Sulmierzyce)<br \/>\nJakub St\u0119pniak (Ko\u017amin Wielkopolski)<br \/>\nJulia Tokarska (Bia\u0142ystok)<br \/>\nKarolina Udzik (Ko\u017amin Wielkopolski)<br \/>\nMateusz Zagata (Gosty\u0144)<\/p>\n<h3>szko\u0142a ponadpodstawowa<\/h3>\n<p>Tymoteusz B\u0142aszczyk (Gosty\u0144)<br \/>\nJuliusz Brdys (Krotoszyn)<br \/>\nCezary Budzyna (Krotoszyn)<br \/>\nMa\u0142gorzata Anna \u0106wik (Krotoszyn)<br \/>\nAmelia Grzmil (W\u0119gorzewo)<br \/>\nTymur Kasyanov (Leszno)<br \/>\nZofia Koz\u0142owska (Bia\u0142ystok)<br \/>\nBlanka Kuzia (Krotoszyn)<br \/>\nWojciech Mroczek (Kalisz Pomorski)<br \/>\nEliza Napi\u00f3rkowska (Ostro\u0142\u0119ka)<br \/>\nAnastazja Poczta (Krotoszyn)<br \/>\nJulia Po\u0142osa (Soko\u0142\u00f3w Podlaski)<br \/>\nMaria Raczkiewicz (Krotoszyn)<\/p>\n","protected":false},"excerpt":{"rendered":"<p>Finali\u015bci Internetowej Ligi \u0141amig\u0142\u00f3wkowej: szko\u0142a podstawowa Krzysztof Andruczyk (Bia\u0142ystok) Wojciech Andruczyk (Bia\u0142ystok) Bartosz Czapko (Bia\u0142ystok)<\/p>\n","protected":false},"author":171,"featured_media":0,"parent":2658,"menu_order":0,"comment_status":"closed","ping_status":"closed","template":"","meta":{"_acf_changed":false,"ngg_post_thumbnail":0,"footnotes":""},"class_list":["post-5426","page","type-page","status-publish","hentry"],"acf":[],"_links":{"self":[{"href":"https:\/\/pb.edu.pl\/signum\/wp-json\/wp\/v2\/pages\/5426","targetHints":{"allow":["GET"]}}],"collection":[{"href":"https:\/\/pb.edu.pl\/signum\/wp-json\/wp\/v2\/pages"}],"about":[{"href":"https:\/\/pb.edu.pl\/signum\/wp-json\/wp\/v2\/types\/page"}],"author":[{"embeddable":true,"href":"https:\/\/pb.edu.pl\/signum\/wp-json\/wp\/v2\/users\/171"}],"replies":[{"embeddable":true,"href":"https:\/\/pb.edu.pl\/signum\/wp-json\/wp\/v2\/comments?post=5426"}],"version-history":[{"count":3,"href":"https:\/\/pb.edu.pl\/signum\/wp-json\/wp\/v2\/pages\/5426\/revisions"}],"predecessor-version":[{"id":5430,"href":"https:\/\/pb.edu.pl\/signum\/wp-json\/wp\/v2\/pages\/5426\/revisions\/5430"}],"up":[{"embeddable":true,"href":"https:\/\/pb.edu.pl\/signum\/wp-json\/wp\/v2\/pages\/2658"}],"wp:attachment":[{"href":"https:\/\/pb.edu.pl\/signum\/wp-json\/wp\/v2\/media?parent=5426"}],"curies":[{"name":"wp","href":"https:\/\/api.w.org\/{rel}","templated":true}]}}