{"id":5314,"date":"2026-02-01T23:23:50","date_gmt":"2026-02-01T22:23:50","guid":{"rendered":"https:\/\/pb.edu.pl\/signum\/?page_id=5314"},"modified":"2026-02-03T14:27:34","modified_gmt":"2026-02-03T13:27:34","slug":"finalisci-x-mum","status":"publish","type":"page","link":"https:\/\/pb.edu.pl\/signum\/konkurs\/memorial-urszuli-marciniak\/archiwum\/final\/finalisci-x-mum\/","title":{"rendered":"Finali\u015bci X MUM"},"content":{"rendered":"<p>Do fina\u0142u zakwalifikowano 109 os\u00f3b. Listy finalist\u00f3w w kategoriach uczniowskich podajemy w kolejno\u015bci alfabetycznej szk\u00f3\u0142, a w obr\u0119bie szko\u0142y \u2013 w kolejno\u015bci alfabetycznej nazwisk.<\/p>\n<h3>M\u0141ODZICY<\/h3>\n<div class=\"table-responsive\">\n<table class=\"table table-bordered\" style=\"width: 708px\">\n<thead>\n<tr>\n<td width=\"32\">Lp.<\/td>\n<td width=\"276\">Szko\u0142a<\/td>\n<td width=\"109\">Nazwisko<\/td>\n<td width=\"107\">Imi\u0119<\/td>\n<\/tr>\n<tr>\n<td>1<\/td>\n<td>CUBUS Szko\u0142a Matematyki, Bia\u0142ystok<\/td>\n<td>Gryko<\/td>\n<td>Anastazja<\/td>\n<\/tr>\n<tr>\n<td>2<\/td>\n<td>CUBUS Szko\u0142a Matematyki, Bia\u0142ystok<\/td>\n<td>Kacejko-Parfieniuk<\/td>\n<td>Gabriel<\/td>\n<\/tr>\n<tr>\n<td>3<\/td>\n<td>CUBUS Szko\u0142a Matematyki, Bia\u0142ystok<\/td>\n<td>Koroluk<\/td>\n<td>Maria<\/td>\n<\/tr>\n<tr>\n<td>4<\/td>\n<td>CUBUS Szko\u0142a Matematyki, Bia\u0142ystok<\/td>\n<td>Kowalski<\/td>\n<td>Franciszek<\/td>\n<\/tr>\n<tr>\n<td>5<\/td>\n<td>CUBUS Szko\u0142a Matematyki, Bia\u0142ystok<\/td>\n<td>\u0141api\u0144ski<\/td>\n<td>Bartek<\/td>\n<\/tr>\n<tr>\n<td>6<\/td>\n<td>CUBUS Szko\u0142a Matematyki, Bia\u0142ystok<\/td>\n<td>Ostroko\u0142owicz<\/td>\n<td>Zuzia<\/td>\n<\/tr>\n<tr>\n<td>7<\/td>\n<td>CUBUS Szko\u0142a Matematyki, Bia\u0142ystok<\/td>\n<td>Piec&nbsp;<\/td>\n<td>Marcel<\/td>\n<\/tr>\n<tr>\n<td>8<\/td>\n<td>CUBUS Szko\u0142a Matematyki, Bia\u0142ystok<\/td>\n<td>Timur<\/td>\n<td>Artiuch<\/td>\n<\/tr>\n<tr>\n<td>9<\/td>\n<td>Niepubliczna SP, Olsztyn<\/td>\n<td>\u0141o\u017any-Malinowski<\/td>\n<td>Jakub<\/td>\n<\/tr>\n<tr>\n<td>10<\/td>\n<td>Prywatna Szko\u0142a Podstawowa nr 1, Bia\u0142ystok<\/td>\n<td>Andruczyk<\/td>\n<td>Wojciech<\/td>\n<\/tr>\n<tr>\n<td>11<\/td>\n<td>Prywatna Szko\u0142a Podstawowa nr 1, Bia\u0142ystok<\/td>\n<td>Sobolewski<\/td>\n<td>Marek<\/td>\n<\/tr>\n<tr>\n<td>12<\/td>\n<td>SP3, Gi\u017cycko<\/td>\n<td>Orzechowski&nbsp;<\/td>\n<td>Filip<\/td>\n<\/tr>\n<tr>\n<td>13<\/td>\n<td>SP3, Gi\u017cycko<\/td>\n<td>Piotrowski&nbsp;<\/td>\n<td>W\u0142adys\u0142aw<\/td>\n<\/tr>\n<tr>\n<td>14<\/td>\n<td>SP3, Gi\u017cycko<\/td>\n<td>Piotrowski&nbsp;<\/td>\n<td>Witold<\/td>\n<\/tr>\n<tr>\n<td>15<\/td>\n<td>SP3, Gi\u017cycko<\/td>\n<td>Wedle<\/td>\n<td>Jan<\/td>\n<\/tr>\n<tr>\n<td>16<\/td>\n<td>SP1, Wasilk\u00f3w<\/td>\n<td>Bondziul<\/td>\n<td>Filip<\/td>\n<\/tr>\n<tr>\n<td>17<\/td>\n<td>SP1, Wasilk\u00f3w<\/td>\n<td>Bu\u0107ko<\/td>\n<td>Leon<\/td>\n<\/tr>\n<tr>\n<td>18<\/td>\n<td>SP1, Wasilk\u00f3w<\/td>\n<td>Chmielewski<\/td>\n<td>Jan<\/td>\n<\/tr>\n<tr>\n<td>19<\/td>\n<td>SP1, Wasilk\u00f3w<\/td>\n<td>Gryko<\/td>\n<td>Natan<\/td>\n<\/tr>\n<tr>\n<td>20<\/td>\n<td>SP1, Wasilk\u00f3w<\/td>\n<td>Hibl<\/td>\n<td>Wiktor<\/td>\n<\/tr>\n<tr>\n<td>21<\/td>\n<td>SP1, Wasilk\u00f3w<\/td>\n<td>Lory\u015b<\/td>\n<td>Wojciech<\/td>\n<\/tr>\n<tr>\n<td>22<\/td>\n<td>SP1, Wasilk\u00f3w<\/td>\n<td>Pe\u0142kowski&nbsp;<\/td>\n<td>Kamil<\/td>\n<\/tr>\n<tr>\n<td>23<\/td>\n<td>SP1, Wasilk\u00f3w<\/td>\n<td>Strzymi\u0144ska<\/td>\n<td>Natalia<\/td>\n<\/tr>\n<tr>\n<td>24<\/td>\n<td>SP ZSM\u015aR, Bia\u0142ystok<\/td>\n<td>Ginter<\/td>\n<td>Gabriel<\/td>\n<\/tr>\n<tr>\n<td>25<\/td>\n<td>SP ZSM\u015aR, Bia\u0142ystok<\/td>\n<td>Lipska<\/td>\n<td>Pola<\/td>\n<\/tr>\n<tr>\n<td>26<\/td>\n<td>SP ZSM\u015aR, Bia\u0142ystok<\/td>\n<td>Perkowska<\/td>\n<td>Danuta<\/td>\n<\/tr>\n<tr>\n<td>27<\/td>\n<td>SP ZSM\u015aR, Bia\u0142ystok<\/td>\n<td>Szewczul&nbsp;<\/td>\n<td>Zofia<\/td>\n<\/tr>\n<tr>\n<td>28<\/td>\n<td>SP ZSM\u015aR, Bia\u0142ystok<\/td>\n<td>Tokarska<\/td>\n<td>Julia<\/td>\n<\/tr>\n<tr>\n<td>29<\/td>\n<td>SP ZSM\u015aR, Bia\u0142ystok<\/td>\n<td>W\u00f3jcik<\/td>\n<td>Klara<\/td>\n<\/tr>\n<tr>\n<td>30<\/td>\n<td>Zesp\u00f3\u0142 Szk\u00f3\u0142 Katolickich im. MBM, Bia\u0142ystok<\/td>\n<td>G\u00f3rczyski<\/td>\n<td>Adam<\/td>\n<\/tr>\n<tr>\n<td>31<\/td>\n<td>Zesp\u00f3\u0142 Szk\u00f3\u0142 Katolickich im. MBM, Bia\u0142ystok<\/td>\n<td>Koc<\/td>\n<td>Adam<\/td>\n<\/tr>\n<tr>\n<td>32<\/td>\n<td>Zesp\u00f3\u0142 Szk\u00f3\u0142 Katolickich im. MBM, Bia\u0142ystok<\/td>\n<td>Kulesza<\/td>\n<td>Adam<\/td>\n<\/tr>\n<tr>\n<td>33<\/td>\n<td>Zesp\u00f3\u0142 Szk\u00f3\u0142 Katolickich im. MBM, Bia\u0142ystok<\/td>\n<td>\u0141ukasik<\/td>\n<td>Aureliusz<\/td>\n<\/tr>\n<tr>\n<td>34<\/td>\n<td>Zesp\u00f3\u0142 Szk\u00f3\u0142 Katolickich im. MBM, Bia\u0142ystok<\/td>\n<td>Zimnoch<\/td>\n<td>Maria<\/td>\n<\/tr>\n<\/thead>\n<\/table>\n<h3>JUNIORZY<\/h3>\n<div class=\"table-responsive\">\n<table class=\"table table-bordered\" style=\"width: 709px\">\n<thead>\n<tr>\n<td width=\"32\">Lp.<\/td>\n<td width=\"273\">Szko\u0142a<\/td>\n<td width=\"95\">Nazwisko<\/td>\n<td width=\"107\">Imi\u0119<\/td>\n<\/tr>\n<tr>\n<td>1<\/td>\n<td>CUBUS Szko\u0142a Matematyki, Bia\u0142ystok<\/td>\n<td>Barszczewski<\/td>\n<td>Miko\u0142aj<\/td>\n<\/tr>\n<tr>\n<td>2<\/td>\n<td>CUBUS Szko\u0142a Matematyki, Bia\u0142ystok<\/td>\n<td>Janiszewski<\/td>\n<td>Sebastian<\/td>\n<\/tr>\n<tr>\n<td>3<\/td>\n<td>CUBUS Szko\u0142a Matematyki, Bia\u0142ystok<\/td>\n<td>Motyczko<\/td>\n<td>Ewa<\/td>\n<\/tr>\n<tr>\n<td>4<\/td>\n<td>Prywatna Szko\u0142a Podstawowa nr 1, Bia\u0142ystok<\/td>\n<td>D\u0105browski<\/td>\n<td>Bartosz<\/td>\n<\/tr>\n<tr>\n<td>5<\/td>\n<td>Prywatna Szko\u0142a Podstawowa nr 1, Bia\u0142ystok<\/td>\n<td>Doroszkiewicz<\/td>\n<td>Julia<\/td>\n<\/tr>\n<tr>\n<td>6<\/td>\n<td>Prywatna Szko\u0142a Podstawowa nr 1, Bia\u0142ystok<\/td>\n<td>Go\u0142embiewska<\/td>\n<td>Hanna<\/td>\n<\/tr>\n<tr>\n<td>7<\/td>\n<td>Prywatna Szko\u0142a Podstawowa nr 1, Bia\u0142ystok<\/td>\n<td>Re\u0107ko<\/td>\n<td>Marlena<\/td>\n<\/tr>\n<tr>\n<td>8<\/td>\n<td>Prywatna Szko\u0142a Podstawowa nr 1, Bia\u0142ystok<\/td>\n<td>Wi\u015bniewska<\/td>\n<td>Hanna<\/td>\n<\/tr>\n<tr>\n<td>9<\/td>\n<td>SP3, Gi\u017cycko<\/td>\n<td>Choi\u0144ski&nbsp;<\/td>\n<td>Cyprian<\/td>\n<\/tr>\n<tr>\n<td>10<\/td>\n<td>SP3, Gi\u017cycko<\/td>\n<td>Paszkiewicz&nbsp;<\/td>\n<td>Nataniel<\/td>\n<\/tr>\n<tr>\n<td>11<\/td>\n<td>SP3, Gi\u017cycko<\/td>\n<td>Pilch<\/td>\n<td>Leon<\/td>\n<\/tr>\n<tr>\n<td>12<\/td>\n<td>SP1, Wasilk\u00f3w<\/td>\n<td>Banaszek<\/td>\n<td>Hanna<\/td>\n<\/tr>\n<tr>\n<td>13<\/td>\n<td>SP1, Wasilk\u00f3w<\/td>\n<td>Burzy\u0144ski<\/td>\n<td>Juliusz<\/td>\n<\/tr>\n<tr>\n<td>14<\/td>\n<td>SP1, Wasilk\u00f3w<\/td>\n<td>Halicka&nbsp;<\/td>\n<td>Aleksandra<\/td>\n<\/tr>\n<tr>\n<td>15<\/td>\n<td>SP1, Wasilk\u00f3w<\/td>\n<td>Kiczkaj\u0142o<\/td>\n<td>Kamil<\/td>\n<\/tr>\n<tr>\n<td>16<\/td>\n<td>SP1, Wasilk\u00f3w<\/td>\n<td>Kiczkaj\u0142o<\/td>\n<td>Karolina<\/td>\n<\/tr>\n<tr>\n<td>17<\/td>\n<td>SP1, Wasilk\u00f3w<\/td>\n<td>Kobiela&nbsp;<\/td>\n<td>Fabian<\/td>\n<\/tr>\n<tr>\n<td>18<\/td>\n<td>SP1, Wasilk\u00f3w<\/td>\n<td>Pe\u0142kowska<\/td>\n<td>Oliwia<\/td>\n<\/tr>\n<tr>\n<td>19<\/td>\n<td>SP1, Wasilk\u00f3w<\/td>\n<td>Trochimczyk<\/td>\n<td>Julia<\/td>\n<\/tr>\n<tr>\n<td>20<\/td>\n<td>SP1, Wasilk\u00f3w<\/td>\n<td>Wyszomirski<\/td>\n<td>Bartosz<\/td>\n<\/tr>\n<tr>\n<td>21<\/td>\n<td>SP ZSM\u015aR, Bia\u0142ystok<\/td>\n<td>Kochaczewska<\/td>\n<td>Maria<\/td>\n<\/tr>\n<tr>\n<td>22<\/td>\n<td>Zesp\u00f3\u0142 Szk\u00f3\u0142 Katolickich im. MBM, Bia\u0142ystok<\/td>\n<td>Borys<\/td>\n<td>Pawe\u0142<\/td>\n<\/tr>\n<tr>\n<td>23<\/td>\n<td>Zesp\u00f3\u0142 Szk\u00f3\u0142 Katolickich im. MBM, Bia\u0142ystok<\/td>\n<td>G\u00f3rczy\u0144ski<\/td>\n<td>Micha\u0142<\/td>\n<\/tr>\n<tr>\n<td>24<\/td>\n<td>Zesp\u00f3\u0142 Szk\u00f3\u0142 Katolickich im. MBM, Bia\u0142ystok<\/td>\n<td>Jurczuk<\/td>\n<td>Mateusz<\/td>\n<\/tr>\n<tr>\n<td>25<\/td>\n<td>Zesp\u00f3\u0142 Szk\u00f3\u0142 Katolickich im. MBM, Bia\u0142ystok<\/td>\n<td>Kulesza<\/td>\n<td>Stanis\u0142aw<\/td>\n<\/tr>\n<tr>\n<td>26<\/td>\n<td>Zesp\u00f3\u0142 Szk\u00f3\u0142 Katolickich im. MBM, Bia\u0142ystok<\/td>\n<td>Kury\u015b&nbsp;<\/td>\n<td>Kornel<\/td>\n<\/tr>\n<tr>\n<td>27<\/td>\n<td>Zesp\u00f3\u0142 Szk\u00f3\u0142 Katolickich im. MBM, Bia\u0142ystok<\/td>\n<td>Matysewicz<\/td>\n<td>Grzegorz<\/td>\n<\/tr>\n<tr>\n<td>28<\/td>\n<td>Zesp\u00f3\u0142 Szk\u00f3\u0142 Katolickich im. MBM, Bia\u0142ystok<\/td>\n<td>Poddaniec<\/td>\n<td>Szymon<\/td>\n<\/tr>\n<tr>\n<td>29<\/td>\n<td>Zesp\u00f3\u0142 Szk\u00f3\u0142 Katolickich im. MBM, Bia\u0142ystok<\/td>\n<td>Sadowski<\/td>\n<td>Stanis\u0142aw<\/td>\n<\/tr>\n<tr>\n<td>30<\/td>\n<td>Zesp\u00f3\u0142 Szk\u00f3\u0142 Katolickich im. MBM, Bia\u0142ystok<\/td>\n<td>Trocki<\/td>\n<td>Ignacy<\/td>\n<\/tr>\n<\/thead>\n<\/table>\n<\/div>\n<h3>LICEALI\u015aCI<\/h3>\n<div class=\"table-responsive\">\n<table class=\"table table-bordered\" style=\"width: 709px\">\n<thead>\n<tr>\n<td width=\"32\">Lp.<\/td>\n<td width=\"276\">Szko\u0142a<\/td>\n<td width=\"95\">Nazwisko<\/td>\n<td width=\"107\">Imi\u0119<\/td>\n<\/tr>\n<tr>\n<td>1<\/td>\n<td>ALO PB, Bia\u0142ystok<\/td>\n<td>Choi\u0144ski<\/td>\n<td>Adrian<\/td>\n<\/tr>\n<tr>\n<td>2<\/td>\n<td>ALO PB, Bia\u0142ystok<\/td>\n<td>Dmitruk<\/td>\n<td>Wiktor<\/td>\n<\/tr>\n<tr>\n<td>3<\/td>\n<td>ALO PB, Bia\u0142ystok<\/td>\n<td>Drozdowski<\/td>\n<td>Szymon<\/td>\n<\/tr>\n<tr>\n<td>4<\/td>\n<td>ALO PB, Bia\u0142ystok<\/td>\n<td>Dudzi\u0144ski<\/td>\n<td>Jakub<\/td>\n<\/tr>\n<tr>\n<td>5<\/td>\n<td>ALO PB, Bia\u0142ystok<\/td>\n<td>Holewa<\/td>\n<td>Edwin<\/td>\n<\/tr>\n<tr>\n<td>6<\/td>\n<td>ALO PB, Bia\u0142ystok<\/td>\n<td>Jab\u0142o\u0144ski<\/td>\n<td>Jan<\/td>\n<\/tr>\n<tr>\n<td>7<\/td>\n<td>ALO PB, Bia\u0142ystok<\/td>\n<td>Kuprjanowicz<\/td>\n<td>Fabian<\/td>\n<\/tr>\n<tr>\n<td>8<\/td>\n<td>ALO PB, Bia\u0142ystok<\/td>\n<td>\u0141ojewski<\/td>\n<td>\u0141ukasz<\/td>\n<\/tr>\n<tr>\n<td>9<\/td>\n<td>ALO PB, Bia\u0142ystok<\/td>\n<td>Mo\u015bcicki<\/td>\n<td>Patryk<\/td>\n<\/tr>\n<tr>\n<td>10<\/td>\n<td>ALO PB, Bia\u0142ystok<\/td>\n<td>Olszewski<\/td>\n<td>Mateusz<\/td>\n<\/tr>\n<tr>\n<td>11<\/td>\n<td>ALO PB, Bia\u0142ystok<\/td>\n<td>\u017babicki<\/td>\n<td>Nikodem<\/td>\n<\/tr>\n<tr>\n<td>12<\/td>\n<td>CUBUS Szko\u0142a Matematyki, Bia\u0142ystok<\/td>\n<td>Samojlik<\/td>\n<td>Aleksandra<\/td>\n<\/tr>\n<tr>\n<td>13<\/td>\n<td>CUBUS Szko\u0142a Matematyki, Bia\u0142ystok<\/td>\n<td>Senderacka<\/td>\n<td>Hanna<\/td>\n<\/tr>\n<tr>\n<td>14<\/td>\n<td>CUBUS Szko\u0142a Matematyki, Bia\u0142ystok<\/td>\n<td>\u017babicka&nbsp;<\/td>\n<td>Zofia<\/td>\n<\/tr>\n<tr>\n<td>15<\/td>\n<td>II LO, Gi\u017cycko<\/td>\n<td>Aleksandruk<\/td>\n<td>Maria<\/td>\n<\/tr>\n<tr>\n<td>16<\/td>\n<td>II LO, Gi\u017cycko<\/td>\n<td>Che\u0142kowska<\/td>\n<td>Kinga<\/td>\n<\/tr>\n<tr>\n<td>17<\/td>\n<td>II LO, Gi\u017cycko<\/td>\n<td>Dyszkiewicz<\/td>\n<td>Jan<\/td>\n<\/tr>\n<tr>\n<td>18<\/td>\n<td>II LO, Gi\u017cycko<\/td>\n<td>Kocia\u0142kowska<\/td>\n<td>Emilia<\/td>\n<\/tr>\n<tr>\n<td>19<\/td>\n<td>II LO, Gi\u017cycko<\/td>\n<td>Nacewicz<\/td>\n<td>Kaja<\/td>\n<\/tr>\n<tr>\n<td>20<\/td>\n<td>II LO, Gi\u017cycko<\/td>\n<td>Pac<\/td>\n<td>Liliana<\/td>\n<\/tr>\n<tr>\n<td>21<\/td>\n<td>II LO, Gi\u017cycko<\/td>\n<td>Szynkiewicz<\/td>\n<td>Igor<\/td>\n<\/tr>\n<tr>\n<td>22<\/td>\n<td>II LO, Gi\u017cycko<\/td>\n<td>Wilk<\/td>\n<td>Wiktoria<\/td>\n<\/tr>\n<tr>\n<td>23<\/td>\n<td>II LO, Gi\u017cycko<\/td>\n<td>Zmudzi\u0144ska<\/td>\n<td>Emilia<\/td>\n<\/tr>\n<tr>\n<td>24<\/td>\n<td>Zesp\u00f3\u0142 Szk\u00f3\u0142 Elektrycznych, Bia\u0142ystok<\/td>\n<td>Chenclewska&nbsp;<\/td>\n<td>Eliza<\/td>\n<\/tr>\n<tr>\n<td>25<\/td>\n<td>Zesp\u00f3\u0142 Szk\u00f3\u0142 Elektrycznych, Bia\u0142ystok<\/td>\n<td>Dubovik<\/td>\n<td>Aliaksandr<\/td>\n<\/tr>\n<tr>\n<td>26<\/td>\n<td>Zesp\u00f3\u0142 Szk\u00f3\u0142 Elektrycznych, Bia\u0142ystok<\/td>\n<td>Gacuta<\/td>\n<td>Bartosz<\/td>\n<\/tr>\n<tr>\n<td>27<\/td>\n<td>Zesp\u00f3\u0142 Szk\u00f3\u0142 Elektrycznych, Bia\u0142ystok<\/td>\n<td>Krejza<\/td>\n<td>Gabriel<\/td>\n<\/tr>\n<tr>\n<td>28<\/td>\n<td>Zesp\u00f3\u0142 Szk\u00f3\u0142 Elektrycznych, Bia\u0142ystok<\/td>\n<td>Maliszewski&nbsp;<\/td>\n<td>Jakub<\/td>\n<\/tr>\n<tr>\n<td>29<\/td>\n<td>Zesp\u00f3\u0142 Szk\u00f3\u0142 Elektrycznych, Bia\u0142ystok<\/td>\n<td>Talipski&nbsp;<\/td>\n<td>Joachim<\/td>\n<\/tr>\n<tr>\n<td>30<\/td>\n<td>Zesp\u00f3\u0142 Szk\u00f3\u0142 Elektrycznych, Bia\u0142ystok<\/td>\n<td>Tokarzewski<\/td>\n<td>Mateusz<\/td>\n<\/tr>\n<tr>\n<td>31<\/td>\n<td>Zesp\u00f3\u0142 Szk\u00f3\u0142 Katolickich im. MBM, Bia\u0142ystok<\/td>\n<td>Kabaci\u0144ski<\/td>\n<td>Dominik<\/td>\n<\/tr>\n<tr>\n<td>32<\/td>\n<td>Zesp\u00f3\u0142 Szk\u00f3\u0142 Katolickich im. MBM, Bia\u0142ystok<\/td>\n<td>Woroniecki<\/td>\n<td>Mateusz<\/td>\n<\/tr>\n<\/thead>\n<\/table>\n<\/div>\n<h3>DORO\u015aLI<\/h3>\n<div class=\"table-responsive\">\n<table class=\"table table-bordered\" style=\"width: 708px\">\n<thead>\n<tr>\n<td width=\"32\">Lp.<\/td>\n<td width=\"234\">Szko\u0142a<\/td>\n<td width=\"95\">Nazwisko<\/td>\n<td width=\"107\">Imi\u0119<\/td>\n<\/tr>\n<tr>\n<td>1<\/td>\n<td>Nauczyciel akademicki, Bia\u0142ystok<\/td>\n<td>Broniewicz<\/td>\n<td>Filip<\/td>\n<\/tr>\n<tr>\n<td>2<\/td>\n<td>konstruktor, Gi\u017cycko<\/td>\n<td>Choi\u0144ski&nbsp;<\/td>\n<td>Pawe\u0142<\/td>\n<\/tr>\n<tr>\n<td>3<\/td>\n<td>nauczyciel, Gi\u017cycko<\/td>\n<td>Domys\u0142awska<\/td>\n<td>Barbara<\/td>\n<\/tr>\n<tr>\n<td>4<\/td>\n<td>student, Bia\u0142ystok<\/td>\n<td>Dzieko\u0144ski<\/td>\n<td>Micha\u0142<\/td>\n<\/tr>\n<tr>\n<td>5<\/td>\n<td>analityk danych, Bia\u0142ystok<\/td>\n<td>Gulan<\/td>\n<td>Justyna<\/td>\n<\/tr>\n<tr>\n<td>6<\/td>\n<td>nauczyciel, Gi\u017cycko<\/td>\n<td>\u0141adna<\/td>\n<td>Ewa<\/td>\n<\/tr>\n<tr>\n<td>7<\/td>\n<td>Specjalista ds. eCommerce, Bia\u0142ystok<\/td>\n<td>Maksimowicz<\/td>\n<td>Justyna<\/td>\n<\/tr>\n<tr>\n<td>8<\/td>\n<td>nauczyciel, Gi\u017cycko<\/td>\n<td>Ma\u0142ek<\/td>\n<td>Dorota<\/td>\n<\/tr>\n<tr>\n<td>9<\/td>\n<td>handlowiec, Gi\u017cycko<\/td>\n<td>Paszkiewicz<\/td>\n<td>Jan<\/td>\n<\/tr>\n<tr>\n<td>10<\/td>\n<td>urz\u0119dnik, Gi\u017cycko<\/td>\n<td>Paszkiewicz&nbsp;<\/td>\n<td>Natalia<\/td>\n<\/tr>\n<tr>\n<td>11<\/td>\n<td>radca prawny, Gi\u017cycko<\/td>\n<td>Piotrowski&nbsp;<\/td>\n<td>Hubert<\/td>\n<\/tr>\n<tr>\n<td>12<\/td>\n<td>nauczyciel, Gi\u017cycko<\/td>\n<td>Szymborska<\/td>\n<td>Beata<\/td>\n<\/tr>\n<tr>\n<td>13<\/td>\n<td>nauczyciel, Bia\u0142ystok<\/td>\n<td>Szypulska<\/td>\n<td>Ma\u0142gorzata<\/td>\n<\/tr>\n<\/thead>\n<\/table>\n<\/div>\n<\/div>\n","protected":false},"excerpt":{"rendered":"<p>Do fina\u0142u zakwalifikowano 109 os\u00f3b. Listy finalist\u00f3w w kategoriach uczniowskich podajemy w kolejno\u015bci alfabetycznej szk\u00f3\u0142,<\/p>\n","protected":false},"author":171,"featured_media":0,"parent":2882,"menu_order":0,"comment_status":"closed","ping_status":"closed","template":"","meta":{"_acf_changed":false,"ngg_post_thumbnail":0,"footnotes":""},"class_list":["post-5314","page","type-page","status-publish","hentry"],"acf":[],"_links":{"self":[{"href":"https:\/\/pb.edu.pl\/signum\/wp-json\/wp\/v2\/pages\/5314","targetHints":{"allow":["GET"]}}],"collection":[{"href":"https:\/\/pb.edu.pl\/signum\/wp-json\/wp\/v2\/pages"}],"about":[{"href":"https:\/\/pb.edu.pl\/signum\/wp-json\/wp\/v2\/types\/page"}],"author":[{"embeddable":true,"href":"https:\/\/pb.edu.pl\/signum\/wp-json\/wp\/v2\/users\/171"}],"replies":[{"embeddable":true,"href":"https:\/\/pb.edu.pl\/signum\/wp-json\/wp\/v2\/comments?post=5314"}],"version-history":[{"count":4,"href":"https:\/\/pb.edu.pl\/signum\/wp-json\/wp\/v2\/pages\/5314\/revisions"}],"predecessor-version":[{"id":5320,"href":"https:\/\/pb.edu.pl\/signum\/wp-json\/wp\/v2\/pages\/5314\/revisions\/5320"}],"up":[{"embeddable":true,"href":"https:\/\/pb.edu.pl\/signum\/wp-json\/wp\/v2\/pages\/2882"}],"wp:attachment":[{"href":"https:\/\/pb.edu.pl\/signum\/wp-json\/wp\/v2\/media?parent=5314"}],"curies":[{"name":"wp","href":"https:\/\/api.w.org\/{rel}","templated":true}]}}