{"id":5302,"date":"2025-12-19T11:47:56","date_gmt":"2025-12-19T10:47:56","guid":{"rendered":"https:\/\/pb.edu.pl\/signum\/?page_id=5302"},"modified":"2025-12-19T11:47:56","modified_gmt":"2025-12-19T10:47:56","slug":"wyniki-ix-mum-a","status":"publish","type":"page","link":"https:\/\/pb.edu.pl\/signum\/konkurs\/memorial-urszuli-marciniak\/archiwum\/mum2025\/wyniki-ix-mum-a\/","title":{"rendered":"Wyniki IX MUM-a"},"content":{"rendered":"<h3>Laureaci<\/h3>\n<h4>M\u0142odzicy<\/h4>\n<p><span class=\"gmail_default\">I m-ce:&nbsp;<\/span>Jakub \u0141o\u017any-Malinowski<span class=\"gmail_default\">&nbsp;(Niepubliczna Szko\u0142a Podstawowa Weso\u0142a G\u00f3ra, Olsztyn)<\/span><br \/>\n<span class=\"gmail_default\">I<\/span>I m-ce: Kamil Kiczkaj\u0142o<span class=\"gmail_default\">&nbsp;(Szko\u0142a Podstawowa nr 1, Wasilk\u00f3w)<\/span><br \/>\n<span class=\"gmail_default\">I<\/span><span class=\"gmail_default\">I<\/span>I m-ce:&nbsp; Micha\u0142 Chmielewski<span class=\"gmail_default\">&nbsp;(Szko\u0142a Podstawowa nr 1, Wasilk\u00f3w)<\/span><\/p>\n<h4>Juniorzy<\/h4>\n<p>I m-ce: Bartosz Kujawa<span class=\"gmail_default\">&nbsp;(CUBUS Szko\u0142a Matematyki, Bia\u0142ystok)<\/span><br \/>\n<span class=\"gmail_default\">I<\/span>I m-ce: Aleksandra Samojlik<span class=\"gmail_default\">&nbsp;(CUBUS Szko\u0142a Matematyki, Bia\u0142ystok)<\/span><br \/>\n<span class=\"gmail_default\">I<\/span><span class=\"gmail_default\">I<\/span>I m-ce: Zofia \u017babicka<span class=\"gmail_default\">&nbsp;(CUBUS Szko\u0142a Matematyki, Bia\u0142ystok)<\/span><\/p>\n<h4>Liceali\u015bci<\/h4>\n<p>I m-ce: Fabian Kuprianowicz<span class=\"gmail_default\">&nbsp;(Akademickie Liceum Og\u00f3lnokszta\u0142c\u0105ce PB)<\/span><br \/>\n<span class=\"gmail_default\">I<\/span>I m-ce: Gabriela \u0141upi\u0144ska (Akademickie Liceum Og\u00f3lnokszta\u0142c\u0105ce PB)<br \/>\n<span class=\"gmail_default\">I<\/span><span class=\"gmail_default\">I<\/span>I m-ce:&nbsp;Wiktor Dmitruk&nbsp;(Akademickie Liceum Og\u00f3lnokszta\u0142c\u0105ce PB)<br \/>\n<span class=\"gmail_default\">III m-ce:<\/span>&nbsp;Julia Sianko&nbsp;(Akademickie Liceum Og\u00f3lnokszta\u0142c\u0105ce PB)<\/p>\n<h4>Doro\u015bli<\/h4>\n<p>I m-ce: Ewa \u0141adna<span class=\"gmail_default\">&nbsp;(Nauczyciel, Gi\u017cycko)<\/span><br \/>\n<span class=\"gmail_default\">I<\/span>I m-ce: Maciej Bogacki<span class=\"gmail_default\">&nbsp;(programista, Bia\u0142ystok)<\/span><br \/>\n<span class=\"gmail_default\">III m-ce:&nbsp;<\/span>Ma\u0142gorzata Szypulska<span class=\"gmail_default\">&nbsp;(nauczyciel, Bia\u0142ystok)<\/span><\/p>\n<h3>Pozostali Wielcy Finali\u015bci<\/h3>\n<h4>M\u0142odzicy<\/h4>\n<p>Hibl Wiktor (Szko\u0142a Podstawowa nr 1, Wasilk\u00f3w)<br \/>\nPe\u0142kowski Kamil (Szko\u0142a Podstawowa nr 1, Wasilk\u00f3w)<br \/>\nLory\u015b Wojciech (Szko\u0142a Podstawowa nr 1, Wasilk\u00f3w)<br \/>\nGrabowski Gabriel (CUBUS Szko\u0142a Matematyki, Bia\u0142ystok)<br \/>\nBondziul Filip (Szko\u0142a Podstawowa nr 1, Wasilk\u00f3w)<br \/>\nPiec Marcel (CUBUS Szko\u0142a Matematyki, Bia\u0142ystok)<br \/>\nCzaczkowska Kornelia (CUBUS Szko\u0142a Matematyki, Bia\u0142ystok)<\/p>\n<h4>Juniorzy<\/h4>\n<p>Koz\u0142owska Zofia (SP Zgromadzenia Si\u00f3str Misjonarek, Bia\u0142ystok)<br \/>\nHalicka Aleksandra ( Szko\u0142a Podstawowa nr 1, Wasilk\u00f3w)<br \/>\nKrzesiewicz Ksymena (SP Zgromadzenia Si\u00f3str Misjonarek, Bia\u0142ystok)<br \/>\nSienicka Zofia (SP Zgromadzenia Si\u00f3str Misjonarek, Bia\u0142ystok)<br \/>\nChwie\u015bko Pawe\u0142 (SP Zgromadzenia Si\u00f3str Misjonarek, Bia\u0142ystok)<br \/>\nPiotrowska Oliwia (Prywatna Szko\u0142a Podstawowa nr 1, Bia\u0142ystok)<br \/>\nG\u00f3rska Hanna (CUBUS Szko\u0142a Matematyki, Bia\u0142ystok)<\/p>\n<h4>Liceali\u015bci<\/h4>\n<p>Kochanowski Micha\u0142 (Akademickie Liceum Og\u00f3lnokszta\u0142c\u0105ce PB)<br \/>\nBlacha Julia (Akademickie Liceum Og\u00f3lnokszta\u0142c\u0105ce PB)<br \/>\nPogorzelska Natalia (Akademickie Liceum Og\u00f3lnokszta\u0142c\u0105ce PB)<br \/>\nBuczy\u0144ski Micha\u0142 (Akademickie Liceum Og\u00f3lnokszta\u0142c\u0105ce PB)<br \/>\nAleksandruk Maria (II Liceum Og\u00f3lnokszta\u0142c\u0105ce, Gi\u017cycko)<br \/>\nRadziszewska Aleksandra (Akademickie Liceum Og\u00f3lnokszta\u0142c\u0105ce PB)<br \/>\nKieda Iga (Akademickie Liceum Og\u00f3lnokszta\u0142c\u0105ce PB)<\/p>\n","protected":false},"excerpt":{"rendered":"<p>Laureaci M\u0142odzicy I m-ce:&nbsp;Jakub \u0141o\u017any-Malinowski&nbsp;(Niepubliczna Szko\u0142a Podstawowa Weso\u0142a G\u00f3ra, Olsztyn) II m-ce: Kamil Kiczkaj\u0142o&nbsp;(Szko\u0142a Podstawowa<\/p>\n","protected":false},"author":171,"featured_media":0,"parent":5287,"menu_order":0,"comment_status":"closed","ping_status":"closed","template":"","meta":{"_acf_changed":false,"ngg_post_thumbnail":0,"footnotes":""},"class_list":["post-5302","page","type-page","status-publish","hentry"],"acf":[],"_links":{"self":[{"href":"https:\/\/pb.edu.pl\/signum\/wp-json\/wp\/v2\/pages\/5302","targetHints":{"allow":["GET"]}}],"collection":[{"href":"https:\/\/pb.edu.pl\/signum\/wp-json\/wp\/v2\/pages"}],"about":[{"href":"https:\/\/pb.edu.pl\/signum\/wp-json\/wp\/v2\/types\/page"}],"author":[{"embeddable":true,"href":"https:\/\/pb.edu.pl\/signum\/wp-json\/wp\/v2\/users\/171"}],"replies":[{"embeddable":true,"href":"https:\/\/pb.edu.pl\/signum\/wp-json\/wp\/v2\/comments?post=5302"}],"version-history":[{"count":0,"href":"https:\/\/pb.edu.pl\/signum\/wp-json\/wp\/v2\/pages\/5302\/revisions"}],"up":[{"embeddable":true,"href":"https:\/\/pb.edu.pl\/signum\/wp-json\/wp\/v2\/pages\/5287"}],"wp:attachment":[{"href":"https:\/\/pb.edu.pl\/signum\/wp-json\/wp\/v2\/media?parent=5302"}],"curies":[{"name":"wp","href":"https:\/\/api.w.org\/{rel}","templated":true}]}}