{"id":5299,"date":"2025-12-19T11:29:47","date_gmt":"2025-12-19T10:29:47","guid":{"rendered":"https:\/\/pb.edu.pl\/signum\/?page_id=5299"},"modified":"2025-12-19T11:35:44","modified_gmt":"2025-12-19T10:35:44","slug":"zadania-z-ix-mum-a","status":"publish","type":"page","link":"https:\/\/pb.edu.pl\/signum\/konkurs\/memorial-urszuli-marciniak\/archiwum\/mum2025\/zadania-z-ix-mum-a\/","title":{"rendered":"Zadania z IX MUM-a"},"content":{"rendered":"<p>Poni\u017cej zamieszczamy zadania z poszczeg\u00f3lnych etap\u00f3w konkursu dla wszystkich kategorii wiekowych.<\/p>\n<p><a href=\"https:\/\/pb.edu.pl\/signum\/wp-content\/uploads\/sites\/128\/2025\/01\/MUM9EL-ML.pdf\">M\u0142odzicy \u2013 zadania eliminacyjne<\/a><br \/>\n<a href=\"https:\/\/pb.edu.pl\/signum\/wp-content\/uploads\/sites\/128\/2025\/01\/MUM9EL-JU.pdf\">Juniorzy \u2013 zadania eliminacyjne<\/a><br \/>\n<a href=\"https:\/\/pb.edu.pl\/signum\/wp-content\/uploads\/sites\/128\/2025\/01\/MUM9EL-LO.pdf\">Liceali\u015bci \u2013 zadania eliminacyjne<\/a><br \/>\n<a href=\"https:\/\/pb.edu.pl\/signum\/wp-content\/uploads\/sites\/128\/2025\/01\/MUM9EL-DO.pdf\">Doro\u015bli \u2013 zadania eliminacyjne<\/a><br \/>\n<a href=\"https:\/\/pb.edu.pl\/signum\/wp-content\/uploads\/sites\/128\/2025\/12\/MUM9-FIN-ML.pdf\">M\u0142odzicy \u2013 fina\u0142<\/a><br \/>\n<a href=\"https:\/\/pb.edu.pl\/signum\/wp-content\/uploads\/sites\/128\/2025\/12\/MUM9-FIN-JU.pdf\">Juniorzy \u2013 fina\u0142<\/a><br \/>\n<a href=\"https:\/\/pb.edu.pl\/signum\/wp-content\/uploads\/sites\/128\/2025\/12\/MUM9-FIN-LO.pdf\">Liceali\u015bci \u2013 fina\u0142<\/a><br \/>\n<a href=\"https:\/\/pb.edu.pl\/signum\/wp-content\/uploads\/sites\/128\/2025\/12\/MUM9-FIN-DO.pdf\">Doro\u015bli \u2013 fina\u0142<\/a><br \/>\n<a href=\"https:\/\/pb.edu.pl\/signum\/wp-content\/uploads\/sites\/128\/2025\/12\/MUM9-ML.pdf\">M\u0142odzicy \u2013 Wielki Fina\u0142<\/a><br \/>\n<a href=\"https:\/\/pb.edu.pl\/signum\/wp-content\/uploads\/sites\/128\/2025\/12\/MUM9-JU.pdf\">Juniorzy \u2013 Wielki Fina\u0142<\/a><br \/>\n<a href=\"https:\/\/pb.edu.pl\/signum\/wp-content\/uploads\/sites\/128\/2025\/12\/MUM9-LO.pdf\">Liceali\u015bci \u2013 Wielki Fina\u0142<\/a><br \/>\n<a href=\"https:\/\/pb.edu.pl\/signum\/wp-content\/uploads\/sites\/128\/2025\/12\/MUM9-DO.pdf\">Doro\u015bli \u2013 Wielki Fina\u0142<\/a><br \/>\n&nbsp;<\/p>\n","protected":false},"excerpt":{"rendered":"<p>Poni\u017cej zamieszczamy zadania z poszczeg\u00f3lnych etap\u00f3w konkursu dla wszystkich kategorii wiekowych. M\u0142odzicy \u2013 zadania eliminacyjne<\/p>\n","protected":false},"author":171,"featured_media":0,"parent":5287,"menu_order":0,"comment_status":"closed","ping_status":"closed","template":"","meta":{"_acf_changed":false,"ngg_post_thumbnail":0,"footnotes":""},"class_list":["post-5299","page","type-page","status-publish","hentry"],"acf":[],"_links":{"self":[{"href":"https:\/\/pb.edu.pl\/signum\/wp-json\/wp\/v2\/pages\/5299","targetHints":{"allow":["GET"]}}],"collection":[{"href":"https:\/\/pb.edu.pl\/signum\/wp-json\/wp\/v2\/pages"}],"about":[{"href":"https:\/\/pb.edu.pl\/signum\/wp-json\/wp\/v2\/types\/page"}],"author":[{"embeddable":true,"href":"https:\/\/pb.edu.pl\/signum\/wp-json\/wp\/v2\/users\/171"}],"replies":[{"embeddable":true,"href":"https:\/\/pb.edu.pl\/signum\/wp-json\/wp\/v2\/comments?post=5299"}],"version-history":[{"count":0,"href":"https:\/\/pb.edu.pl\/signum\/wp-json\/wp\/v2\/pages\/5299\/revisions"}],"up":[{"embeddable":true,"href":"https:\/\/pb.edu.pl\/signum\/wp-json\/wp\/v2\/pages\/5287"}],"wp:attachment":[{"href":"https:\/\/pb.edu.pl\/signum\/wp-json\/wp\/v2\/media?parent=5299"}],"curies":[{"name":"wp","href":"https:\/\/api.w.org\/{rel}","templated":true}]}}