{"id":5220,"date":"2025-10-30T17:16:20","date_gmt":"2025-10-30T16:16:20","guid":{"rendered":"https:\/\/pb.edu.pl\/signum\/?page_id=5220"},"modified":"2025-10-30T17:17:46","modified_gmt":"2025-10-30T16:17:46","slug":"finalisci-2024-25","status":"publish","type":"page","link":"https:\/\/pb.edu.pl\/signum\/konkurs\/internetowa-liga-lamiglowkowa\/archiwum\/finalisci-2024-25\/","title":{"rendered":"Finali\u015bci 2024\/25"},"content":{"rendered":"<div>Finali\u015bci Internetowej Ligi \u0141amig\u0142\u00f3wkowej:<\/div>\n<div>&nbsp;<\/div>\n<div>szko\u0142a podstawowa<\/div>\n<div>Wojciech Andruczyk (Bia\u0142ystok)<br \/>\nKajetan Ciulkin (Bia\u0142ystok)<br \/>\nTymoteusz Ciulkin (Bia\u0142ystok)<br \/>\nNatalia Danielczyk (Gosty\u0144)<br \/>\nKrzysztof Goli\u0144ski (Ko\u017amin Wielkopolski)<br \/>\nMichalina Jankowska (Gosty\u0144)<br \/>\nIga Jarus (Ko\u017amin Wielkopolski)<br \/>\nTymur Kasyanov (Gosty\u0144)<br \/>\nJakub Knihinicki (\u0141\u0105koka Prudnicka)<br \/>\nOliwia Korzeniewska (Pog\u00f3rze)<br \/>\nZofia Koz\u0142owska (Bia\u0142ystok)<br \/>\nMiko\u0142aj Kulpa (Olmonty)<br \/>\nBlanka Kuzia (Ko\u017amin Wielkopolski)<br \/>\nIga Kuzia (Ko\u017amin Wielkopolski)<br \/>\nMaciej Mi\u0142osz (Pog\u00f3rze)<br \/>\nSzymon Mogilnicki (Gosty\u0144)<br \/>\nMaja Helena Nowacka (Pog\u00f3rze)<br \/>\nPawe\u0142 Nowicki (Gosty\u0144)<br \/>\nAliaksei Pauliuchenka (Bia\u0142ystok)<br \/>\nTobiasz Pieni\u0119\u017cny (Ko\u017amin Wielkopolski)<br \/>\nZuzanna Polak (Kostrzyn)<br \/>\nHubert Praczyk (Ko\u017amin Wielkopolski)<br \/>\nAleksandra Samojlik (Bia\u0142ystok)<br \/>\nOlaf Wabi\u0144ski (Gosty\u0144)<br \/>\nMi\u0142osz Wabi\u0144ski (Gosty\u0144)<br \/>\nMateusz Zagata (Gosty\u0144)<br \/>\nKonrad Zyba\u0142a (Krotoszyn)<\/div>\n<div>szko\u0142a ponadpodstawowa<\/div>\n<div>Julia Blacha (Bia\u0142ystok)<br \/>\nTymoteusz B\u0142aszczyk (Gosty\u0144)<br \/>\nMicha\u0142 Jan Buczy\u0144ski (Bia\u0142ystok)<br \/>\nIgor Czeladzki (Krak\u00f3w)<br \/>\nGabriela Grobelna (Krotoszyn)<br \/>\nGabriela Gryszka (Krotoszyn)<br \/>\nPiotr Kossakowski (Bia\u0142ystok)<br \/>\nSzymon Malinowski (E\u0142k)<br \/>\nWiktor Malinowski (E\u0142k)<br \/>\nKaja Marsza\u0142ek (Krotoszyn)<br \/>\nEliza Napi\u00f3rkowska (Ostro\u0142\u0119ka)<br \/>\nMaria Olczyk (Bia\u0142ystok)<br \/>\nNikola Plicka (Bia\u0142ystok)<br \/>\nAnastazja Poczta (Krotoszyn)<br \/>\nKsawery Ross (Zabrze)<br \/>\nJulia Sianko (Bia\u0142ystkok)<br \/>\nWojciech Szopa (Mi\u0144sk Mazowiecki)<br \/>\nPawe\u0142 Szulc-Cieplicki (Gda\u0144sk)<br \/>\nRobert Wojtkowiak (Jarocin)<br \/>\nFilip Ziarko (Krak\u00f3w)<\/div>\n<div>&nbsp;<\/div>\n<div>\n<div>&nbsp;<\/div>\n<div>\n<div>Laureaci Internetowej Ligi \u0141amig\u0142\u00f3wkowej:<\/div>\n<div>&nbsp;<\/div>\n<div>&nbsp;<\/div>\n<div>szko\u0142a podstawowa<\/div>\n<div>\n<div class=\"gmail_default\">Tobiasz Pieni\u0119\u017cny (Ko\u017amin Wielkopolski) &#8211; I miejsce<\/div>\n<div class=\"gmail_default\">Miko\u0142aj Kulpa (Olmonty) &#8211; II miejsce<\/div>\n<div class=\"gmail_default\">\n<p>Mi\u0142osz Wabi\u0144ski (Gosty\u0144) &#8211; III miejsce<\/p>\n<\/div>\n<div class=\"gmail_default\">&nbsp;<\/div>\n<p>szko\u0142a ponadpodstawowa<\/p>\n<\/div>\n<div>&nbsp;<\/div>\n<div>\n<div class=\"gmail_default\">Robert Wojtkowiak (Jarocin) &#8211; I miejsce<\/div>\n<div class=\"gmail_default\">Micha\u0142 Jan Buczy\u0144ski (Bia\u0142ystok) &#8211; II miejsce<\/div>\n<div class=\"gmail_default\">Julia Sianko (Bia\u0142ystok) &#8211; III miejsce<\/div>\n<\/div>\n<\/div>\n<\/div>\n","protected":false},"excerpt":{"rendered":"<p>Finali\u015bci Internetowej Ligi \u0141amig\u0142\u00f3wkowej: &nbsp; szko\u0142a podstawowa Wojciech Andruczyk (Bia\u0142ystok) Kajetan Ciulkin (Bia\u0142ystok) Tymoteusz Ciulkin<\/p>\n","protected":false},"author":171,"featured_media":0,"parent":2682,"menu_order":0,"comment_status":"closed","ping_status":"closed","template":"","meta":{"_acf_changed":false,"ngg_post_thumbnail":0,"footnotes":""},"class_list":["post-5220","page","type-page","status-publish","hentry"],"acf":[],"_links":{"self":[{"href":"https:\/\/pb.edu.pl\/signum\/wp-json\/wp\/v2\/pages\/5220","targetHints":{"allow":["GET"]}}],"collection":[{"href":"https:\/\/pb.edu.pl\/signum\/wp-json\/wp\/v2\/pages"}],"about":[{"href":"https:\/\/pb.edu.pl\/signum\/wp-json\/wp\/v2\/types\/page"}],"author":[{"embeddable":true,"href":"https:\/\/pb.edu.pl\/signum\/wp-json\/wp\/v2\/users\/171"}],"replies":[{"embeddable":true,"href":"https:\/\/pb.edu.pl\/signum\/wp-json\/wp\/v2\/comments?post=5220"}],"version-history":[{"count":0,"href":"https:\/\/pb.edu.pl\/signum\/wp-json\/wp\/v2\/pages\/5220\/revisions"}],"up":[{"embeddable":true,"href":"https:\/\/pb.edu.pl\/signum\/wp-json\/wp\/v2\/pages\/2682"}],"wp:attachment":[{"href":"https:\/\/pb.edu.pl\/signum\/wp-json\/wp\/v2\/media?parent=5220"}],"curies":[{"name":"wp","href":"https:\/\/api.w.org\/{rel}","templated":true}]}}