{"id":5125,"date":"2025-01-31T07:13:37","date_gmt":"2025-01-31T06:13:37","guid":{"rendered":"https:\/\/pb.edu.pl\/signum\/?page_id=5125"},"modified":"2025-12-19T12:01:30","modified_gmt":"2025-12-19T11:01:30","slug":"finalisci-ix-mum","status":"publish","type":"page","link":"https:\/\/pb.edu.pl\/signum\/konkurs\/memorial-urszuli-marciniak\/archiwum\/mum2025\/finalisci-ix-mum\/","title":{"rendered":"Finali\u015bci IX MUM"},"content":{"rendered":"<p>Do fina\u0142u zakwalifikowano 106 os\u00f3b. Listy finalist\u00f3w w kategoriach uczniowskich podajemy w kolejno\u015bci alfabetycznej szk\u00f3\u0142, a w obr\u0119bie szko\u0142y \u2013 w kolejno\u015bci alfabetycznej nazwisk.<\/p>\n<h3>M\u0141ODZICY<\/h3>\n<div class=\"table-responsive\">\n<table class=\"table table-bordered\" style=\"width: 709px\">\n<thead>\n<tr>\n<td style=\"width: 39px\" width=\"32\"><strong>Lp.<\/strong><\/td>\n<td style=\"width: 414px\" width=\"344\"><strong>Szko\u0142a<\/strong><\/td>\n<td style=\"width: 145px\" width=\"95\"><strong>Nazwisko<\/strong><\/td>\n<td style=\"width: 111px\" width=\"107\"><strong>Imi\u0119<\/strong><\/td>\n<\/tr>\n<\/thead>\n<tbody>\n<tr>\n<td style=\"width: 39px\">1.<\/td>\n<td style=\"width: 414px\">CUBUS Szko\u0142a Matematyki, Bia\u0142ystok<\/td>\n<td style=\"width: 145px\">Czaczkowska<\/td>\n<td style=\"width: 111px\">Kornelia<\/td>\n<\/tr>\n<tr>\n<td style=\"width: 39px\">2.<\/td>\n<td style=\"width: 414px\">CUBUS Szko\u0142a Matematyki, Bia\u0142ystok<\/td>\n<td style=\"width: 145px\">Grabowski<\/td>\n<td style=\"width: 111px\">Gabriel<\/td>\n<\/tr>\n<tr>\n<td style=\"width: 39px\">3.<\/td>\n<td style=\"width: 414px\">CUBUS Szko\u0142a Matematyki, Bia\u0142ystok<\/td>\n<td style=\"width: 145px\">Kucejko<\/td>\n<td style=\"width: 111px\">Alicja<\/td>\n<\/tr>\n<tr>\n<td style=\"width: 39px\">4.<\/td>\n<td style=\"width: 414px\">CUBUS Szko\u0142a Matematyki, Bia\u0142ystok<\/td>\n<td style=\"width: 145px\">Ostroko\u0142owicz<\/td>\n<td style=\"width: 111px\">Zuzanna<\/td>\n<\/tr>\n<tr>\n<td style=\"width: 39px\">5.<\/td>\n<td style=\"width: 414px\">CUBUS Szko\u0142a Matematyki, Bia\u0142ystok<\/td>\n<td style=\"width: 145px\">Piec<\/td>\n<td style=\"width: 111px\">Marcel<\/td>\n<\/tr>\n<tr>\n<td style=\"width: 39px\">6.<\/td>\n<td style=\"width: 414px\">CUBUS Szko\u0142a Matematyki, Bia\u0142ystok<\/td>\n<td style=\"width: 145px\">Szyszko<\/td>\n<td style=\"width: 111px\">Nadia<\/td>\n<\/tr>\n<tr>\n<td style=\"width: 39px\">7.<\/td>\n<td style=\"width: 414px\">CUBUS Szko\u0142a Matematyki, Bia\u0142ystok<\/td>\n<td style=\"width: 145px\">Tarsewicz<\/td>\n<td style=\"width: 111px\">Maria<\/td>\n<\/tr>\n<tr>\n<td style=\"width: 39px\">8.<\/td>\n<td style=\"width: 414px\">Niepubliczna Szko\u0142a Podstawowa Weso\u0142a G\u00f3ra, Olsztyn<\/td>\n<td style=\"width: 145px\">\u0141o\u017any-Malinowski<\/td>\n<td style=\"width: 111px\">Jakub<\/td>\n<\/tr>\n<tr>\n<td style=\"width: 39px\">9.<\/td>\n<td style=\"width: 414px\">SP 1, Wasilk\u00f3w<\/td>\n<td style=\"width: 145px\">Chmielewski<\/td>\n<td style=\"width: 111px\">Micha\u0142<\/td>\n<\/tr>\n<tr>\n<td style=\"width: 39px\">10.<\/td>\n<td style=\"width: 414px\">SP 1, Wasilk\u00f3w<\/td>\n<td style=\"width: 145px\">Ciulkin<\/td>\n<td style=\"width: 111px\">Judyta<\/td>\n<\/tr>\n<tr>\n<td style=\"width: 39px\">11.<\/td>\n<td style=\"width: 414px\">SP 1, Wasilk\u00f3w<\/td>\n<td style=\"width: 145px\">Dziurdzia<\/td>\n<td style=\"width: 111px\">Michalina<\/td>\n<\/tr>\n<tr>\n<td style=\"width: 39px\">12.<\/td>\n<td style=\"width: 414px\">SP 1, Wasilk\u00f3w<\/td>\n<td style=\"width: 145px\">Filip<\/td>\n<td style=\"width: 111px\">Bondziul<\/td>\n<\/tr>\n<tr>\n<td style=\"width: 39px\">13.<\/td>\n<td style=\"width: 414px\">SP 1, Wasilk\u00f3w<\/td>\n<td style=\"width: 145px\">Grygoruk<\/td>\n<td style=\"width: 111px\">Zuzanna<\/td>\n<\/tr>\n<tr>\n<td style=\"width: 39px\">14.<\/td>\n<td style=\"width: 414px\">SP 1, Wasilk\u00f3w<\/td>\n<td style=\"width: 145px\">Hibl<\/td>\n<td style=\"width: 111px\">Wiktor<\/td>\n<\/tr>\n<tr>\n<td style=\"width: 39px\">15.<\/td>\n<td style=\"width: 414px\">SP 1, Wasilk\u00f3w<\/td>\n<td style=\"width: 145px\">Jacewicz&nbsp;<\/td>\n<td style=\"width: 111px\">Micha\u0142<\/td>\n<\/tr>\n<tr>\n<td style=\"width: 39px\">16.<\/td>\n<td style=\"width: 414px\">SP 1, Wasilk\u00f3w<\/td>\n<td style=\"width: 145px\">Kiczkaj\u0142o<\/td>\n<td style=\"width: 111px\">Kamil<\/td>\n<\/tr>\n<tr>\n<td style=\"width: 39px\">17.<\/td>\n<td style=\"width: 414px\">SP 1, Wasilk\u00f3w<\/td>\n<td style=\"width: 145px\">Lory\u015b<\/td>\n<td style=\"width: 111px\">Wojciech<\/td>\n<\/tr>\n<tr>\n<td style=\"width: 39px\">18.<\/td>\n<td style=\"width: 414px\">SP 1, Wasilk\u00f3w<\/td>\n<td style=\"width: 145px\">Mr\u00f3wka&nbsp;<\/td>\n<td style=\"width: 111px\">Maja<\/td>\n<\/tr>\n<tr>\n<td style=\"width: 39px\">19.<\/td>\n<td style=\"width: 414px\">SP 1, Wasilk\u00f3w<\/td>\n<td style=\"width: 145px\">Pe\u0142kowski<\/td>\n<td style=\"width: 111px\">Kamil<\/td>\n<\/tr>\n<tr>\n<td style=\"width: 39px\">20.<\/td>\n<td style=\"width: 414px\">SP 1, Wasilk\u00f3w<\/td>\n<td style=\"width: 145px\">Sadowski<\/td>\n<td style=\"width: 111px\">Bartosz<\/td>\n<\/tr>\n<tr>\n<td style=\"width: 39px\">21.<\/td>\n<td style=\"width: 414px\">SP 1, Wasilk\u00f3w<\/td>\n<td style=\"width: 145px\">Sawicki<\/td>\n<td style=\"width: 111px\">Remiugiusz<\/td>\n<\/tr>\n<tr>\n<td style=\"width: 39px\">22.<\/td>\n<td style=\"width: 414px\">SP 1, Wasilk\u00f3w<\/td>\n<td style=\"width: 145px\">Strzymi\u0144ska<\/td>\n<td style=\"width: 111px\">Natalia<\/td>\n<\/tr>\n<tr>\n<td style=\"width: 39px\">23.<\/td>\n<td style=\"width: 414px\">SP 3, Gi\u017cycko<\/td>\n<td style=\"width: 145px\">Choi\u0144ski&nbsp;<\/td>\n<td style=\"width: 111px\">Cyprian<\/td>\n<\/tr>\n<tr>\n<td style=\"width: 39px\">24.<\/td>\n<td style=\"width: 414px\">SP 3, Gi\u017cycko<\/td>\n<td style=\"width: 145px\">Karasiewicz<\/td>\n<td style=\"width: 111px\">Hanna<\/td>\n<\/tr>\n<tr>\n<td style=\"width: 39px\">25.<\/td>\n<td style=\"width: 414px\">SP 3, Gi\u017cycko<\/td>\n<td style=\"width: 145px\">\u0141api\u0144ski<\/td>\n<td style=\"width: 111px\">Hubert<\/td>\n<\/tr>\n<tr>\n<td style=\"width: 39px\">26.<\/td>\n<td style=\"width: 414px\">SP 3, Gi\u017cycko<\/td>\n<td style=\"width: 145px\">Paszkiewicz<\/td>\n<td style=\"width: 111px\">Nataniel<\/td>\n<\/tr>\n<tr>\n<td style=\"width: 39px\">27.<\/td>\n<td style=\"width: 414px\">SP 3, Gi\u017cycko<\/td>\n<td style=\"width: 145px\">Piotrowski<\/td>\n<td style=\"width: 111px\">Witold<\/td>\n<\/tr>\n<tr>\n<td style=\"width: 39px\">28.<\/td>\n<td style=\"width: 414px\">SP 3, Gi\u017cycko<\/td>\n<td style=\"width: 145px\">Sobolewski&nbsp;<\/td>\n<td style=\"width: 111px\">Jan<\/td>\n<\/tr>\n<tr>\n<td style=\"width: 39px\">29.<\/td>\n<td style=\"width: 414px\">Szko\u0142a Podstawowa Fundacji &#8222;Elementarz&#8221;, Mazury<\/td>\n<td style=\"width: 145px\">Monkiewicz<\/td>\n<td style=\"width: 111px\">Anastazja<\/td>\n<\/tr>\n<tr>\n<td style=\"width: 39px\">30.<\/td>\n<td style=\"width: 414px\">Zesp\u00f3\u0142 Szk\u00f3\u0142 Katolickich, Bia\u0142ystok<\/td>\n<td style=\"width: 145px\">G\u00f3rczy\u0144ski<\/td>\n<td style=\"width: 111px\">Micha\u0142<\/td>\n<\/tr>\n<\/tbody>\n<\/table>\n<\/div>\n<h3>JUNIORZY<\/h3>\n<div class=\"table-responsive\">\n<table class=\"table table-bordered\" style=\"width: 708px\">\n<thead>\n<tr>\n<td style=\"width: 43px\" width=\"32\"><strong>Lp.<\/strong><\/td>\n<td style=\"width: 378px\" width=\"284\"><strong>Szko\u0142a<\/strong><\/td>\n<td style=\"width: 145px\" width=\"95\"><strong>Nazwisko<\/strong><\/td>\n<td style=\"width: 142px\" width=\"107\"><strong>Imi\u0119<\/strong><\/td>\n<\/tr>\n<\/thead>\n<tbody>\n<tr>\n<td style=\"width: 43px\">1.<\/td>\n<td style=\"width: 378px\">CUBUS Szko\u0142a Matematyki, Bia\u0142ystok<\/td>\n<td style=\"width: 145px\">Barszczewski<\/td>\n<td style=\"width: 142px\">Miko\u0142aj<\/td>\n<\/tr>\n<tr>\n<td style=\"width: 43px\">2.<\/td>\n<td style=\"width: 378px\">CUBUS Szko\u0142a Matematyki, Bia\u0142ystok<\/td>\n<td style=\"width: 145px\">G\u00f3rska<\/td>\n<td style=\"width: 142px\">Hanna<\/td>\n<\/tr>\n<tr>\n<td style=\"width: 43px\">3.<\/td>\n<td style=\"width: 378px\">CUBUS Szko\u0142a Matematyki, Bia\u0142ystok<\/td>\n<td style=\"width: 145px\">Kujawa<\/td>\n<td style=\"width: 142px\">Bartosz<\/td>\n<\/tr>\n<tr>\n<td style=\"width: 43px\">4.<\/td>\n<td style=\"width: 378px\">CUBUS Szko\u0142a Matematyki, Bia\u0142ystok<\/td>\n<td style=\"width: 145px\">Kulesza&nbsp;<\/td>\n<td style=\"width: 142px\">Stanis\u0142aw<\/td>\n<\/tr>\n<tr>\n<td style=\"width: 43px\">5.<\/td>\n<td style=\"width: 378px\">CUBUS Szko\u0142a Matematyki, Bia\u0142ystok<\/td>\n<td style=\"width: 145px\">Samojlik<\/td>\n<td style=\"width: 142px\">Aleksandra<\/td>\n<\/tr>\n<tr>\n<td style=\"width: 43px\">6.<\/td>\n<td style=\"width: 378px\">CUBUS Szko\u0142a Matematyki, Bia\u0142ystok<\/td>\n<td style=\"width: 145px\">\u017babicka&nbsp;<\/td>\n<td style=\"width: 142px\">Zofia<\/td>\n<\/tr>\n<tr>\n<td style=\"width: 43px\">7.<\/td>\n<td style=\"width: 378px\">Prywatna SP 1, Bia\u0142ystok<\/td>\n<td style=\"width: 145px\">Banaszewski<\/td>\n<td style=\"width: 142px\">Kacper<\/td>\n<\/tr>\n<tr>\n<td style=\"width: 43px\">8.<\/td>\n<td style=\"width: 378px\">Prywatna SP 1, Bia\u0142ystok<\/td>\n<td style=\"width: 145px\">Go\u0142embiewska<\/td>\n<td style=\"width: 142px\">Hanna<\/td>\n<\/tr>\n<tr>\n<td style=\"width: 43px\">9.<\/td>\n<td style=\"width: 378px\">Prywatna SP 1, Bia\u0142ystok<\/td>\n<td style=\"width: 145px\">Kalinowski<\/td>\n<td style=\"width: 142px\">Norbert<\/td>\n<\/tr>\n<tr>\n<td style=\"width: 43px\">10.<\/td>\n<td style=\"width: 378px\">Prywatna SP 1, Bia\u0142ystok<\/td>\n<td style=\"width: 145px\">Kuderewska<\/td>\n<td style=\"width: 142px\">Emilia<\/td>\n<\/tr>\n<tr>\n<td style=\"width: 43px\">11.<\/td>\n<td style=\"width: 378px\">Prywatna SP 1, Bia\u0142ystok<\/td>\n<td style=\"width: 145px\">Leszczy\u0144ska<\/td>\n<td style=\"width: 142px\">Ma\u0142gorzata<\/td>\n<\/tr>\n<tr>\n<td style=\"width: 43px\">12.<\/td>\n<td style=\"width: 378px\">Prywatna SP 1, Bia\u0142ystok<\/td>\n<td style=\"width: 145px\">\u0141uckiewicz<\/td>\n<td style=\"width: 142px\">Kaja<\/td>\n<\/tr>\n<tr>\n<td style=\"width: 43px\">13.<\/td>\n<td style=\"width: 378px\">Prywatna SP 1, Bia\u0142ystok<\/td>\n<td style=\"width: 145px\">Narel<\/td>\n<td style=\"width: 142px\">Weronika<\/td>\n<\/tr>\n<tr>\n<td style=\"width: 43px\">14.<\/td>\n<td style=\"width: 378px\">Prywatna SP 1, Bia\u0142ystok<\/td>\n<td style=\"width: 145px\">Oni\u015bko<\/td>\n<td style=\"width: 142px\">Stanis\u0142aw<\/td>\n<\/tr>\n<tr>\n<td style=\"width: 43px\">15.<\/td>\n<td style=\"width: 378px\">Prywatna SP 1, Bia\u0142ystok<\/td>\n<td style=\"width: 145px\">Piotrowska<\/td>\n<td style=\"width: 142px\">Oliwia<\/td>\n<\/tr>\n<tr>\n<td style=\"width: 43px\">16.<\/td>\n<td style=\"width: 378px\">Prywatna SP 1, Bia\u0142ystok<\/td>\n<td style=\"width: 145px\">Wi\u015bniewska<\/td>\n<td style=\"width: 142px\">Hanna<\/td>\n<\/tr>\n<tr>\n<td style=\"width: 43px\">17.<\/td>\n<td style=\"width: 378px\">Prywatna SP 1, Bia\u0142ystok<\/td>\n<td style=\"width: 145px\">Wojtacha<\/td>\n<td style=\"width: 142px\">Krzysztof<\/td>\n<\/tr>\n<tr>\n<td style=\"width: 43px\">18.<\/td>\n<td style=\"width: 378px\">Prywatna SP 1, Bia\u0142ystok<\/td>\n<td style=\"width: 145px\">Wr\u00f3blewski<\/td>\n<td style=\"width: 142px\">Oskar<\/td>\n<\/tr>\n<tr>\n<td style=\"width: 43px\">19.<\/td>\n<td style=\"width: 378px\">Prywatna SP 1, Bia\u0142ystok<\/td>\n<td style=\"width: 145px\">Zacharkiewicz<\/td>\n<td style=\"width: 142px\">Tymon<\/td>\n<\/tr>\n<tr>\n<td style=\"width: 43px\">20.<\/td>\n<td style=\"width: 378px\">SP 1, Wasilk\u00f3w<\/td>\n<td style=\"width: 145px\">Halicka<\/td>\n<td style=\"width: 142px\">Aleksandra<\/td>\n<\/tr>\n<tr>\n<td style=\"width: 43px\">21.<\/td>\n<td style=\"width: 378px\">SP 1, Wasilk\u00f3w<\/td>\n<td style=\"width: 145px\">Kurel<\/td>\n<td style=\"width: 142px\">Aleksandra<\/td>\n<\/tr>\n<tr>\n<td style=\"width: 43px\">22.<\/td>\n<td style=\"width: 378px\">SP 1, Wasilk\u00f3w<\/td>\n<td style=\"width: 145px\">Pe\u0142kowska<\/td>\n<td style=\"width: 142px\">Oliwia<\/td>\n<\/tr>\n<tr>\n<td style=\"width: 43px\">23.<\/td>\n<td style=\"width: 378px\">SP 1, Wasilk\u00f3w<\/td>\n<td style=\"width: 145px\">Trochimczyk&nbsp;<\/td>\n<td style=\"width: 142px\">Julia<\/td>\n<\/tr>\n<tr>\n<td style=\"width: 43px\">24.<\/td>\n<td style=\"width: 378px\">SP 3, Gi\u017cycko<\/td>\n<td style=\"width: 145px\">Pacheco Mocias<\/td>\n<td style=\"width: 142px\">Zuzanna<\/td>\n<\/tr>\n<tr>\n<td style=\"width: 43px\">25.<\/td>\n<td style=\"width: 378px\">SP 49 Bia\u0142ystok<\/td>\n<td style=\"width: 145px\">Sokolik<\/td>\n<td style=\"width: 142px\">Lidia<\/td>\n<\/tr>\n<tr>\n<td style=\"width: 43px\">26.<\/td>\n<td style=\"width: 378px\">SP Zgromadzenia Si\u00f3str Misjonarek, Bia\u0142ystok<\/td>\n<td style=\"width: 145px\">Chwie\u015bko&nbsp;<\/td>\n<td style=\"width: 142px\">Pawe\u0142<\/td>\n<\/tr>\n<tr>\n<td style=\"width: 43px\">27.<\/td>\n<td style=\"width: 378px\">SP Zgromadzenia Si\u00f3str Misjonarek, Bia\u0142ystok<\/td>\n<td style=\"width: 145px\">D\u0105browska&nbsp;<\/td>\n<td style=\"width: 142px\">Marcelina \u0141ucja<\/td>\n<\/tr>\n<tr>\n<td style=\"width: 43px\">28.<\/td>\n<td style=\"width: 378px\">SP Zgromadzenia Si\u00f3str Misjonarek, Bia\u0142ystok<\/td>\n<td style=\"width: 145px\">Koz\u0142owska&nbsp;<\/td>\n<td style=\"width: 142px\">Zofia<\/td>\n<\/tr>\n<tr>\n<td style=\"width: 43px\">29.<\/td>\n<td style=\"width: 378px\">SP Zgromadzenia Si\u00f3str Misjonarek, Bia\u0142ystok<\/td>\n<td style=\"width: 145px\">Krzesiewicz&nbsp;<\/td>\n<td style=\"width: 142px\">Ksymena<\/td>\n<\/tr>\n<tr>\n<td style=\"width: 43px\">30.<\/td>\n<td style=\"width: 378px\">SP Zgromadzenia Si\u00f3str Misjonarek, Bia\u0142ystok<\/td>\n<td style=\"width: 145px\">Sienicka&nbsp;<\/td>\n<td style=\"width: 142px\">Zofia<\/td>\n<\/tr>\n<tr>\n<td style=\"width: 43px\">31.<\/td>\n<td style=\"width: 378px\">Zesp\u00f3\u0142 Szk\u00f3\u0142 Katolickich, Bia\u0142ystok<\/td>\n<td style=\"width: 145px\">Jurczuk<\/td>\n<td style=\"width: 142px\">Mateusz<\/td>\n<\/tr>\n<tr>\n<td style=\"width: 43px\">32.<\/td>\n<td style=\"width: 378px\">Zesp\u00f3\u0142 Szk\u00f3\u0142 Katolickich, Bia\u0142ystok<\/td>\n<td style=\"width: 145px\">Matysewicz<\/td>\n<td style=\"width: 142px\">Grzegorz<\/td>\n<\/tr>\n<tr>\n<td style=\"width: 43px\">33.<\/td>\n<td style=\"width: 378px\">Zesp\u00f3\u0142 Szk\u00f3\u0142 Katolickich, Bia\u0142ystok<\/td>\n<td style=\"width: 145px\">Sadowski<\/td>\n<td style=\"width: 142px\">Stanis\u0142aw<\/td>\n<\/tr>\n<\/tbody>\n<\/table>\n<\/div>\n<h3>LICEALI\u015aCI<\/h3>\n<div class=\"table-responsive\">\n<table class=\"table table-bordered\" style=\"width: 708px\">\n<thead>\n<tr>\n<td style=\"width: 41px\" width=\"32\"><strong>Lp.<\/strong><\/td>\n<td style=\"width: 417px\" width=\"377\"><strong>Szko\u0142a<\/strong><\/td>\n<td style=\"width: 132px\" width=\"95\"><strong>Nazwisko<\/strong><\/td>\n<td style=\"width: 118px\" width=\"107\"><strong>Imi\u0119<\/strong><\/td>\n<\/tr>\n<\/thead>\n<tbody>\n<tr>\n<td style=\"width: 41px\">1.<\/td>\n<td style=\"width: 417px\">ALO PB<\/td>\n<td style=\"width: 132px\">Blacha<\/td>\n<td style=\"width: 118px\">Julia<\/td>\n<\/tr>\n<tr>\n<td style=\"width: 41px\">2.<\/td>\n<td style=\"width: 417px\">ALO PB<\/td>\n<td style=\"width: 132px\">Buczy\u0144ski<\/td>\n<td style=\"width: 118px\">Micha\u0142<\/td>\n<\/tr>\n<tr>\n<td style=\"width: 41px\">3.<\/td>\n<td style=\"width: 417px\">ALO PB<\/td>\n<td style=\"width: 132px\">Choi\u0144ski<\/td>\n<td style=\"width: 118px\">Adrian<\/td>\n<\/tr>\n<tr>\n<td style=\"width: 41px\">4.<\/td>\n<td style=\"width: 417px\">ALO PB<\/td>\n<td style=\"width: 132px\">Dmitruk<\/td>\n<td style=\"width: 118px\">Wiktor<\/td>\n<\/tr>\n<tr>\n<td style=\"width: 41px\">5.<\/td>\n<td style=\"width: 417px\">ALO PB<\/td>\n<td style=\"width: 132px\">Drozdowski<\/td>\n<td style=\"width: 118px\">Szymon<\/td>\n<\/tr>\n<tr>\n<td style=\"width: 41px\">6.<\/td>\n<td style=\"width: 417px\">ALO PB<\/td>\n<td style=\"width: 132px\">Kieda<\/td>\n<td style=\"width: 118px\">Iga<\/td>\n<\/tr>\n<tr>\n<td style=\"width: 41px\">7.<\/td>\n<td style=\"width: 417px\">ALO PB<\/td>\n<td style=\"width: 132px\">Kochanowski<\/td>\n<td style=\"width: 118px\">Micha\u0142<\/td>\n<\/tr>\n<tr>\n<td style=\"width: 41px\">8.<\/td>\n<td style=\"width: 417px\">ALO PB<\/td>\n<td style=\"width: 132px\">Konopko<\/td>\n<td style=\"width: 118px\">Ryszard<\/td>\n<\/tr>\n<tr>\n<td style=\"width: 41px\">9.<\/td>\n<td style=\"width: 417px\">ALO PB<\/td>\n<td style=\"width: 132px\">Kuprianowicz<\/td>\n<td style=\"width: 118px\">Fabian<\/td>\n<\/tr>\n<tr>\n<td style=\"width: 41px\">10.<\/td>\n<td style=\"width: 417px\">ALO PB<\/td>\n<td style=\"width: 132px\">\u0141upi\u0144ska<\/td>\n<td style=\"width: 118px\">Gabriela<\/td>\n<\/tr>\n<tr>\n<td style=\"width: 41px\">11.<\/td>\n<td style=\"width: 417px\">ALO PB<\/td>\n<td style=\"width: 132px\">Mo\u015bcicki<\/td>\n<td style=\"width: 118px\">Patryk<\/td>\n<\/tr>\n<tr>\n<td style=\"width: 41px\">12.<\/td>\n<td style=\"width: 417px\">ALO PB<\/td>\n<td style=\"width: 132px\">Nechyporenko<\/td>\n<td style=\"width: 118px\">Oleksandr<\/td>\n<\/tr>\n<tr>\n<td style=\"width: 41px\">13.<\/td>\n<td style=\"width: 417px\">ALO PB<\/td>\n<td style=\"width: 132px\">Olszewski<\/td>\n<td style=\"width: 118px\">Mateusz<\/td>\n<\/tr>\n<tr>\n<td style=\"width: 41px\">14.<\/td>\n<td style=\"width: 417px\">ALO PB<\/td>\n<td style=\"width: 132px\">Pogorzelska<\/td>\n<td style=\"width: 118px\">Natalia<\/td>\n<\/tr>\n<tr>\n<td style=\"width: 41px\">15.<\/td>\n<td style=\"width: 417px\">ALO PB<\/td>\n<td style=\"width: 132px\">Radziszewska<\/td>\n<td style=\"width: 118px\">Aleksandra<\/td>\n<\/tr>\n<tr>\n<td style=\"width: 41px\">16.<\/td>\n<td style=\"width: 417px\">ALO PB<\/td>\n<td style=\"width: 132px\">Sianko<\/td>\n<td style=\"width: 118px\">Julia<\/td>\n<\/tr>\n<tr>\n<td style=\"width: 41px\">17.<\/td>\n<td style=\"width: 417px\">II LO, Gi\u017cycko<\/td>\n<td style=\"width: 132px\">Aleksandruk<\/td>\n<td style=\"width: 118px\">Maria<\/td>\n<\/tr>\n<tr>\n<td style=\"width: 41px\">18.<\/td>\n<td style=\"width: 417px\">II LO, Gi\u017cycko<\/td>\n<td style=\"width: 132px\">Dyszkiewicz<\/td>\n<td style=\"width: 118px\">Jan<\/td>\n<\/tr>\n<tr>\n<td style=\"width: 41px\">19.<\/td>\n<td style=\"width: 417px\">II LO, Gi\u017cycko<\/td>\n<td style=\"width: 132px\">G\u0142owacz<\/td>\n<td style=\"width: 118px\">Maja<\/td>\n<\/tr>\n<tr>\n<td style=\"width: 41px\">20.<\/td>\n<td style=\"width: 417px\">II LO, Gi\u017cycko<\/td>\n<td style=\"width: 132px\">Jachimowicz<\/td>\n<td style=\"width: 118px\">Wojtek<\/td>\n<\/tr>\n<tr>\n<td style=\"width: 41px\">21.<\/td>\n<td style=\"width: 417px\">II LO, Gi\u017cycko<\/td>\n<td style=\"width: 132px\">Jankowska<\/td>\n<td style=\"width: 118px\">Eliza<\/td>\n<\/tr>\n<tr>\n<td style=\"width: 41px\">22.<\/td>\n<td style=\"width: 417px\">II LO, Gi\u017cycko<\/td>\n<td style=\"width: 132px\">Jarmowska<\/td>\n<td style=\"width: 118px\">Kamila<\/td>\n<\/tr>\n<tr>\n<td style=\"width: 41px\">23.<\/td>\n<td style=\"width: 417px\">II LO, Gi\u017cycko<\/td>\n<td style=\"width: 132px\">Kocia\u0142kowska<\/td>\n<td style=\"width: 118px\">Emilia<\/td>\n<\/tr>\n<tr>\n<td style=\"width: 41px\">24.<\/td>\n<td style=\"width: 417px\">II LO, Gi\u017cycko<\/td>\n<td style=\"width: 132px\">Nacewicz<\/td>\n<td style=\"width: 118px\">Kaja<\/td>\n<\/tr>\n<tr>\n<td style=\"width: 41px\">25.<\/td>\n<td style=\"width: 417px\">II LO, Gi\u017cycko<\/td>\n<td style=\"width: 132px\">Pac<\/td>\n<td style=\"width: 118px\">Liliana<\/td>\n<\/tr>\n<tr>\n<td style=\"width: 41px\">26.<\/td>\n<td style=\"width: 417px\">II LO, Gi\u017cycko<\/td>\n<td style=\"width: 132px\">Teofilewska<\/td>\n<td style=\"width: 118px\">Zofia<\/td>\n<\/tr>\n<tr>\n<td style=\"width: 41px\">27.<\/td>\n<td style=\"width: 417px\">II LO, Gi\u017cycko<\/td>\n<td style=\"width: 132px\">Zmudzi\u0144ska<\/td>\n<td style=\"width: 118px\">Emilia<\/td>\n<\/tr>\n<tr>\n<td style=\"width: 41px\">28.<\/td>\n<td style=\"width: 417px\">Technikum ZDZ, Bia\u0142ystok&nbsp;<\/td>\n<td style=\"width: 132px\">Kurgan&nbsp;&nbsp;<\/td>\n<td style=\"width: 118px\">\u0141ukasz<\/td>\n<\/tr>\n<tr>\n<td style=\"width: 41px\">29.<\/td>\n<td style=\"width: 417px\">Technikum ZDZ, Bia\u0142ystok&nbsp;<\/td>\n<td style=\"width: 132px\">Wi\u015bniewska&nbsp;<\/td>\n<td style=\"width: 118px\">Julia<\/td>\n<\/tr>\n<tr>\n<td style=\"width: 41px\">30.<\/td>\n<td style=\"width: 417px\">Zesp\u00f3\u0142 Szk\u00f3\u0142 Katolickich, Bia\u0142ystok<\/td>\n<td style=\"width: 132px\">Kabaci\u0144ski&nbsp;<\/td>\n<td style=\"width: 118px\">Dominik<\/td>\n<\/tr>\n<\/tbody>\n<\/table>\n<\/div>\n<h3>DORO\u015aLI<\/h3>\n<div class=\"table-responsive\">\n<table class=\"table table-bordered\" style=\"width: 709px\">\n<thead>\n<tr>\n<td style=\"width: 42px\" width=\"32\"><strong>Lp.<\/strong><\/td>\n<td style=\"width: 417px\" width=\"377\"><strong>Szko\u0142a<\/strong><\/td>\n<td style=\"width: 131px\" width=\"95\"><strong>Nazwisko<\/strong><\/td>\n<td style=\"width: 119px\" width=\"107\"><strong>Imi\u0119<\/strong><\/td>\n<\/tr>\n<\/thead>\n<tbody>\n<tr>\n<td style=\"width: 42px\">5.<\/td>\n<td style=\"width: 417px\">programista<\/td>\n<td style=\"width: 131px\">Bogacki<\/td>\n<td style=\"width: 119px\">Maciej<\/td>\n<\/tr>\n<tr>\n<td style=\"width: 42px\">12.<\/td>\n<td style=\"width: 417px\">nauczyciel<\/td>\n<td style=\"width: 131px\">Domys\u0142awska<\/td>\n<td style=\"width: 119px\">Barbara<\/td>\n<\/tr>\n<tr>\n<td style=\"width: 42px\">13.<\/td>\n<td style=\"width: 417px\">nauczyciel<\/td>\n<td style=\"width: 131px\">Gawe\u0142<\/td>\n<td style=\"width: 119px\">Wioleta<\/td>\n<\/tr>\n<tr>\n<td style=\"width: 42px\">2.<\/td>\n<td style=\"width: 417px\">programista<\/td>\n<td style=\"width: 131px\">Leszczy\u0144ski<\/td>\n<td style=\"width: 119px\">Szymon<\/td>\n<\/tr>\n<tr>\n<td style=\"width: 42px\">1.<\/td>\n<td style=\"width: 417px\">nauczyciel<\/td>\n<td style=\"width: 131px\">\u0141adna<\/td>\n<td style=\"width: 119px\">Ewa<\/td>\n<\/tr>\n<tr>\n<td style=\"width: 42px\">11.<\/td>\n<td style=\"width: 417px\">nauczyciel<\/td>\n<td style=\"width: 131px\">Ma\u0142ek&nbsp;<\/td>\n<td style=\"width: 119px\">Dorota<\/td>\n<\/tr>\n<tr>\n<td style=\"width: 42px\">16.<\/td>\n<td style=\"width: 417px\">nauczyciel<\/td>\n<td style=\"width: 131px\">Monkiewicz<\/td>\n<td style=\"width: 119px\">Anna<\/td>\n<\/tr>\n<tr>\n<td style=\"width: 42px\">4.<\/td>\n<td style=\"width: 417px\">fizyk medyczny<\/td>\n<td style=\"width: 131px\">Ostasz-Sokolik<\/td>\n<td style=\"width: 119px\">Anna<\/td>\n<\/tr>\n<tr>\n<td style=\"width: 42px\">6.<\/td>\n<td style=\"width: 417px\">emeryt<\/td>\n<td style=\"width: 131px\">Pilaci\u0144ski<\/td>\n<td style=\"width: 119px\">Andrzej<\/td>\n<\/tr>\n<tr>\n<td style=\"width: 42px\">15.<\/td>\n<td style=\"width: 417px\">nauczyciel<\/td>\n<td style=\"width: 131px\">Samojlik<\/td>\n<td style=\"width: 119px\">Ma\u0142gorzata&nbsp;<\/td>\n<\/tr>\n<tr>\n<td style=\"width: 42px\">10.<\/td>\n<td style=\"width: 417px\">nauczyciel<\/td>\n<td style=\"width: 131px\">Szymborska<\/td>\n<td style=\"width: 119px\">Beata<\/td>\n<\/tr>\n<tr>\n<td style=\"width: 42px\">9.<\/td>\n<td style=\"width: 417px\">nauczyciel<\/td>\n<td style=\"width: 131px\">Szypulska<\/td>\n<td style=\"width: 119px\">Ma\u0142gorzata<\/td>\n<\/tr>\n<tr>\n<td style=\"width: 42px\">14.<\/td>\n<td style=\"width: 417px\">nauczyciel<\/td>\n<td style=\"width: 131px\">Wi\u015bniewska<\/td>\n<td style=\"width: 119px\">Anna<\/td>\n<\/tr>\n<\/tbody>\n<\/table>\n<\/div>\n","protected":false},"excerpt":{"rendered":"<p>Do fina\u0142u zakwalifikowano 106 os\u00f3b. Listy finalist\u00f3w w kategoriach uczniowskich podajemy w kolejno\u015bci alfabetycznej szk\u00f3\u0142,<\/p>\n","protected":false},"author":171,"featured_media":0,"parent":5287,"menu_order":0,"comment_status":"closed","ping_status":"closed","template":"","meta":{"_acf_changed":false,"ngg_post_thumbnail":0,"footnotes":""},"class_list":["post-5125","page","type-page","status-publish","hentry"],"acf":[],"_links":{"self":[{"href":"https:\/\/pb.edu.pl\/signum\/wp-json\/wp\/v2\/pages\/5125","targetHints":{"allow":["GET"]}}],"collection":[{"href":"https:\/\/pb.edu.pl\/signum\/wp-json\/wp\/v2\/pages"}],"about":[{"href":"https:\/\/pb.edu.pl\/signum\/wp-json\/wp\/v2\/types\/page"}],"author":[{"embeddable":true,"href":"https:\/\/pb.edu.pl\/signum\/wp-json\/wp\/v2\/users\/171"}],"replies":[{"embeddable":true,"href":"https:\/\/pb.edu.pl\/signum\/wp-json\/wp\/v2\/comments?post=5125"}],"version-history":[{"count":0,"href":"https:\/\/pb.edu.pl\/signum\/wp-json\/wp\/v2\/pages\/5125\/revisions"}],"up":[{"embeddable":true,"href":"https:\/\/pb.edu.pl\/signum\/wp-json\/wp\/v2\/pages\/5287"}],"wp:attachment":[{"href":"https:\/\/pb.edu.pl\/signum\/wp-json\/wp\/v2\/media?parent=5125"}],"curies":[{"name":"wp","href":"https:\/\/api.w.org\/{rel}","templated":true}]}}