{"id":5015,"date":"2024-12-18T10:50:45","date_gmt":"2024-12-18T09:50:45","guid":{"rendered":"https:\/\/pb.edu.pl\/signum\/?page_id=5015"},"modified":"2024-12-19T15:13:50","modified_gmt":"2024-12-19T14:13:50","slug":"o-matematyce-i-matematykach","status":"publish","type":"page","link":"https:\/\/pb.edu.pl\/signum\/polecamy\/o-matematyce-i-matematykach\/","title":{"rendered":"O matematyce i matematykach"},"content":{"rendered":"<p>&nbsp;<\/p>\n<p><img loading=\"lazy\" decoding=\"async\" class=\"size-full wp-image-5009 alignleft\" src=\"https:\/\/pb.edu.pl\/signum\/wp-content\/uploads\/sites\/128\/2024\/12\/image.png\" alt=\"\" width=\"227\" height=\"242\">Prof. dr hab. Czes\u0142aw Bagi\u0144ski, autor cyklu audycji, jest matematykiem i popularyzatorem nauki, kt\u00f3ry swoj\u0105 pasj\u0105 i wiedz\u0105 potrafi zara\u017ca\u0107 ka\u017cdego. Jego audycje nie s\u0105 suchymi wyk\u0142adami, ale fascynuj\u0105c\u0105 opowie\u015bci\u0105 o ludziach, ich pasjach i odkryciach, kt\u00f3re zmieni\u0142y \u015bwiat. Dzi\u0119ki jego interpretacjom, nawet najbardziej zawi\u0142e zagadnienia matematyczne staj\u0105 si\u0119 zrozumia\u0142e i interesuj\u0105ce. Prof. Czes\u0142aw Bagi\u0144ski jest kierownikiem Katedry Informatyki Teoretycznej na Wydziale Informatyki Politechniki Bia\u0142ostockiej oraz wieloletnim aktywnym cz\u0142onkiem Centrum Popularyzacji Matematyki SIGNUM.<\/p>\n<p>Cykl \u201d O matematyce i matematykach\u201d jest skierowany nie tylko do pasjonat\u00f3w matematyki, ale r\u00f3wnie\u017c do wszystkich, kt\u00f3rzy chc\u0105 lepiej zrozumie\u0107 otaczaj\u0105cy ich \u015bwiat. Matematyka, jak pokazuje prof. Bagi\u0144ski, to j\u0119zyk, kt\u00f3rym pos\u0142ugujemy si\u0119 na co dzie\u0144, nie zdaj\u0105c sobie nawet z tego sprawy. Ka\u017cda audycja otwiera przed s\u0142uchaczami nowe spojrzenie na liczby i ich rol\u0119 w historii cywilizacji.<\/p>\n<p>Audycje \u201eO matematyce i matematykach\u201d s\u0105 nadawane w ka\u017cd\u0105 \u015brod\u0119 o godzinie 9.15 na falach Radia AKADERA.<\/p>\n<p>&nbsp;<\/p>\n<p>&nbsp;<\/p>\n<p><!--more--><\/p>\n<p><a href=\"https:\/\/www.mixcloud.com\/RADIO_AKADERA_87_7FM\/studenckie-sprawy-jak-ciekawie-m%C3%B3wi%C4%87-o-matematyce-go%C5%9B%C4%87-dr-hab-czes%C5%82aw-butry%C5%82o\/\">Studenckie sprawy. Jak ciekawie m\u00f3wi\u0107 o matematyce?<\/a><\/p>\n<p><a href=\"https:\/\/www.mixcloud.com\/RADIO_AKADERA_87_7FM\/o-matematyce-i-matematykach-aleksandria-i-jej-biblioteka-prof-czes%C5%82aw-bagi%C5%84ski\/\">Aleksandria i jej Biblioteka. Prof. Czes\u0142aw Bagi\u0144ski<\/a><\/p>\n<p><a href=\"https:\/\/www.mixcloud.com\/RADIO_AKADERA_87_7FM\/o-matematyce-i-matematykach-odc-1-zero-to-wi%C4%99cej-ni%C5%BC-nic-prof-czes%C5%82aw-bagi%C5%84ski\/\">Zero, to wi\u0119cej ni\u017c nic. Prof. Czes\u0142aw Bagi\u0144ski<\/a><\/p>\n<p><a href=\"https:\/\/www.mixcloud.com\/RADIO_AKADERA_87_7FM\/o-matematyce-i-matematykach-archimedes-prof-czes%C5%82aw-bagi%C5%84ski\/\">Archimedes. Prof. Czes\u0142aw Bagi\u0144ski<\/a><\/p>\n<p><a href=\"https:\/\/www.mixcloud.com\/RADIO_AKADERA_87_7FM\/o-matematyce-i-matematykach-niccolo-fontana-tartaglia-dr-hab-czes%C5%82aw-bagi%C5%84ski\/\">Niccolo Fontana (Tartaglia). Dr hab. Czes\u0142aw Bagi\u0144ski<\/a><\/p>\n<p><a href=\"https:\/\/www.mixcloud.com\/RADIO_AKADERA_87_7FM\/o-matematyce-i-matematykach-niewsp%C3%B3%C5%82mierno%C5%9B%C4%87-opowiada-dr-hab-czes%C5%82aw-bagi%C5%84ski\/\">Niewsp\u00f3\u0142mierno\u015b\u0107. Opowiada dr hab. Czes\u0142aw Bagi\u0144ski<\/a><\/p>\n<p><a href=\"https:\/\/www.mixcloud.com\/RADIO_AKADERA_87_7FM\/o-matematyce-i-matematykach-twierdzenie-pitagorasa-opowiada-dr-hab-czes%C5%82aw-bagi%C5%84ski\/\">Twierdzenie Pitagorasa. Opowiada dr hab. Czes\u0142aw Bagi\u0144ski<\/a><\/p>\n<p><a href=\"https:\/\/www.mixcloud.com\/RADIO_AKADERA_87_7FM\/o-matematyce-i-matematykach-stada-byd%C5%82a-boga-s%C5%82o%C5%84ce\/\">Stada byd\u0142a boga S\u0142o\u0144ce. Prof. Czes\u0142aw Bagi\u0144ski<\/a><\/p>\n<p><a href=\"https:\/\/www.mixcloud.com\/RADIO_AKADERA_87_7FM\/o-matematyce-i-matematykach-z%C5%82oty-margines-opowiada-dr-hab-czes%C5%82aw-bagi%C5%84ski\/\">Z\u0142oty margines. Opowiada dr hab. Czes\u0142aw Bagi\u0144ski<\/a><\/p>\n<p><a href=\"https:\/\/www.mixcloud.com\/RADIO_AKADERA_87_7FM\/o-matematyce-i-matematykach-liczba-najpierwsza-opowiada-dr-hab-czes%C5%82awa\/\">Liczba najpierwsza. Opowiada dr hab. Czes\u0142aw Bagi\u0144ski<\/a><\/p>\n<p><a href=\"https:\/\/www.mixcloud.com\/RADIO_AKADERA_87_7FM\/o-matematyce-i-matematykach-abeci-o-systemie-binarnym-opowiada-dr-hab-czes%C5%82aw-bagi%C5%84ski\/\">Abeci. O systemie binarnym opowiada dr hab. Czes\u0142aw Bagi\u0144ski<\/a><\/p>\n","protected":false},"excerpt":{"rendered":"<p>&nbsp; Prof. dr hab. Czes\u0142aw Bagi\u0144ski, autor cyklu audycji, jest matematykiem i popularyzatorem nauki, kt\u00f3ry<\/p>\n","protected":false},"author":171,"featured_media":0,"parent":5003,"menu_order":1000000,"comment_status":"closed","ping_status":"closed","template":"","meta":{"_acf_changed":false,"ngg_post_thumbnail":0,"footnotes":""},"class_list":["post-5015","page","type-page","status-publish","hentry"],"acf":[],"_links":{"self":[{"href":"https:\/\/pb.edu.pl\/signum\/wp-json\/wp\/v2\/pages\/5015","targetHints":{"allow":["GET"]}}],"collection":[{"href":"https:\/\/pb.edu.pl\/signum\/wp-json\/wp\/v2\/pages"}],"about":[{"href":"https:\/\/pb.edu.pl\/signum\/wp-json\/wp\/v2\/types\/page"}],"author":[{"embeddable":true,"href":"https:\/\/pb.edu.pl\/signum\/wp-json\/wp\/v2\/users\/171"}],"replies":[{"embeddable":true,"href":"https:\/\/pb.edu.pl\/signum\/wp-json\/wp\/v2\/comments?post=5015"}],"version-history":[{"count":0,"href":"https:\/\/pb.edu.pl\/signum\/wp-json\/wp\/v2\/pages\/5015\/revisions"}],"up":[{"embeddable":true,"href":"https:\/\/pb.edu.pl\/signum\/wp-json\/wp\/v2\/pages\/5003"}],"wp:attachment":[{"href":"https:\/\/pb.edu.pl\/signum\/wp-json\/wp\/v2\/media?parent=5015"}],"curies":[{"name":"wp","href":"https:\/\/api.w.org\/{rel}","templated":true}]}}