{"id":4969,"date":"2024-11-28T12:48:10","date_gmt":"2024-11-28T11:48:10","guid":{"rendered":"https:\/\/pb.edu.pl\/signum\/?page_id=4969"},"modified":"2024-11-28T12:48:10","modified_gmt":"2024-11-28T11:48:10","slug":"o-zawodach","status":"publish","type":"page","link":"https:\/\/pb.edu.pl\/signum\/konkurs\/memorial-urszuli-marciniak\/o-zawodach\/","title":{"rendered":"O zawodach"},"content":{"rendered":"<p>Zapraszamy do udzia\u0142u w&nbsp;otwartych zawodach w&nbsp;rozwi\u0105zywaniu \u0142amig\u0142\u00f3wek diagramowych. Celem zawod\u00f3w jest upami\u0119tnienie i&nbsp;kontynuowanie dzie\u0142a Urszuli Marciniak, kt\u00f3rym by\u0142o szerzenie i&nbsp;popularyzowanie logicznego my\u015blenia i&nbsp;podnoszenia kultury matematycznej w\u015br\u00f3d Polak\u00f3w.<\/p>\n<p>W tym roku zawody odb\u0119d\u0105 si\u0119 po raz trzeci na Podlasiu, ale ich tradycja si\u0119ga 2017 roku, kiedy to pierwszy&nbsp;<strong>Memoria\u0142 Urszuli Marciniak<\/strong>&nbsp;odby\u0142 si\u0119 we Wroc\u0142awiu. Zach\u0119camy do zapoznania si\u0119 z&nbsp;ide\u0105 konkursu i&nbsp;postaci\u0105 jego patronki na stronie&nbsp;<a href=\"http:\/\/www.fmw.uni.wroc.pl\/dla-uczni%C3%B3w\/memoria%C5%82-urszuli-marciniak\/memoria%C5%82-urszuli-marciniak\">Fundacji Matematyk\u00f3w Wroc\u0142awskich<\/a>.<\/p>\n<p>Do zawod\u00f3w mo\u017ce przyst\u0105pi\u0107 ka\u017cdy, niezale\u017cnie od wieku i&nbsp;nieodp\u0142atnie. Aby zapozna\u0107 si\u0119 z przyk\u0142adowymi zadaniami i&nbsp;przygotowa\u0107 si\u0119 do udzia\u0142u w&nbsp;konkursie, odsy\u0142amy do nast\u0119puj\u0105cych zasob\u00f3w:<\/p>\n<ul>\n<li>zeszyty i strona internetowa&nbsp;<a href=\"http:\/\/www.wydawnictwologi.pl\/index.php?route=common\/home\">Wydawnictwa Logi<\/a><\/li>\n<li>zadania treningowe&nbsp;<a href=\"http:\/\/www.wydawnictwologi.pl\/pliki\/probkaLM_v2.pdf\">LOGI<\/a><\/li>\n<li>diagramy zada\u0144 z&nbsp;<a href=\"http:\/\/sfinks.org.pl\/zadania.php\">Mistrzostw Polski w \u0141amig\u0142\u00f3wkach<\/a><\/li>\n<li>zadania treningowe&nbsp;<a href=\"https:\/\/www.puzzle-loop.com\/\">Puzzle Games<\/a><\/li>\n<\/ul>\n<p>Zadania konkursowe dostosowane s\u0105 do wieku uczestnik\u00f3w, a zawody odbywaj\u0105 si\u0119 w czterech kategoriach:<\/p>\n<ul>\n<li>M\u0141ODZICY (kl. 3-5 SP)<\/li>\n<li>JUNIORZY (kl. 6-8 SP)<\/li>\n<li>LICEALI\u015aCI (uczniowie szk\u00f3\u0142 \u015brednich)<\/li>\n<li>DORO\u015aLI<\/li>\n<\/ul>\n","protected":false},"excerpt":{"rendered":"<p>Zapraszamy do udzia\u0142u w&nbsp;otwartych zawodach w&nbsp;rozwi\u0105zywaniu \u0142amig\u0142\u00f3wek diagramowych. Celem zawod\u00f3w jest upami\u0119tnienie i&nbsp;kontynuowanie dzie\u0142a Urszuli<\/p>\n","protected":false},"author":171,"featured_media":0,"parent":2571,"menu_order":0,"comment_status":"closed","ping_status":"closed","template":"","meta":{"_acf_changed":false,"ngg_post_thumbnail":0,"footnotes":""},"class_list":["post-4969","page","type-page","status-publish","hentry"],"acf":[],"_links":{"self":[{"href":"https:\/\/pb.edu.pl\/signum\/wp-json\/wp\/v2\/pages\/4969","targetHints":{"allow":["GET"]}}],"collection":[{"href":"https:\/\/pb.edu.pl\/signum\/wp-json\/wp\/v2\/pages"}],"about":[{"href":"https:\/\/pb.edu.pl\/signum\/wp-json\/wp\/v2\/types\/page"}],"author":[{"embeddable":true,"href":"https:\/\/pb.edu.pl\/signum\/wp-json\/wp\/v2\/users\/171"}],"replies":[{"embeddable":true,"href":"https:\/\/pb.edu.pl\/signum\/wp-json\/wp\/v2\/comments?post=4969"}],"version-history":[{"count":0,"href":"https:\/\/pb.edu.pl\/signum\/wp-json\/wp\/v2\/pages\/4969\/revisions"}],"up":[{"embeddable":true,"href":"https:\/\/pb.edu.pl\/signum\/wp-json\/wp\/v2\/pages\/2571"}],"wp:attachment":[{"href":"https:\/\/pb.edu.pl\/signum\/wp-json\/wp\/v2\/media?parent=4969"}],"curies":[{"name":"wp","href":"https:\/\/api.w.org\/{rel}","templated":true}]}}