{"id":4967,"date":"2024-11-28T12:47:36","date_gmt":"2024-11-28T11:47:36","guid":{"rendered":"https:\/\/pb.edu.pl\/signum\/?page_id=4967"},"modified":"2025-12-12T18:20:49","modified_gmt":"2025-12-12T17:20:49","slug":"terminarz","status":"publish","type":"page","link":"https:\/\/pb.edu.pl\/signum\/konkurs\/memorial-urszuli-marciniak\/terminarz\/","title":{"rendered":"Terminarz"},"content":{"rendered":"<p><strong>Terminarz<\/strong><\/p>\n<p><strong>Memoria\u0142u Urszuli Marciniak organizowanego w 2026 r.<\/strong><\/p>\n<p><strong>na Podlasiu<\/strong><\/p>\n<p><strong>&nbsp;<\/strong><\/p>\n<ul>\n<li>Zg\u0142oszenia udzia\u0142u <strong>1-31 grudnia 2025<\/strong> (za pomoc\u0105 formularza&nbsp;<a href=\"https:\/\/pb.edu.pl\/signum\/konkurs\/memorial-urszuli-marciniak\/zgloszenia\/zgloszenie-do-memorialu-urszuli-marciniak-szkola\/\">dla szk\u00f3\u0142<\/a> albo&nbsp;<a href=\"https:\/\/pb.edu.pl\/signum\/konkurs\/memorial-urszuli-marciniak\/zgloszenia\/zgloszenie-do-memorialu-urszuli-marciniak-zawodnik-indywidualny\/\">dla zawodnik\u00f3w indywidualnych<\/a>)<\/li>\n<li>wysy\u0142anie zada\u0144 eliminacyjnych do szk\u00f3\u0142 <strong>7 stycznia 2026<\/strong><\/li>\n<li>eliminacje szkolne <strong>8 stycznia 2026<\/strong><\/li>\n<li>eliminacje dla doros\u0142ych &#8211; zdalne w terminie ustalonym ze zg\u0142oszonymi osobami<\/li>\n<li>przesy\u0142anie wynik\u00f3w ze szk\u00f3\u0142 do <strong>20 stycznia 2026<\/strong><\/li>\n<li>og\u0142oszenie listy finalist\u00f3w <strong>1 lutego 2026<\/strong><\/li>\n<li>fina\u0142 <strong>21 marca 2026<\/strong><\/li>\n<\/ul>\n<p><strong>&nbsp;<\/strong><\/p>\n","protected":false},"excerpt":{"rendered":"<p>Terminarz Memoria\u0142u Urszuli Marciniak organizowanego w 2026 r. na Podlasiu &nbsp; Zg\u0142oszenia udzia\u0142u 1-31 grudnia<\/p>\n","protected":false},"author":171,"featured_media":0,"parent":2571,"menu_order":0,"comment_status":"closed","ping_status":"closed","template":"","meta":{"_acf_changed":false,"ngg_post_thumbnail":0,"footnotes":""},"class_list":["post-4967","page","type-page","status-publish","hentry"],"acf":[],"_links":{"self":[{"href":"https:\/\/pb.edu.pl\/signum\/wp-json\/wp\/v2\/pages\/4967","targetHints":{"allow":["GET"]}}],"collection":[{"href":"https:\/\/pb.edu.pl\/signum\/wp-json\/wp\/v2\/pages"}],"about":[{"href":"https:\/\/pb.edu.pl\/signum\/wp-json\/wp\/v2\/types\/page"}],"author":[{"embeddable":true,"href":"https:\/\/pb.edu.pl\/signum\/wp-json\/wp\/v2\/users\/171"}],"replies":[{"embeddable":true,"href":"https:\/\/pb.edu.pl\/signum\/wp-json\/wp\/v2\/comments?post=4967"}],"version-history":[{"count":0,"href":"https:\/\/pb.edu.pl\/signum\/wp-json\/wp\/v2\/pages\/4967\/revisions"}],"up":[{"embeddable":true,"href":"https:\/\/pb.edu.pl\/signum\/wp-json\/wp\/v2\/pages\/2571"}],"wp:attachment":[{"href":"https:\/\/pb.edu.pl\/signum\/wp-json\/wp\/v2\/media?parent=4967"}],"curies":[{"name":"wp","href":"https:\/\/api.w.org\/{rel}","templated":true}]}}