{"id":4952,"date":"2024-11-28T11:27:54","date_gmt":"2024-11-28T10:27:54","guid":{"rendered":"https:\/\/pb.edu.pl\/signum\/?page_id=4952"},"modified":"2025-12-11T22:19:45","modified_gmt":"2025-12-11T21:19:45","slug":"zgloszenie-do-memorialu-urszuli-marciniak-szkola","status":"publish","type":"page","link":"https:\/\/pb.edu.pl\/signum\/konkurs\/memorial-urszuli-marciniak\/zgloszenia\/zgloszenie-do-memorialu-urszuli-marciniak-szkola\/","title":{"rendered":"Zg\u0142oszenie do Memoria\u0142u Urszuli Marciniak &#8211; szko\u0142a"},"content":{"rendered":"\n<div class=\"wpcf7 no-js\" id=\"wpcf7-f4951-o1\" lang=\"pl-PL\" dir=\"ltr\" data-wpcf7-id=\"4951\">\n<div class=\"screen-reader-response\"><p role=\"status\" aria-live=\"polite\" aria-atomic=\"true\"><\/p> <ul><\/ul><\/div>\n<form action=\"\/signum\/wp-json\/wp\/v2\/pages\/4952#wpcf7-f4951-o1\" method=\"post\" class=\"wpcf7-form init\" aria-label=\"Formularz kontaktowy\" novalidate=\"novalidate\" data-status=\"init\">\n<fieldset class=\"hidden-fields-container\"><input type=\"hidden\" name=\"_wpcf7\" value=\"4951\" \/><input type=\"hidden\" name=\"_wpcf7_version\" value=\"6.1.5\" \/><input type=\"hidden\" name=\"_wpcf7_locale\" value=\"pl_PL\" \/><input type=\"hidden\" name=\"_wpcf7_unit_tag\" value=\"wpcf7-f4951-o1\" \/><input type=\"hidden\" name=\"_wpcf7_container_post\" value=\"0\" \/><input type=\"hidden\" name=\"_wpcf7_posted_data_hash\" value=\"\" \/><input type=\"hidden\" name=\"_wpcf7cf_hidden_group_fields\" value=\"[]\" \/><input type=\"hidden\" name=\"_wpcf7cf_hidden_groups\" value=\"[]\" \/><input type=\"hidden\" name=\"_wpcf7cf_visible_groups\" value=\"[]\" \/><input type=\"hidden\" name=\"_wpcf7cf_repeaters\" value=\"[]\" \/><input type=\"hidden\" name=\"_wpcf7cf_steps\" value=\"{}\" \/><input type=\"hidden\" name=\"_wpcf7cf_options\" value=\"{&quot;form_id&quot;:4951,&quot;conditions&quot;:[],&quot;settings&quot;:{&quot;animation&quot;:&quot;yes&quot;,&quot;animation_intime&quot;:200,&quot;animation_outtime&quot;:200,&quot;conditions_ui&quot;:&quot;normal&quot;,&quot;notice_dismissed&quot;:false,&quot;notice_dismissed_update-cf7-6.0.2&quot;:true}}\" \/>\n<\/fieldset>\n<div class=\"wpcf7-turnstile cf-turnstile\" data-sitekey=\"0x4AAAAAACDP-G-k0g-pygWP\" data-response-field-name=\"_wpcf7_turnstile_response\"><\/div>\n\n<div class=\"row\">\n\t<div class=\"col-md-12 mx-auto\">\n\t\t<div class=\"row\">\n\t\t\t<h3>Szko\u0142a\n\t\t\t<\/h3>\n\t\t\t<div class=\"col-md-4\">\n\t\t\t\t<p><label for=\"nazwa\"> Nazwa *<\/label><span class=\"wpcf7-form-control-wrap\" data-name=\"nazwa\"><input size=\"40\" maxlength=\"400\" class=\"wpcf7-form-control wpcf7-text wpcf7-validates-as-required\" id=\"nazwa\" aria-required=\"true\" aria-invalid=\"false\" value=\"\" type=\"text\" name=\"nazwa\" \/><\/span>\n\t\t\t\t<\/p>\n\t\t\t<\/div>\n\t\t\t<div class=\"col-md-4\">\n\t\t\t\t<p><label for=\"adres\"> Adres: *<\/label><span class=\"wpcf7-form-control-wrap\" data-name=\"adres\"><input size=\"40\" maxlength=\"400\" class=\"wpcf7-form-control wpcf7-text wpcf7-validates-as-required\" id=\"adres\" aria-required=\"true\" aria-invalid=\"false\" value=\"\" type=\"text\" name=\"adres\" \/><\/span>\n\t\t\t\t<\/p>\n\t\t\t<\/div>\n\t\t\t<div class=\"col-md-4\">\n\t\t\t\t<p><label for=\"telefonSzkoly\"> Telefon kontaktowy: *<\/label><span class=\"wpcf7-form-control-wrap\" data-name=\"telefonSzkoly\"><input size=\"40\" maxlength=\"9\" minlength=\"9\" class=\"wpcf7-form-control wpcf7-tel wpcf7-validates-as-required wpcf7-text wpcf7-validates-as-tel\" id=\"telefonSzkoly\" aria-required=\"true\" aria-invalid=\"false\" placeholder=\"123456789\" value=\"\" type=\"tel\" name=\"telefonSzkoly\" \/><\/span>\n\t\t\t\t<\/p>\n\t\t\t<\/div>\n\t\t<\/div>\n\t\t<div class=\"row\">\n\t\t\t<h3>Koordynator szkolny\n\t\t\t<\/h3>\n\t\t\t<div class=\"col-md-4\">\n\t\t\t\t<p><label for=\"imie\"> Imi\u0119\/Imiona: *<\/label><span class=\"wpcf7-form-control-wrap\" data-name=\"imie\"><input size=\"40\" maxlength=\"400\" class=\"wpcf7-form-control wpcf7-text wpcf7-validates-as-required\" id=\"imie\" aria-required=\"true\" aria-invalid=\"false\" value=\"\" type=\"text\" name=\"imie\" \/><\/span>\n\t\t\t\t<\/p>\n\t\t\t<\/div>\n\t\t\t<div class=\"col-md-4\">\n\t\t\t\t<p><label for=\"nazwisko\"> Nazwisko: *<\/label><span class=\"wpcf7-form-control-wrap\" data-name=\"nazwisko\"><input size=\"40\" maxlength=\"400\" class=\"wpcf7-form-control wpcf7-text wpcf7-validates-as-required\" id=\"nazwisko\" aria-required=\"true\" aria-invalid=\"false\" value=\"\" type=\"text\" name=\"nazwisko\" \/><\/span>\n\t\t\t\t<\/p>\n\t\t\t<\/div>\n\t\t\t<div class=\"col-md-4\">\n\t\t\t\t<p><label for=\"email\"> Adres e-mail: *<\/label><span class=\"wpcf7-form-control-wrap\" data-name=\"email\"><input size=\"40\" maxlength=\"400\" class=\"wpcf7-form-control wpcf7-email wpcf7-validates-as-required wpcf7-text wpcf7-validates-as-email input-no-paste\" id=\"email\" aria-required=\"true\" aria-invalid=\"false\" value=\"\" type=\"email\" name=\"email\" \/><\/span>\n\t\t\t\t<\/p>\n\t\t\t<\/div>\n\t\t<\/div>\n\t\t<div class=\"row\">\n\t\t\t<div class=\"col-md-6\">\n\t\t\t\t<p><label for=\"telefon\"> Telefon kontaktowy: *<\/label><span class=\"wpcf7-form-control-wrap\" data-name=\"telefon\"><input size=\"40\" maxlength=\"9\" minlength=\"9\" class=\"wpcf7-form-control wpcf7-tel wpcf7-validates-as-required wpcf7-text wpcf7-validates-as-tel\" id=\"telefon\" aria-required=\"true\" aria-invalid=\"false\" placeholder=\"123456789\" value=\"\" type=\"tel\" name=\"telefon\" \/><\/span>\n\t\t\t\t<\/p>\n\t\t\t<\/div>\n\t\t\t<div class=\"col-md-6\">\n\t\t\t\t<p><label for=\"nauczanyPrzedmiot\"> Nauczany przedmiot: *<\/label><span class=\"wpcf7-form-control-wrap\" data-name=\"nauczanyPrzedmiot\"><input size=\"40\" maxlength=\"400\" class=\"wpcf7-form-control wpcf7-text wpcf7-validates-as-required\" id=\"nauczanyPrzedmiot\" aria-required=\"true\" aria-invalid=\"false\" value=\"\" type=\"text\" name=\"nauczanyPrzedmiot\" \/><\/span>\n\t\t\t\t<\/p>\n\t\t\t<\/div>\n\t\t<\/div>\n\t<\/div>\n<\/div>\n<div class=\"row\">\n\t<div class=\"col-md-12\">\n\t\t<p><label for=\"checkbox-622\"> Kategoria: * <\/label><br \/>\n<span class=\"wpcf7-form-control-wrap\" data-name=\"checkbox-622\"><span class=\"wpcf7-form-control wpcf7-checkbox wpcf7-validates-as-required\"><span class=\"wpcf7-list-item first\"><label><input type=\"checkbox\" name=\"checkbox-622[]\" value=\"M\u0142odzicy (kl. 3-5 SP)\" \/><span class=\"wpcf7-list-item-label\">M\u0142odzicy (kl. 3-5 SP)<\/span><\/label><\/span><span class=\"wpcf7-list-item\"><label><input type=\"checkbox\" name=\"checkbox-622[]\" value=\"Juniorzy (kl. 6-8 SP)\" \/><span class=\"wpcf7-list-item-label\">Juniorzy (kl. 6-8 SP)<\/span><\/label><\/span><span class=\"wpcf7-list-item last\"><label><input type=\"checkbox\" name=\"checkbox-622[]\" value=\"Liceali\u015bci (szko\u0142y \u015brednie)\" \/><span class=\"wpcf7-list-item-label\">Liceali\u015bci (szko\u0142y \u015brednie)<\/span><\/label><\/span><\/span><\/span>\n\t\t<\/p>\n\t<\/div>\n\t<div class=\"col-md-12\">\n\t\t<p><label for=\"checkbox-623\"> W konkursie b\u0119d\u0105 startowali: * <\/label><span class=\"wpcf7-form-control-wrap\" data-name=\"checkbox-623\"><span class=\"wpcf7-form-control wpcf7-checkbox wpcf7-validates-as-required\"><span class=\"wpcf7-list-item first\"><label><input type=\"checkbox\" name=\"checkbox-623[]\" value=\"uczniowie\" \/><span class=\"wpcf7-list-item-label\">uczniowie<\/span><\/label><\/span><span class=\"wpcf7-list-item\"><label><input type=\"checkbox\" name=\"checkbox-623[]\" value=\"nauczyciele\" \/><span class=\"wpcf7-list-item-label\">nauczyciele<\/span><\/label><\/span><span class=\"wpcf7-list-item last\"><label><input type=\"checkbox\" name=\"checkbox-623[]\" value=\"rodzice\" \/><span class=\"wpcf7-list-item-label\">rodzice<\/span><\/label><\/span><\/span><\/span>\n\t\t<\/p>\n\t<\/div>\n<\/div>\n<div class=\"row\">\n\t<div class=\"col-md-12\">\n\t\t<p><label for=\"uwagi\"> Uwagi: <\/label><span class=\"wpcf7-form-control-wrap\" data-name=\"uwagi\"><textarea cols=\"40\" rows=\"10\" maxlength=\"2000\" class=\"wpcf7-form-control wpcf7-textarea\" id=\"uwagi\" aria-invalid=\"false\" name=\"uwagi\"><\/textarea><\/span>\n\t\t<\/p>\n\t<\/div>\n<\/div>\n<div class=\"row\">\n\t<div class=\"col-md-12\">\n\t\t<p><span class=\"wpcf7-form-control-wrap\" data-name=\"acceptance-101\"><span class=\"wpcf7-form-control wpcf7-acceptance\"><span class=\"wpcf7-list-item\"><label><input type=\"checkbox\" name=\"acceptance-101\" value=\"1\" aria-invalid=\"false\" \/><span class=\"wpcf7-list-item-label\">Znam regulamin konkursu*<\/span><\/label><\/span><\/span><\/span>\n\t\t<\/p>\n\t<\/div>\n<\/div>\n<div class=\"row\">\n\t<div class=\"col-md-12\">\n\t\t<p><span class=\"wpcf7-form-control-wrap\" data-name=\"acceptance-102\"><span class=\"wpcf7-form-control wpcf7-acceptance\"><span class=\"wpcf7-list-item\"><label><input type=\"checkbox\" name=\"acceptance-102\" value=\"1\" aria-invalid=\"false\" \/><span class=\"wpcf7-list-item-label\">Zgoda na przetwarzanie i publikacj\u0119 danych osobowych:* Wyra\u017cam zgod\u0119 na gromadzenie i przetwarzanie przez Organizatora moich danych osobowych zawartych w formularzu zg\u0142oszeniowym w zakresie prowadzenia i realizacji Memoria\u0142u Urszuli Marciniak.<\/span><\/label><\/span><\/span><\/span>\n\t\t<\/p>\n\t<\/div>\n<\/div>\n<div class=\"row\">\n\t<div class=\"col-md-12 text-right\">\n\t\t<p><input class=\"wpcf7-form-control wpcf7-submit has-spinner\" type=\"submit\" value=\"Wy\u015blij\" \/>\n\t\t<\/p>\n\t<\/div>\n<\/div>\n<input class=\"wpcf7-form-control wpcf7-hidden\" value=\"\" type=\"hidden\" name=\"przyjety\" \/><div class=\"wpcf7-response-output\" aria-hidden=\"true\"><\/div>\n<\/form>\n<\/div>\n\n","protected":false},"excerpt":{"rendered":"","protected":false},"author":171,"featured_media":0,"parent":2920,"menu_order":0,"comment_status":"closed","ping_status":"closed","template":"","meta":{"_acf_changed":false,"ngg_post_thumbnail":0,"footnotes":""},"class_list":["post-4952","page","type-page","status-publish","hentry"],"acf":[],"_links":{"self":[{"href":"https:\/\/pb.edu.pl\/signum\/wp-json\/wp\/v2\/pages\/4952","targetHints":{"allow":["GET"]}}],"collection":[{"href":"https:\/\/pb.edu.pl\/signum\/wp-json\/wp\/v2\/pages"}],"about":[{"href":"https:\/\/pb.edu.pl\/signum\/wp-json\/wp\/v2\/types\/page"}],"author":[{"embeddable":true,"href":"https:\/\/pb.edu.pl\/signum\/wp-json\/wp\/v2\/users\/171"}],"replies":[{"embeddable":true,"href":"https:\/\/pb.edu.pl\/signum\/wp-json\/wp\/v2\/comments?post=4952"}],"version-history":[{"count":0,"href":"https:\/\/pb.edu.pl\/signum\/wp-json\/wp\/v2\/pages\/4952\/revisions"}],"up":[{"embeddable":true,"href":"https:\/\/pb.edu.pl\/signum\/wp-json\/wp\/v2\/pages\/2920"}],"wp:attachment":[{"href":"https:\/\/pb.edu.pl\/signum\/wp-json\/wp\/v2\/media?parent=4952"}],"curies":[{"name":"wp","href":"https:\/\/api.w.org\/{rel}","templated":true}]}}