{"id":4925,"date":"2024-10-29T08:56:30","date_gmt":"2024-10-29T07:56:30","guid":{"rendered":"https:\/\/pb.edu.pl\/signum\/?page_id=4925"},"modified":"2025-10-03T18:42:30","modified_gmt":"2025-10-03T16:42:30","slug":"formularz-zgloszeniowy","status":"publish","type":"page","link":"https:\/\/pb.edu.pl\/signum\/warsztaty\/warsztaty-origami\/formularz-zgloszeniowy\/","title":{"rendered":"Formularz zg\u0142oszeniowy"},"content":{"rendered":"<div class=\"h3\">Zapisz si\u0119 na warsztaty do okre\u015blonej grupy:<\/div>\n<div class=\"row\">\n<div class=\"col-sm-4 text-center\">\n<a class=\"button text-center animated zoomIn\" style=\"width:100%\" href=\"\/signum\/warsztaty\/warsztaty-origami\/formularz-zgloszeniowy\/poniedzialki-godz-17\/\">Poniedzia\u0142ki, godz. 17:00<\/a>\n<\/div>\n<\/div>\n","protected":false},"excerpt":{"rendered":"<p>Zapisz si\u0119 na warsztaty do okre\u015blonej grupy: Poniedzia\u0142ki, godz. 17:00<\/p>\n","protected":false},"author":171,"featured_media":0,"parent":2203,"menu_order":0,"comment_status":"closed","ping_status":"closed","template":"","meta":{"_acf_changed":false,"ngg_post_thumbnail":0,"footnotes":""},"class_list":["post-4925","page","type-page","status-publish","hentry"],"acf":[],"_links":{"self":[{"href":"https:\/\/pb.edu.pl\/signum\/wp-json\/wp\/v2\/pages\/4925","targetHints":{"allow":["GET"]}}],"collection":[{"href":"https:\/\/pb.edu.pl\/signum\/wp-json\/wp\/v2\/pages"}],"about":[{"href":"https:\/\/pb.edu.pl\/signum\/wp-json\/wp\/v2\/types\/page"}],"author":[{"embeddable":true,"href":"https:\/\/pb.edu.pl\/signum\/wp-json\/wp\/v2\/users\/171"}],"replies":[{"embeddable":true,"href":"https:\/\/pb.edu.pl\/signum\/wp-json\/wp\/v2\/comments?post=4925"}],"version-history":[{"count":0,"href":"https:\/\/pb.edu.pl\/signum\/wp-json\/wp\/v2\/pages\/4925\/revisions"}],"up":[{"embeddable":true,"href":"https:\/\/pb.edu.pl\/signum\/wp-json\/wp\/v2\/pages\/2203"}],"wp:attachment":[{"href":"https:\/\/pb.edu.pl\/signum\/wp-json\/wp\/v2\/media?parent=4925"}],"curies":[{"name":"wp","href":"https:\/\/api.w.org\/{rel}","templated":true}]}}