{"id":4668,"date":"2024-06-16T11:39:40","date_gmt":"2024-06-16T09:39:40","guid":{"rendered":"https:\/\/pb.edu.pl\/signum\/?page_id=4668"},"modified":"2025-11-04T16:04:59","modified_gmt":"2025-11-04T15:04:59","slug":"aktualnosci","status":"publish","type":"page","link":"https:\/\/pb.edu.pl\/signum\/aktualnosci\/","title":{"rendered":"Aktualno\u015bci"},"content":{"rendered":"\t\t<div class=\"box news-box \">\n\t\t<div class=\"row\">\n\t\t\t\n\t\t\t\n\t\t\t\t\n\t\t\t\t\t\t\t\t\t\t<div class=\"col-sm-3\">\n\t\t\t\t\t\t\t\n<article class=\"format-standard\">\n    <span class=\"date text-right\"><i class=\"fal fa-calendar-alt\"><\/i> 12-02-2026<\/span>\n    <a href=\"https:\/\/pb.edu.pl\/signum\/2026\/02\/12\/konkurs-matematyka-stosowana\/\">\n      <div class=\"article-image\">\n        <img loading=\"lazy\" decoding=\"async\" width=\"340\" height=\"200\" src=\"https:\/\/pb.edu.pl\/signum\/wp-content\/uploads\/sites\/128\/2026\/02\/mat_stos_2026.jpg\" class=\"attachment-medium-image-16x10 size-medium-image-16x10 wp-post-image\" alt=\"\" srcset=\"https:\/\/pb.edu.pl\/signum\/wp-content\/uploads\/sites\/128\/2026\/02\/mat_stos_2026.jpg 340w, https:\/\/pb.edu.pl\/signum\/wp-content\/uploads\/sites\/128\/2026\/02\/mat_stos_2026-300x176.jpg 300w\" sizes=\"auto, (max-width: 340px) 100vw, 340px\" \/>      <\/div>\n      <h3>Konkurs \u201eMatematyka stosowana\u201d<\/h3>\n      Konkursem o indeks na dowolny kierunek studi\u00f3w stacjonarnych na Politechnice Bia\u0142ostockiej    <\/a>\n<\/article>\t\t\t\t\t\t<\/div>\n\t\t\t\t\t\t\t\t\t\t\t<div class=\"col-sm-3\">\n\t\t\t\t\t\t\t\n<article class=\"format-standard\">\n    <span class=\"date text-right\"><i class=\"fal fa-calendar-alt\"><\/i> 19-12-2025<\/span>\n    <a href=\"https:\/\/pb.edu.pl\/signum\/2025\/12\/19\/memorial-urszuli-marciniak\/\">\n      <div class=\"article-image\">\n        <img loading=\"lazy\" decoding=\"async\" width=\"337\" height=\"198\" src=\"https:\/\/pb.edu.pl\/signum\/wp-content\/uploads\/sites\/128\/2024\/04\/MUM_logi.jpg\" class=\"attachment-medium-image-16x10 size-medium-image-16x10 wp-post-image\" alt=\"\" srcset=\"https:\/\/pb.edu.pl\/signum\/wp-content\/uploads\/sites\/128\/2024\/04\/MUM_logi.jpg 337w, https:\/\/pb.edu.pl\/signum\/wp-content\/uploads\/sites\/128\/2024\/04\/MUM_logi-300x176.jpg 300w\" sizes=\"auto, (max-width: 337px) 100vw, 337px\" \/>      <\/div>\n      <h3>Memoria\u0142 Urszuli Marciniak<\/h3>\n      Zapraszamy do udzia\u0142u w otwartych zawodach w rozwi\u0105zywaniu \u0142amig\u0142\u00f3wek diagramowych    <\/a>\n<\/article>\t\t\t\t\t\t<\/div>\n\t\t\t\t\t\t\t\t\t\t\t<div class=\"col-sm-3\">\n\t\t\t\t\t\t\t\n<article class=\"format-standard\">\n    <span class=\"date text-right\"><i class=\"fal fa-calendar-alt\"><\/i> 04-11-2025<\/span>\n    <a href=\"https:\/\/pb.edu.pl\/signum\/2025\/11\/04\/konkurs-internetowa-liga-lamiglowkowa\/\">\n      <div class=\"article-image\">\n        <img loading=\"lazy\" decoding=\"async\" width=\"340\" height=\"200\" src=\"https:\/\/pb.edu.pl\/signum\/wp-content\/uploads\/sites\/128\/2024\/04\/2022_liga.jpg\" class=\"attachment-medium-image-16x10 size-medium-image-16x10 wp-post-image\" alt=\"\" srcset=\"https:\/\/pb.edu.pl\/signum\/wp-content\/uploads\/sites\/128\/2024\/04\/2022_liga.jpg 340w, https:\/\/pb.edu.pl\/signum\/wp-content\/uploads\/sites\/128\/2024\/04\/2022_liga-300x176.jpg 300w\" sizes=\"auto, (max-width: 340px) 100vw, 340px\" \/>      <\/div>\n      <h3>Konkurs \u201eInternetowa Liga \u0141amig\u0142\u00f3wkowa\u201d<\/h3>\n      Zapraszamy wszystkich do wsp\u00f3lnej matematycznej rozrywki    <\/a>\n<\/article>\t\t\t\t\t\t<\/div>\n\t\t\t\t\t\t\t\t\t\t\t<div class=\"col-sm-3\">\n\t\t\t\t\t\t\t\n<article class=\"format-standard\">\n    <span class=\"date text-right\"><i class=\"fal fa-calendar-alt\"><\/i> 06-10-2025<\/span>\n    <a href=\"https:\/\/pb.edu.pl\/signum\/2025\/10\/06\/warsztaty-origami-i\/\">\n      <div class=\"article-image\">\n        <img loading=\"lazy\" decoding=\"async\" width=\"343\" height=\"202\" src=\"https:\/\/pb.edu.pl\/signum\/wp-content\/uploads\/sites\/128\/2024\/04\/2022_origami.jpg\" class=\"attachment-medium-image-16x10 size-medium-image-16x10 wp-post-image\" alt=\"\" srcset=\"https:\/\/pb.edu.pl\/signum\/wp-content\/uploads\/sites\/128\/2024\/04\/2022_origami.jpg 343w, https:\/\/pb.edu.pl\/signum\/wp-content\/uploads\/sites\/128\/2024\/04\/2022_origami-300x177.jpg 300w\" sizes=\"auto, (max-width: 343px) 100vw, 343px\" \/>      <\/div>\n      <h3>Warsztaty origami i \u2026<\/h3>\n      Zapraszamy na warsztaty \u201eOrigami i &#8230;\u201d. Zaj\u0119cia odbywaj\u0105 si\u0119 w poniedzia\u0142ki    <\/a>\n<\/article>\t\t\t\t\t\t<\/div>\n\t\t\t\t\t\n\t\t\t\t\n\t\t\t\t\t<\/div>\n\t\t\t\t\t<\/div>\n\n","protected":false},"excerpt":{"rendered":"","protected":false},"author":171,"featured_media":0,"parent":0,"menu_order":0,"comment_status":"closed","ping_status":"closed","template":"","meta":{"_acf_changed":false,"ngg_post_thumbnail":0,"footnotes":""},"class_list":["post-4668","page","type-page","status-publish","hentry"],"acf":[],"_links":{"self":[{"href":"https:\/\/pb.edu.pl\/signum\/wp-json\/wp\/v2\/pages\/4668","targetHints":{"allow":["GET"]}}],"collection":[{"href":"https:\/\/pb.edu.pl\/signum\/wp-json\/wp\/v2\/pages"}],"about":[{"href":"https:\/\/pb.edu.pl\/signum\/wp-json\/wp\/v2\/types\/page"}],"author":[{"embeddable":true,"href":"https:\/\/pb.edu.pl\/signum\/wp-json\/wp\/v2\/users\/171"}],"replies":[{"embeddable":true,"href":"https:\/\/pb.edu.pl\/signum\/wp-json\/wp\/v2\/comments?post=4668"}],"version-history":[{"count":0,"href":"https:\/\/pb.edu.pl\/signum\/wp-json\/wp\/v2\/pages\/4668\/revisions"}],"wp:attachment":[{"href":"https:\/\/pb.edu.pl\/signum\/wp-json\/wp\/v2\/media?parent=4668"}],"curies":[{"name":"wp","href":"https:\/\/api.w.org\/{rel}","templated":true}]}}