{"id":4661,"date":"2024-06-16T11:02:56","date_gmt":"2024-06-16T09:02:56","guid":{"rendered":"https:\/\/pb.edu.pl\/signum\/?page_id=4661"},"modified":"2024-06-16T11:02:56","modified_gmt":"2024-06-16T09:02:56","slug":"2024-laureaci","status":"publish","type":"page","link":"https:\/\/pb.edu.pl\/signum\/konkurs\/matematyka-w-obiektywie\/2024-matematyka-w-obiektywie\/2024-laureaci\/","title":{"rendered":"2024 &#8211; Laureaci"},"content":{"rendered":"<h3>szko\u0142a podstawowa (klasy 6-8)<\/h3>\n<table style=\"border-collapse: collapse;width: 100%\">\n<tbody>\n<tr>\n<td style=\"width: 50%\">I miejsce<\/td>\n<td style=\"width: 50%\"><a class=\"ngg-simplelightbox\" title=\"Opis: Zdj\u0119cie przedstawia chodnik w zimowej scenerii.\" href=\"https:\/\/pb.edu.pl\/signum\/wp-content\/uploads\/sites\/128\/nggallery\/2024sp-matematyka-w-obiektywie\/gim001a.jpg\" rel=\"\" data-image-id=\"1189\" data-src=\"https:\/\/pb.edu.pl\/signum\/wp-content\/uploads\/sites\/128\/nggallery\/2024sp-matematyka-w-obiektywie\/gim001a.jpg\" data-thumbnail=\"https:\/\/pb.edu.pl\/signum\/wp-content\/uploads\/sites\/128\/nggallery\/2024sp-matematyka-w-obiektywie\/thumbs\/thumbs_gim001a.jpg\" data-title=\"\u201e\u015anie\u017cne prostopad\u0142o\u015bciany\u201d\" data-description=\"Opis: Zdj\u0119cie przedstawia chodnik w zimowej\nscenerii.\"><img decoding=\"async\" class=\"ngg-singlepic ngg-none\" src=\"https:\/\/pb.edu.pl\/signum\/wp-content\/uploads\/sites\/128\/nggallery\/2024sp-matematyka-w-obiektywie\/gim001a.jpg\" alt=\"\u201e\u015anie\u017cne prostopad\u0142o\u015bciany\u201d\"><\/a><\/td>\n<\/tr>\n<tr>\n<td style=\"width: 50%\">II miejsce<\/td>\n<td style=\"width: 50%\"><a class=\"ngg-simplelightbox\" title=\"Opis: Rolina w doniczce ma budow\u00ea fraktali, kt\u00f3re rozrastaj' si\u00ea niczym bujna fryzura\" href=\"https:\/\/pb.edu.pl\/signum\/wp-content\/uploads\/sites\/128\/nggallery\/2024sp-matematyka-w-obiektywie\/gim004aa.jpg\" rel=\"\" data-image-id=\"1192\" data-src=\"https:\/\/pb.edu.pl\/signum\/wp-content\/uploads\/sites\/128\/nggallery\/2024sp-matematyka-w-obiektywie\/gim004aa.jpg\" data-thumbnail=\"https:\/\/pb.edu.pl\/signum\/wp-content\/uploads\/sites\/128\/nggallery\/2024sp-matematyka-w-obiektywie\/thumbs\/thumbs_gim004aa.jpg\" data-title=\"\u201eFraktalowa fryzura\u201d\" data-description=\"Opis: Rolina w doniczce ma budow\u00ea fraktali, kt\u00f3re\nrozrastaj' si\u00ea niczym bujna fryzura\"><img decoding=\"async\" class=\"ngg-singlepic ngg-none\" src=\"https:\/\/pb.edu.pl\/signum\/wp-content\/uploads\/sites\/128\/nggallery\/2024sp-matematyka-w-obiektywie\/gim004aa.jpg\" alt=\"\u201eFraktalowa fryzura\u201d\"><\/a><\/td>\n<\/tr>\n<tr>\n<td style=\"width: 50%\">III miejsce<\/td>\n<td style=\"width: 50%\"><a class=\"ngg-simplelightbox\" title=\"Opis: Owoce maj\u0105 uk\u0142ad symetryczny a kszta\u0142t talerza - ko\u0142a pog\u0142\u0119biaj\u0105 wymow\u0119 matematyczn\u0105\" href=\"https:\/\/pb.edu.pl\/signum\/wp-content\/uploads\/sites\/128\/nggallery\/2024sp-matematyka-w-obiektywie\/gim005a.jpg\" rel=\"\" data-image-id=\"1190\" data-src=\"https:\/\/pb.edu.pl\/signum\/wp-content\/uploads\/sites\/128\/nggallery\/2024sp-matematyka-w-obiektywie\/gim005a.jpg\" data-thumbnail=\"https:\/\/pb.edu.pl\/signum\/wp-content\/uploads\/sites\/128\/nggallery\/2024sp-matematyka-w-obiektywie\/thumbs\/thumbs_gim005a.jpg\" data-title=\"\u201eMatematyczny talerz z symetri\u0105\u201d\" data-description=\"Opis: Owoce maj\u0105 uk\u0142ad symetryczny a kszta\u0142t talerza - ko\u0142a pog\u0142\u0119biaj\u0105 wymow\u0119 matematyczn\u0105\"><img decoding=\"async\" class=\"ngg-singlepic ngg-none\" src=\"https:\/\/pb.edu.pl\/signum\/wp-content\/uploads\/sites\/128\/nggallery\/2024sp-matematyka-w-obiektywie\/gim005a.jpg\" alt=\"\u201eMatematyczny talerz z symetri\u0105\u201d\"><\/a><\/td>\n<\/tr>\n<\/tbody>\n<\/table>\n<h3>m\u0142odzie\u017c szk\u00f3\u0142 ponadpodstawowych<\/h3>\n<table style=\"border-collapse: collapse;width: 100%;height: 503px\">\n<tbody>\n<tr style=\"height: 459px\">\n<td style=\"width: 50%;height: 459px\">I miejsce<\/td>\n<td style=\"width: 50%;height: 459px\"><a class=\"ngg-simplelightbox\" title=\"Opis: Heksagon to wielok\u0105t o sze\u015bciu bokach i sze\u015bciu k\u0105tach wewn\u0119trznych.\" href=\"https:\/\/pb.edu.pl\/signum\/wp-content\/uploads\/sites\/128\/nggallery\/2024pp-matematyka-w-obiektywie\/lic003a.jpg\" rel=\"\" data-image-id=\"1201\" data-src=\"https:\/\/pb.edu.pl\/signum\/wp-content\/uploads\/sites\/128\/nggallery\/2024pp-matematyka-w-obiektywie\/lic003a.jpg\" data-thumbnail=\"https:\/\/pb.edu.pl\/signum\/wp-content\/uploads\/sites\/128\/nggallery\/2024pp-matematyka-w-obiektywie\/thumbs\/thumbs_lic003a.jpg\" data-title=\"\u201eHeksagon\u201d\" data-description=\"Opis: Heksagon to wielok\u0105t o sze\u015bciu bokach i sze\u015bciu k\u0105tach wewn\u0119trznych.\"><img decoding=\"async\" class=\"ngg-singlepic ngg-none\" src=\"https:\/\/pb.edu.pl\/signum\/wp-content\/uploads\/sites\/128\/nggallery\/2024pp-matematyka-w-obiektywie\/lic003a.jpg\" alt=\"\u201eHeksagon\u201d\"><\/a><\/td>\n<\/tr>\n<tr style=\"height: 22px\">\n<td style=\"width: 50%;height: 22px\">II miejsce<\/td>\n<td style=\"width: 50%;height: 22px\"><a class=\"ngg-simplelightbox\" title=\"Opis: Kraw\u0119dzie s\u0105 u\u017cywane do reprezentowania relacji mi\u0119dzy obiektami lub w\u0119z\u0142ami w strukturze danych. S\u0105 one elementem sk\u0142adowym wielu teorii matematycznych i szeroko stosowane w r\u00f3\u017cnych dziedzinach, takich jak teoria graf\u00f3w, geometria czy analiza matematyczna.\" href=\"https:\/\/pb.edu.pl\/signum\/wp-content\/uploads\/sites\/128\/nggallery\/2024pp-matematyka-w-obiektywie\/lic002a.jpg\" rel=\"\" data-image-id=\"1200\" data-src=\"https:\/\/pb.edu.pl\/signum\/wp-content\/uploads\/sites\/128\/nggallery\/2024pp-matematyka-w-obiektywie\/lic002a.jpg\" data-thumbnail=\"https:\/\/pb.edu.pl\/signum\/wp-content\/uploads\/sites\/128\/nggallery\/2024pp-matematyka-w-obiektywie\/thumbs\/thumbs_lic002a.jpg\" data-title=\"\u201eKraw\u0119d\u017a\u201d\" data-description=\"Opis: Kraw\u0119dzie s\u0105 u\u017cywane do reprezentowania relacji mi\u0119dzy obiektami lub w\u0119z\u0142ami w strukturze danych. S\u0105 one elementem sk\u0142adowym wielu teorii matematycznych i szeroko stosowane w r\u00f3\u017cnych dziedzinach, takich jak teoria graf\u00f3w, geometria czy analiza matematyczna.\"><img decoding=\"async\" class=\"ngg-singlepic ngg-none\" src=\"https:\/\/pb.edu.pl\/signum\/wp-content\/uploads\/sites\/128\/nggallery\/2024pp-matematyka-w-obiektywie\/lic002a.jpg\" alt=\"\u201eKraw\u0119d\u017a\u201d\"><\/a><\/td>\n<\/tr>\n<tr style=\"height: 22px\">\n<td style=\"width: 50%;height: 22px\">III miejsce<\/td>\n<td style=\"width: 50%;height: 22px\"><a class=\"ngg-simplelightbox\" title=\"Opis: Wir geometrycznych obiekt\u00f3w (kwadrat\u00f3w) tworzy spiral\u0119.\" href=\"https:\/\/pb.edu.pl\/signum\/wp-content\/uploads\/sites\/128\/nggallery\/2024pp-matematyka-w-obiektywie\/lic008a.jpg\" rel=\"\" data-image-id=\"1205\" data-src=\"https:\/\/pb.edu.pl\/signum\/wp-content\/uploads\/sites\/128\/nggallery\/2024pp-matematyka-w-obiektywie\/lic008a.jpg\" data-thumbnail=\"https:\/\/pb.edu.pl\/signum\/wp-content\/uploads\/sites\/128\/nggallery\/2024pp-matematyka-w-obiektywie\/thumbs\/thumbs_lic008a.jpg\" data-title=\"\u201eSpirala S\u0142odko\u015bci\u201d\" data-description=\"Opis: Wir geometrycznych obiekt\u00f3w (kwadrat\u00f3w) tworzy spiral\u0119.\"><img decoding=\"async\" class=\"ngg-singlepic ngg-none\" src=\"https:\/\/pb.edu.pl\/signum\/wp-content\/uploads\/sites\/128\/nggallery\/2024pp-matematyka-w-obiektywie\/lic008a.jpg\" alt=\"\u201eSpirala S\u0142odko\u015bci\u201d\"><\/a><\/td>\n<\/tr>\n<\/tbody>\n<\/table>\n","protected":false},"excerpt":{"rendered":"<p>szko\u0142a podstawowa (klasy 6-8) I miejsce II miejsce III miejsce m\u0142odzie\u017c szk\u00f3\u0142 ponadpodstawowych I miejsce<\/p>\n","protected":false},"author":171,"featured_media":0,"parent":4628,"menu_order":0,"comment_status":"closed","ping_status":"closed","template":"","meta":{"_acf_changed":false,"ngg_post_thumbnail":0,"footnotes":""},"class_list":["post-4661","page","type-page","status-publish","hentry"],"acf":[],"_links":{"self":[{"href":"https:\/\/pb.edu.pl\/signum\/wp-json\/wp\/v2\/pages\/4661","targetHints":{"allow":["GET"]}}],"collection":[{"href":"https:\/\/pb.edu.pl\/signum\/wp-json\/wp\/v2\/pages"}],"about":[{"href":"https:\/\/pb.edu.pl\/signum\/wp-json\/wp\/v2\/types\/page"}],"author":[{"embeddable":true,"href":"https:\/\/pb.edu.pl\/signum\/wp-json\/wp\/v2\/users\/171"}],"replies":[{"embeddable":true,"href":"https:\/\/pb.edu.pl\/signum\/wp-json\/wp\/v2\/comments?post=4661"}],"version-history":[{"count":0,"href":"https:\/\/pb.edu.pl\/signum\/wp-json\/wp\/v2\/pages\/4661\/revisions"}],"up":[{"embeddable":true,"href":"https:\/\/pb.edu.pl\/signum\/wp-json\/wp\/v2\/pages\/4628"}],"wp:attachment":[{"href":"https:\/\/pb.edu.pl\/signum\/wp-json\/wp\/v2\/media?parent=4661"}],"curies":[{"name":"wp","href":"https:\/\/api.w.org\/{rel}","templated":true}]}}