{"id":4630,"date":"2024-06-16T09:59:48","date_gmt":"2024-06-16T07:59:48","guid":{"rendered":"https:\/\/pb.edu.pl\/signum\/?page_id=4630"},"modified":"2024-06-16T10:50:44","modified_gmt":"2024-06-16T08:50:44","slug":"2024-wszystkie-fotografie","status":"publish","type":"page","link":"https:\/\/pb.edu.pl\/signum\/konkurs\/matematyka-w-obiektywie\/2024-matematyka-w-obiektywie\/2024-wszystkie-fotografie\/","title":{"rendered":"2024 &#8211; Wszystkie fotografie"},"content":{"rendered":"<h3>szko\u0142a podstawowa (klasy 6-8) <\/h3>\nngg_shortcode_0_placeholder\n<hr>\n<h3>m\u0142odzie\u017c szk\u00f3\u0142 ponadpodstawowych <\/h3>\nngg_shortcode_1_placeholder\n","protected":false},"excerpt":{"rendered":"<p>szko\u0142a podstawowa (klasy 6-8) m\u0142odzie\u017c szk\u00f3\u0142 ponadpodstawowych<\/p>\n","protected":false},"author":171,"featured_media":0,"parent":4628,"menu_order":2,"comment_status":"closed","ping_status":"closed","template":"","meta":{"_acf_changed":false,"ngg_post_thumbnail":0,"footnotes":""},"class_list":["post-4630","page","type-page","status-publish","hentry"],"acf":[],"_links":{"self":[{"href":"https:\/\/pb.edu.pl\/signum\/wp-json\/wp\/v2\/pages\/4630","targetHints":{"allow":["GET"]}}],"collection":[{"href":"https:\/\/pb.edu.pl\/signum\/wp-json\/wp\/v2\/pages"}],"about":[{"href":"https:\/\/pb.edu.pl\/signum\/wp-json\/wp\/v2\/types\/page"}],"author":[{"embeddable":true,"href":"https:\/\/pb.edu.pl\/signum\/wp-json\/wp\/v2\/users\/171"}],"replies":[{"embeddable":true,"href":"https:\/\/pb.edu.pl\/signum\/wp-json\/wp\/v2\/comments?post=4630"}],"version-history":[{"count":0,"href":"https:\/\/pb.edu.pl\/signum\/wp-json\/wp\/v2\/pages\/4630\/revisions"}],"up":[{"embeddable":true,"href":"https:\/\/pb.edu.pl\/signum\/wp-json\/wp\/v2\/pages\/4628"}],"wp:attachment":[{"href":"https:\/\/pb.edu.pl\/signum\/wp-json\/wp\/v2\/media?parent=4630"}],"curies":[{"name":"wp","href":"https:\/\/api.w.org\/{rel}","templated":true}]}}