{"id":4623,"date":"2024-06-16T09:38:40","date_gmt":"2024-06-16T07:38:40","guid":{"rendered":"https:\/\/pb.edu.pl\/signum\/?page_id=4623"},"modified":"2024-06-16T09:38:48","modified_gmt":"2024-06-16T07:38:48","slug":"2024-laureaci","status":"publish","type":"page","link":"https:\/\/pb.edu.pl\/signum\/konkurs\/z-matematyka-do-rymu\/archiwum\/z-matematyka-do-rymu-2024\/2024-laureaci\/","title":{"rendered":"2024 &#8211; Laureaci"},"content":{"rendered":"<h3 style=\"text-align: center\"><em>Konkurs matematyczno-humanistyczny <\/em><\/h3>\n<h3 style=\"text-align: center\"><em>,,Z matematyk\u0105 do rymu&#8221;<\/em><\/h3>\n<h3 style=\"text-align: center\"><em>Kategoria ,,szko\u0142a podstawowa&#8221;-laureaci<\/em><\/h3>\n<table class=\"table table-no-bordered\">\n<tbody>\n<tr>\n<td>I miejsce<\/td>\n<td valign=\"top\"><a data-toggle=\"collapse\" data-target=\"#msc1\">Matematyczna wycieczka<\/a>,Emil O\u0142dakowski<br \/>\n(Szko\u0142a Podstawowa im. Boles\u0142awa Prusa w Po\u015bwi\u0119tnem,<br \/>\nopiekun: Ewa O\u0142dakowska)<\/p>\n<div class=\"container\">\n<div id=\"msc1\" class=\"collapse\">\n<p>Matematyczna wycieczka<\/p>\n<p>Z matematycznej rzeczki<br \/>\nwysz\u0142y sobie figureczki.<br \/>\nPierwszy wyskoczy\u0142 tr\u00f3jk\u0105cik,<br \/>\nten, co ma prosty k\u0105cik.<br \/>\nZa nim ruszy\u0142 kwadracik,<br \/>\nco ma rombowy krawacik.<br \/>\nProstok\u0105cik kroczy jako trzeci<br \/>\ni ju\u017c mamy komplecik.<br \/>\nCzwarte toczy si\u0119 ko\u0142o,<br \/>\nkt\u00f3remu nie jest weso\u0142o.<br \/>\nBo wko\u0142o same wielok\u0105ty,<br \/>\nkt\u00f3re lubi\u0105 r\u00f3\u017cne k\u0105ty.<br \/>\nK\u0105ty proste, k\u0105ty ostre<br \/>\ni jesieni\u0105 i na wiosn\u0119.<br \/>\nK\u0105ty p\u0142askie i wypuk\u0142e,<br \/>\ni te wi\u0119ksze, i te smuk\u0142e.<br \/>\nPi\u0119ciok\u0105cik, sze\u015bciok\u0105cik<br \/>\ni kolejny wielok\u0105cik.<br \/>\nDroga kr\u00f3tka, figur wiele<br \/>\na ja stoj\u0119 na ich czele.<br \/>\nStoj\u0119, licz\u0119, mierz\u0119, \u0107wicz\u0119<br \/>\ni ruszamy za granic\u0119.<\/p>\n<\/div>\n<\/div>\n<\/td>\n<\/tr>\n<tr>\n<td>II miejsce<\/td>\n<td valign=\"top\"><a data-toggle=\"collapse\" data-target=\"#msc2\">Rymowanka<\/a>,Kacper Robakowski<br \/>\n(Szko\u0142a Podstawowa nr 1 w Ko\u017aminie Wielkopolskim,<br \/>\nopiekun: Beata Ratajczyk-Krysiak)<\/p>\n<div class=\"container\">\n<div id=\"msc2\" class=\"collapse\">\n<p>Rymowanka<\/p>\n<p>Uwielbiam w szkole matematyk\u0119, jak sportowiec akrobatyk\u0119.<br \/>\n\u0106wicz\u0119 j\u0105 nieustannie, nawet gdy le\u017c\u0119 w wannie.<br \/>\nNieobce jest mi jej poznawanie, dojd\u0119 do wyniku cwanie.<br \/>\nWykonywanie w kolejno\u015bci dzia\u0142a\u0144 jest podstaw\u0105, uzgodni\u0142em to w klasie z obstaw\u0105.<br \/>\nDzia\u0142ania w nawiasach pierwsze wykonuje, ta czynno\u015b\u0107 bardzo mi imponuje.<br \/>\nPotem zabieram si\u0119 za mno\u017cenie lub dzielenie, oznajmi\u0142em to Helenie.<br \/>\nW kolejno\u015bci dalej dodawanie lub odejmowanie, no i tak kontynuujemy Iwanie.<br \/>\nPami\u0119taj o tej kolejno\u015bci zawsze i od razu liczenie jest \u017cwawsze.<br \/>\nPo co si\u0119 z matm\u0105 trudzi\u0107, znaj\u0105c t\u0119 rymowank\u0119 nie b\u0119dziesz marudzi\u0107.<br \/>\nRozwi\u0105zuj\u0105c w ten spos\u00f3b zadania, sz\u00f3stk\u0119 z matmy masz bez gadania!<\/p>\n<\/div>\n<\/div>\n<\/td>\n<\/tr>\n<tr>\n<td>III miejsce<\/td>\n<td valign=\"top\"><a data-toggle=\"collapse\" data-target=\"#msc3\">Twierdzenie Pitagorasa<br \/>\n<\/a>,Lena Ma\u015blanka<br \/>\n(Szko\u0142a Podstawowa nr 1 w Ko\u017aminie Wielkopolskim,<br \/>\nopiekun: Barbara Patoka)<\/p>\n<div class=\"container\">\n<div id=\"msc3\" class=\"collapse\">\n<p>Twierdzenie Pitagorasa<\/p>\n<p>Siedz\u0105 sobie przyprostok\u0105tne,<br \/>\nA i B i s\u0105 nieprzek\u0105tne.<br \/>\nZastanawiaj\u0105 si\u0119 kto to by\u0142 Pitagoras?<br \/>\nCzy wyjdzie z tego ambaras?<br \/>\nPrzysz\u0142a przeciwprostok\u0105tna C,<br \/>\nDo twierdzenia Pitagorasa te\u017c chce.<br \/>\nPodniesiemy was do kwadratu<br \/>\nto wasza suma przejdzie do doktoratu.<br \/>\nC podniesione do kwadratu b\u0119dzie,<br \/>\nr\u00f3wne sumie kwadrat\u00f3w A i B.<\/p>\n<\/div>\n<\/div>\n<\/td>\n<\/tr>\n<\/tbody>\n<\/table>\n<h3 style=\"text-align: center\"><em>Kategoria ,,m\u0142odzie\u017c do matury&#8221;-laureaci<\/em><\/h3>\n<table class=\"table table-no-bordered\">\n<tbody>\n<tr>\n<td>I miejsce<\/td>\n<td valign=\"top\"><a data-toggle=\"collapse\" data-target=\"#mscm1\">Matematyczne dziady<br \/>\n<\/a>,Zofia Anna Strzelec<br \/>\n(Technikum im. \u015bw. J\u00f3zefa w Kaliszu,<br \/>\nopiekun: Sylwia Zimna)<\/p>\n<div class=\"container\">\n<div id=\"mscm1\" class=\"collapse\">\n<p>Matematyczne dziady<\/p>\n<p>Ciemno wsz\u0119dzie, g\u0142ucho wsz\u0119dzie,<br \/>\nco to b\u0119dzie? Sprawdzian b\u0119dzie!<br \/>\nZ czego b\u0119dzie? Z dwucyfr\u00f3wek,<br \/>\nkt\u00f3rym blisko jest do st\u00f3wek.<\/p>\n<p>Trzeba b\u0119dzie szybko mno\u017cy\u0107,<br \/>\nmno\u017cn\u0105 z mno\u017cnikiem u\u0142o\u017cy\u0107,<br \/>\niloczyny zapisywa\u0107,<br \/>\nnikogo nie podpytywa\u0107.<\/p>\n<p>A co wi\u0119cej, to w pami\u0119ci.<br \/>\nJu\u017c si\u0119 wszystkim w g\u0142owach kr\u0119ci.<br \/>\nKalkulator nie pomo\u017ce,<br \/>\nAI tak\u017ce, o m\u00f3j Bo\u017ce!<\/p>\n<p>C\u00f3\u017c poradzi\u0107, trudna rada,<br \/>\nspos\u00f3b pozna\u0107 nam wypada.<br \/>\nWi\u0119c na pomoc ju\u017c wzywamy &#8211;<br \/>\n&#8211; koncept dzisiaj taki mamy:<\/p>\n<p>Euklidesa i Talesa,<br \/>\nViete&#8217;a i Archimedesa,<br \/>\nNasha, Pfaffa i Steinhausa,<br \/>\ni Eulera, no i Gaussa.<\/p>\n<p>Bo kto wielkich nie pos\u0142ucha,<br \/>\nw imi\u0119 Ojca, Syna, Ducha,<br \/>\ntemu jedyneczka wpadnie,<br \/>\nna sprawdzianie dzi\u015b przepadnie.<\/p>\n<p>Pierwszy Tales si\u0119 ukaza\u0142,<br \/>\ndope\u0142nienia nam nakaza\u0142<br \/>\nliczb, co bliskie s\u0105 st\u00f3weczki,<br \/>\nwi\u0119c liczymy jak mr\u00f3weczki.<\/p>\n<p>Mno\u017cnej dziewi\u0119\u0107dziesi\u0105t osiem<br \/>\nobliczymy z palcem w nosie<br \/>\ndope\u0142nienie do stu &#8211; to dwa.<br \/>\nMno\u017cnik dziewi\u0119\u0107dziesi\u0105t trzy ma<\/p>\n<p>siedem jako dope\u0142nienie.<br \/>\nObce jest nam tu zdziwienie,<br \/>\ngdy Euklides dopowiada:<br \/>\n&#8222;Odj\u0105\u0107 trzeba, moja rada,<\/p>\n<p>od mno\u017cnika dope\u0142nienie<br \/>\nmno\u017cnej lub uzupe\u0142nienie<br \/>\ntego, co si\u0119 zwie mno\u017cnikiem<br \/>\node mno\u017cnej&#8221;. Kraw\u0119\u017cnikiem<\/p>\n<p>ju\u017c podchodzi i si\u0119 \u015bmieje<br \/>\nArchimedes: &#8222;Mam nadziej\u0119,<br \/>\n\u017ce widzicie, co si\u0119 \u015bwi\u0119ci<br \/>\ni \u017ce macie ten w pami\u0119ci<\/p>\n<p>wyniczek odejmowania &#8211;<br \/>\ndziewi\u0119\u0107dziesi\u0105t jeden k\u0142ania<br \/>\nsi\u0119 wam, prosz\u0105c uni\u017cenie<br \/>\no wpisanie w to mno\u017cenie<\/p>\n<p>w miejsce pierwszych dw\u00f3ch cyferek<br \/>\niloczynu&#8221;. Ju\u017c Eulerek<br \/>\nswoje szyfry zapodaje<br \/>\ni dzia\u0142anie nam zadaje:<\/p>\n<p>&#8222;Dope\u0142nienia pomno\u017cycie,<br \/>\nwtedy wszyscy zobaczycie<br \/>\ncyfr ostatnich iloczynu<br \/>\nblask czternastki, a wawrzynu<\/p>\n<p>li\u015b\u0107mi skronie wam ozdobi\u0105&#8221;.<br \/>\nWielkie nieba! Ju\u017c nie \u017c\u0142obi\u0105<br \/>\nbruzdy strachu cz\u00f3\u0142 klasowych.<br \/>\nRzu\u0107my si\u0119 do zada\u0144 nowych,<\/p>\n<p>wynik mno\u017cenia wpisuj\u0105c<br \/>\ni wcale si\u0119 nie stresuj\u0105c.<br \/>\nDziewi\u0119\u0107 jeden jeden cztery.<br \/>\nUnikn\u0119li\u015bmy afery!<\/p>\n<p>&#8222;Napisz o nich, Cyceronie!<br \/>\nPoznali ju\u017c superbronie!&#8221; &#8211;<br \/>\npozostali wykrzykuj\u0105<br \/>\ni sz\u00f3steczki gratuluj\u0105,<\/p>\n<p>kt\u00f3ra ze sprawdzianu wpadnie.<br \/>\nPani chyba nie odgadnie,<br \/>\njacy masters pomagali.<br \/>\nNa odchodnym ju\u017c zza sali<\/p>\n<p>Steinhaus tylko dopowiada,<br \/>\nby pami\u0119ta\u0107: &#8222;Moja rada,<br \/>\ngdy z dope\u0142nie\u0144, o dzieci\u0105tka,<br \/>\nprzemno\u017cenia nie dziesi\u0105tka<\/p>\n<p>albo liczba dwucyfrowa<br \/>\ninna wyjdzie, bystra g\u0142owa!<br \/>\nBo wystarczy zero wstawi\u0107<br \/>\nw rz\u0105d dziesi\u0105tek i si\u0119 bawi\u0107<\/p>\n<p>naszym iloczynem dalej,<br \/>\npod\u0105\u017caj\u0105c wci\u0105\u017c wytrwale<br \/>\nza schematem, kt\u00f3ry da\u0142y<br \/>\nmath stars, bo go ju\u017c zbada\u0142y&#8221;.<\/p>\n<p>Z tego prawda prosta p\u0142ynie,<br \/>\n\u017ce nietrudne jest mno\u017cenie<br \/>\ndwucyfr\u00f3wek bliskich st\u00f3wce,<br \/>\ngdy pomy\u015ble\u0107 damy g\u0142\u00f3wce.<\/p>\n<p>Pami\u0119tajcie zatem, dziatki,<br \/>\ni trzylatki, i stulatki,<br \/>\nmatma trudna nie jest wcale.<br \/>\nKa\u017cdy z zada\u0144 wyjdzie w chwale<\/p>\n<p>i na dziady nie zejdziemy,<br \/>\ntylko razem wykrzykniemy:<br \/>\n&#8222;Ciemno wsz\u0119dzie, g\u0142ucho wsz\u0119dzie,<br \/>\nco to b\u0119dzie? Sukces b\u0119dzie!&#8221;\n<\/p><\/div>\n<\/div>\n<\/td>\n<\/tr>\n<tr>\n<td>II miejsce<\/td>\n<td valign=\"top\"><a data-toggle=\"collapse\" data-target=\"#mscm2\"><br \/>\nMelodia Liczb: Opowie\u015b\u0107 Matematyczna<\/a>,Marcel Adam Senkowski<br \/>\n(Zesp\u00f3\u0142 Szk\u00f3\u0142 nr 20 we Wroc\u0142awiu,<br \/>\nopiekun: Anna Magdalena Walczak)<\/p>\n<div class=\"container\">\n<div id=\"mscm2\" class=\"collapse\">\n<p>Melodia Liczb: Opowie\u015b\u0107 Matematyczna<\/p>\n<p>W matematycznej krainie, gdzie liczby graj\u0105,<br \/>\nTwierdzenia jak stra\u017cnicy, co pilnuj\u0105 praw.<br \/>\nWzory ta\u0144cz\u0105 w rytmie, r\u00f3wnania si\u0119 splataj\u0105,<br \/>\nW labiryncie kszta\u0142t\u00f3w, my\u015bli swe b\u0142\u0105dz\u0105.<\/p>\n<p>Definicje jak latarnie, \u015bwiat\u0142o daj\u0105ce w mrok,<br \/>\nW my\u015blach \u015bci\u015blejszych struktur, gdzie sens si\u0119 ods\u0142oni\u0142.<br \/>\nZadania jak wyzwania, kt\u00f3re umys\u0142 rozwijaj\u0105,<br \/>\nW rozwi\u0105zaniach skarb\u00f3w tajemniczych szukaj\u0105.<\/p>\n<p>W matematycznej opowie\u015bci, liczby m\u00f3wi\u0105 swoje,<br \/>\nKre\u015bl\u0105c \u015bcie\u017cki po przestrzeniach abstrakcji.<br \/>\nW my\u015blach naszych, ukrytych w ciemno\u015bci i \u015bwietle,<br \/>\nMatematyka jest mow\u0105, co wiedz\u0119 nam przekazuje w wieczne wieki.<\/p>\n<\/div>\n<\/div>\n<\/td>\n<\/tr>\n<tr>\n<td>III miejsce<\/td>\n<td valign=\"top\"><a data-toggle=\"collapse\" data-target=\"#mscm3\">Oda do funkcji kwadratowej<br \/>\n<\/a>,Dominika Frelik<br \/>\n(Zesp\u00f3\u0142 Szk\u00f3\u0142 Informatycznych w S\u0142upsku,<br \/>\nopiekun: Monika Skwarek)<\/p>\n<div class=\"container\">\n<div id=\"mscm3\" class=\"collapse\">\n<p>Oda do funkcji kwadratowej<\/p>\n<p>M\u0119czysz mnie i dr\u0119czysz<br \/>\nsp\u0119dzasz mi sen z powiek<br \/>\ni boli mnie g\u0142owa<br \/>\nty funkcjo kwadratowa.<br \/>\nTo w g\u00f3r\u0119 to w d\u00f3\u0142<br \/>\nparabola wygi\u0119ta<br \/>\nto smutna to u\u015bmiechni\u0119ta.<br \/>\nI cho\u0107 wspo\u0142czynniki to liczby rzeczywiste<br \/>\nto zastosowanie twoje by\u0142o dla mnie nieoczywiste.<br \/>\nA \u017ce masz kr\u00f3lewskie pochodzenie<br \/>\nto w \u015bwiecie rzeczywistym znajdujesz istnienie.<br \/>\nZ ciebie korzystamy gdy drog\u0119 hamowania<br \/>\npojazdu pozna\u0107 mamy.<br \/>\nA i bankierzy s\u0105 z tob\u0105 za pan brat<br \/>\nchc\u0105c zmian\u0119 kursu walut pu\u015bci\u0107 w \u015bwiat.<br \/>\nA ze znajomo\u015bci z tob\u0105 korzystaj\u0105<br \/>\nkiedy notowania gie\u0142dowe obliczy\u0107 maj\u0105.<br \/>\nW sporcie te\u017c znajdziesz zastosowanie<br \/>\nkiedy nast\u0105pi modelowanie<br \/>\npi\u0142k\u0105 rzucanie i pi\u0142eczk\u0105 golfow\u0105 uderzanie.<br \/>\nI cho\u0107 kr\u00f3lowa nauk utrudnia nam szkolne \u017cycie<br \/>\nto w codzienno\u015bci korzystamy z niej obficie.<\/p>\n<\/div>\n<\/div>\n<\/td>\n<\/tr>\n<\/tbody>\n<\/table>\n","protected":false},"excerpt":{"rendered":"<p>Konkurs matematyczno-humanistyczny ,,Z matematyk\u0105 do rymu&#8221; Kategoria ,,szko\u0142a podstawowa&#8221;-laureaci I miejsce Matematyczna wycieczka,Emil O\u0142dakowski (Szko\u0142a<\/p>\n","protected":false},"author":171,"featured_media":0,"parent":3403,"menu_order":0,"comment_status":"closed","ping_status":"closed","template":"","meta":{"_acf_changed":false,"ngg_post_thumbnail":0,"footnotes":""},"class_list":["post-4623","page","type-page","status-publish","hentry"],"acf":[],"_links":{"self":[{"href":"https:\/\/pb.edu.pl\/signum\/wp-json\/wp\/v2\/pages\/4623","targetHints":{"allow":["GET"]}}],"collection":[{"href":"https:\/\/pb.edu.pl\/signum\/wp-json\/wp\/v2\/pages"}],"about":[{"href":"https:\/\/pb.edu.pl\/signum\/wp-json\/wp\/v2\/types\/page"}],"author":[{"embeddable":true,"href":"https:\/\/pb.edu.pl\/signum\/wp-json\/wp\/v2\/users\/171"}],"replies":[{"embeddable":true,"href":"https:\/\/pb.edu.pl\/signum\/wp-json\/wp\/v2\/comments?post=4623"}],"version-history":[{"count":0,"href":"https:\/\/pb.edu.pl\/signum\/wp-json\/wp\/v2\/pages\/4623\/revisions"}],"up":[{"embeddable":true,"href":"https:\/\/pb.edu.pl\/signum\/wp-json\/wp\/v2\/pages\/3403"}],"wp:attachment":[{"href":"https:\/\/pb.edu.pl\/signum\/wp-json\/wp\/v2\/media?parent=4623"}],"curies":[{"name":"wp","href":"https:\/\/api.w.org\/{rel}","templated":true}]}}