{"id":4581,"date":"2024-06-16T08:30:58","date_gmt":"2024-06-16T06:30:58","guid":{"rendered":"https:\/\/pb.edu.pl\/signum\/?page_id=4581"},"modified":"2025-01-15T08:48:28","modified_gmt":"2025-01-15T07:48:28","slug":"matematyka-stosowana-viii-edycja","status":"publish","type":"page","link":"https:\/\/pb.edu.pl\/signum\/konkurs\/matematyka-stosowana\/archiwum\/matematyka-stosowana-viii-edycja\/","title":{"rendered":"Matematyka stosowana &#8211; VIII edycja"},"content":{"rendered":"<p>Konkurs \u201eMatematyka stosowana\u201d jest konkursem o indeks na&nbsp;<b>dowolny kierunek<\/b>&nbsp;studi\u00f3w dziennych prowadzony na Politechnice Bia\u0142ostockiej. W roku szkolnym 2022\/2023 odb\u0119dzie si\u0119 \u00f3sma edycja tego konkursu. Organizatorem jest Centrum Popularyzacji Matematyki SIGNUM dzia\u0142aj\u0105ce przy Wydziale Informatyki PB. W przeprowadzeniu konkursu uczestnicz\u0105 wszystkie Wydzia\u0142y Politechniki Bia\u0142ostockiej oraz Studium J\u0119zyk\u00f3w Obcych.<\/p>\n<div class=\"row text-center\">\n<div class=\"col-sm-6 text-center\"><a class=\"button text-center animated zoomIn lead\" style=\"width: 100%;font-weight: 400;letter-spacing: 2px\" title=\"Wyniki\" href=\"https:\/\/pb.edu.pl\/signum\/konkurs\/matematyka-stosowana\/matematyka-stosowana-viii-edycja\/wyniki\/\">Wyniki<\/a><\/div>\n<div class=\"col-sm-6 text-center\"><a class=\"button text-center animated zoomIn lead\" style=\"width: 100%;font-weight: 400;letter-spacing: 2px\" title=\"Komisja\" href=\"https:\/\/pb.edu.pl\/signum\/konkurs\/matematyka-stosowana\/matematyka-stosowana-viii-edycja\/komisja\/\">Komisja<\/a><\/div>\n<\/div>\n","protected":false},"excerpt":{"rendered":"<p>Konkurs \u201eMatematyka stosowana\u201d jest konkursem o indeks na&nbsp;dowolny kierunek&nbsp;studi\u00f3w dziennych prowadzony na Politechnice Bia\u0142ostockiej. W<\/p>\n","protected":false},"author":171,"featured_media":0,"parent":4530,"menu_order":0,"comment_status":"closed","ping_status":"closed","template":"","meta":{"_acf_changed":false,"ngg_post_thumbnail":0,"footnotes":""},"class_list":["post-4581","page","type-page","status-publish","hentry"],"acf":[],"_links":{"self":[{"href":"https:\/\/pb.edu.pl\/signum\/wp-json\/wp\/v2\/pages\/4581","targetHints":{"allow":["GET"]}}],"collection":[{"href":"https:\/\/pb.edu.pl\/signum\/wp-json\/wp\/v2\/pages"}],"about":[{"href":"https:\/\/pb.edu.pl\/signum\/wp-json\/wp\/v2\/types\/page"}],"author":[{"embeddable":true,"href":"https:\/\/pb.edu.pl\/signum\/wp-json\/wp\/v2\/users\/171"}],"replies":[{"embeddable":true,"href":"https:\/\/pb.edu.pl\/signum\/wp-json\/wp\/v2\/comments?post=4581"}],"version-history":[{"count":0,"href":"https:\/\/pb.edu.pl\/signum\/wp-json\/wp\/v2\/pages\/4581\/revisions"}],"up":[{"embeddable":true,"href":"https:\/\/pb.edu.pl\/signum\/wp-json\/wp\/v2\/pages\/4530"}],"wp:attachment":[{"href":"https:\/\/pb.edu.pl\/signum\/wp-json\/wp\/v2\/media?parent=4581"}],"curies":[{"name":"wp","href":"https:\/\/api.w.org\/{rel}","templated":true}]}}