{"id":4505,"date":"2024-06-14T11:54:37","date_gmt":"2024-06-14T09:54:37","guid":{"rendered":"https:\/\/pb.edu.pl\/signum\/?page_id=4505"},"modified":"2024-06-14T11:54:37","modified_gmt":"2024-06-14T09:54:37","slug":"wyklady","status":"publish","type":"page","link":"https:\/\/pb.edu.pl\/signum\/konkurs\/matematyka-stosowana\/archiwum\/matematyka-stosowana-vi-edycja\/wyklady\/","title":{"rendered":"Wyk\u0142ady"},"content":{"rendered":"<div class=\"cont-ent\">\n<p>Zanim&nbsp; nast\u0105pi&nbsp; pierwszy&nbsp; etap&nbsp; konkursu,&nbsp; zapraszamy na wyk\u0142ady obejmuj\u0105ce zagadnienia wykraczaj\u0105ce poza podstaw\u0119 programow\u0105 szko\u0142y ponadpodstawowej:<\/p>\n<ul>\n<li>3 III 2021 (\u015br.), godz 16.30-19.00: \u201e<strong>Macierze \u2013 podstawowe dzia\u0142ania<\/strong>\u201d \u2013 dr Marek K\u0119pczyk i dr hab. Ryszard Mazurek, prof. PB<\/li>\n<li>4 III 2021 (czw.), godz.16.30-18.15: \u201e<strong>Rachunek b\u0142\u0119d\u00f3w<\/strong>\u201d \u2013 dr Krzysztof Piekarski<\/li>\n<li>5 III 2021 (pt.), godz 16.30-18.00: \u201e<strong>Liczby zespolone \u2013 podstawowe dzia\u0142ania<\/strong>\u201d \u2013&nbsp; dr Ewa Girejko<\/li>\n<\/ul>\n<p>Wszystkie wyk\u0142ady b\u0119d\u0105 odbywa\u0142y si\u0119 zdalnie. Szczeg\u00f3\u0142y techniczne zostan\u0105 przekazane wkr\u00f3tce.<\/p>\n<p>Mamy nadziej\u0119, \u017ce wyk\u0142ady pozwol\u0105 Pa\u0144stwu lepiej przygotowa\u0107 si\u0119 do I etapu konkursu, a potem wykorzysta\u0107 zdobyt\u0105 wiedz\u0119 w praktyce w II etapie konkursu \u201eMatematyka stosowana\u201d.<\/p>\n<\/div>\n<p>&nbsp;<\/p>\n","protected":false},"excerpt":{"rendered":"<p>Zanim&nbsp; nast\u0105pi&nbsp; pierwszy&nbsp; etap&nbsp; konkursu,&nbsp; zapraszamy na wyk\u0142ady obejmuj\u0105ce zagadnienia wykraczaj\u0105ce poza podstaw\u0119 programow\u0105 szko\u0142y<\/p>\n","protected":false},"author":171,"featured_media":0,"parent":4501,"menu_order":0,"comment_status":"closed","ping_status":"closed","template":"","meta":{"_acf_changed":false,"ngg_post_thumbnail":0,"footnotes":""},"class_list":["post-4505","page","type-page","status-publish","hentry"],"acf":[],"_links":{"self":[{"href":"https:\/\/pb.edu.pl\/signum\/wp-json\/wp\/v2\/pages\/4505","targetHints":{"allow":["GET"]}}],"collection":[{"href":"https:\/\/pb.edu.pl\/signum\/wp-json\/wp\/v2\/pages"}],"about":[{"href":"https:\/\/pb.edu.pl\/signum\/wp-json\/wp\/v2\/types\/page"}],"author":[{"embeddable":true,"href":"https:\/\/pb.edu.pl\/signum\/wp-json\/wp\/v2\/users\/171"}],"replies":[{"embeddable":true,"href":"https:\/\/pb.edu.pl\/signum\/wp-json\/wp\/v2\/comments?post=4505"}],"version-history":[{"count":0,"href":"https:\/\/pb.edu.pl\/signum\/wp-json\/wp\/v2\/pages\/4505\/revisions"}],"up":[{"embeddable":true,"href":"https:\/\/pb.edu.pl\/signum\/wp-json\/wp\/v2\/pages\/4501"}],"wp:attachment":[{"href":"https:\/\/pb.edu.pl\/signum\/wp-json\/wp\/v2\/media?parent=4505"}],"curies":[{"name":"wp","href":"https:\/\/api.w.org\/{rel}","templated":true}]}}