{"id":4482,"date":"2024-06-14T11:32:23","date_gmt":"2024-06-14T09:32:23","guid":{"rendered":"https:\/\/pb.edu.pl\/signum\/?page_id=4482"},"modified":"2024-06-14T11:32:23","modified_gmt":"2024-06-14T09:32:23","slug":"wyniki","status":"publish","type":"page","link":"https:\/\/pb.edu.pl\/signum\/konkurs\/matematyka-stosowana\/archiwum\/matematyka-stosowana-iv-edycja\/wyniki\/","title":{"rendered":"Wyniki"},"content":{"rendered":"<p><a href=\"https:\/\/pb.edu.pl\/signum\/wp-content\/uploads\/sites\/128\/2024\/06\/Wyniki_I_etapu_Konkursu_Matematyka_Stosowana_2018_191.pdf\">Wyniki I etapu Konkursu \u201eMatematyka Stosowana\u201d<\/a><br \/>\n<a href=\"https:\/\/pb.edu.pl\/signum\/wp-content\/uploads\/sites\/128\/2024\/06\/Druzyny_zakwalifikowane_do-etapu_II-konkursu_Matematyka_stosowana_2018_19.pdf\">Dru\u017cyny zakwalifikowane do II etapu Konkursu \u201eMatematyka Stosowana\u201d<\/a><br \/>\n<a href=\"https:\/\/pb.edu.pl\/signum\/wp-content\/uploads\/sites\/128\/2024\/06\/Matematyka_stosowana_protokol_zbiorczy_2019.pdf\">Protok\u00f3\u0142 \u0142\u0105czny z II etapu Konkursu \u201eMatematyka Stosowana\u201d<\/a><br \/>\n<a href=\"https:\/\/pb.edu.pl\/signum\/wp-content\/uploads\/sites\/128\/2024\/06\/Protokol_IV-_edycji_Konkursu_Matematyka_stosowana.pdf\">Protok\u00f3\u0142 IV edycji Konkursu \u201eMatematyka stosowana\u201d<\/a><\/p>\n","protected":false},"excerpt":{"rendered":"<p>Wyniki I etapu Konkursu \u201eMatematyka Stosowana\u201d Dru\u017cyny zakwalifikowane do II etapu Konkursu \u201eMatematyka Stosowana\u201d Protok\u00f3\u0142<\/p>\n","protected":false},"author":171,"featured_media":0,"parent":4469,"menu_order":0,"comment_status":"closed","ping_status":"closed","template":"","meta":{"_acf_changed":false,"ngg_post_thumbnail":0,"footnotes":""},"class_list":["post-4482","page","type-page","status-publish","hentry"],"acf":[],"_links":{"self":[{"href":"https:\/\/pb.edu.pl\/signum\/wp-json\/wp\/v2\/pages\/4482","targetHints":{"allow":["GET"]}}],"collection":[{"href":"https:\/\/pb.edu.pl\/signum\/wp-json\/wp\/v2\/pages"}],"about":[{"href":"https:\/\/pb.edu.pl\/signum\/wp-json\/wp\/v2\/types\/page"}],"author":[{"embeddable":true,"href":"https:\/\/pb.edu.pl\/signum\/wp-json\/wp\/v2\/users\/171"}],"replies":[{"embeddable":true,"href":"https:\/\/pb.edu.pl\/signum\/wp-json\/wp\/v2\/comments?post=4482"}],"version-history":[{"count":0,"href":"https:\/\/pb.edu.pl\/signum\/wp-json\/wp\/v2\/pages\/4482\/revisions"}],"up":[{"embeddable":true,"href":"https:\/\/pb.edu.pl\/signum\/wp-json\/wp\/v2\/pages\/4469"}],"wp:attachment":[{"href":"https:\/\/pb.edu.pl\/signum\/wp-json\/wp\/v2\/media?parent=4482"}],"curies":[{"name":"wp","href":"https:\/\/api.w.org\/{rel}","templated":true}]}}