{"id":4479,"date":"2024-06-14T11:25:45","date_gmt":"2024-06-14T09:25:45","guid":{"rendered":"https:\/\/pb.edu.pl\/signum\/?page_id=4479"},"modified":"2024-06-14T11:26:12","modified_gmt":"2024-06-14T09:26:12","slug":"komisja","status":"publish","type":"page","link":"https:\/\/pb.edu.pl\/signum\/konkurs\/matematyka-stosowana\/archiwum\/matematyka-stosowana-iv-edycja\/komisja\/","title":{"rendered":"Komisja"},"content":{"rendered":"<p align=\"JUSTIFY\"><strong>Wydzia\u0142 Architektury<\/strong><\/p>\n<p align=\"JUSTIFY\">mgr Pawe\u0142 Dudko<\/p>\n<p align=\"JUSTIFY\"><strong>Wydzia\u0142 Budownictwa i In\u017cynierii \u015arodowiska<\/strong><\/p>\n<p align=\"JUSTIFY\">mgr in\u017c. Tomasz Tekie\u0144<\/p>\n<p align=\"JUSTIFY\"><strong>Wydzia\u0142 Elektryczny<\/strong><\/p>\n<p align=\"JUSTIFY\">dr in\u017c. Anna Bia\u0142ostocka<\/p>\n<p align=\"JUSTIFY\"><strong>Wydzia\u0142 Informatyki<\/strong><\/p>\n<p align=\"JUSTIFY\">dr hab. Czes\u0142aw Bagi\u0144ski, prof. PB<\/p>\n<p align=\"JUSTIFY\">prof. dr hab. in\u017c. Zbigniew Bartosiewicz<\/p>\n<p align=\"JUSTIFY\">dr Marzena Filipowicz-Chomko<\/p>\n<p align=\"JUSTIFY\">dr Ewa Girejko<\/p>\n<p align=\"JUSTIFY\">dr Marek K\u0119pczyk<\/p>\n<p align=\"JUSTIFY\">dr hab. Dorota Mozyrska, prof. PB<\/p>\n<p align=\"JUSTIFY\">dr Krzysztof Piekarski<\/p>\n<p>dr Anna Poskrobko<\/p>\n<p>dr in\u017c. Rajmund Stasiewicz \u2013 przewodnicz\u0105cy<\/p>\n<p>dr in\u017c. Marek Tab\u0119dzki<\/p>\n<p>Wydzia\u0142 Mechaniczny<\/p>\n<p align=\"JUSTIFY\">dr in\u017c. Jakub Augustyniak<\/p>\n<p align=\"JUSTIFY\"><strong>Wydzia\u0142 In\u017cynierii Zarz\u0105dzania<\/strong><\/p>\n<p align=\"JUSTIFY\">dr in\u017c. Anna Olszewska<\/p>\n<p><strong>Zamiejscowy Wydzia\u0142 Le\u015bny<\/strong><\/p>\n<p align=\"JUSTIFY\">dr hab. in\u017c. Rafa\u0142 Paluch, prof. PB<\/p>\n","protected":false},"excerpt":{"rendered":"<p>Wydzia\u0142 Architektury mgr Pawe\u0142 Dudko Wydzia\u0142 Budownictwa i In\u017cynierii \u015arodowiska mgr in\u017c. Tomasz Tekie\u0144 Wydzia\u0142<\/p>\n","protected":false},"author":171,"featured_media":0,"parent":4469,"menu_order":0,"comment_status":"closed","ping_status":"closed","template":"","meta":{"_acf_changed":false,"ngg_post_thumbnail":0,"footnotes":""},"class_list":["post-4479","page","type-page","status-publish","hentry"],"acf":[],"_links":{"self":[{"href":"https:\/\/pb.edu.pl\/signum\/wp-json\/wp\/v2\/pages\/4479","targetHints":{"allow":["GET"]}}],"collection":[{"href":"https:\/\/pb.edu.pl\/signum\/wp-json\/wp\/v2\/pages"}],"about":[{"href":"https:\/\/pb.edu.pl\/signum\/wp-json\/wp\/v2\/types\/page"}],"author":[{"embeddable":true,"href":"https:\/\/pb.edu.pl\/signum\/wp-json\/wp\/v2\/users\/171"}],"replies":[{"embeddable":true,"href":"https:\/\/pb.edu.pl\/signum\/wp-json\/wp\/v2\/comments?post=4479"}],"version-history":[{"count":0,"href":"https:\/\/pb.edu.pl\/signum\/wp-json\/wp\/v2\/pages\/4479\/revisions"}],"up":[{"embeddable":true,"href":"https:\/\/pb.edu.pl\/signum\/wp-json\/wp\/v2\/pages\/4469"}],"wp:attachment":[{"href":"https:\/\/pb.edu.pl\/signum\/wp-json\/wp\/v2\/media?parent=4479"}],"curies":[{"name":"wp","href":"https:\/\/api.w.org\/{rel}","templated":true}]}}