{"id":4475,"date":"2024-06-14T11:24:01","date_gmt":"2024-06-14T09:24:01","guid":{"rendered":"https:\/\/pb.edu.pl\/signum\/?page_id=4475"},"modified":"2024-06-14T11:24:01","modified_gmt":"2024-06-14T09:24:01","slug":"wyklady","status":"publish","type":"page","link":"https:\/\/pb.edu.pl\/signum\/konkurs\/matematyka-stosowana\/archiwum\/matematyka-stosowana-iv-edycja\/wyklady\/","title":{"rendered":"Wyk\u0142ady"},"content":{"rendered":"<p>Zanim&nbsp; nast\u0105pi&nbsp; pierwszy&nbsp; etap&nbsp; konkursu,&nbsp; zapraszamy&nbsp; na&nbsp; wyk\u0142ady&nbsp; obejmuj\u0105ce zagadnienia wykraczaj\u0105ce&nbsp; poza&nbsp; materia\u0142&nbsp; szko\u0142y&nbsp; ponadgimnazjalnej:<\/p>\n<ul>\n<li>7 II (czw.), godz 9.00-10.45: \u201e<strong>Rachunek b\u0142\u0119d\u00f3w<\/strong>\u201d \u2013 dr Krzysztof Piekarski<\/li>\n<li>7 II (czw.), godz 11.00-13.30: \u201e<strong>Macierze \u2013 podstawowe dzia\u0142ania<\/strong>\u201d \u2013 dr Marek K\u0119pczyk i dr hab. Ryszard Mazurek<\/li>\n<li>7 II (czw.), godz 13.45-15.45: \u201e<strong>Liczby zespolone \u2013 podstawowe dzia\u0142ania<\/strong>\u201d \u2013&nbsp; dr Ewa Girejko<\/li>\n<\/ul>\n<p>Wszystkie wyk\u0142ady b\u0119d\u0105 odbywa\u0142y si\u0119 w budynku&nbsp;<strong>Wydzia\u0142u Elektrycznego przy ul. Wiejskiej 45D w sali 030<\/strong>&nbsp;na parterze.<\/p>\n<p>Mamy nadziej\u0119, \u017ce wyk\u0142ady pozwol\u0105 Pa\u0144stwu lepiej przygotowa\u0107 si\u0119 do I etapu konkursu, a potem wykorzysta\u0107 zdobyt\u0105 wiedz\u0119 w praktyce w II etapie konkursu \u201eMatematyka stosowana\u201d.<\/p>\n","protected":false},"excerpt":{"rendered":"<p>Zanim&nbsp; nast\u0105pi&nbsp; pierwszy&nbsp; etap&nbsp; konkursu,&nbsp; zapraszamy&nbsp; na&nbsp; wyk\u0142ady&nbsp; obejmuj\u0105ce zagadnienia wykraczaj\u0105ce&nbsp; poza&nbsp; materia\u0142&nbsp; szko\u0142y&nbsp; ponadgimnazjalnej:<\/p>\n","protected":false},"author":171,"featured_media":0,"parent":4469,"menu_order":0,"comment_status":"closed","ping_status":"closed","template":"","meta":{"_acf_changed":false,"ngg_post_thumbnail":0,"footnotes":""},"class_list":["post-4475","page","type-page","status-publish","hentry"],"acf":[],"_links":{"self":[{"href":"https:\/\/pb.edu.pl\/signum\/wp-json\/wp\/v2\/pages\/4475","targetHints":{"allow":["GET"]}}],"collection":[{"href":"https:\/\/pb.edu.pl\/signum\/wp-json\/wp\/v2\/pages"}],"about":[{"href":"https:\/\/pb.edu.pl\/signum\/wp-json\/wp\/v2\/types\/page"}],"author":[{"embeddable":true,"href":"https:\/\/pb.edu.pl\/signum\/wp-json\/wp\/v2\/users\/171"}],"replies":[{"embeddable":true,"href":"https:\/\/pb.edu.pl\/signum\/wp-json\/wp\/v2\/comments?post=4475"}],"version-history":[{"count":0,"href":"https:\/\/pb.edu.pl\/signum\/wp-json\/wp\/v2\/pages\/4475\/revisions"}],"up":[{"embeddable":true,"href":"https:\/\/pb.edu.pl\/signum\/wp-json\/wp\/v2\/pages\/4469"}],"wp:attachment":[{"href":"https:\/\/pb.edu.pl\/signum\/wp-json\/wp\/v2\/media?parent=4475"}],"curies":[{"name":"wp","href":"https:\/\/api.w.org\/{rel}","templated":true}]}}