{"id":4465,"date":"2024-06-14T10:39:09","date_gmt":"2024-06-14T08:39:09","guid":{"rendered":"https:\/\/pb.edu.pl\/signum\/?page_id=4465"},"modified":"2024-06-14T10:39:09","modified_gmt":"2024-06-14T08:39:09","slug":"wyklady","status":"publish","type":"page","link":"https:\/\/pb.edu.pl\/signum\/konkurs\/matematyka-stosowana\/archiwum\/matematyka-stosowana-iii-edycja\/wyklady\/","title":{"rendered":"Wyk\u0142ady"},"content":{"rendered":"<p>Zanim nast\u0105pi pierwszy etap konkursu, zapraszamy na wyk\u0142ady obejmuj\u0105ce zagadnienia wykraczaj\u0105ce poza materia\u0142 szko\u0142y ponadgimnazjalnej:<\/p>\n<ul>\n<li>13 II (wt.), godz 9.00-11.00: <strong>\u201eLiczby zespolone \u2013 podstawowe dzia\u0142ania\u201d<\/strong> \u2013 dr Ewa Girejko<\/li>\n<li>13 II (wt.), godz 11.15-13.45: <strong>\u201eMacierze \u2013 podstawowe dzia\u0142ania\u201d<\/strong> \u2013 dr Marek K\u0119pczyk i dr hab. Ryszard Mazurek<\/li>\n<li>13 II (wt.), godz 14.00-15.45: <strong>\u201eRachunek b\u0142\u0119d\u00f3w\u201d<\/strong> \u2013 dr Krzysztof Piekarski<\/li>\n<\/ul>\n<p>Wszystkie wyk\u0142ady b\u0119d\u0105 odbywa\u0142y si\u0119 w budynku <strong>Wydzia\u0142u Informatyki (budynek Rektoratu) przy ul. Wiejskiej 45a w sali 12B (Auli B)<\/strong> na parterze.<\/p>\n<p>Mamy nadziej\u0119, \u017ce wyk\u0142ady pozwol\u0105 Pa\u0144stwu lepiej przygotowa\u0107 si\u0119 do I etapu konkursu, a potem wykorzysta\u0107 zdobyt\u0105 wiedz\u0119 w praktyce w II etapie konkursu \u201eMatematyka stosowana\u201d.<\/p>\n","protected":false},"excerpt":{"rendered":"<p>Zanim nast\u0105pi pierwszy etap konkursu, zapraszamy na wyk\u0142ady obejmuj\u0105ce zagadnienia wykraczaj\u0105ce poza materia\u0142 szko\u0142y ponadgimnazjalnej:<\/p>\n","protected":false},"author":171,"featured_media":0,"parent":4453,"menu_order":0,"comment_status":"closed","ping_status":"closed","template":"","meta":{"_acf_changed":false,"ngg_post_thumbnail":0,"footnotes":""},"class_list":["post-4465","page","type-page","status-publish","hentry"],"acf":[],"_links":{"self":[{"href":"https:\/\/pb.edu.pl\/signum\/wp-json\/wp\/v2\/pages\/4465","targetHints":{"allow":["GET"]}}],"collection":[{"href":"https:\/\/pb.edu.pl\/signum\/wp-json\/wp\/v2\/pages"}],"about":[{"href":"https:\/\/pb.edu.pl\/signum\/wp-json\/wp\/v2\/types\/page"}],"author":[{"embeddable":true,"href":"https:\/\/pb.edu.pl\/signum\/wp-json\/wp\/v2\/users\/171"}],"replies":[{"embeddable":true,"href":"https:\/\/pb.edu.pl\/signum\/wp-json\/wp\/v2\/comments?post=4465"}],"version-history":[{"count":0,"href":"https:\/\/pb.edu.pl\/signum\/wp-json\/wp\/v2\/pages\/4465\/revisions"}],"up":[{"embeddable":true,"href":"https:\/\/pb.edu.pl\/signum\/wp-json\/wp\/v2\/pages\/4453"}],"wp:attachment":[{"href":"https:\/\/pb.edu.pl\/signum\/wp-json\/wp\/v2\/media?parent=4465"}],"curies":[{"name":"wp","href":"https:\/\/api.w.org\/{rel}","templated":true}]}}