{"id":4446,"date":"2024-06-14T10:25:14","date_gmt":"2024-06-14T08:25:14","guid":{"rendered":"https:\/\/pb.edu.pl\/signum\/?page_id=4446"},"modified":"2024-06-14T10:25:14","modified_gmt":"2024-06-14T08:25:14","slug":"komisja","status":"publish","type":"page","link":"https:\/\/pb.edu.pl\/signum\/konkurs\/matematyka-stosowana\/archiwum\/matematyka-stosowana-ii-edycja\/komisja\/","title":{"rendered":"Komisja"},"content":{"rendered":"<p align=\"JUSTIFY\"><strong>Wydzia\u0142 Architektury<\/strong><\/p>\n<p align=\"JUSTIFY\">dr in\u017c. arch. Adam Jakimowicz<\/p>\n<p align=\"JUSTIFY\"><strong>Wydzia\u0142 Budownictwa i In\u017cynierii \u015arodowiska<\/strong><\/p>\n<p align=\"JUSTIFY\">dr El\u017cbieta Go\u0142\u0105beska<\/p>\n<p align=\"JUSTIFY\"><strong>Wydzia\u0142 Elektryczny<\/strong><\/p>\n<p align=\"JUSTIFY\">dr in\u017c. S\u0142awomir Kwie\u0107kowski<\/p>\n<p align=\"JUSTIFY\"><strong>Wydzia\u0142 Informatyki<\/strong><\/p>\n<p align=\"JUSTIFY\">dr hab. Czes\u0142aw Bagi\u0144ski, prof. PB<\/p>\n<p align=\"JUSTIFY\">prof. dr hab. in\u017c. Zbigniew Bartosiewicz,<\/p>\n<p align=\"JUSTIFY\">dr Marzena Filipowicz-Chomko,<\/p>\n<p align=\"JUSTIFY\">dr Ewa Girejko,<\/p>\n<p align=\"JUSTIFY\">dr Marek K\u0119pczyk,<\/p>\n<p align=\"JUSTIFY\">dr hab. Dorota Mozyrska,<\/p>\n<p align=\"JUSTIFY\">dr Krzysztof Piekarski.<\/p>\n<p>dr AnnaPoskrobko<\/p>\n<p>dr in\u017c. Rajmund Stasiewicz \u2013 przwodnicz\u0105cy<\/p>\n<p><strong>Wydzia\u0142 Mechaniczny<\/strong><\/p>\n<p align=\"JUSTIFY\">dr hab. Agnieszka Dardzi\u0144ska-G\u0142\u0119bocka<\/p>\n<p align=\"JUSTIFY\"><strong>Wydzia\u0142 Zarz\u0105dzania<\/strong><\/p>\n<p align=\"JUSTIFY\">dr in\u017c. S\u0142awomira Hajduk<\/p>\n<p><strong>Zamiejscowy Wydzia\u0142 Le\u015bny<\/strong><\/p>\n<p align=\"JUSTIFY\">dr in\u017c. Ma\u0142gorzata Rauba<\/p>\n","protected":false},"excerpt":{"rendered":"<p>Wydzia\u0142 Architektury dr in\u017c. arch. Adam Jakimowicz Wydzia\u0142 Budownictwa i In\u017cynierii \u015arodowiska dr El\u017cbieta Go\u0142\u0105beska<\/p>\n","protected":false},"author":171,"featured_media":0,"parent":4436,"menu_order":0,"comment_status":"closed","ping_status":"closed","template":"","meta":{"_acf_changed":false,"ngg_post_thumbnail":0,"footnotes":""},"class_list":["post-4446","page","type-page","status-publish","hentry"],"acf":[],"_links":{"self":[{"href":"https:\/\/pb.edu.pl\/signum\/wp-json\/wp\/v2\/pages\/4446","targetHints":{"allow":["GET"]}}],"collection":[{"href":"https:\/\/pb.edu.pl\/signum\/wp-json\/wp\/v2\/pages"}],"about":[{"href":"https:\/\/pb.edu.pl\/signum\/wp-json\/wp\/v2\/types\/page"}],"author":[{"embeddable":true,"href":"https:\/\/pb.edu.pl\/signum\/wp-json\/wp\/v2\/users\/171"}],"replies":[{"embeddable":true,"href":"https:\/\/pb.edu.pl\/signum\/wp-json\/wp\/v2\/comments?post=4446"}],"version-history":[{"count":0,"href":"https:\/\/pb.edu.pl\/signum\/wp-json\/wp\/v2\/pages\/4446\/revisions"}],"up":[{"embeddable":true,"href":"https:\/\/pb.edu.pl\/signum\/wp-json\/wp\/v2\/pages\/4436"}],"wp:attachment":[{"href":"https:\/\/pb.edu.pl\/signum\/wp-json\/wp\/v2\/media?parent=4446"}],"curies":[{"name":"wp","href":"https:\/\/api.w.org\/{rel}","templated":true}]}}