{"id":4427,"date":"2024-06-14T10:00:32","date_gmt":"2024-06-14T08:00:32","guid":{"rendered":"https:\/\/pb.edu.pl\/signum\/?page_id=4427"},"modified":"2024-06-14T10:02:40","modified_gmt":"2024-06-14T08:02:40","slug":"wyniki","status":"publish","type":"page","link":"https:\/\/pb.edu.pl\/signum\/konkurs\/matematyka-stosowana\/archiwum\/matematyka-stosowana-i-edycja\/wyniki\/","title":{"rendered":"Wyniki"},"content":{"rendered":"<p><a href=\"https:\/\/pb.edu.pl\/signum\/wp-content\/uploads\/sites\/128\/2024\/06\/Wyniki_I_etapu_Konkursu_Matematyka_Stosowana.pdf\">Wyniki I etapu Konkursu \u201eMatematyka Stosowana\u201d<\/a><\/p>\n<p><a href=\"https:\/\/pb.edu.pl\/signum\/wp-content\/uploads\/sites\/128\/2024\/06\/Grupy_zakwalifikowane_do_etapu_II_Konkursu_Matematyka_Stosowana.pdf\">Grupy zakwalifikowane do etapu II Konkursu \u201eMatematyka Stosowana\u201d<\/a><\/p>\n<p><a href=\"https:\/\/pb.edu.pl\/signum\/wp-content\/uploads\/sites\/128\/2024\/06\/Protokol_laczny_z_II_etapu_Konkursu_Matematyka_Stosowana.pdf\">Protok\u00f3\u0142 \u0142\u0105czny z II etapu Konkursu \u201eMatematyka Stosowana\u201d<\/a><\/p>\n<p><a href=\"https:\/\/pb.edu.pl\/signum\/wp-content\/uploads\/sites\/128\/2024\/06\/Protokol_I-_edycji_Konkursu_Matematyka_stosowana.pdf\">Protok\u00f3\u0142 I edycji Konkursu \u201eMatematyka stosowana\u201d<\/a><\/p>\n","protected":false},"excerpt":{"rendered":"<p>Wyniki I etapu Konkursu \u201eMatematyka Stosowana\u201d Grupy zakwalifikowane do etapu II Konkursu \u201eMatematyka Stosowana\u201d Protok\u00f3\u0142<\/p>\n","protected":false},"author":171,"featured_media":0,"parent":4422,"menu_order":0,"comment_status":"closed","ping_status":"closed","template":"","meta":{"_acf_changed":false,"ngg_post_thumbnail":0,"footnotes":""},"class_list":["post-4427","page","type-page","status-publish","hentry"],"acf":[],"_links":{"self":[{"href":"https:\/\/pb.edu.pl\/signum\/wp-json\/wp\/v2\/pages\/4427","targetHints":{"allow":["GET"]}}],"collection":[{"href":"https:\/\/pb.edu.pl\/signum\/wp-json\/wp\/v2\/pages"}],"about":[{"href":"https:\/\/pb.edu.pl\/signum\/wp-json\/wp\/v2\/types\/page"}],"author":[{"embeddable":true,"href":"https:\/\/pb.edu.pl\/signum\/wp-json\/wp\/v2\/users\/171"}],"replies":[{"embeddable":true,"href":"https:\/\/pb.edu.pl\/signum\/wp-json\/wp\/v2\/comments?post=4427"}],"version-history":[{"count":0,"href":"https:\/\/pb.edu.pl\/signum\/wp-json\/wp\/v2\/pages\/4427\/revisions"}],"up":[{"embeddable":true,"href":"https:\/\/pb.edu.pl\/signum\/wp-json\/wp\/v2\/pages\/4422"}],"wp:attachment":[{"href":"https:\/\/pb.edu.pl\/signum\/wp-json\/wp\/v2\/media?parent=4427"}],"curies":[{"name":"wp","href":"https:\/\/api.w.org\/{rel}","templated":true}]}}