{"id":4422,"date":"2024-06-14T09:53:15","date_gmt":"2024-06-14T07:53:15","guid":{"rendered":"https:\/\/pb.edu.pl\/signum\/?page_id=4422"},"modified":"2024-06-16T08:37:12","modified_gmt":"2024-06-16T06:37:12","slug":"matematyka-stosowana-i-edycja","status":"publish","type":"page","link":"https:\/\/pb.edu.pl\/signum\/konkurs\/matematyka-stosowana\/archiwum\/matematyka-stosowana-i-edycja\/","title":{"rendered":"Matematyka stosowana &#8211; I edycja"},"content":{"rendered":"<div>Konkurs \u201eMatematyka stosowana\u201d jest konkursem o indeks na dowolny kierunek prowadzony na Politechnice Bia\u0142ostockiej. W roku szkolnym 2015\/2016 odb\u0119dzie si\u0119 pierwsza edycja tego konkursu. Organizatorem jest Centrum Popularyzacji Matematyki SIGNUM dzia\u0142aj\u0105ce przy Wydziale Informatyki PB.<\/div>\n<p>&nbsp;<\/p>\n<div id=\"prezentacjapjc\" class=\"frs-slideshow-container\">\n<div id=\"prezentacjapjc-slideshow\" class=\"frs-wrapper frs-skin-default frs-responsive-full\">\n<div class=\"frs-slideshow-content\">\n<div class=\"frs-slide-img-wrapper\">&nbsp;<\/div>\n<\/div>\n<\/div>\n<\/div>\n<div class=\"row text-center\">\n<div class=\"col-sm-12 text-center\"><a class=\"button text-center animated zoomIn lead\" style=\"width: 100%;font-weight: 400;letter-spacing: 2px\" title=\"Wyniki\" href=\"https:\/\/pb.edu.pl\/signum\/konkurs\/matematyka-stosowana\/archiwum\/matematyka-stosowana-i-edycja\/wyniki\/\">Wyniki<\/a><\/div>\n<\/div>\n","protected":false},"excerpt":{"rendered":"<p>Konkurs \u201eMatematyka stosowana\u201d jest konkursem o indeks na dowolny kierunek prowadzony na Politechnice Bia\u0142ostockiej. W<\/p>\n","protected":false},"author":171,"featured_media":0,"parent":4530,"menu_order":0,"comment_status":"closed","ping_status":"closed","template":"","meta":{"_acf_changed":false,"ngg_post_thumbnail":0,"footnotes":""},"class_list":["post-4422","page","type-page","status-publish","hentry"],"acf":[],"_links":{"self":[{"href":"https:\/\/pb.edu.pl\/signum\/wp-json\/wp\/v2\/pages\/4422","targetHints":{"allow":["GET"]}}],"collection":[{"href":"https:\/\/pb.edu.pl\/signum\/wp-json\/wp\/v2\/pages"}],"about":[{"href":"https:\/\/pb.edu.pl\/signum\/wp-json\/wp\/v2\/types\/page"}],"author":[{"embeddable":true,"href":"https:\/\/pb.edu.pl\/signum\/wp-json\/wp\/v2\/users\/171"}],"replies":[{"embeddable":true,"href":"https:\/\/pb.edu.pl\/signum\/wp-json\/wp\/v2\/comments?post=4422"}],"version-history":[{"count":0,"href":"https:\/\/pb.edu.pl\/signum\/wp-json\/wp\/v2\/pages\/4422\/revisions"}],"up":[{"embeddable":true,"href":"https:\/\/pb.edu.pl\/signum\/wp-json\/wp\/v2\/pages\/4530"}],"wp:attachment":[{"href":"https:\/\/pb.edu.pl\/signum\/wp-json\/wp\/v2\/media?parent=4422"}],"curies":[{"name":"wp","href":"https:\/\/api.w.org\/{rel}","templated":true}]}}