{"id":4382,"date":"2024-06-14T09:07:05","date_gmt":"2024-06-14T07:07:05","guid":{"rendered":"https:\/\/pb.edu.pl\/signum\/?page_id=4382"},"modified":"2024-06-14T09:07:05","modified_gmt":"2024-06-14T07:07:05","slug":"nagrodzone-prace-2024","status":"publish","type":"page","link":"https:\/\/pb.edu.pl\/signum\/konkurs\/usmiechniete-rozmaitosci-matematyczne\/nagrodzone-prace-2024\/","title":{"rendered":"Nagrodzone prace 2024"},"content":{"rendered":"<h2 style=\"text-align: center\">Szko\u0142a podstawowa (klasy 6-8)<\/h2>\n<hr>\n<h6><strong>I miejsce<\/strong><\/h6>\n<p><a class=\"ngg-simplelightbox\" title=\" \" href=\"https:\/\/pb.edu.pl\/signum\/wp-content\/uploads\/sites\/128\/nggallery\/2024p-usmiechniete-rozmaitosci-matematyczne\/P001.jpg\" rel=\"\" data-image-id=\"1164\" data-src=\"https:\/\/pb.edu.pl\/signum\/wp-content\/uploads\/sites\/128\/nggallery\/2024p-usmiechniete-rozmaitosci-matematyczne\/P001.jpg\" data-thumbnail=\"https:\/\/pb.edu.pl\/signum\/wp-content\/uploads\/sites\/128\/nggallery\/2024p-usmiechniete-rozmaitosci-matematyczne\/thumbs\/thumbs_P001.jpg\" data-title=\"1. Gwiazdkowa niespodzianka\" data-description=\" \"><img decoding=\"async\" class=\"ngg-singlepic ngg-none aligncenter\" src=\"https:\/\/pb.edu.pl\/signum\/wp-content\/uploads\/sites\/128\/nggallery\/2024p-usmiechniete-rozmaitosci-matematyczne\/P001.jpg\" alt=\"1. Gwiazdkowa niespodzianka\"><\/a><\/p>\n<p style=\"text-align: center\"><strong>,,Gwiazdkowa niespodzianka\u201d Adam Domian, Szko\u0142a Podstawowa im. Ireny Sendlerowej w Warpunach z siedzib\u0105 w Zyndakach<\/strong><\/p>\n<hr>\n<h6><strong>II miejsce<\/strong><\/h6>\n<p><a class=\"ngg-simplelightbox\" title=\" \" href=\"https:\/\/pb.edu.pl\/signum\/wp-content\/uploads\/sites\/128\/nggallery\/2024p-usmiechniete-rozmaitosci-matematyczne\/P012.jpg\" rel=\"\" data-image-id=\"1161\" data-src=\"https:\/\/pb.edu.pl\/signum\/wp-content\/uploads\/sites\/128\/nggallery\/2024p-usmiechniete-rozmaitosci-matematyczne\/P012.jpg\" data-thumbnail=\"https:\/\/pb.edu.pl\/signum\/wp-content\/uploads\/sites\/128\/nggallery\/2024p-usmiechniete-rozmaitosci-matematyczne\/thumbs\/thumbs_P012.jpg\" data-title=\"9. My\u015bli o matematyce\" data-description=\" \"><img decoding=\"async\" class=\"ngg-singlepic ngg-none aligncenter\" src=\"https:\/\/pb.edu.pl\/signum\/wp-content\/uploads\/sites\/128\/nggallery\/2024p-usmiechniete-rozmaitosci-matematyczne\/P012.jpg\" alt=\"9. My\u015bli o matematyce\"><\/a><\/p>\n<p style=\"text-align: center\"><strong>,,My\u015bli o matematyce\u201d Stefaniya&nbsp; Bannova, Szko\u0142a Podstawowa nr 9 &nbsp;im. 42 Pu\u0142ku Piechoty w Bia\u0142ymstoku<\/strong><\/p>\n<hr>\n<h6><strong>III miejsce<\/strong><\/h6>\n<p><a class=\"ngg-simplelightbox\" title=\" \" href=\"https:\/\/pb.edu.pl\/signum\/wp-content\/uploads\/sites\/128\/nggallery\/2024p-usmiechniete-rozmaitosci-matematyczne\/P005.jpg\" rel=\"\" data-image-id=\"1165\" data-src=\"https:\/\/pb.edu.pl\/signum\/wp-content\/uploads\/sites\/128\/nggallery\/2024p-usmiechniete-rozmaitosci-matematyczne\/P005.jpg\" data-thumbnail=\"https:\/\/pb.edu.pl\/signum\/wp-content\/uploads\/sites\/128\/nggallery\/2024p-usmiechniete-rozmaitosci-matematyczne\/thumbs\/thumbs_P005.jpg\" data-title=\"5. Pot\u0119ga do kwadratu\" data-description=\" \"><img decoding=\"async\" class=\"ngg-singlepic ngg-none aligncenter\" src=\"https:\/\/pb.edu.pl\/signum\/wp-content\/uploads\/sites\/128\/nggallery\/2024p-usmiechniete-rozmaitosci-matematyczne\/P005.jpg\" alt=\"5. Pot\u0119ga do kwadratu\"><\/a><\/p>\n<p style=\"text-align: center\"><strong>,,Pot\u0119ga do kwadratu\u201d Zofia Koz\u0142owska, Szko\u0142a Podstawowa Zgromadzenia Si\u00f3str Misjonarek \u015aw. Rodziny w Bia\u0142ymstoku<\/strong><\/p>\n<hr>\n<hr>\n<h2 style=\"text-align: center\">Szko\u0142a \u015brednia<\/h2>\n<hr>\n<hr>\n<h6><strong>Nagroda<\/strong><\/h6>\n<p><a class=\"ngg-simplelightbox\" title=\" \" href=\"https:\/\/pb.edu.pl\/signum\/wp-content\/uploads\/sites\/128\/nggallery\/2024s-usmiechniete-rozmaitosci-matematyczne\/S001.jpg\" rel=\"\" data-image-id=\"1156\" data-src=\"https:\/\/pb.edu.pl\/signum\/wp-content\/uploads\/sites\/128\/nggallery\/2024s-usmiechniete-rozmaitosci-matematyczne\/S001.jpg\" data-thumbnail=\"https:\/\/pb.edu.pl\/signum\/wp-content\/uploads\/sites\/128\/nggallery\/2024s-usmiechniete-rozmaitosci-matematyczne\/thumbs\/thumbs_S001.jpg\" data-title=\"1. Wzory skr\u00f3conego mno\u017cenia\" data-description=\" \"><img decoding=\"async\" class=\"ngg-singlepic ngg-none aligncenter\" src=\"https:\/\/pb.edu.pl\/signum\/wp-content\/uploads\/sites\/128\/nggallery\/2024s-usmiechniete-rozmaitosci-matematyczne\/S001.jpg\" alt=\"1. Wzory skr\u00f3conego mno\u017cenia\"><\/a><\/p>\n<p style=\"text-align: center\"><strong>,,Wzory skr\u00f3conego mno\u017cenia\u201d Julia Sianko, Akademickie Liceum Og\u00f3lnokszta\u0142c\u0105ce PB w Bia\u0142ymstoku<\/strong><\/p>\n","protected":false},"excerpt":{"rendered":"<p>Szko\u0142a podstawowa (klasy 6-8) I miejsce ,,Gwiazdkowa niespodzianka\u201d Adam Domian, Szko\u0142a Podstawowa im. Ireny Sendlerowej<\/p>\n","protected":false},"author":171,"featured_media":0,"parent":2519,"menu_order":0,"comment_status":"closed","ping_status":"closed","template":"","meta":{"_acf_changed":false,"ngg_post_thumbnail":0,"footnotes":""},"class_list":["post-4382","page","type-page","status-publish","hentry"],"acf":[],"_links":{"self":[{"href":"https:\/\/pb.edu.pl\/signum\/wp-json\/wp\/v2\/pages\/4382","targetHints":{"allow":["GET"]}}],"collection":[{"href":"https:\/\/pb.edu.pl\/signum\/wp-json\/wp\/v2\/pages"}],"about":[{"href":"https:\/\/pb.edu.pl\/signum\/wp-json\/wp\/v2\/types\/page"}],"author":[{"embeddable":true,"href":"https:\/\/pb.edu.pl\/signum\/wp-json\/wp\/v2\/users\/171"}],"replies":[{"embeddable":true,"href":"https:\/\/pb.edu.pl\/signum\/wp-json\/wp\/v2\/comments?post=4382"}],"version-history":[{"count":0,"href":"https:\/\/pb.edu.pl\/signum\/wp-json\/wp\/v2\/pages\/4382\/revisions"}],"up":[{"embeddable":true,"href":"https:\/\/pb.edu.pl\/signum\/wp-json\/wp\/v2\/pages\/2519"}],"wp:attachment":[{"href":"https:\/\/pb.edu.pl\/signum\/wp-json\/wp\/v2\/media?parent=4382"}],"curies":[{"name":"wp","href":"https:\/\/api.w.org\/{rel}","templated":true}]}}