{"id":4380,"date":"2024-06-14T08:27:32","date_gmt":"2024-06-14T06:27:32","guid":{"rendered":"https:\/\/pb.edu.pl\/signum\/?page_id=4380"},"modified":"2024-06-14T09:26:34","modified_gmt":"2024-06-14T07:26:34","slug":"nadeslane-prace-2024","status":"publish","type":"page","link":"https:\/\/pb.edu.pl\/signum\/konkurs\/usmiechniete-rozmaitosci-matematyczne\/nadeslane-prace-2024\/","title":{"rendered":"Nades\u0142ane prace 2024"},"content":{"rendered":"<h1>Szko\u0142a podstawowa (klasy 6-8)<\/h1>\nngg_shortcode_0_placeholder\n<h1>Szko\u0142a \u015brednia<\/h1>\nngg_shortcode_1_placeholder\n<strong>Konkurs realizowany przy wsparciu:<\/strong><br \/>\n<img loading=\"lazy\" decoding=\"async\" src=\"https:\/\/pb.edu.pl\/signum\/wp-content\/uploads\/sites\/128\/2024\/04\/logo_BS_Juchnowiec.jpg\" alt=\"\" width=\"627\" height=\"85\" class=\"aligncenter size-full wp-image-2540\" srcset=\"https:\/\/pb.edu.pl\/signum\/wp-content\/uploads\/sites\/128\/2024\/04\/logo_BS_Juchnowiec.jpg 627w, https:\/\/pb.edu.pl\/signum\/wp-content\/uploads\/sites\/128\/2024\/04\/logo_BS_Juchnowiec-300x41.jpg 300w\" sizes=\"auto, (max-width: 627px) 100vw, 627px\" \/><\/p>\n","protected":false},"excerpt":{"rendered":"<p>Szko\u0142a podstawowa (klasy 6-8) Szko\u0142a \u015brednia Konkurs realizowany przy wsparciu:<\/p>\n","protected":false},"author":171,"featured_media":0,"parent":2519,"menu_order":0,"comment_status":"closed","ping_status":"closed","template":"","meta":{"_acf_changed":false,"ngg_post_thumbnail":0,"footnotes":""},"class_list":["post-4380","page","type-page","status-publish","hentry"],"acf":[],"_links":{"self":[{"href":"https:\/\/pb.edu.pl\/signum\/wp-json\/wp\/v2\/pages\/4380","targetHints":{"allow":["GET"]}}],"collection":[{"href":"https:\/\/pb.edu.pl\/signum\/wp-json\/wp\/v2\/pages"}],"about":[{"href":"https:\/\/pb.edu.pl\/signum\/wp-json\/wp\/v2\/types\/page"}],"author":[{"embeddable":true,"href":"https:\/\/pb.edu.pl\/signum\/wp-json\/wp\/v2\/users\/171"}],"replies":[{"embeddable":true,"href":"https:\/\/pb.edu.pl\/signum\/wp-json\/wp\/v2\/comments?post=4380"}],"version-history":[{"count":0,"href":"https:\/\/pb.edu.pl\/signum\/wp-json\/wp\/v2\/pages\/4380\/revisions"}],"up":[{"embeddable":true,"href":"https:\/\/pb.edu.pl\/signum\/wp-json\/wp\/v2\/pages\/2519"}],"wp:attachment":[{"href":"https:\/\/pb.edu.pl\/signum\/wp-json\/wp\/v2\/media?parent=4380"}],"curies":[{"name":"wp","href":"https:\/\/api.w.org\/{rel}","templated":true}]}}