{"id":3423,"date":"2024-05-24T08:59:38","date_gmt":"2024-05-24T06:59:38","guid":{"rendered":"https:\/\/pb.edu.pl\/signum\/?page_id=3423"},"modified":"2024-05-24T09:06:34","modified_gmt":"2024-05-24T07:06:34","slug":"nagrodzone-prace-2005","status":"publish","type":"page","link":"https:\/\/pb.edu.pl\/signum\/konkurs\/usmiechniete-rozmaitosci-matematyczne\/nagrodzone-prace-2005\/","title":{"rendered":"Nagrodzone prace 2005"},"content":{"rendered":"<h2>Gimnazjum<\/h2>\n<h3>I miejsce<\/h3>\n<table style=\"border-collapse: collapse;width: 100%;height: 663px\">\n<tbody>\n<tr style=\"height: 641px\">\n<td style=\"width: 50%;height: 641px\"><img loading=\"lazy\" decoding=\"async\" class=\"aligncenter size-singlepic wp-image-3432\" src=\"https:\/\/pb.edu.pl\/signum\/wp-content\/uploads\/sites\/128\/2024\/05\/152_5292.jpg\" alt=\"\" width=\"480\" height=\"640\" srcset=\"https:\/\/pb.edu.pl\/signum\/wp-content\/uploads\/sites\/128\/2024\/05\/152_5292.jpg 480w, https:\/\/pb.edu.pl\/signum\/wp-content\/uploads\/sites\/128\/2024\/05\/152_5292-225x300.jpg 225w\" sizes=\"auto, (max-width: 480px) 100vw, 480px\" \/>,,Figury podobne\u201d Joanna Michalak \u2013 Publiczne Gimanzjum nr 18 w Bia\u0142ymstoku<\/td>\n<td style=\"width: 50%;height: 641px\"><img loading=\"lazy\" decoding=\"async\" class=\"aligncenter size-singlepic wp-image-3431\" src=\"https:\/\/pb.edu.pl\/signum\/wp-content\/uploads\/sites\/128\/2024\/05\/152_5291.jpg\" alt=\"\" width=\"640\" height=\"480\" srcset=\"https:\/\/pb.edu.pl\/signum\/wp-content\/uploads\/sites\/128\/2024\/05\/152_5291.jpg 640w, https:\/\/pb.edu.pl\/signum\/wp-content\/uploads\/sites\/128\/2024\/05\/152_5291-300x225.jpg 300w\" sizes=\"auto, (max-width: 640px) 100vw, 640px\" \/> ,,Warto\u015b\u0107 bezwzgl\u0119dna liczby\u201d Joanna Michalak \u2013 Publiczne Gimanzjum nr 18 w Bia\u0142ymstoku<\/td>\n<\/tr>\n<\/tbody>\n<\/table>\n<p>&nbsp;<\/p>\n<h3>II miejsce<\/h3>\n<table style=\"border-collapse: collapse;width: 100%;height: 533px\">\n<tbody>\n<tr style=\"height: 511px\">\n<td style=\"width: 50%;height: 511px\">\n<h3><img loading=\"lazy\" decoding=\"async\" class=\"aligncenter size-singlepic wp-image-3433\" src=\"https:\/\/pb.edu.pl\/signum\/wp-content\/uploads\/sites\/128\/2024\/05\/152_5297.jpg\" alt=\"\" width=\"640\" height=\"480\" srcset=\"https:\/\/pb.edu.pl\/signum\/wp-content\/uploads\/sites\/128\/2024\/05\/152_5297.jpg 640w, https:\/\/pb.edu.pl\/signum\/wp-content\/uploads\/sites\/128\/2024\/05\/152_5297-300x225.jpg 300w\" sizes=\"auto, (max-width: 640px) 100vw, 640px\" \/><\/h3>\n<p>,,Pole kwadratu\u201d Marta Gibel \u2013 Publiczne Gimanzjum nr 18 w Bia\u0142ymstoku<\/td>\n<td style=\"width: 50%;height: 511px\">\n<h3><img loading=\"lazy\" decoding=\"async\" class=\"aligncenter size-singlepic wp-image-3430\" src=\"https:\/\/pb.edu.pl\/signum\/wp-content\/uploads\/sites\/128\/2024\/05\/152_5283.jpg\" alt=\"\" width=\"640\" height=\"480\" srcset=\"https:\/\/pb.edu.pl\/signum\/wp-content\/uploads\/sites\/128\/2024\/05\/152_5283.jpg 640w, https:\/\/pb.edu.pl\/signum\/wp-content\/uploads\/sites\/128\/2024\/05\/152_5283-300x225.jpg 300w\" sizes=\"auto, (max-width: 640px) 100vw, 640px\" \/><\/h3>\n<p>,,Przygoda z u\u0142amkami\u201d Micha\u0142 D\u0105browski \u2013 Publiczne Gimanzjum nr 18 w Bia\u0142ymstoku<\/td>\n<\/tr>\n<\/tbody>\n<\/table>\n<h3>Wyr\u00f3\u017cnienie<\/h3>\n<table style=\"border-collapse: collapse;width: 100%;height: 903px\">\n<tbody>\n<tr style=\"height: 881px\">\n<td style=\"width: 50%;height: 881px\">\n<h3><img loading=\"lazy\" decoding=\"async\" class=\"aligncenter size-singlepic wp-image-3429\" src=\"https:\/\/pb.edu.pl\/signum\/wp-content\/uploads\/sites\/128\/2024\/05\/152_5282.jpg\" alt=\"\" width=\"637\" height=\"850\" srcset=\"https:\/\/pb.edu.pl\/signum\/wp-content\/uploads\/sites\/128\/2024\/05\/152_5282.jpg 637w, https:\/\/pb.edu.pl\/signum\/wp-content\/uploads\/sites\/128\/2024\/05\/152_5282-225x300.jpg 225w\" sizes=\"auto, (max-width: 637px) 100vw, 637px\" \/><\/h3>\n<p>,,Mur\u201d Ewa Wolniakowska \u2013 Publiczne Gimanzjum nr 18 w Bia\u0142ymstoku<\/td>\n<td style=\"width: 50%;height: 881px\">\n<h3><img loading=\"lazy\" decoding=\"async\" class=\"aligncenter size-full wp-image-3424\" src=\"https:\/\/pb.edu.pl\/signum\/wp-content\/uploads\/sites\/128\/2024\/05\/152_5271.jpg\" alt=\"\" width=\"480\" height=\"640\" srcset=\"https:\/\/pb.edu.pl\/signum\/wp-content\/uploads\/sites\/128\/2024\/05\/152_5271.jpg 480w, https:\/\/pb.edu.pl\/signum\/wp-content\/uploads\/sites\/128\/2024\/05\/152_5271-225x300.jpg 225w\" sizes=\"auto, (max-width: 480px) 100vw, 480px\" \/><\/h3>\n<p>,,Obraz cyfrowy\u201d Kalina \u0141awniczak \u2013 Publiczne Gimanzjum nr 18 w Bia\u0142ymstoku<\/td>\n<\/tr>\n<\/tbody>\n<\/table>\n<h3>Szko\u0142a \u015brednia<\/h3>\n<h3>Nagroda<\/h3>\n<table style=\"border-collapse: collapse;width: 100%\">\n<tbody>\n<tr>\n<td style=\"width: 50%\">\n<h3><img loading=\"lazy\" decoding=\"async\" class=\"aligncenter size-singlepic wp-image-3426\" src=\"https:\/\/pb.edu.pl\/signum\/wp-content\/uploads\/sites\/128\/2024\/05\/152_5275.jpg\" alt=\"\" width=\"480\" height=\"640\" srcset=\"https:\/\/pb.edu.pl\/signum\/wp-content\/uploads\/sites\/128\/2024\/05\/152_5275.jpg 480w, https:\/\/pb.edu.pl\/signum\/wp-content\/uploads\/sites\/128\/2024\/05\/152_5275-225x300.jpg 225w\" sizes=\"auto, (max-width: 480px) 100vw, 480px\" \/><\/h3>\n<p>Damian Poduch \u2013 II Liceum Og\u00f3lnokszta\u0142c\u0105ce w Bia\u0142ymstoku<\/td>\n<td style=\"width: 50%\">\n<h3><img loading=\"lazy\" decoding=\"async\" class=\"aligncenter size-singlepic wp-image-3425\" src=\"https:\/\/pb.edu.pl\/signum\/wp-content\/uploads\/sites\/128\/2024\/05\/152_5272.jpg\" alt=\"\" width=\"768\" height=\"1024\" srcset=\"https:\/\/pb.edu.pl\/signum\/wp-content\/uploads\/sites\/128\/2024\/05\/152_5272.jpg 768w, https:\/\/pb.edu.pl\/signum\/wp-content\/uploads\/sites\/128\/2024\/05\/152_5272-225x300.jpg 225w\" sizes=\"auto, (max-width: 768px) 100vw, 768px\" \/><\/h3>\n<p>Damian Poduch \u2013 II Liceum Og\u00f3lnokszta\u0142c\u0105ce w Bia\u0142ymstoku<\/td>\n<\/tr>\n<\/tbody>\n<\/table>\n<h3>Wyr\u00f3\u017cnienie<\/h3>\n<table style=\"border-collapse: collapse;width: 100%;height: 695px\">\n<tbody>\n<tr style=\"height: 673px\">\n<td style=\"width: 33.3333%;height: 673px\">\n<h3 style=\"color: #292929\"><img loading=\"lazy\" decoding=\"async\" class=\"aligncenter size-singlepic wp-image-3427\" src=\"https:\/\/pb.edu.pl\/signum\/wp-content\/uploads\/sites\/128\/2024\/05\/152_5278.jpg\" alt=\"\" width=\"480\" height=\"640\" srcset=\"https:\/\/pb.edu.pl\/signum\/wp-content\/uploads\/sites\/128\/2024\/05\/152_5278.jpg 480w, https:\/\/pb.edu.pl\/signum\/wp-content\/uploads\/sites\/128\/2024\/05\/152_5278-225x300.jpg 225w\" sizes=\"auto, (max-width: 480px) 100vw, 480px\" \/><\/h3>\n<p>Ewelina Borkowska \u2013 II Liceum Og\u00f3lnokszta\u0142c\u0105ce w Bia\u0142ymstoku<\/p>\n<p>&nbsp;<\/td>\n<td style=\"width: 33.3333%;height: 673px\">\n<h3 style=\"color: #292929\"><img loading=\"lazy\" decoding=\"async\" class=\"aligncenter size-singlepic wp-image-3428\" src=\"https:\/\/pb.edu.pl\/signum\/wp-content\/uploads\/sites\/128\/2024\/05\/152_5280.jpg\" alt=\"\" width=\"640\" height=\"480\" srcset=\"https:\/\/pb.edu.pl\/signum\/wp-content\/uploads\/sites\/128\/2024\/05\/152_5280.jpg 640w, https:\/\/pb.edu.pl\/signum\/wp-content\/uploads\/sites\/128\/2024\/05\/152_5280-300x225.jpg 300w\" sizes=\"auto, (max-width: 640px) 100vw, 640px\" \/><\/h3>\n<p>Ewelina Borkowska \u2013 II Liceum Og\u00f3lnokszta\u0142c\u0105ce w Bia\u0142ymstoku<\/td>\n<td style=\"width: 33.3333%;height: 673px\">\n<h3 style=\"color: #292929\"><img loading=\"lazy\" decoding=\"async\" class=\"aligncenter size-singlepic wp-image-3434\" src=\"https:\/\/pb.edu.pl\/signum\/wp-content\/uploads\/sites\/128\/2024\/05\/152_5298.jpg\" alt=\"\" width=\"640\" height=\"480\" srcset=\"https:\/\/pb.edu.pl\/signum\/wp-content\/uploads\/sites\/128\/2024\/05\/152_5298.jpg 640w, https:\/\/pb.edu.pl\/signum\/wp-content\/uploads\/sites\/128\/2024\/05\/152_5298-300x225.jpg 300w\" sizes=\"auto, (max-width: 640px) 100vw, 640px\" \/><\/h3>\n<p>Ewelina Borkowska \u2013 II Liceum Og\u00f3lnokszta\u0142c\u0105ce w Bia\u0142ymstoku<\/td>\n<\/tr>\n<\/tbody>\n<\/table>\n","protected":false},"excerpt":{"rendered":"<p>Gimnazjum I miejsce ,,Figury podobne\u201d Joanna Michalak \u2013 Publiczne Gimanzjum nr 18 w Bia\u0142ymstoku ,,Warto\u015b\u0107<\/p>\n","protected":false},"author":171,"featured_media":0,"parent":2519,"menu_order":0,"comment_status":"closed","ping_status":"closed","template":"","meta":{"_acf_changed":false,"ngg_post_thumbnail":0,"footnotes":""},"class_list":["post-3423","page","type-page","status-publish","hentry"],"acf":[],"_links":{"self":[{"href":"https:\/\/pb.edu.pl\/signum\/wp-json\/wp\/v2\/pages\/3423","targetHints":{"allow":["GET"]}}],"collection":[{"href":"https:\/\/pb.edu.pl\/signum\/wp-json\/wp\/v2\/pages"}],"about":[{"href":"https:\/\/pb.edu.pl\/signum\/wp-json\/wp\/v2\/types\/page"}],"author":[{"embeddable":true,"href":"https:\/\/pb.edu.pl\/signum\/wp-json\/wp\/v2\/users\/171"}],"replies":[{"embeddable":true,"href":"https:\/\/pb.edu.pl\/signum\/wp-json\/wp\/v2\/comments?post=3423"}],"version-history":[{"count":0,"href":"https:\/\/pb.edu.pl\/signum\/wp-json\/wp\/v2\/pages\/3423\/revisions"}],"up":[{"embeddable":true,"href":"https:\/\/pb.edu.pl\/signum\/wp-json\/wp\/v2\/pages\/2519"}],"wp:attachment":[{"href":"https:\/\/pb.edu.pl\/signum\/wp-json\/wp\/v2\/media?parent=3423"}],"curies":[{"name":"wp","href":"https:\/\/api.w.org\/{rel}","templated":true}]}}