{"id":3411,"date":"2024-05-24T08:44:50","date_gmt":"2024-05-24T06:44:50","guid":{"rendered":"https:\/\/pb.edu.pl\/signum\/?page_id=3411"},"modified":"2024-05-24T08:49:49","modified_gmt":"2024-05-24T06:49:49","slug":"nagrodzone-prace-2006","status":"publish","type":"page","link":"https:\/\/pb.edu.pl\/signum\/konkurs\/usmiechniete-rozmaitosci-matematyczne\/nagrodzone-prace-2006\/","title":{"rendered":"Nagrodzone prace 2006"},"content":{"rendered":"<h3>Szko\u0142a \u015brednia&nbsp;<\/h3>\n<hr>\n<hr>\n<h3>I miejsce<\/h3>\n<table style=\"border-collapse: collapse;width: 100%\">\n<tbody>\n<tr>\n<td style=\"width: 100%\"><img loading=\"lazy\" decoding=\"async\" class=\"aligncenter size-singlepic wp-image-3419\" src=\"https:\/\/pb.edu.pl\/signum\/wp-content\/uploads\/sites\/128\/2024\/05\/159_5904.jpg\" alt=\"\" width=\"480\" height=\"640\" srcset=\"https:\/\/pb.edu.pl\/signum\/wp-content\/uploads\/sites\/128\/2024\/05\/159_5904.jpg 480w, https:\/\/pb.edu.pl\/signum\/wp-content\/uploads\/sites\/128\/2024\/05\/159_5904-225x300.jpg 225w\" sizes=\"auto, (max-width: 480px) 100vw, 480px\" \/><\/td>\n<\/tr>\n<tr>\n<td style=\"width: 100%;text-align: center\">,,PiPi&#8221; Agnieszka Jastrz\u0119bska &#8211; III Liceum Og\u00f3lnokszta\u0142c\u0105ce w Bia\u0142ymstoku<\/td>\n<\/tr>\n<\/tbody>\n<\/table>\n<hr>\n<h3>II miejsce<\/h3>\n<table style=\"border-collapse: collapse;width: 100%\">\n<tbody>\n<tr>\n<td style=\"width: 100%\"><img loading=\"lazy\" decoding=\"async\" class=\"aligncenter size-singlepic wp-image-3418\" src=\"https:\/\/pb.edu.pl\/signum\/wp-content\/uploads\/sites\/128\/2024\/05\/159_5903.jpg\" alt=\"\" width=\"480\" height=\"640\" srcset=\"https:\/\/pb.edu.pl\/signum\/wp-content\/uploads\/sites\/128\/2024\/05\/159_5903.jpg 480w, https:\/\/pb.edu.pl\/signum\/wp-content\/uploads\/sites\/128\/2024\/05\/159_5903-225x300.jpg 225w\" sizes=\"auto, (max-width: 480px) 100vw, 480px\" \/><\/td>\n<\/tr>\n<tr>\n<td style=\"width: 100%\">,,y=3x-4\u2033 Anna Marta Wierchanowicz \u2013 III Liceum Og\u00f3lnokszta\u0142c\u0105ce w Bia\u0142ymstoku<\/td>\n<\/tr>\n<\/tbody>\n<\/table>\n<hr>\n<h3>III miejsce<\/h3>\n<table style=\"border-collapse: collapse;width: 100%;height: 535px\">\n<tbody>\n<tr style=\"height: 481px\">\n<td style=\"width: 100%;height: 481px\"><img loading=\"lazy\" decoding=\"async\" class=\"aligncenter size-singlepic wp-image-3417\" src=\"https:\/\/pb.edu.pl\/signum\/wp-content\/uploads\/sites\/128\/2024\/05\/159_5902.jpg\" alt=\"\" width=\"640\" height=\"480\" srcset=\"https:\/\/pb.edu.pl\/signum\/wp-content\/uploads\/sites\/128\/2024\/05\/159_5902.jpg 640w, https:\/\/pb.edu.pl\/signum\/wp-content\/uploads\/sites\/128\/2024\/05\/159_5902-300x225.jpg 300w\" sizes=\"auto, (max-width: 640px) 100vw, 640px\" \/><\/td>\n<\/tr>\n<tr style=\"height: 22px\">\n<td style=\"width: 100%;height: 22px\">,,Drobne nieporozumienia\u201d Edyta Maleszko \u2013 Zesp\u00f3\u0142 Szk\u00f3\u0142 Handlowo-Ekonomicznych w Bia\u0142ymstoku<\/td>\n<\/tr>\n<\/tbody>\n<\/table>\n<p>&nbsp;<\/p>\n<hr>\n<h3>Wyr\u00f3\u017cnienie<\/h3>\n<table style=\"border-collapse: collapse;width: 100%\">\n<tbody>\n<tr>\n<td style=\"width: 20%\"><img loading=\"lazy\" decoding=\"async\" class=\"aligncenter size-singlepic wp-image-3416\" src=\"https:\/\/pb.edu.pl\/signum\/wp-content\/uploads\/sites\/128\/2024\/05\/wyr1.jpg\" alt=\"\" width=\"640\" height=\"461\" srcset=\"https:\/\/pb.edu.pl\/signum\/wp-content\/uploads\/sites\/128\/2024\/05\/wyr1.jpg 640w, https:\/\/pb.edu.pl\/signum\/wp-content\/uploads\/sites\/128\/2024\/05\/wyr1-300x216.jpg 300w\" sizes=\"auto, (max-width: 640px) 100vw, 640px\" \/><\/td>\n<td style=\"width: 20%\"><img loading=\"lazy\" decoding=\"async\" class=\"aligncenter size-singlepic wp-image-3415\" src=\"https:\/\/pb.edu.pl\/signum\/wp-content\/uploads\/sites\/128\/2024\/05\/wyr2.jpg\" alt=\"\" width=\"640\" height=\"458\" srcset=\"https:\/\/pb.edu.pl\/signum\/wp-content\/uploads\/sites\/128\/2024\/05\/wyr2.jpg 640w, https:\/\/pb.edu.pl\/signum\/wp-content\/uploads\/sites\/128\/2024\/05\/wyr2-300x215.jpg 300w\" sizes=\"auto, (max-width: 640px) 100vw, 640px\" \/><\/td>\n<td style=\"width: 20%\"><img loading=\"lazy\" decoding=\"async\" class=\"aligncenter size-singlepic wp-image-3414\" src=\"https:\/\/pb.edu.pl\/signum\/wp-content\/uploads\/sites\/128\/2024\/05\/wyr3.jpg\" alt=\"\" width=\"640\" height=\"457\" srcset=\"https:\/\/pb.edu.pl\/signum\/wp-content\/uploads\/sites\/128\/2024\/05\/wyr3.jpg 640w, https:\/\/pb.edu.pl\/signum\/wp-content\/uploads\/sites\/128\/2024\/05\/wyr3-300x214.jpg 300w\" sizes=\"auto, (max-width: 640px) 100vw, 640px\" \/><\/td>\n<td style=\"width: 20%\"><img loading=\"lazy\" decoding=\"async\" class=\"aligncenter size-singlepic wp-image-3413\" src=\"https:\/\/pb.edu.pl\/signum\/wp-content\/uploads\/sites\/128\/2024\/05\/wyr4.jpg\" alt=\"\" width=\"640\" height=\"457\" srcset=\"https:\/\/pb.edu.pl\/signum\/wp-content\/uploads\/sites\/128\/2024\/05\/wyr4.jpg 640w, https:\/\/pb.edu.pl\/signum\/wp-content\/uploads\/sites\/128\/2024\/05\/wyr4-300x214.jpg 300w\" sizes=\"auto, (max-width: 640px) 100vw, 640px\" \/><\/td>\n<td style=\"width: 20%\"><img loading=\"lazy\" decoding=\"async\" class=\"aligncenter size-full wp-image-3412\" src=\"https:\/\/pb.edu.pl\/signum\/wp-content\/uploads\/sites\/128\/2024\/05\/wyr5.jpg\" alt=\"\" width=\"640\" height=\"455\" srcset=\"https:\/\/pb.edu.pl\/signum\/wp-content\/uploads\/sites\/128\/2024\/05\/wyr5.jpg 640w, https:\/\/pb.edu.pl\/signum\/wp-content\/uploads\/sites\/128\/2024\/05\/wyr5-300x213.jpg 300w\" sizes=\"auto, (max-width: 640px) 100vw, 640px\" \/><\/td>\n<\/tr>\n<tr>\n<td style=\"width: 20%\" colspan=\"5\">,,Twierdzenie odwrotne do twierdzenia Pitagorasa\u201d<br \/>\nPiotr Sidorowicz \u2013 Zesp\u00f3\u0142 Szk\u00f3\u0142 Handlowo-Ekonomicznych w Bia\u0142ymstoku<\/td>\n<\/tr>\n<\/tbody>\n<\/table>\n<p>&nbsp;<\/p>\n","protected":false},"excerpt":{"rendered":"<p>Szko\u0142a \u015brednia&nbsp; I miejsce ,,PiPi&#8221; Agnieszka Jastrz\u0119bska &#8211; III Liceum Og\u00f3lnokszta\u0142c\u0105ce w Bia\u0142ymstoku II miejsce<\/p>\n","protected":false},"author":171,"featured_media":0,"parent":2519,"menu_order":0,"comment_status":"closed","ping_status":"closed","template":"","meta":{"_acf_changed":false,"ngg_post_thumbnail":0,"footnotes":""},"class_list":["post-3411","page","type-page","status-publish","hentry"],"acf":[],"_links":{"self":[{"href":"https:\/\/pb.edu.pl\/signum\/wp-json\/wp\/v2\/pages\/3411","targetHints":{"allow":["GET"]}}],"collection":[{"href":"https:\/\/pb.edu.pl\/signum\/wp-json\/wp\/v2\/pages"}],"about":[{"href":"https:\/\/pb.edu.pl\/signum\/wp-json\/wp\/v2\/types\/page"}],"author":[{"embeddable":true,"href":"https:\/\/pb.edu.pl\/signum\/wp-json\/wp\/v2\/users\/171"}],"replies":[{"embeddable":true,"href":"https:\/\/pb.edu.pl\/signum\/wp-json\/wp\/v2\/comments?post=3411"}],"version-history":[{"count":0,"href":"https:\/\/pb.edu.pl\/signum\/wp-json\/wp\/v2\/pages\/3411\/revisions"}],"up":[{"embeddable":true,"href":"https:\/\/pb.edu.pl\/signum\/wp-json\/wp\/v2\/pages\/2519"}],"wp:attachment":[{"href":"https:\/\/pb.edu.pl\/signum\/wp-json\/wp\/v2\/media?parent=3411"}],"curies":[{"name":"wp","href":"https:\/\/api.w.org\/{rel}","templated":true}]}}