{"id":3261,"date":"2024-05-10T11:28:03","date_gmt":"2024-05-10T09:28:03","guid":{"rendered":"https:\/\/pb.edu.pl\/signum\/?page_id=3261"},"modified":"2024-11-14T12:30:35","modified_gmt":"2024-11-14T11:30:35","slug":"finalisci-2023-24","status":"publish","type":"page","link":"https:\/\/pb.edu.pl\/signum\/konkurs\/internetowa-liga-lamiglowkowa\/archiwum\/finalisci-2023-24\/","title":{"rendered":"Finali\u015bci 2023\/24"},"content":{"rendered":"<p>Finali\u015bci Internetowej Ligi \u0141amig\u0142\u00f3wkowej:<\/p>\n<p>szko\u0142a podstawowa<\/p>\n<p>Wojciech Andruczyk (Bia\u0142ystok)<br \/>\nHanna Bubel (Psary)<br \/>\nFranciszek Ciulkin (Bia\u0142ystok)<br \/>\nPiotr Duda (\u015arem)<br \/>\nKrzysztof Goli\u0144ski (Kozmin Wielkopolski)<br \/>\nGrzegorz Hincke (Pog\u00f3rze)<br \/>\nMichalina Jankowska (Gosty\u0144)<br \/>\nIga Jarus (Ko\u017amin Wielkopolski)<br \/>\nTymur Kasyanov (Gosty\u0144)<br \/>\nOliwia Korzeniewska (Pog\u00f3rze)<br \/>\nZofia Koz\u0142owska (Bia\u0142ystok)<br \/>\nMiko\u0142aj Kulpa (Bia\u0142ystok)<br \/>\nBlanka Kuzia (Ko\u017amin Wielkopolski)<br \/>\nSzymon Mogilnicki (Gosty\u0144)<br \/>\nTobiasz Pieni\u0119\u017cny (Ko\u017amin Wielkopolski)<br \/>\nAleksandra Sadowska (Pozna\u0144)<br \/>\nMateusz Sturgulewski (Pog\u00f3rze)<br \/>\nAntoni Timofiejuk (Bia\u0142ystok)<br \/>\nGrzegorz Ulka (Ko\u017amin Wielkopolski)<br \/>\nMateusz Zagata (Gosty\u0144)<br \/>\nKonrad Zyba\u0142a (Krotoszyn)<\/p>\n<p>szko\u0142a ponadpodstawowa<\/p>\n<p>Julia Blacha (Bia\u0142ystok)<br \/>\nMicha\u0142 Buczy\u0144ski (Bia\u0142ystok)<br \/>\nSzymon Malinowski (E\u0142k)<br \/>\nEliza Napi\u00f3rkowska (Ostro\u0142\u0119ka)<br \/>\nJulia Sianko (Bia\u0142ystok)<br \/>\nRobert Wojtkowiak (Jarocin)<\/p>\n","protected":false},"excerpt":{"rendered":"<p>Finali\u015bci Internetowej Ligi \u0141amig\u0142\u00f3wkowej: szko\u0142a podstawowa Wojciech Andruczyk (Bia\u0142ystok) Hanna Bubel (Psary) Franciszek Ciulkin (Bia\u0142ystok)<\/p>\n","protected":false},"author":171,"featured_media":0,"parent":2682,"menu_order":0,"comment_status":"closed","ping_status":"closed","template":"","meta":{"_acf_changed":false,"ngg_post_thumbnail":0,"footnotes":""},"class_list":["post-3261","page","type-page","status-publish","hentry"],"acf":[],"_links":{"self":[{"href":"https:\/\/pb.edu.pl\/signum\/wp-json\/wp\/v2\/pages\/3261","targetHints":{"allow":["GET"]}}],"collection":[{"href":"https:\/\/pb.edu.pl\/signum\/wp-json\/wp\/v2\/pages"}],"about":[{"href":"https:\/\/pb.edu.pl\/signum\/wp-json\/wp\/v2\/types\/page"}],"author":[{"embeddable":true,"href":"https:\/\/pb.edu.pl\/signum\/wp-json\/wp\/v2\/users\/171"}],"replies":[{"embeddable":true,"href":"https:\/\/pb.edu.pl\/signum\/wp-json\/wp\/v2\/comments?post=3261"}],"version-history":[{"count":0,"href":"https:\/\/pb.edu.pl\/signum\/wp-json\/wp\/v2\/pages\/3261\/revisions"}],"up":[{"embeddable":true,"href":"https:\/\/pb.edu.pl\/signum\/wp-json\/wp\/v2\/pages\/2682"}],"wp:attachment":[{"href":"https:\/\/pb.edu.pl\/signum\/wp-json\/wp\/v2\/media?parent=3261"}],"curies":[{"name":"wp","href":"https:\/\/api.w.org\/{rel}","templated":true}]}}