{"id":3227,"date":"2024-05-10T08:30:08","date_gmt":"2024-05-10T06:30:08","guid":{"rendered":"https:\/\/pb.edu.pl\/signum\/?page_id=3227"},"modified":"2026-02-10T15:47:56","modified_gmt":"2026-02-10T14:47:56","slug":"instrukcja","status":"publish","type":"page","link":"https:\/\/pb.edu.pl\/signum\/konkurs\/matematyka-stosowana\/instrukcja\/","title":{"rendered":"Instrukcja"},"content":{"rendered":"<p style=\"text-align: left\" align=\"center\"><a href=\"https:\/\/pb.edu.pl\/signum\/wp-content\/uploads\/sites\/128\/2026\/02\/Szczegolowa_instrukcja_Matematyka_stosowana_2025-2026.pdf\">Szczeg\u00f3\u0142owa instrukcja Matematyka stosowana 2025-2026<\/a><\/p>\n<h4 align=\"center\">Szczeg\u00f3\u0142owa instrukcja konkursu<\/h4>\n<h3 align=\"center\">\u201eMATEMATYKA STOSOWANA\u201d<\/h3>\n<div>\n<p align=\"center\">Prosimy zapozna\u0107 si\u0119 z poni\u017csz\u0105 szczeg\u00f3\u0142ow\u0105 instrukcj\u0105 dotycz\u0105c\u0105 konkursu.<br \/>\nW przypadku pyta\u0144 prosimy o kontakt mailowy (podaj\u0105c w temacie \u201eKonkurs \u2013 Matematyka stosowana\u201d).<\/p>\n<ol>\n<li>Rejestracja&nbsp;\n<ol>\n<li>Data ko\u0144ca rejestracji \u2013 22.02.2026 r. godz. 23.59.<\/li>\n<li>Rejestrowa\u0107 si\u0119 mog\u0105 wy\u0142\u0105cznie dru\u017cyny dwuosobowe.<\/li>\n<li>Rejestracja polega na wype\u0142nieniu, podpisaniu i odes\u0142aniu o\u015bwiadczenia wygenerowanego na podstawie formularza zg\u0142oszeniowego, zgodnie z informacjami podanymi w mailach (ka\u017cda osoba z dru\u017cyny podpisuje swoje osobne o\u015bwiadczenie).<\/li>\n<\/ol>\n<\/li>\n<li>Etap I Konkursu&nbsp;\n<ol>\n<li>Do etapu I dopuszczone zostan\u0105 wy\u0142\u0105cznie dwuosobowe dru\u017cyny, kt\u00f3re dokonaj\u0105 rejestracji w terminie do 22.02.2026 r.<\/li>\n<li>Etap I polega na rozwi\u0105zaniu quizu (indywidualnie przez ka\u017cdego uczestnika).<\/li>\n<li>Quiz b\u0119dzie dost\u0119pny w dniach 02-06.03.2026 r.<\/li>\n<li>Quiz b\u0119dzie obejmowa\u0142 wcze\u015bniej okre\u015blony zakres zagadnie\u0144.<\/li>\n<li>Ka\u017cdy z uczestnik\u00f3w musi zaliczy\u0107 quiz indywidualnie. W przypadku niezaliczenia quizu przez jednego z cz\u0142onk\u00f3w, ca\u0142a dru\u017cyna nie zostanie dopuszczona do kolejnego etapu.<\/li>\n<li>Komisja ustala list\u0119 dru\u017cyn zakwalifikowanych do II etapu na podstawie sumy punkt\u00f3w zdobytych przez cz\u0142onk\u00f3w dru\u017cyny w I etapie.<\/li>\n<li>Listy dru\u017cyn zakwalifikowanych do II etapu zostan\u0105 opublikowane na stronie internetowej Konkursu (http:\/\/signum.pb.edu.pl\/konkurs\/).<\/li>\n<\/ol>\n<\/li>\n<li>Etap II Konkursu&nbsp;\n<ol>\n<li>Etap II Konkursu odb\u0119dzie si\u0119 na terenie kampusu Politechniki Bia\u0142ostockiej i b\u0119dzie trwa\u0142 dwa dni: 25-26.03.2026 r.<\/li>\n<li>Etap II Konkursu polega\u0107 b\u0119dzie na dru\u017cynowym przeprowadzeniu do\u015bwiadcze\u0144 b\u0105d\u017a pomiar\u00f3w (\u0142\u0105cznie 7 zada\u0144) i wykonaniu niezb\u0119dnych oblicze\u0144 matematycznych na poszczeg\u00f3lnych Wydzia\u0142ach PB oraz w Studium J\u0119zyk\u00f3w Obcych.<\/li>\n<li>Lista laureat\u00f3w zostanie opublikowana na stronie Konkursu niezw\u0142ocznie po jej zatwierdzeniu przez Komisj\u0119 Konkursow\u0105, a informacja o laureatach zostanie wys\u0142ana do szk\u00f3\u0142.<\/li>\n<\/ol>\n<\/li>\n<li>Ustalenia ko\u0144cowe&nbsp;\n<ol>\n<li>Od decyzji Komisji mo\u017cna si\u0119 odwo\u0142a\u0107 pisemnie do Dziekana Wydzia\u0142u Informatyki w terminie 7 dni od og\u0142oszenia wynik\u00f3w Konkursu.<\/li>\n<li>Uroczyste wr\u0119czenie nagr\u00f3d laureatom Konkursu nast\u0105pi po jego zako\u0144czeniu i ustaleniu ostatecznej listy laureat\u00f3w w dniu podanym w oddzielnym komunikacie.<\/li>\n<\/ol>\n<\/li>\n<\/ol>\n<\/div>\n","protected":false},"excerpt":{"rendered":"<p>Szczeg\u00f3\u0142owa instrukcja Matematyka stosowana 2025-2026 Szczeg\u00f3\u0142owa instrukcja konkursu \u201eMATEMATYKA STOSOWANA\u201d Prosimy zapozna\u0107 si\u0119 z poni\u017csz\u0105<\/p>\n","protected":false},"author":171,"featured_media":0,"parent":2656,"menu_order":0,"comment_status":"closed","ping_status":"closed","template":"","meta":{"_acf_changed":false,"ngg_post_thumbnail":0,"footnotes":""},"class_list":["post-3227","page","type-page","status-publish","hentry"],"acf":[],"_links":{"self":[{"href":"https:\/\/pb.edu.pl\/signum\/wp-json\/wp\/v2\/pages\/3227","targetHints":{"allow":["GET"]}}],"collection":[{"href":"https:\/\/pb.edu.pl\/signum\/wp-json\/wp\/v2\/pages"}],"about":[{"href":"https:\/\/pb.edu.pl\/signum\/wp-json\/wp\/v2\/types\/page"}],"author":[{"embeddable":true,"href":"https:\/\/pb.edu.pl\/signum\/wp-json\/wp\/v2\/users\/171"}],"replies":[{"embeddable":true,"href":"https:\/\/pb.edu.pl\/signum\/wp-json\/wp\/v2\/comments?post=3227"}],"version-history":[{"count":2,"href":"https:\/\/pb.edu.pl\/signum\/wp-json\/wp\/v2\/pages\/3227\/revisions"}],"predecessor-version":[{"id":5324,"href":"https:\/\/pb.edu.pl\/signum\/wp-json\/wp\/v2\/pages\/3227\/revisions\/5324"}],"up":[{"embeddable":true,"href":"https:\/\/pb.edu.pl\/signum\/wp-json\/wp\/v2\/pages\/2656"}],"wp:attachment":[{"href":"https:\/\/pb.edu.pl\/signum\/wp-json\/wp\/v2\/media?parent=3227"}],"curies":[{"name":"wp","href":"https:\/\/api.w.org\/{rel}","templated":true}]}}