{"id":3222,"date":"2024-05-10T08:22:45","date_gmt":"2024-05-10T06:22:45","guid":{"rendered":"https:\/\/pb.edu.pl\/signum\/?page_id=3222"},"modified":"2026-02-10T15:54:46","modified_gmt":"2026-02-10T14:54:46","slug":"zagadnienia","status":"publish","type":"page","link":"https:\/\/pb.edu.pl\/signum\/konkurs\/matematyka-stosowana\/zagadnienia\/","title":{"rendered":"Zagadnienia"},"content":{"rendered":"<p><a href=\"https:\/\/pb.edu.pl\/signum\/wp-content\/uploads\/sites\/128\/2026\/02\/Obowiazujace_zagadnienia_Matematyka_stosowana_2025-2026.pdf\">Obowiazujace zagadnienia Matematyka stosowana 2025-2026<\/a><\/p>\n<h4>Obowi\u0105zuj\u0105ce zagadnienia w konkursie pt.<\/h4>\n<h3>\u201eMATEMATYKA STOSOWANA\u201d<\/h3>\n<div>\n<p>Zadania fina\u0142owe oraz quiz mog\u0105 zawiera\u0107 zagadnienia realizowane w nast\u0119puj\u0105cych dzia\u0142ach matematyki obowi\u0105zuj\u0105cych w podstawie programowej szko\u0142y ponadpodstawowej:<\/p>\n<ul>\n<li>funkcja liniowa,<\/li>\n<li>funkcja kwadratowa,<\/li>\n<li>wielomiany,<\/li>\n<li>funkcje wymierne,<\/li>\n<li>funkcje wyk\u0142adnicze,<\/li>\n<li>funkcje logarytmiczne,<\/li>\n<li>funkcje trygonometryczne,<\/li>\n<li>pochodne,<\/li>\n<li>ekstrema funkcji,<\/li>\n<li>planimetria,<\/li>\n<li>kombinatoryka,<\/li>\n<li>statystyczne opracowanie danych,<\/li>\n<li>uk\u0142ady r\u00f3wna\u0144 w praktyce,<\/li>\n<li>zadania z kontekstem praktycznym<\/li>\n<\/ul>\n<p>oraz zagadnienia matematyczne wykraczaj\u0105ce poza podstaw\u0119 programow\u0105 szko\u0142y ponadpodstawowej:<\/p>\n<ul>\n<li>rachunek b\u0142\u0119d\u00f3w,<\/li>\n<li>liczby zespolone w zakresie 4 podstawowych dzia\u0142a\u0144 arytmetycznych (dodawanie, odejmowanie, mno\u017cenie i dzielenie), odwrotno\u015b\u0107 liczby zespolonej, sprz\u0119\u017cenie oraz posta\u0107 algebraiczna, trygonometryczna i wyk\u0142adnicza,<\/li>\n<li>macierze i podstawowe dzia\u0142ania na macierzach.<\/li>\n<\/ul>\n<p>Trzy ostatnie zagadnienia zostan\u0105 poprzedzone wprowadzaj\u0105cym wyk\u0142adem w terminie p\u00f3\u017aniejszym, podanym w stosownym komunikacie w lutym. B\u0119dzie to mia\u0142o miejsce po zamkni\u0119ciu rejestracji, ale przed I etapem konkursu.<\/p>\n<p>Ponadto niezb\u0119dna b\u0119dzie znajomo\u015b\u0107 j\u0119zyka angielskiego na poziomie podstawowym.<\/p>\n<p><i>W przypadku pyta\u0144 prosimy o kontakt mailowy (podaj\u0105c w temacie \u201eKonkurs \u2013 Matematyka stosowana\u201d)<\/i><\/p>\n<\/div>\n","protected":false},"excerpt":{"rendered":"<p>Obowiazujace zagadnienia Matematyka stosowana 2025-2026 Obowi\u0105zuj\u0105ce zagadnienia w konkursie pt. \u201eMATEMATYKA STOSOWANA\u201d Zadania fina\u0142owe oraz<\/p>\n","protected":false},"author":171,"featured_media":0,"parent":2656,"menu_order":0,"comment_status":"closed","ping_status":"closed","template":"","meta":{"_acf_changed":false,"ngg_post_thumbnail":0,"footnotes":""},"class_list":["post-3222","page","type-page","status-publish","hentry"],"acf":[],"_links":{"self":[{"href":"https:\/\/pb.edu.pl\/signum\/wp-json\/wp\/v2\/pages\/3222","targetHints":{"allow":["GET"]}}],"collection":[{"href":"https:\/\/pb.edu.pl\/signum\/wp-json\/wp\/v2\/pages"}],"about":[{"href":"https:\/\/pb.edu.pl\/signum\/wp-json\/wp\/v2\/types\/page"}],"author":[{"embeddable":true,"href":"https:\/\/pb.edu.pl\/signum\/wp-json\/wp\/v2\/users\/171"}],"replies":[{"embeddable":true,"href":"https:\/\/pb.edu.pl\/signum\/wp-json\/wp\/v2\/comments?post=3222"}],"version-history":[{"count":2,"href":"https:\/\/pb.edu.pl\/signum\/wp-json\/wp\/v2\/pages\/3222\/revisions"}],"predecessor-version":[{"id":5327,"href":"https:\/\/pb.edu.pl\/signum\/wp-json\/wp\/v2\/pages\/3222\/revisions\/5327"}],"up":[{"embeddable":true,"href":"https:\/\/pb.edu.pl\/signum\/wp-json\/wp\/v2\/pages\/2656"}],"wp:attachment":[{"href":"https:\/\/pb.edu.pl\/signum\/wp-json\/wp\/v2\/media?parent=3222"}],"curies":[{"name":"wp","href":"https:\/\/api.w.org\/{rel}","templated":true}]}}