{"id":3218,"date":"2024-05-10T08:21:08","date_gmt":"2024-05-10T06:21:08","guid":{"rendered":"https:\/\/pb.edu.pl\/signum\/?page_id=3218"},"modified":"2024-05-10T08:23:50","modified_gmt":"2024-05-10T06:23:50","slug":"3218-2","status":"publish","type":"page","link":"https:\/\/pb.edu.pl\/signum\/konkurs\/matematyka-stosowana\/3218-2\/","title":{"rendered":"Regulamin"},"content":{"rendered":"<p><a href=\"https:\/\/pb.edu.pl\/signum\/wp-content\/uploads\/sites\/128\/2024\/05\/Regulamin_Matematyka_stosowana_2022-2023.pdf\">Regulamin<\/a><\/p>\n<section id=\"primary\">\n<div id=\"content\" class=\"content\" role=\"main\">\n<article id=\"post-34\" class=\"post-34 page type-page status-publish hentry\">\n<div class=\"entry-content\">\n<div class=\"cont-ent\">\n<div>\n<p align=\"center\"><strong>Regulamin<\/strong><\/p>\n<p align=\"center\"><strong>Konkursu \u201eMatematyka stosowana\u201d<\/strong><\/p>\n<p align=\"center\">o<em>&nbsp;indeks na dowolny kierunek prowadzony<\/em><\/p>\n<p align=\"center\"><em>na Politechnice Bia\u0142ostockiej<\/em><\/p>\n<p align=\"center\"><strong>\u00a7 1<\/strong><\/p>\n<p align=\"center\"><strong>Postanowienia og\u00f3lne<\/strong><\/p>\n<ol>\n<li>\n<p align=\"justify\">Organizatorem Konkursu \u201eMatematyka stosowana\u201d, zwanego dalej Konkursem, jest Centrum Popularyzacji Matematyki&nbsp;<em>SIGNUM<\/em>&nbsp;przy Wydziale Informatyki Politechniki Bia\u0142ostockiej zwane dalej&nbsp;<em>SIGNUM<\/em>.<\/p>\n<\/li>\n<li>\n<p align=\"justify\">Celem Konkursu jest rozwijanie w\u015br\u00f3d uczni\u00f3w szk\u00f3\u0142 ponadpodstawowych umiej\u0119tno\u015bci stosowania matematyki w praktyce.<\/p>\n<\/li>\n<li>\n<p align=\"justify\">Konkurs odbywa si\u0119 pod patronatem Rektora Politechniki Bia\u0142ostockiej.<\/p>\n<\/li>\n<li>\n<p align=\"justify\">Wsp\u00f3\u0142organizatorem Konkursu dodatkowo mog\u0105 by\u0107 osoby fizyczne i organizacje, kt\u00f3re wspieraj\u0105 cel Konkursu i spos\u00f3b jego realizacji oraz przyczyniaj\u0105 si\u0119 do rozwoju m\u0142odych talent\u00f3w.<\/p>\n<\/li>\n<\/ol>\n<p align=\"center\"><strong>\u00a7 2<\/strong><\/p>\n<p align=\"center\"><strong>Uczestnicy Konkursu<\/strong><\/p>\n<p align=\"justify\">&nbsp;&nbsp; W Konkursie mog\u0105 uczestniczy\u0107 uczniowie szk\u00f3\u0142 ponadpodstawowych.<\/p>\n<p align=\"center\"><strong>\u00a7 3<\/strong><\/p>\n<p align=\"center\"><strong>Komisja Konkursowa<\/strong><\/p>\n<ol>\n<li>\n<p align=\"justify\">Dziekan Wydzia\u0142u Informatyki w porozumieniu z Dziekanami pozosta\u0142ych Wydzia\u0142\u00f3w Politechniki Bia\u0142ostockiej powo\u0142uje Komisj\u0119 Konkursow\u0105, zwan\u0105 dalej Komisj\u0105, oraz Przewodnicz\u0105cego Komisji Konkursowej.<\/p>\n<\/li>\n<li>\n<p align=\"justify\">W sk\u0142ad Komisji mog\u0105 wchodzi\u0107: nauczyciele akademiccy z&nbsp;<em>SIGNUM<\/em>&nbsp;zaproponowani przez Dziekana Wydzia\u0142u Informatyki oraz jeden lub dw\u00f3ch nauczycieli akademickich z ka\u017cdego z Wydzia\u0142\u00f3w i ze Studium J\u0119zyk\u00f3w Obcych Politechniki Bia\u0142ostockiej. Nauczyciela akademickiego, cz\u0142onka Komisji, z danego Wydzia\u0142u wskazuje Dziekan tego Wydzia\u0142u, pracownika Studium wskazuje Kierownik.<\/p>\n<\/li>\n<li>Cz\u0142onkowie Komisji Konkursowej upowa\u017cnieni s\u0105 do przetwarzania danych osobowych uczestnik\u00f3w Konkursu w zakresie realizacji swoich zada\u0144.<\/li>\n<li>\n<p align=\"justify\">Zadaniem Komisji jest organizacja Konkursu i nadz\u00f3r nad jego przebiegiem, a w szczeg\u00f3lno\u015bci:<\/p>\n<ol>\n<li>\n<p align=\"justify\">przygotowanie harmonogramu konkursu,<\/p>\n<\/li>\n<li>\n<p align=\"justify\">przygotowanie temat\u00f3w konkursowych we wsp\u00f3\u0142pracy z przedstawicielami poszczeg\u00f3lnych Wydzia\u0142\u00f3w oraz Studium J\u0119zyk\u00f3w Obcych Politechniki Bia\u0142ostockiej,<\/p>\n<\/li>\n<li>\n<p align=\"justify\">ustalenie zasad oceny prac i ocenianie prac,<\/p>\n<\/li>\n<li>\n<p align=\"justify\">ustalanie listy laureat\u00f3w,<\/p>\n<\/li>\n<li>\n<p align=\"justify\">aktualizacja strony internetowej Konkursu,<\/p>\n<\/li>\n<li>\n<p align=\"justify\">rozpowszechnianie informacji o Konkursie w\u015br\u00f3d m\u0142odzie\u017cy,<\/p>\n<\/li>\n<li>\n<p align=\"justify\">pozyskiwanie fundator\u00f3w nagr\u00f3d dla uczestnik\u00f3w konkursu.<\/p>\n<\/li>\n<\/ol>\n<\/li>\n<li>\n<p align=\"justify\">Komisja podejmuje decyzje zwyk\u0142\u0105 wi\u0119kszo\u015bci\u0105 g\u0142os\u00f3w jej cz\u0142onk\u00f3w. W razie r\u00f3wno\u015bci g\u0142os\u00f3w decyduje g\u0142os przewodnicz\u0105cego.<\/p>\n<\/li>\n<li>\n<p align=\"justify\">Przed rozpocz\u0119ciem Konkursu Komisja ustala i przedk\u0142ada Dziekanom harmonogram oraz preliminarz wydatk\u00f3w, a po zako\u0144czeniu Konkursu dokonuje rozliczenia Konkursu.<\/p>\n<\/li>\n<\/ol>\n<p align=\"center\">&nbsp;<\/p>\n<p align=\"center\"><strong>\u00a7 4<\/strong><\/p>\n<p align=\"center\"><strong>Zakres i zasady przeprowadzania Konkursu<\/strong><\/p>\n<ol>\n<li>\n<p align=\"justify\">Zakres konkursu obejmuje zagadnienia matematyczne na poziomie ponadpodstawowym.<\/p>\n<\/li>\n<li>\n<p align=\"justify\">Szczeg\u00f3\u0142owa instrukcja obejmuj\u0105ca zasady oceny prac, formularz zg\u0142oszeniowy oraz obowi\u0105zuj\u0105ce zagadnienia zostan\u0105 opublikowane na stronie Konkursu pod adresem http:\/\/signum.pb.edu.pl\/konkurs.<\/p>\n<\/li>\n<li>\n<p align=\"justify\">Konkurs przeprowadzany jest w dw\u00f3ch etapach.<\/p>\n<\/li>\n<li>\n<p align=\"justify\">Do etapu I dopuszczone zostan\u0105 dru\u017cyny dwuosobowe, kt\u00f3re dokonaj\u0105 rejestracji w terminie podanym w szczeg\u00f3\u0142owej instrukcji.<\/p>\n<\/li>\n<li>\n<p align=\"justify\">Etap I polega na rozwi\u0105zaniu quizu (indywidualnie przez ka\u017cdego uczestnika) umieszczonego pod wskazanym adresem WWW w dniu okre\u015blonym w szczeg\u00f3\u0142owej instrukcji. Quiz b\u0119dzie obejmowa\u0142 wcze\u015bniej okre\u015blony zakres zagadnie\u0144. Uczestnicy od chwili zamkni\u0119cia rejestracji b\u0119d\u0105 mieli dost\u0119p do przyk\u0142adowych zada\u0144.<\/p>\n<\/li>\n<li>\n<p align=\"justify\">Komisja ustala list\u0119 dru\u017cyn zakwalifikowanych do II etapu, na podstawie sumy punkt\u00f3w zdobytych przez cz\u0142onk\u00f3w dru\u017cyny w I etapie, przy czym ka\u017cdy z uczestnik\u00f3w musi zaliczy\u0107 quiz indywidualnie. W przypadku niezaliczenia quizu przez jednego z cz\u0142onk\u00f3w dru\u017cyna jest eliminowana. W celu zaliczenia quizu uczestnik musi uzyska\u0107 minimum 50% punkt\u00f3w.<\/p>\n<\/li>\n<li>\n<p align=\"justify\">Listy dru\u017cyn zakwalifikowanych do II etapu zostan\u0105 opublikowane na stronie internetowej Konkursu.<\/p>\n<\/li>\n<li>\n<p align=\"justify\">Etap II Konkursu odbywa si\u0119 nie wcze\u015bniej ni\u017c tydzie\u0144 po opublikowaniu listy dru\u017cyn zakwalifikowanych do II etapu na terenie Politechniki Bia\u0142ostockiej i polega na dru\u017cynowym przeprowadzeniu do\u015bwiadcze\u0144 b\u0105d\u017a pomiar\u00f3w i wykonaniu niezb\u0119dnych oblicze\u0144 matematycznych na poszczeg\u00f3lnych Wydzia\u0142ach PB oraz zada\u0144 w Studium J\u0119zyk\u00f3w Obcych. Etap II trwa dwa dni, kt\u00f3re okre\u015blone zostan\u0105 w szczeg\u00f3\u0142owej instrukcji.<\/p>\n<\/li>\n<li>\n<p align=\"justify\">Komisja opublikuje list\u0119 laureat\u00f3w, w zakresie imienia, nazwiska, nazwy szko\u0142y, na stronie Konkursu niezw\u0142ocznie po ich zatwierdzeniu przez Komisj\u0119.<\/p>\n<\/li>\n<li>\n<p align=\"justify\">Przyst\u0119puj\u0105c do Konkursu uczestnik wyra\u017ca zgod\u0119 na opublikowanie imienia, nazwiska oraz nazwy szko\u0142y na stronie internetowej organizatora Konkursu w zwi\u0105zku z wygran\u0105 w Konkursie.<\/p>\n<\/li>\n<li>\n<p align=\"justify\">Od decyzji Komisji mo\u017cna si\u0119 odwo\u0142a\u0107 pisemnie do Dziekana Wydzia\u0142u Informatyki w terminie 7 dni od og\u0142oszenia wynik\u00f3w Konkursu.<\/p>\n<\/li>\n<li>\n<p align=\"justify\">Uroczyste wr\u0119czenie nagr\u00f3d laureatom Konkursu nast\u0105pi po jego zako\u0144czeniu i ustaleniu ostatecznej listy laureat\u00f3w.<\/p>\n<\/li>\n<\/ol>\n<p align=\"center\"><strong>\u00a7 5<\/strong><\/p>\n<p align=\"center\"><strong>Nagrody<\/strong><\/p>\n<ol>\n<li>\n<p align=\"justify\">Laureatami mog\u0105 zosta\u0107 cz\u0142onkowie nie wi\u0119cej ni\u017c 10 dru\u017cyn, kt\u00f3rzy w II etapie Konkursu uzyskaj\u0105 ponad 80% mo\u017cliwych do zdobycia punkt\u00f3w. Laureaci uzyskuj\u0105 prawo do przyj\u0119cia z pomini\u0119ciem konkursu \u015bwiadectw na dowolny kierunek studi\u00f3w stacjonarnych pierwszego stopnia prowadzony w Politechnice Bia\u0142ostockiej pod warunkiem, \u017ce<br \/>\nw terminach zgodnych z harmonogramem rekrutacji w roku zdania egzaminu maturalnego:<\/p>\n<ol type=\"a\">\n<li>\n<p align=\"justify\">zapisz\u0105 si\u0119 na wybrany kierunek studi\u00f3w w systemie Internetowej Rejestracji Kandydat\u00f3w i ureguluj\u0105 op\u0142aty zwi\u0105zane z post\u0119powaniem rekrutacyjnym,<\/p>\n<\/li>\n<li>\n<p align=\"justify\">z\u0142o\u017c\u0105 komplet dokument\u00f3w wymaganych od kandydata na studia wraz z orygina\u0142em dokumentu wydanego przez organizatora Konkursu po\u015bwiadczaj\u0105cego uzyskanie tytu\u0142u Laureata,<\/p>\n<\/li>\n<li>\n<p align=\"justify\">zdadz\u0105 dodatkowy egzamin (np. z rysunku), gdy jest wymagany.<\/p>\n<\/li>\n<\/ol>\n<\/li>\n<li>\n<p align=\"justify\">W przypadku miejsc ex aequo decyzj\u0119 o zwi\u0119kszeniu liczby laureat\u00f3w podejmuje Komisja.<\/p>\n<\/li>\n<li>\n<p align=\"justify\">Laureaci zostan\u0105 przyj\u0119ci na dowolny kierunek studi\u00f3w stacjonarnych pierwszego stopnia prowadzony w Politechnice Bia\u0142ostockiej zgodnie z obowi\u0105zuj\u0105cymi na uczelni zasadami przyjmowania na studia laureat\u00f3w oraz finalist\u00f3w olimpiad stopnia centralnego, laureat\u00f3w konkurs\u00f3w mi\u0119dzynarodowych, laureat\u00f3w og\u00f3lnopolskich konkurs\u00f3w organizowanych przez Politechnik\u0119 Bia\u0142ostock\u0105 oraz uczestnik\u00f3w i medalist\u00f3w zawod\u00f3w sportowych.<\/p>\n<\/li>\n<li>\n<p align=\"justify\">Dyplomy i nagrody zostan\u0105 wr\u0119czone laureatom w czasie gali fina\u0142owej lub przes\u0142ane na adres szko\u0142y.<\/p>\n<\/li>\n<\/ol>\n<p align=\"center\"><strong>\u00a7 6<\/strong><\/p>\n<p align=\"center\"><strong>Postanowienia ko\u0144cowe<\/strong><\/p>\n<ol>\n<li>\n<p align=\"justify\">Przetwarzanie danych osobowych, w wyniku i w celu realizacji zada\u0144 wynikaj\u0105cych<br \/>\nz Regulaminu, odbywa\u0107 si\u0119 b\u0119dzie zgodnie z powszechnie obowi\u0105zuj\u0105cymi przepisami dotycz\u0105cymi ochrony danych osobowych, w szczeg\u00f3lno\u015bci rozporz\u0105dzeniem Parlamentu Europejskiego i Rady (UE) 2016\/679 z dnia 27 kwietnia 2016 r. w sprawie ochrony os\u00f3b fizycznych w zwi\u0105zku z przetwarzaniem danych osobowych<br \/>\ni w sprawie swobodnego przep\u0142ywu takich danych oraz uchylenia dyrektywy 95\/46\/WE (og\u00f3lne rozporz\u0105dzenie o ochronie danych) (Dz. Urz. UE L 119 z 04.05.2016) oraz ustaw\u0105 z dnia 10 maja 2018 r. o ochronie danych osobowych (Dz.U z 2018 r. poz. 1000).<\/p>\n<\/li>\n<li>\n<p align=\"justify\">O\u015bwiadczenie o wyra\u017ceniu zgody na rozpowszechnianie wizerunku stanowi za\u0142\u0105cznik nr 1 do Regulaminu.<\/p>\n<\/li>\n<li>\n<p align=\"justify\">Regulamin Konkursu udost\u0119pniony b\u0119dzie do wgl\u0105du na stronie internetowej <a href=\"https:\/\/pb.edu.pl\/signum\/konkurs\/matematyka-stosowana\/\">pb.edu.pl\/signum\/konkurs\/matematyka-stosowana\/<\/a><\/p>\n<\/li>\n<\/ol>\n<\/div>\n<\/div>\n<\/div>\n<\/article>\n<div id=\"comments\" class=\"no-comments\">&nbsp;<\/div>\n<\/div>\n<\/section>\n","protected":false},"excerpt":{"rendered":"<p>Regulamin Regulamin Konkursu \u201eMatematyka stosowana\u201d o&nbsp;indeks na dowolny kierunek prowadzony na Politechnice Bia\u0142ostockiej \u00a7 1<\/p>\n","protected":false},"author":171,"featured_media":0,"parent":2656,"menu_order":0,"comment_status":"closed","ping_status":"closed","template":"","meta":{"_acf_changed":false,"ngg_post_thumbnail":0,"footnotes":""},"class_list":["post-3218","page","type-page","status-publish","hentry"],"acf":[],"_links":{"self":[{"href":"https:\/\/pb.edu.pl\/signum\/wp-json\/wp\/v2\/pages\/3218","targetHints":{"allow":["GET"]}}],"collection":[{"href":"https:\/\/pb.edu.pl\/signum\/wp-json\/wp\/v2\/pages"}],"about":[{"href":"https:\/\/pb.edu.pl\/signum\/wp-json\/wp\/v2\/types\/page"}],"author":[{"embeddable":true,"href":"https:\/\/pb.edu.pl\/signum\/wp-json\/wp\/v2\/users\/171"}],"replies":[{"embeddable":true,"href":"https:\/\/pb.edu.pl\/signum\/wp-json\/wp\/v2\/comments?post=3218"}],"version-history":[{"count":0,"href":"https:\/\/pb.edu.pl\/signum\/wp-json\/wp\/v2\/pages\/3218\/revisions"}],"up":[{"embeddable":true,"href":"https:\/\/pb.edu.pl\/signum\/wp-json\/wp\/v2\/pages\/2656"}],"wp:attachment":[{"href":"https:\/\/pb.edu.pl\/signum\/wp-json\/wp\/v2\/media?parent=3218"}],"curies":[{"name":"wp","href":"https:\/\/api.w.org\/{rel}","templated":true}]}}