{"id":3207,"date":"2024-05-10T08:11:56","date_gmt":"2024-05-10T06:11:56","guid":{"rendered":"https:\/\/pb.edu.pl\/signum\/?page_id=3207"},"modified":"2026-02-10T15:40:59","modified_gmt":"2026-02-10T14:40:59","slug":"o-konkursie","status":"publish","type":"page","link":"https:\/\/pb.edu.pl\/signum\/konkurs\/matematyka-stosowana\/o-konkursie\/","title":{"rendered":"O konkursie"},"content":{"rendered":"<section id=\"primary\">\n<div id=\"content\" class=\"content\" role=\"main\">\n<article id=\"post-32\" class=\"post-32 page type-page status-publish hentry\">\n<div class=\"entry-content\">\n<div class=\"cont-ent\">\nKonkurs \u201eMatematyka stosowana\u201d jest konkursem o indeks na <strong>dowolny kierunek <\/strong>studi\u00f3w stacjonarnych prowadzony na Politechnice Bia\u0142ostockiej. W roku szkolnym 2025\/2026 odb\u0119dzie si\u0119 XI edycja tego konkursu. Organizatorem jest Centrum Popularyzacji Matematyki SIGNUM dzia\u0142aj\u0105ce przy Wydziale Informatyki PB. W organizacji konkursu uczestnicz\u0105 wszystkie Wydzia\u0142y Politechniki Bia\u0142ostockiej oraz Studium J\u0119zyk\u00f3w Obcych.<\/p>\n<p>Celem Konkursu jest rozwijanie w\u015br\u00f3d uczni\u00f3w szk\u00f3\u0142 ponadpodstawowych umiej\u0119tno\u015bci stosowania matematyki w praktyce. Konkurs jest niezwyk\u0142\u0105 okazj\u0105 by pozna\u0107 naszych wyk\u0142adowc\u00f3w i nasze laboratoria oraz samodzielnie przeprowadzi\u0107 przygotowane do\u015bwiadczenia. A nade wszystko jest to niezwyk\u0142a okazja by zmierzy\u0107 si\u0119 z w\u0142asnymi umiej\u0119tno\u015bciami zastosowania matematyki w praktyce.<\/p>\n<p>Do konkursu mog\u0105 przyst\u0105pi\u0107 <strong>wy\u0142\u0105cznie<\/strong> dru\u017cyny dwuosobowe, utworzone z uczni\u00f3w z tej samej klasy, z tej samej szko\u0142y, a nawet z r\u00f3\u017cnych szk\u00f3\u0142, po wcze\u015bniejszej rejestracji <span style=\"color: #ff0000\">(<strong>najp\u00f3\u017aniej do 22 lutego 2026 r.<\/strong><\/span>).<\/p>\n<p>Konkurs przeprowadzany b\u0119dzie w dw\u00f3ch etapach. Etap I (<span style=\"color: #ff0000\"><strong>02-06 marca 2026 r.<\/strong><\/span>) b\u0119dzie polega\u0142 na rozwi\u0105zaniu quizu (indywidualnie przez ka\u017cdego uczestnika). Quiz b\u0119dzie obejmowa\u0142 wcze\u015bniej okre\u015blony zakres zagadnie\u0144. Uczestnicy od chwili rejestracji b\u0119d\u0105 mieli dost\u0119p do przyk\u0142adowych zada\u0144.<\/p>\n<p>Etap II (<span style=\"color: #ff0000\"><strong>25-26 marca 2026 r.<\/strong><\/span>) konkursu b\u0119dzie odbywa\u0142 si\u0119 na terenie Politechniki Bia\u0142ostockiej i b\u0119dzie polega\u0142 na dru\u017cynowym przeprowadzeniu do\u015bwiadcze\u0144 b\u0105d\u017a pomiar\u00f3w i wykonaniu niezb\u0119dnych oblicze\u0144 matematycznych na poszczeg\u00f3lnych wydzia\u0142ach PB oraz w Studium J\u0119zyk\u00f3w Obcych, tym samym podczas II etapu konkursu potrzebna b\u0119dzie znajomo\u015b\u0107 j\u0119zyka angielskiego na poziomie podstawowym.<\/p>\n<p>II etap konkursu b\u0119dzie trwa\u0142 dwa dni.<\/p>\n<p><strong>Laureaci konkursu uzyskuj\u0105 prawo do podj\u0119cia studi\u00f3w stacjonarnych na dowolnym kierunku Politechniki Bia\u0142ostockiej z pomini\u0119ciem konkursu \u015bwiadectw<\/strong>&nbsp;pod warunkiem, \u017ce w terminach zgodnych z harmonogramem rekrutacji w roku zdania egzaminu maturalnego:<\/p>\n<ul>\n<li>zapisz\u0105 si\u0119 na wybrany kierunek studi\u00f3w w systemie Internetowej Rejestracji Kandydat\u00f3w,<\/li>\n<li>z\u0142o\u017c\u0105 komplet dokument\u00f3w wymaganych od kandydata na studia wraz z orygina\u0142em dokumentu wydanego przez Organizatora Konkursu po\u015bwiadczaj\u0105cego uzyskanie statusu Laureata,<\/li>\n<li>zdadz\u0105 dodatkowy egzamin (np. z rysunku), gdy jest wymagany.<\/li>\n<\/ul>\n<\/div>\n<\/div>\n<\/article>\n<div id=\"comments\" class=\"no-comments\">&nbsp;<\/div>\n<\/div>\n<\/section>\n","protected":false},"excerpt":{"rendered":"<p>Konkurs \u201eMatematyka stosowana\u201d jest konkursem o indeks na dowolny kierunek studi\u00f3w stacjonarnych prowadzony na Politechnice<\/p>\n","protected":false},"author":171,"featured_media":0,"parent":2656,"menu_order":0,"comment_status":"closed","ping_status":"closed","template":"","meta":{"_acf_changed":false,"ngg_post_thumbnail":0,"footnotes":""},"class_list":["post-3207","page","type-page","status-publish","hentry"],"acf":[],"_links":{"self":[{"href":"https:\/\/pb.edu.pl\/signum\/wp-json\/wp\/v2\/pages\/3207","targetHints":{"allow":["GET"]}}],"collection":[{"href":"https:\/\/pb.edu.pl\/signum\/wp-json\/wp\/v2\/pages"}],"about":[{"href":"https:\/\/pb.edu.pl\/signum\/wp-json\/wp\/v2\/types\/page"}],"author":[{"embeddable":true,"href":"https:\/\/pb.edu.pl\/signum\/wp-json\/wp\/v2\/users\/171"}],"replies":[{"embeddable":true,"href":"https:\/\/pb.edu.pl\/signum\/wp-json\/wp\/v2\/comments?post=3207"}],"version-history":[{"count":1,"href":"https:\/\/pb.edu.pl\/signum\/wp-json\/wp\/v2\/pages\/3207\/revisions"}],"predecessor-version":[{"id":5322,"href":"https:\/\/pb.edu.pl\/signum\/wp-json\/wp\/v2\/pages\/3207\/revisions\/5322"}],"up":[{"embeddable":true,"href":"https:\/\/pb.edu.pl\/signum\/wp-json\/wp\/v2\/pages\/2656"}],"wp:attachment":[{"href":"https:\/\/pb.edu.pl\/signum\/wp-json\/wp\/v2\/media?parent=3207"}],"curies":[{"name":"wp","href":"https:\/\/api.w.org\/{rel}","templated":true}]}}